{"id":9658,"date":"2022-02-21T13:53:17","date_gmt":"2022-02-21T13:53:17","guid":{"rendered":"https:\/\/shop.comterra.eu\/?post_type=product&#038;p=9658"},"modified":"2022-10-27T10:38:00","modified_gmt":"2022-10-27T10:38:00","slug":"anschlagkette-gk10-1-strang-8mm-xl400","status":"publish","type":"product","link":"https:\/\/shop.comterra.eu\/en\/p\/anschlagkette-gk10-1-strang-8mm-xl400\/","title":{"rendered":"Anschlagkette GK10 1-Strang 8mm XL400"},"content":{"rendered":"<table>\n<tbody>\n<tr>\n<td width=\"107\"><strong>Lan\u010dana priveznica sastoji se od:*<\/strong><\/td>\n<\/tr>\n<tr>\n<td width=\"107\">Glavne karike za spajanje<strong><br \/>\n<\/strong><\/td>\n<td width=\"107\">x1<\/td>\n<\/tr>\n<tr>\n<td width=\"107\">Spojnica<strong><br \/>\n<\/strong><\/td>\n<td width=\"107\">x1<\/td>\n<\/tr>\n<tr>\n<td width=\"107\">Lanac XL 400<\/td>\n<td width=\"107\">x1<\/td>\n<\/tr>\n<tr>\n<td width=\"107\">Kuke<strong><br \/>\n<\/strong><\/td>\n<td width=\"107\">x1<\/td>\n<\/tr>\n<\/tbody>\n<\/table>\n<p>*Opcionalno priveznice dolaze zajedno sa kukama za skra\u010divanje<br \/>\nTWN 1601\/ 1-Leg<\/p>\n<ul>\n<li>EN 818-4<\/li>\n<li>Faktor sigurnosti: 4:1<\/li>\n<li>Lan\u010dane priveznice lanca G100<\/li>\n<li>Lanac i svi elementi ozna\u010deni razredom G100<\/li>\n<li>Elementi G100 obavezno uskla\u0111eni sa nosivo\u0161\u0107u lanca i razredom lanca<\/li>\n<li>Deklarirana nosivost ne smije se prekora\u010divati, te vrijedi za upotrebu do 200\u00b0C<\/li>\n<li>Zabranjeno je koristiti o\u0161te\u0107ene elemente i lanac<\/li>\n<li>Izrada razli\u010ditih du\u017eina i zavr\u0161etaka priveznica<\/li>\n<\/ul>\n<table style=\"border-collapse: collapse;\" border=\"0\" width=\"192\" cellspacing=\"0\" cellpadding=\"0\">\n<tbody>\n<tr style=\"height: 105.0pt;\">\n<td class=\"xl63\" style=\"height: 105.0pt; width: 48pt;\" width=\"64\" height=\"140\"><strong>Lanac G100<\/strong><\/td>\n<td class=\"xl63\" style=\"width: 48pt;\" width=\"64\">(mm)<\/td>\n<td class=\"xl64\" style=\"width: 48pt;\" align=\"right\" width=\"64\">8<\/td>\n<\/tr>\n<tr style=\"height: 60.0pt;\">\n<td class=\"xl63\" style=\"height: 60.0pt; width: 48pt;\" width=\"64\" height=\"80\"><strong>Nosivost 1-krake priv. 0-90\u00b0<\/strong><\/td>\n<td class=\"xl63\" style=\"width: 48pt;\" width=\"64\">(t)<\/td>\n<td class=\"xl64\" style=\"width: 48pt;\" width=\"64\">2,5<\/td>\n<\/tr>\n<\/tbody>\n<\/table>","protected":false},"excerpt":{"rendered":"<p>8mm &#8211; XL400<\/p>","protected":false},"featured_media":9670,"template":"","meta":[],"product_cat":[603,23],"product_tag":[],"yoast_head":"<!-- This site is optimized with the Yoast SEO plugin v20.0 - https:\/\/yoast.com\/wordpress\/plugins\/seo\/ -->\n<title>Anschlagkette GK10 1-Strang 8mm XL400 - ComTerra<\/title>\n<meta name=\"description\" content=\"Lan\u010dana priveznica, lan\u010dane priveznice, THIELE, PEWAG, RUD, lanci za dizanje tereta, veriga, kuka za skra\u0107enje, skra\u0107ivanje, lanac, veriga, verige za dvigovanje\" \/>\n<meta name=\"robots\" content=\"noindex, follow, max-snippet:-1, max-image-preview:large, max-video-preview:-1\" \/>\n<meta property=\"og:locale\" content=\"en_US\" \/>\n<meta property=\"og:type\" content=\"article\" \/>\n<meta property=\"og:title\" content=\"Anschlagkette GK10 1-Strang 8mm XL400 - ComTerra\" \/>\n<meta property=\"og:description\" content=\"Lan\u010dana priveznica, lan\u010dane priveznice, THIELE, PEWAG, RUD, lanci za dizanje tereta, veriga, kuka za skra\u0107enje, skra\u0107ivanje, lanac, veriga, verige za dvigovanje\" \/>\n<meta property=\"og:url\" content=\"https:\/\/shop.comterra.eu\/en\/p\/anschlagkette-gk10-1-strang-8mm-xl400\/\" \/>\n<meta property=\"og:site_name\" content=\"ComTerra\" \/>\n<meta property=\"article:publisher\" content=\"https:\/\/web.facebook.com\/ComTerraEU\" \/>\n<meta property=\"article:modified_time\" content=\"2022-10-27T10:38:00+00:00\" \/>\n<meta property=\"og:image\" content=\"https:\/\/shop.comterra.eu\/wp-content\/uploads\/2022\/02\/thiele-jednokraka-lancana-priveznica-g100.jpg\" \/>\n\t<meta property=\"og:image:width\" content=\"1024\" \/>\n\t<meta property=\"og:image:height\" content=\"768\" \/>\n\t<meta property=\"og:image:type\" content=\"image\/jpeg\" \/>\n<meta name=\"twitter:card\" content=\"summary_large_image\" \/>\n<meta name=\"twitter:label1\" content=\"Est. reading time\" \/>\n\t<meta name=\"twitter:data1\" content=\"1 minute\" \/>\n<script type=\"application\/ld+json\" class=\"yoast-schema-graph\">{\"@context\":\"https:\/\/schema.org\",\"@graph\":[{\"@type\":\"WebPage\",\"@id\":\"https:\/\/shop.comterra.eu\/p\/anschlagkette-gk10-1-strang-8mm-xl400\/\",\"url\":\"https:\/\/shop.comterra.eu\/p\/anschlagkette-gk10-1-strang-8mm-xl400\/\",\"name\":\"Anschlagkette GK10 1-Strang 8mm XL400 - ComTerra\",\"isPartOf\":{\"@id\":\"https:\/\/shop.comterra.eu\/#website\"},\"datePublished\":\"2022-02-21T13:53:17+00:00\",\"dateModified\":\"2022-10-27T10:38:00+00:00\",\"description\":\"Lan\u010dana priveznica, lan\u010dane priveznice, THIELE, PEWAG, RUD, lanci za dizanje tereta, veriga, kuka za skra\u0107enje, skra\u0107ivanje, lanac, veriga, verige za dvigovanje\",\"breadcrumb\":{\"@id\":\"https:\/\/shop.comterra.eu\/p\/anschlagkette-gk10-1-strang-8mm-xl400\/#breadcrumb\"},\"inLanguage\":\"en-US\",\"potentialAction\":[{\"@type\":\"ReadAction\",\"target\":[\"https:\/\/shop.comterra.eu\/p\/anschlagkette-gk10-1-strang-8mm-xl400\/\"]}]},{\"@type\":\"BreadcrumbList\",\"@id\":\"https:\/\/shop.comterra.eu\/p\/anschlagkette-gk10-1-strang-8mm-xl400\/#breadcrumb\",\"itemListElement\":[{\"@type\":\"ListItem\",\"position\":1,\"name\":\"ComTerra SHOP &#8211; Willkommen\",\"item\":\"https:\/\/shop.comterra.eu\/\"},{\"@type\":\"ListItem\",\"position\":2,\"name\":\"Anschlagkette GK10 1-Strang 8mm XL400\"}]},{\"@type\":\"WebSite\",\"@id\":\"https:\/\/shop.comterra.eu\/#website\",\"url\":\"https:\/\/shop.comterra.eu\/\",\"name\":\"ComTerra\",\"description\":\"\",\"publisher\":{\"@id\":\"https:\/\/shop.comterra.eu\/#organization\"},\"potentialAction\":[{\"@type\":\"SearchAction\",\"target\":{\"@type\":\"EntryPoint\",\"urlTemplate\":\"https:\/\/shop.comterra.eu\/?s={search_term_string}\"},\"query-input\":\"required name=search_term_string\"}],\"inLanguage\":\"en-US\"},{\"@type\":\"Organization\",\"@id\":\"https:\/\/shop.comterra.eu\/#organization\",\"name\":\"ComTerra\",\"url\":\"https:\/\/shop.comterra.eu\/\",\"logo\":{\"@type\":\"ImageObject\",\"inLanguage\":\"en-US\",\"@id\":\"https:\/\/shop.comterra.eu\/#\/schema\/logo\/image\/\",\"url\":\"https:\/\/shop.comterra.eu\/wp-content\/uploads\/2019\/12\/cropped-logo.png\",\"contentUrl\":\"https:\/\/shop.comterra.eu\/wp-content\/uploads\/2019\/12\/cropped-logo.png\",\"width\":379,\"height\":89,\"caption\":\"ComTerra\"},\"image\":{\"@id\":\"https:\/\/shop.comterra.eu\/#\/schema\/logo\/image\/\"},\"sameAs\":[\"https:\/\/www.youtube.com\/channel\/UCn4vG_rMnFID5Hg_ooZKieg\",\"https:\/\/web.facebook.com\/ComTerraEU\"]}]}<\/script>\n<!-- \/ Yoast SEO plugin. -->","yoast_head_json":{"title":"Anschlagkette GK10 1-Strang 8mm XL400 - ComTerra","description":"Lan\u010dana priveznica, lan\u010dane priveznice, THIELE, PEWAG, RUD, lanci za dizanje tereta, veriga, kuka za skra\u0107enje, skra\u0107ivanje, lanac, veriga, verige za dvigovanje","robots":{"index":"noindex","follow":"follow","max-snippet":"max-snippet:-1","max-image-preview":"max-image-preview:large","max-video-preview":"max-video-preview:-1"},"og_locale":"en_US","og_type":"article","og_title":"Anschlagkette GK10 1-Strang 8mm XL400 - ComTerra","og_description":"Lan\u010dana priveznica, lan\u010dane priveznice, THIELE, PEWAG, RUD, lanci za dizanje tereta, veriga, kuka za skra\u0107enje, skra\u0107ivanje, lanac, veriga, verige za dvigovanje","og_url":"https:\/\/shop.comterra.eu\/en\/p\/anschlagkette-gk10-1-strang-8mm-xl400\/","og_site_name":"ComTerra","article_publisher":"https:\/\/web.facebook.com\/ComTerraEU","article_modified_time":"2022-10-27T10:38:00+00:00","og_image":[{"width":1024,"height":768,"url":"https:\/\/shop.comterra.eu\/wp-content\/uploads\/2022\/02\/thiele-jednokraka-lancana-priveznica-g100.jpg","type":"image\/jpeg"}],"twitter_card":"summary_large_image","twitter_misc":{"Est. reading time":"1 minute"},"schema":{"@context":"https:\/\/schema.org","@graph":[{"@type":"WebPage","@id":"https:\/\/shop.comterra.eu\/p\/anschlagkette-gk10-1-strang-8mm-xl400\/","url":"https:\/\/shop.comterra.eu\/p\/anschlagkette-gk10-1-strang-8mm-xl400\/","name":"Anschlagkette GK10 1-Strang 8mm XL400 - ComTerra","isPartOf":{"@id":"https:\/\/shop.comterra.eu\/#website"},"datePublished":"2022-02-21T13:53:17+00:00","dateModified":"2022-10-27T10:38:00+00:00","description":"Lan\u010dana priveznica, lan\u010dane priveznice, THIELE, PEWAG, RUD, lanci za dizanje tereta, veriga, kuka za skra\u0107enje, skra\u0107ivanje, lanac, veriga, verige za dvigovanje","breadcrumb":{"@id":"https:\/\/shop.comterra.eu\/p\/anschlagkette-gk10-1-strang-8mm-xl400\/#breadcrumb"},"inLanguage":"en-US","potentialAction":[{"@type":"ReadAction","target":["https:\/\/shop.comterra.eu\/p\/anschlagkette-gk10-1-strang-8mm-xl400\/"]}]},{"@type":"BreadcrumbList","@id":"https:\/\/shop.comterra.eu\/p\/anschlagkette-gk10-1-strang-8mm-xl400\/#breadcrumb","itemListElement":[{"@type":"ListItem","position":1,"name":"ComTerra SHOP &#8211; Willkommen","item":"https:\/\/shop.comterra.eu\/"},{"@type":"ListItem","position":2,"name":"Anschlagkette GK10 1-Strang 8mm XL400"}]},{"@type":"WebSite","@id":"https:\/\/shop.comterra.eu\/#website","url":"https:\/\/shop.comterra.eu\/","name":"ComTerra","description":"","publisher":{"@id":"https:\/\/shop.comterra.eu\/#organization"},"potentialAction":[{"@type":"SearchAction","target":{"@type":"EntryPoint","urlTemplate":"https:\/\/shop.comterra.eu\/?s={search_term_string}"},"query-input":"required name=search_term_string"}],"inLanguage":"en-US"},{"@type":"Organization","@id":"https:\/\/shop.comterra.eu\/#organization","name":"ComTerra","url":"https:\/\/shop.comterra.eu\/","logo":{"@type":"ImageObject","inLanguage":"en-US","@id":"https:\/\/shop.comterra.eu\/#\/schema\/logo\/image\/","url":"https:\/\/shop.comterra.eu\/wp-content\/uploads\/2019\/12\/cropped-logo.png","contentUrl":"https:\/\/shop.comterra.eu\/wp-content\/uploads\/2019\/12\/cropped-logo.png","width":379,"height":89,"caption":"ComTerra"},"image":{"@id":"https:\/\/shop.comterra.eu\/#\/schema\/logo\/image\/"},"sameAs":["https:\/\/www.youtube.com\/channel\/UCn4vG_rMnFID5Hg_ooZKieg","https:\/\/web.facebook.com\/ComTerraEU"]}]}},"_links":{"self":[{"href":"https:\/\/shop.comterra.eu\/en\/wp-json\/wp\/v2\/product\/9658"}],"collection":[{"href":"https:\/\/shop.comterra.eu\/en\/wp-json\/wp\/v2\/product"}],"about":[{"href":"https:\/\/shop.comterra.eu\/en\/wp-json\/wp\/v2\/types\/product"}],"wp:featuredmedia":[{"embeddable":true,"href":"https:\/\/shop.comterra.eu\/en\/wp-json\/wp\/v2\/media\/9670"}],"wp:attachment":[{"href":"https:\/\/shop.comterra.eu\/en\/wp-json\/wp\/v2\/media?parent=9658"}],"wp:term":[{"taxonomy":"product_cat","embeddable":true,"href":"https:\/\/shop.comterra.eu\/en\/wp-json\/wp\/v2\/product_cat?post=9658"},{"taxonomy":"product_tag","embeddable":true,"href":"https:\/\/shop.comterra.eu\/en\/wp-json\/wp\/v2\/product_tag?post=9658"}],"curies":[{"name":"wp","href":"https:\/\/api.w.org\/{rel}","templated":true}]}}