{"id":9296,"date":"2022-02-14T07:57:53","date_gmt":"2022-02-14T07:57:53","guid":{"rendered":"https:\/\/shop.comterra.eu\/?post_type=product&#038;p=9296"},"modified":"2022-10-28T08:04:39","modified_gmt":"2022-10-28T08:04:39","slug":"combi-c1-a1-11001-adapter","status":"publish","type":"product","link":"https:\/\/shop.comterra.eu\/en\/p\/combi-c1-a1-11001-adapter\/","title":{"rendered":"Combi C1 &#8211; A1 11001 Adapter"},"content":{"rendered":"<table width=\"247\">\n<tbody>\n<tr>\n<td width=\"93\">Tip<\/td>\n<td width=\"154\">A1<\/td>\n<\/tr>\n<tr>\n<td width=\"93\">\u0160ifra<\/td>\n<td width=\"154\">11001<\/td>\n<\/tr>\n<tr>\n<td>Bager\/Utovariva\u010d<\/td>\n<td>Utovariva\u010d<\/td>\n<\/tr>\n<tr>\n<td>Te\u017eina (kg)<\/td>\n<td>3,8<\/td>\n<\/tr>\n<tr>\n<td>T (mm)<\/td>\n<td>20 (20-30)<\/td>\n<\/tr>\n<tr>\n<td>\u03b1 (\u00b0)<\/td>\n<td>25<\/td>\n<\/tr>\n<tr>\n<td>L (mm)<\/td>\n<td>240<\/td>\n<\/tr>\n<tr>\n<td>L1 (mm)<\/td>\n<td>&#8211;<\/td>\n<\/tr>\n<tr>\n<td>H (mm)<\/td>\n<td>75<\/td>\n<\/tr>\n<tr>\n<td>W (mm)<\/td>\n<td>60<\/td>\n<\/tr>\n<tr>\n<td>W1 (mm)<\/td>\n<td>&#8211;<\/td>\n<\/tr>\n<\/tbody>\n<\/table>\n<p>&nbsp;<\/p>\n<table width=\"247\">\n<tbody>\n<tr>\n<td width=\"93\">Veli\u010dina<\/td>\n<td width=\"154\">\u0160irina S (mm)<\/td>\n<td width=\"154\">\u0160irina S1 (mm)<\/td>\n<\/tr>\n<tr>\n<td width=\"93\">Mini<\/td>\n<td width=\"154\">17<\/td>\n<td width=\"154\">28<\/td>\n<\/tr>\n<tr>\n<td>Midi<\/td>\n<td>18<\/td>\n<td width=\"154\">33<\/td>\n<\/tr>\n<tr>\n<td>C0<\/td>\n<td>23<\/td>\n<td width=\"154\">43<\/td>\n<\/tr>\n<tr>\n<td>C1<\/td>\n<td>25<\/td>\n<td width=\"154\">49<\/td>\n<\/tr>\n<tr>\n<td>C3<\/td>\n<td>27<\/td>\n<td width=\"154\">53<\/td>\n<\/tr>\n<\/tbody>\n<\/table>","protected":false},"excerpt":{"rendered":"<p>Tip A1 \u0160ifra 11001 Bager\/Utovariva\u010d Utovariva\u010d Te\u017eina (kg) 3,8 T (mm) 20 (20-30) \u03b1 (\u00b0) 25 L (mm) 240 L1 (mm) &#8211; H (mm) 75 W (mm) 60 W1 (mm) &#8211; &nbsp; Veli\u010dina \u0160irina S (mm) \u0160irina S1 (mm) Mini 17 28 Midi 18 33 C0 23 43 C1 25 49 C3 27 53<\/p>","protected":false},"featured_media":9172,"template":"","meta":[],"product_cat":[866,42],"product_tag":[],"yoast_head":"<!-- This site is optimized with the Yoast SEO plugin v20.0 - https:\/\/yoast.com\/wordpress\/plugins\/seo\/ -->\n<title>Combi C1 - A1 11001 Adapter - ComTerra<\/title>\n<meta name=\"description\" content=\"Combi Sistem kvalitetnih zubi za bager, minibager i utovariva\u010d. Zubi za JCB, KOMATSU, VOLVO... Pouzdana dostava na Va\u0161e skladi\u0161te!\" \/>\n<meta name=\"robots\" content=\"noindex, follow, max-snippet:-1, max-image-preview:large, max-video-preview:-1\" \/>\n<meta property=\"og:locale\" content=\"en_US\" \/>\n<meta property=\"og:type\" content=\"article\" \/>\n<meta property=\"og:title\" content=\"Combi C1 - A1 11001 Adapter - ComTerra\" \/>\n<meta property=\"og:description\" content=\"Combi Sistem kvalitetnih zubi za bager, minibager i utovariva\u010d. Zubi za JCB, KOMATSU, VOLVO... Pouzdana dostava na Va\u0161e skladi\u0161te!\" \/>\n<meta property=\"og:url\" content=\"https:\/\/shop.comterra.eu\/en\/p\/combi-c1-a1-11001-adapter\/\" \/>\n<meta property=\"og:site_name\" content=\"ComTerra\" \/>\n<meta property=\"article:publisher\" content=\"https:\/\/web.facebook.com\/ComTerraEU\" \/>\n<meta property=\"article:modified_time\" content=\"2022-10-28T08:04:39+00:00\" \/>\n<meta property=\"og:image\" content=\"https:\/\/shop.comterra.eu\/wp-content\/uploads\/2022\/02\/Combiparts_1920x760.jpg\" \/>\n\t<meta property=\"og:image:width\" content=\"1920\" \/>\n\t<meta property=\"og:image:height\" content=\"760\" \/>\n\t<meta property=\"og:image:type\" content=\"image\/jpeg\" \/>\n<meta name=\"twitter:card\" content=\"summary_large_image\" \/>\n<meta name=\"twitter:label1\" content=\"Est. reading time\" \/>\n\t<meta name=\"twitter:data1\" content=\"1 minute\" \/>\n<script type=\"application\/ld+json\" class=\"yoast-schema-graph\">{\"@context\":\"https:\/\/schema.org\",\"@graph\":[{\"@type\":\"WebPage\",\"@id\":\"https:\/\/shop.comterra.eu\/p\/combi-c1-a1-11001-adapter\/\",\"url\":\"https:\/\/shop.comterra.eu\/p\/combi-c1-a1-11001-adapter\/\",\"name\":\"Combi C1 - A1 11001 Adapter - ComTerra\",\"isPartOf\":{\"@id\":\"https:\/\/shop.comterra.eu\/#website\"},\"datePublished\":\"2022-02-14T07:57:53+00:00\",\"dateModified\":\"2022-10-28T08:04:39+00:00\",\"description\":\"Combi Sistem kvalitetnih zubi za bager, minibager i utovariva\u010d. Zubi za JCB, KOMATSU, VOLVO... Pouzdana dostava na Va\u0161e skladi\u0161te!\",\"breadcrumb\":{\"@id\":\"https:\/\/shop.comterra.eu\/p\/combi-c1-a1-11001-adapter\/#breadcrumb\"},\"inLanguage\":\"en-US\",\"potentialAction\":[{\"@type\":\"ReadAction\",\"target\":[\"https:\/\/shop.comterra.eu\/p\/combi-c1-a1-11001-adapter\/\"]}]},{\"@type\":\"BreadcrumbList\",\"@id\":\"https:\/\/shop.comterra.eu\/p\/combi-c1-a1-11001-adapter\/#breadcrumb\",\"itemListElement\":[{\"@type\":\"ListItem\",\"position\":1,\"name\":\"ComTerra SHOP &#8211; Willkommen\",\"item\":\"https:\/\/shop.comterra.eu\/\"},{\"@type\":\"ListItem\",\"position\":2,\"name\":\"Combi C1 &#8211; A1 11001 Adapter\"}]},{\"@type\":\"WebSite\",\"@id\":\"https:\/\/shop.comterra.eu\/#website\",\"url\":\"https:\/\/shop.comterra.eu\/\",\"name\":\"ComTerra\",\"description\":\"\",\"publisher\":{\"@id\":\"https:\/\/shop.comterra.eu\/#organization\"},\"potentialAction\":[{\"@type\":\"SearchAction\",\"target\":{\"@type\":\"EntryPoint\",\"urlTemplate\":\"https:\/\/shop.comterra.eu\/?s={search_term_string}\"},\"query-input\":\"required name=search_term_string\"}],\"inLanguage\":\"en-US\"},{\"@type\":\"Organization\",\"@id\":\"https:\/\/shop.comterra.eu\/#organization\",\"name\":\"ComTerra\",\"url\":\"https:\/\/shop.comterra.eu\/\",\"logo\":{\"@type\":\"ImageObject\",\"inLanguage\":\"en-US\",\"@id\":\"https:\/\/shop.comterra.eu\/#\/schema\/logo\/image\/\",\"url\":\"https:\/\/shop.comterra.eu\/wp-content\/uploads\/2019\/12\/cropped-logo.png\",\"contentUrl\":\"https:\/\/shop.comterra.eu\/wp-content\/uploads\/2019\/12\/cropped-logo.png\",\"width\":379,\"height\":89,\"caption\":\"ComTerra\"},\"image\":{\"@id\":\"https:\/\/shop.comterra.eu\/#\/schema\/logo\/image\/\"},\"sameAs\":[\"https:\/\/www.youtube.com\/channel\/UCn4vG_rMnFID5Hg_ooZKieg\",\"https:\/\/web.facebook.com\/ComTerraEU\"]}]}<\/script>\n<!-- \/ Yoast SEO plugin. -->","yoast_head_json":{"title":"Combi C1 - A1 11001 Adapter - ComTerra","description":"Combi Sistem kvalitetnih zubi za bager, minibager i utovariva\u010d. Zubi za JCB, KOMATSU, VOLVO... Pouzdana dostava na Va\u0161e skladi\u0161te!","robots":{"index":"noindex","follow":"follow","max-snippet":"max-snippet:-1","max-image-preview":"max-image-preview:large","max-video-preview":"max-video-preview:-1"},"og_locale":"en_US","og_type":"article","og_title":"Combi C1 - A1 11001 Adapter - ComTerra","og_description":"Combi Sistem kvalitetnih zubi za bager, minibager i utovariva\u010d. Zubi za JCB, KOMATSU, VOLVO... Pouzdana dostava na Va\u0161e skladi\u0161te!","og_url":"https:\/\/shop.comterra.eu\/en\/p\/combi-c1-a1-11001-adapter\/","og_site_name":"ComTerra","article_publisher":"https:\/\/web.facebook.com\/ComTerraEU","article_modified_time":"2022-10-28T08:04:39+00:00","og_image":[{"width":1920,"height":760,"url":"https:\/\/shop.comterra.eu\/wp-content\/uploads\/2022\/02\/Combiparts_1920x760.jpg","type":"image\/jpeg"}],"twitter_card":"summary_large_image","twitter_misc":{"Est. reading time":"1 minute"},"schema":{"@context":"https:\/\/schema.org","@graph":[{"@type":"WebPage","@id":"https:\/\/shop.comterra.eu\/p\/combi-c1-a1-11001-adapter\/","url":"https:\/\/shop.comterra.eu\/p\/combi-c1-a1-11001-adapter\/","name":"Combi C1 - A1 11001 Adapter - ComTerra","isPartOf":{"@id":"https:\/\/shop.comterra.eu\/#website"},"datePublished":"2022-02-14T07:57:53+00:00","dateModified":"2022-10-28T08:04:39+00:00","description":"Combi Sistem kvalitetnih zubi za bager, minibager i utovariva\u010d. Zubi za JCB, KOMATSU, VOLVO... Pouzdana dostava na Va\u0161e skladi\u0161te!","breadcrumb":{"@id":"https:\/\/shop.comterra.eu\/p\/combi-c1-a1-11001-adapter\/#breadcrumb"},"inLanguage":"en-US","potentialAction":[{"@type":"ReadAction","target":["https:\/\/shop.comterra.eu\/p\/combi-c1-a1-11001-adapter\/"]}]},{"@type":"BreadcrumbList","@id":"https:\/\/shop.comterra.eu\/p\/combi-c1-a1-11001-adapter\/#breadcrumb","itemListElement":[{"@type":"ListItem","position":1,"name":"ComTerra SHOP &#8211; Willkommen","item":"https:\/\/shop.comterra.eu\/"},{"@type":"ListItem","position":2,"name":"Combi C1 &#8211; A1 11001 Adapter"}]},{"@type":"WebSite","@id":"https:\/\/shop.comterra.eu\/#website","url":"https:\/\/shop.comterra.eu\/","name":"ComTerra","description":"","publisher":{"@id":"https:\/\/shop.comterra.eu\/#organization"},"potentialAction":[{"@type":"SearchAction","target":{"@type":"EntryPoint","urlTemplate":"https:\/\/shop.comterra.eu\/?s={search_term_string}"},"query-input":"required name=search_term_string"}],"inLanguage":"en-US"},{"@type":"Organization","@id":"https:\/\/shop.comterra.eu\/#organization","name":"ComTerra","url":"https:\/\/shop.comterra.eu\/","logo":{"@type":"ImageObject","inLanguage":"en-US","@id":"https:\/\/shop.comterra.eu\/#\/schema\/logo\/image\/","url":"https:\/\/shop.comterra.eu\/wp-content\/uploads\/2019\/12\/cropped-logo.png","contentUrl":"https:\/\/shop.comterra.eu\/wp-content\/uploads\/2019\/12\/cropped-logo.png","width":379,"height":89,"caption":"ComTerra"},"image":{"@id":"https:\/\/shop.comterra.eu\/#\/schema\/logo\/image\/"},"sameAs":["https:\/\/www.youtube.com\/channel\/UCn4vG_rMnFID5Hg_ooZKieg","https:\/\/web.facebook.com\/ComTerraEU"]}]}},"_links":{"self":[{"href":"https:\/\/shop.comterra.eu\/en\/wp-json\/wp\/v2\/product\/9296"}],"collection":[{"href":"https:\/\/shop.comterra.eu\/en\/wp-json\/wp\/v2\/product"}],"about":[{"href":"https:\/\/shop.comterra.eu\/en\/wp-json\/wp\/v2\/types\/product"}],"wp:featuredmedia":[{"embeddable":true,"href":"https:\/\/shop.comterra.eu\/en\/wp-json\/wp\/v2\/media\/9172"}],"wp:attachment":[{"href":"https:\/\/shop.comterra.eu\/en\/wp-json\/wp\/v2\/media?parent=9296"}],"wp:term":[{"taxonomy":"product_cat","embeddable":true,"href":"https:\/\/shop.comterra.eu\/en\/wp-json\/wp\/v2\/product_cat?post=9296"},{"taxonomy":"product_tag","embeddable":true,"href":"https:\/\/shop.comterra.eu\/en\/wp-json\/wp\/v2\/product_tag?post=9296"}],"curies":[{"name":"wp","href":"https:\/\/api.w.org\/{rel}","templated":true}]}}