{"id":927,"date":"2020-02-12T21:41:45","date_gmt":"2020-02-12T21:41:45","guid":{"rendered":"https:\/\/shop.comterra.eu\/?post_type=product&#038;p=927"},"modified":"2022-06-08T09:05:30","modified_gmt":"2022-06-08T09:05:30","slug":"mincon-mq-serija-mq60-6-cola","status":"publish","type":"product","link":"https:\/\/shop.comterra.eu\/en\/p\/mincon-mq-serija-mq60-6-cola\/","title":{"rendered":"MINCON MQ Serija MQ60 -6&#8220; cola"},"content":{"rendered":"<p><strong>MINCON MQ Serija BEZ VENTILA!<\/strong><br \/>\nTe\u017eina [kg] 67<br \/>\nPromjer [mm] 140<br \/>\nDu\u017eina [mm] 1109<br \/>\nRadni pritisak [bar] min. 20,7bar<br \/>\nKapacitet kompresora [m\u00b3\u00b7min\u207b\u00b9] 20,7bar \/ 283 l\/s<br \/>\nPriklju\u010dak API 3 1\/2&#8220; REG PIN mu\u0161ki<br \/>\nPromjer krune za bu\u0161enje [mm] min. 152mm<br \/>\nUSADNIK krune MQ60 = QL60 bez ventila<br \/>\nCIjena: &#8212; HRK<br \/>\nPrice: &#8212; EUR<br \/>\nMINCON vrhunski \u010deki\u0107i iz EU. Va\u0161 prvi izbor za bu\u0161enje bunara = MINCON.<\/p>","protected":false},"excerpt":{"rendered":"<p>MINCON DTH MQ60<br \/>\n6&#8220; cola visokotla\u010dni<\/p>","protected":false},"featured_media":15943,"template":"","meta":[],"product_cat":[46,26],"product_tag":[],"yoast_head":"<!-- This site is optimized with the Yoast SEO plugin v20.0 - https:\/\/yoast.com\/wordpress\/plugins\/seo\/ -->\n<title>MINCON MQ Serija MQ60 -6&#039;&#039; cola - ComTerra<\/title>\n<meta name=\"description\" content=\"\u010ceki\u0107 MINCON za dubinsko bu\u0161enje, DHD340, DHD IR3,5, Ingersoll Rand, Atlas Copco, DTH 4&#039;&#039; DHD4&#039;&#039; DHD5&#039;&#039;, Epiroc TDI, epiroc DHD, dhd kruna, dhd 5,5 cola\" \/>\n<meta name=\"robots\" content=\"noindex, follow, max-snippet:-1, max-image-preview:large, max-video-preview:-1\" \/>\n<meta property=\"og:locale\" content=\"en_US\" \/>\n<meta property=\"og:type\" content=\"article\" \/>\n<meta property=\"og:title\" content=\"MINCON MQ Serija MQ60 -6&#039;&#039; cola - ComTerra\" \/>\n<meta property=\"og:description\" content=\"\u010ceki\u0107 MINCON za dubinsko bu\u0161enje, DHD340, DHD IR3,5, Ingersoll Rand, Atlas Copco, DTH 4&#039;&#039; DHD4&#039;&#039; DHD5&#039;&#039;, Epiroc TDI, epiroc DHD, dhd kruna, dhd 5,5 cola\" \/>\n<meta property=\"og:url\" content=\"https:\/\/shop.comterra.eu\/en\/p\/mincon-mq-serija-mq60-6-cola\/\" \/>\n<meta property=\"og:site_name\" content=\"ComTerra\" \/>\n<meta property=\"article:publisher\" content=\"https:\/\/web.facebook.com\/ComTerraEU\" \/>\n<meta property=\"article:modified_time\" content=\"2022-06-08T09:05:30+00:00\" \/>\n<meta property=\"og:image\" content=\"https:\/\/shop.comterra.eu\/wp-content\/uploads\/2020\/02\/Mincon_PLC_MQ_RangeLR-1.jpg\" \/>\n\t<meta property=\"og:image:width\" content=\"477\" \/>\n\t<meta property=\"og:image:height\" content=\"364\" \/>\n\t<meta property=\"og:image:type\" content=\"image\/jpeg\" \/>\n<meta name=\"twitter:card\" content=\"summary_large_image\" \/>\n<script type=\"application\/ld+json\" class=\"yoast-schema-graph\">{\"@context\":\"https:\/\/schema.org\",\"@graph\":[{\"@type\":\"WebPage\",\"@id\":\"https:\/\/shop.comterra.eu\/p\/mincon-mq-serija-mq60-6-cola\/\",\"url\":\"https:\/\/shop.comterra.eu\/p\/mincon-mq-serija-mq60-6-cola\/\",\"name\":\"MINCON MQ Serija MQ60 -6'' cola - ComTerra\",\"isPartOf\":{\"@id\":\"https:\/\/shop.comterra.eu\/#website\"},\"datePublished\":\"2020-02-12T21:41:45+00:00\",\"dateModified\":\"2022-06-08T09:05:30+00:00\",\"description\":\"\u010ceki\u0107 MINCON za dubinsko bu\u0161enje, DHD340, DHD IR3,5, Ingersoll Rand, Atlas Copco, DTH 4'' DHD4'' DHD5'', Epiroc TDI, epiroc DHD, dhd kruna, dhd 5,5 cola\",\"breadcrumb\":{\"@id\":\"https:\/\/shop.comterra.eu\/p\/mincon-mq-serija-mq60-6-cola\/#breadcrumb\"},\"inLanguage\":\"en-US\",\"potentialAction\":[{\"@type\":\"ReadAction\",\"target\":[\"https:\/\/shop.comterra.eu\/p\/mincon-mq-serija-mq60-6-cola\/\"]}]},{\"@type\":\"BreadcrumbList\",\"@id\":\"https:\/\/shop.comterra.eu\/p\/mincon-mq-serija-mq60-6-cola\/#breadcrumb\",\"itemListElement\":[{\"@type\":\"ListItem\",\"position\":1,\"name\":\"ComTerra SHOP &#8211; Willkommen\",\"item\":\"https:\/\/shop.comterra.eu\/\"},{\"@type\":\"ListItem\",\"position\":2,\"name\":\"MINCON MQ Serija MQ60 -6&#8221; cola\"}]},{\"@type\":\"WebSite\",\"@id\":\"https:\/\/shop.comterra.eu\/#website\",\"url\":\"https:\/\/shop.comterra.eu\/\",\"name\":\"ComTerra\",\"description\":\"\",\"publisher\":{\"@id\":\"https:\/\/shop.comterra.eu\/#organization\"},\"potentialAction\":[{\"@type\":\"SearchAction\",\"target\":{\"@type\":\"EntryPoint\",\"urlTemplate\":\"https:\/\/shop.comterra.eu\/?s={search_term_string}\"},\"query-input\":\"required name=search_term_string\"}],\"inLanguage\":\"en-US\"},{\"@type\":\"Organization\",\"@id\":\"https:\/\/shop.comterra.eu\/#organization\",\"name\":\"ComTerra\",\"url\":\"https:\/\/shop.comterra.eu\/\",\"logo\":{\"@type\":\"ImageObject\",\"inLanguage\":\"en-US\",\"@id\":\"https:\/\/shop.comterra.eu\/#\/schema\/logo\/image\/\",\"url\":\"https:\/\/shop.comterra.eu\/wp-content\/uploads\/2019\/12\/cropped-logo.png\",\"contentUrl\":\"https:\/\/shop.comterra.eu\/wp-content\/uploads\/2019\/12\/cropped-logo.png\",\"width\":379,\"height\":89,\"caption\":\"ComTerra\"},\"image\":{\"@id\":\"https:\/\/shop.comterra.eu\/#\/schema\/logo\/image\/\"},\"sameAs\":[\"https:\/\/www.youtube.com\/channel\/UCn4vG_rMnFID5Hg_ooZKieg\",\"https:\/\/web.facebook.com\/ComTerraEU\"]}]}<\/script>\n<!-- \/ Yoast SEO plugin. -->","yoast_head_json":{"title":"MINCON MQ Serija MQ60 -6'' cola - ComTerra","description":"\u010ceki\u0107 MINCON za dubinsko bu\u0161enje, DHD340, DHD IR3,5, Ingersoll Rand, Atlas Copco, DTH 4'' DHD4'' DHD5'', Epiroc TDI, epiroc DHD, dhd kruna, dhd 5,5 cola","robots":{"index":"noindex","follow":"follow","max-snippet":"max-snippet:-1","max-image-preview":"max-image-preview:large","max-video-preview":"max-video-preview:-1"},"og_locale":"en_US","og_type":"article","og_title":"MINCON MQ Serija MQ60 -6'' cola - ComTerra","og_description":"\u010ceki\u0107 MINCON za dubinsko bu\u0161enje, DHD340, DHD IR3,5, Ingersoll Rand, Atlas Copco, DTH 4'' DHD4'' DHD5'', Epiroc TDI, epiroc DHD, dhd kruna, dhd 5,5 cola","og_url":"https:\/\/shop.comterra.eu\/en\/p\/mincon-mq-serija-mq60-6-cola\/","og_site_name":"ComTerra","article_publisher":"https:\/\/web.facebook.com\/ComTerraEU","article_modified_time":"2022-06-08T09:05:30+00:00","og_image":[{"width":477,"height":364,"url":"https:\/\/shop.comterra.eu\/wp-content\/uploads\/2020\/02\/Mincon_PLC_MQ_RangeLR-1.jpg","type":"image\/jpeg"}],"twitter_card":"summary_large_image","schema":{"@context":"https:\/\/schema.org","@graph":[{"@type":"WebPage","@id":"https:\/\/shop.comterra.eu\/p\/mincon-mq-serija-mq60-6-cola\/","url":"https:\/\/shop.comterra.eu\/p\/mincon-mq-serija-mq60-6-cola\/","name":"MINCON MQ Serija MQ60 -6'' cola - ComTerra","isPartOf":{"@id":"https:\/\/shop.comterra.eu\/#website"},"datePublished":"2020-02-12T21:41:45+00:00","dateModified":"2022-06-08T09:05:30+00:00","description":"\u010ceki\u0107 MINCON za dubinsko bu\u0161enje, DHD340, DHD IR3,5, Ingersoll Rand, Atlas Copco, DTH 4'' DHD4'' DHD5'', Epiroc TDI, epiroc DHD, dhd kruna, dhd 5,5 cola","breadcrumb":{"@id":"https:\/\/shop.comterra.eu\/p\/mincon-mq-serija-mq60-6-cola\/#breadcrumb"},"inLanguage":"en-US","potentialAction":[{"@type":"ReadAction","target":["https:\/\/shop.comterra.eu\/p\/mincon-mq-serija-mq60-6-cola\/"]}]},{"@type":"BreadcrumbList","@id":"https:\/\/shop.comterra.eu\/p\/mincon-mq-serija-mq60-6-cola\/#breadcrumb","itemListElement":[{"@type":"ListItem","position":1,"name":"ComTerra SHOP &#8211; Willkommen","item":"https:\/\/shop.comterra.eu\/"},{"@type":"ListItem","position":2,"name":"MINCON MQ Serija MQ60 -6&#8221; cola"}]},{"@type":"WebSite","@id":"https:\/\/shop.comterra.eu\/#website","url":"https:\/\/shop.comterra.eu\/","name":"ComTerra","description":"","publisher":{"@id":"https:\/\/shop.comterra.eu\/#organization"},"potentialAction":[{"@type":"SearchAction","target":{"@type":"EntryPoint","urlTemplate":"https:\/\/shop.comterra.eu\/?s={search_term_string}"},"query-input":"required name=search_term_string"}],"inLanguage":"en-US"},{"@type":"Organization","@id":"https:\/\/shop.comterra.eu\/#organization","name":"ComTerra","url":"https:\/\/shop.comterra.eu\/","logo":{"@type":"ImageObject","inLanguage":"en-US","@id":"https:\/\/shop.comterra.eu\/#\/schema\/logo\/image\/","url":"https:\/\/shop.comterra.eu\/wp-content\/uploads\/2019\/12\/cropped-logo.png","contentUrl":"https:\/\/shop.comterra.eu\/wp-content\/uploads\/2019\/12\/cropped-logo.png","width":379,"height":89,"caption":"ComTerra"},"image":{"@id":"https:\/\/shop.comterra.eu\/#\/schema\/logo\/image\/"},"sameAs":["https:\/\/www.youtube.com\/channel\/UCn4vG_rMnFID5Hg_ooZKieg","https:\/\/web.facebook.com\/ComTerraEU"]}]}},"_links":{"self":[{"href":"https:\/\/shop.comterra.eu\/en\/wp-json\/wp\/v2\/product\/927"}],"collection":[{"href":"https:\/\/shop.comterra.eu\/en\/wp-json\/wp\/v2\/product"}],"about":[{"href":"https:\/\/shop.comterra.eu\/en\/wp-json\/wp\/v2\/types\/product"}],"wp:featuredmedia":[{"embeddable":true,"href":"https:\/\/shop.comterra.eu\/en\/wp-json\/wp\/v2\/media\/15943"}],"wp:attachment":[{"href":"https:\/\/shop.comterra.eu\/en\/wp-json\/wp\/v2\/media?parent=927"}],"wp:term":[{"taxonomy":"product_cat","embeddable":true,"href":"https:\/\/shop.comterra.eu\/en\/wp-json\/wp\/v2\/product_cat?post=927"},{"taxonomy":"product_tag","embeddable":true,"href":"https:\/\/shop.comterra.eu\/en\/wp-json\/wp\/v2\/product_tag?post=927"}],"curies":[{"name":"wp","href":"https:\/\/api.w.org\/{rel}","templated":true}]}}