{"id":9164,"date":"2022-02-10T08:25:13","date_gmt":"2022-02-10T08:25:13","guid":{"rendered":"https:\/\/shop.comterra.eu\/?post_type=product&#038;p=9164"},"modified":"2022-10-28T11:38:30","modified_gmt":"2022-10-28T11:38:30","slug":"mobile-baukompressoren-atlas-copco-xas96-deutz","status":"publish","type":"product","link":"https:\/\/shop.comterra.eu\/en\/p\/mobile-baukompressoren-atlas-copco-xas96-deutz\/","title":{"rendered":"Mobile Baukompressoren Atlas Copco XAS96 (Deutz)"},"content":{"rendered":"<table>\n<tbody>\n<tr>\n<td width=\"107\">Tehni\u010dki podaci<\/td>\n<\/tr>\n<tr>\n<td width=\"107\"><strong>Motor<\/strong><\/td>\n<td width=\"107\">DEUTZ F3M1011F 3 Cilindra, 35.4 kW<\/td>\n<\/tr>\n<tr>\n<td width=\"107\">Kapacitet kompresora<\/td>\n<td width=\"107\">5,3 m<b><sup>3<\/sup><\/b>\/min<\/td>\n<\/tr>\n<tr>\n<td width=\"107\">Radni pritisak [bar]:<\/td>\n<td width=\"107\">7 bar<\/td>\n<\/tr>\n<tr>\n<td width=\"107\">Godina<\/td>\n<td width=\"107\">2001<\/td>\n<\/tr>\n<tr>\n<td width=\"107\">Kapaciteta rezervoara:<\/td>\n<td width=\"107\">73 l<\/td>\n<\/tr>\n<tr>\n<td width=\"107\">Te\u017eina<\/td>\n<td width=\"107\">880 kg<\/td>\n<\/tr>\n<tr>\n<td width=\"107\">Radni sati<\/td>\n<td width=\"107\">2828 mtg<\/td>\n<\/tr>\n<\/tbody>\n<\/table>","protected":false},"excerpt":{"rendered":"<p>5,3 m<b><sup>3<\/sup><\/b>\/min &#8211; 7 bar<\/p>","protected":false},"featured_media":9169,"template":"","meta":[],"product_cat":[22],"product_tag":[908],"yoast_head":"<!-- This site is optimized with the Yoast SEO plugin v20.0 - https:\/\/yoast.com\/wordpress\/plugins\/seo\/ -->\n<title>Mobile Baukompressoren Atlas Copco XAS96 (Deutz) - ComTerra<\/title>\n<meta name=\"description\" content=\"Gra\u0111evinski kompresori vrhunske kvalitete. Mobilni kompresori, kompresori za dubinsko bu\u0161enje. Odli\u010dne cijene, sigurna i pouzdana dostava!\" \/>\n<meta name=\"robots\" content=\"noindex, follow, max-snippet:-1, max-image-preview:large, max-video-preview:-1\" \/>\n<meta property=\"og:locale\" content=\"en_US\" \/>\n<meta property=\"og:type\" content=\"article\" \/>\n<meta property=\"og:title\" content=\"Mobile Baukompressoren Atlas Copco XAS96 (Deutz) - ComTerra\" \/>\n<meta property=\"og:description\" content=\"Gra\u0111evinski kompresori vrhunske kvalitete. Mobilni kompresori, kompresori za dubinsko bu\u0161enje. Odli\u010dne cijene, sigurna i pouzdana dostava!\" \/>\n<meta property=\"og:url\" content=\"https:\/\/shop.comterra.eu\/en\/p\/mobile-baukompressoren-atlas-copco-xas96-deutz\/\" \/>\n<meta property=\"og:site_name\" content=\"ComTerra\" \/>\n<meta property=\"article:publisher\" content=\"https:\/\/web.facebook.com\/ComTerraEU\" \/>\n<meta property=\"article:modified_time\" content=\"2022-10-28T11:38:30+00:00\" \/>\n<meta property=\"og:image\" content=\"https:\/\/shop.comterra.eu\/wp-content\/uploads\/2022\/02\/Kompresor-Atlas-Copco-XAS96-Deutz-5.jpg\" \/>\n\t<meta property=\"og:image:width\" content=\"1388\" \/>\n\t<meta property=\"og:image:height\" content=\"1041\" \/>\n\t<meta property=\"og:image:type\" content=\"image\/jpeg\" \/>\n<meta name=\"twitter:card\" content=\"summary_large_image\" \/>\n<meta name=\"twitter:label1\" content=\"Est. reading time\" \/>\n\t<meta name=\"twitter:data1\" content=\"1 minute\" \/>\n<script type=\"application\/ld+json\" class=\"yoast-schema-graph\">{\"@context\":\"https:\/\/schema.org\",\"@graph\":[{\"@type\":\"WebPage\",\"@id\":\"https:\/\/shop.comterra.eu\/p\/mobile-baukompressoren-atlas-copco-xas96-deutz\/\",\"url\":\"https:\/\/shop.comterra.eu\/p\/mobile-baukompressoren-atlas-copco-xas96-deutz\/\",\"name\":\"Mobile Baukompressoren Atlas Copco XAS96 (Deutz) - ComTerra\",\"isPartOf\":{\"@id\":\"https:\/\/shop.comterra.eu\/#website\"},\"datePublished\":\"2022-02-10T08:25:13+00:00\",\"dateModified\":\"2022-10-28T11:38:30+00:00\",\"description\":\"Gra\u0111evinski kompresori vrhunske kvalitete. Mobilni kompresori, kompresori za dubinsko bu\u0161enje. Odli\u010dne cijene, sigurna i pouzdana dostava!\",\"breadcrumb\":{\"@id\":\"https:\/\/shop.comterra.eu\/p\/mobile-baukompressoren-atlas-copco-xas96-deutz\/#breadcrumb\"},\"inLanguage\":\"en-US\",\"potentialAction\":[{\"@type\":\"ReadAction\",\"target\":[\"https:\/\/shop.comterra.eu\/p\/mobile-baukompressoren-atlas-copco-xas96-deutz\/\"]}]},{\"@type\":\"BreadcrumbList\",\"@id\":\"https:\/\/shop.comterra.eu\/p\/mobile-baukompressoren-atlas-copco-xas96-deutz\/#breadcrumb\",\"itemListElement\":[{\"@type\":\"ListItem\",\"position\":1,\"name\":\"ComTerra SHOP &#8211; Willkommen\",\"item\":\"https:\/\/shop.comterra.eu\/\"},{\"@type\":\"ListItem\",\"position\":2,\"name\":\"Mobile Baukompressoren Atlas Copco XAS96 (Deutz)\"}]},{\"@type\":\"WebSite\",\"@id\":\"https:\/\/shop.comterra.eu\/#website\",\"url\":\"https:\/\/shop.comterra.eu\/\",\"name\":\"ComTerra\",\"description\":\"\",\"publisher\":{\"@id\":\"https:\/\/shop.comterra.eu\/#organization\"},\"potentialAction\":[{\"@type\":\"SearchAction\",\"target\":{\"@type\":\"EntryPoint\",\"urlTemplate\":\"https:\/\/shop.comterra.eu\/?s={search_term_string}\"},\"query-input\":\"required name=search_term_string\"}],\"inLanguage\":\"en-US\"},{\"@type\":\"Organization\",\"@id\":\"https:\/\/shop.comterra.eu\/#organization\",\"name\":\"ComTerra\",\"url\":\"https:\/\/shop.comterra.eu\/\",\"logo\":{\"@type\":\"ImageObject\",\"inLanguage\":\"en-US\",\"@id\":\"https:\/\/shop.comterra.eu\/#\/schema\/logo\/image\/\",\"url\":\"https:\/\/shop.comterra.eu\/wp-content\/uploads\/2019\/12\/cropped-logo.png\",\"contentUrl\":\"https:\/\/shop.comterra.eu\/wp-content\/uploads\/2019\/12\/cropped-logo.png\",\"width\":379,\"height\":89,\"caption\":\"ComTerra\"},\"image\":{\"@id\":\"https:\/\/shop.comterra.eu\/#\/schema\/logo\/image\/\"},\"sameAs\":[\"https:\/\/www.youtube.com\/channel\/UCn4vG_rMnFID5Hg_ooZKieg\",\"https:\/\/web.facebook.com\/ComTerraEU\"]}]}<\/script>\n<!-- \/ Yoast SEO plugin. -->","yoast_head_json":{"title":"Mobile Baukompressoren Atlas Copco XAS96 (Deutz) - ComTerra","description":"Gra\u0111evinski kompresori vrhunske kvalitete. Mobilni kompresori, kompresori za dubinsko bu\u0161enje. Odli\u010dne cijene, sigurna i pouzdana dostava!","robots":{"index":"noindex","follow":"follow","max-snippet":"max-snippet:-1","max-image-preview":"max-image-preview:large","max-video-preview":"max-video-preview:-1"},"og_locale":"en_US","og_type":"article","og_title":"Mobile Baukompressoren Atlas Copco XAS96 (Deutz) - ComTerra","og_description":"Gra\u0111evinski kompresori vrhunske kvalitete. Mobilni kompresori, kompresori za dubinsko bu\u0161enje. Odli\u010dne cijene, sigurna i pouzdana dostava!","og_url":"https:\/\/shop.comterra.eu\/en\/p\/mobile-baukompressoren-atlas-copco-xas96-deutz\/","og_site_name":"ComTerra","article_publisher":"https:\/\/web.facebook.com\/ComTerraEU","article_modified_time":"2022-10-28T11:38:30+00:00","og_image":[{"width":1388,"height":1041,"url":"https:\/\/shop.comterra.eu\/wp-content\/uploads\/2022\/02\/Kompresor-Atlas-Copco-XAS96-Deutz-5.jpg","type":"image\/jpeg"}],"twitter_card":"summary_large_image","twitter_misc":{"Est. reading time":"1 minute"},"schema":{"@context":"https:\/\/schema.org","@graph":[{"@type":"WebPage","@id":"https:\/\/shop.comterra.eu\/p\/mobile-baukompressoren-atlas-copco-xas96-deutz\/","url":"https:\/\/shop.comterra.eu\/p\/mobile-baukompressoren-atlas-copco-xas96-deutz\/","name":"Mobile Baukompressoren Atlas Copco XAS96 (Deutz) - ComTerra","isPartOf":{"@id":"https:\/\/shop.comterra.eu\/#website"},"datePublished":"2022-02-10T08:25:13+00:00","dateModified":"2022-10-28T11:38:30+00:00","description":"Gra\u0111evinski kompresori vrhunske kvalitete. Mobilni kompresori, kompresori za dubinsko bu\u0161enje. Odli\u010dne cijene, sigurna i pouzdana dostava!","breadcrumb":{"@id":"https:\/\/shop.comterra.eu\/p\/mobile-baukompressoren-atlas-copco-xas96-deutz\/#breadcrumb"},"inLanguage":"en-US","potentialAction":[{"@type":"ReadAction","target":["https:\/\/shop.comterra.eu\/p\/mobile-baukompressoren-atlas-copco-xas96-deutz\/"]}]},{"@type":"BreadcrumbList","@id":"https:\/\/shop.comterra.eu\/p\/mobile-baukompressoren-atlas-copco-xas96-deutz\/#breadcrumb","itemListElement":[{"@type":"ListItem","position":1,"name":"ComTerra SHOP &#8211; Willkommen","item":"https:\/\/shop.comterra.eu\/"},{"@type":"ListItem","position":2,"name":"Mobile Baukompressoren Atlas Copco XAS96 (Deutz)"}]},{"@type":"WebSite","@id":"https:\/\/shop.comterra.eu\/#website","url":"https:\/\/shop.comterra.eu\/","name":"ComTerra","description":"","publisher":{"@id":"https:\/\/shop.comterra.eu\/#organization"},"potentialAction":[{"@type":"SearchAction","target":{"@type":"EntryPoint","urlTemplate":"https:\/\/shop.comterra.eu\/?s={search_term_string}"},"query-input":"required name=search_term_string"}],"inLanguage":"en-US"},{"@type":"Organization","@id":"https:\/\/shop.comterra.eu\/#organization","name":"ComTerra","url":"https:\/\/shop.comterra.eu\/","logo":{"@type":"ImageObject","inLanguage":"en-US","@id":"https:\/\/shop.comterra.eu\/#\/schema\/logo\/image\/","url":"https:\/\/shop.comterra.eu\/wp-content\/uploads\/2019\/12\/cropped-logo.png","contentUrl":"https:\/\/shop.comterra.eu\/wp-content\/uploads\/2019\/12\/cropped-logo.png","width":379,"height":89,"caption":"ComTerra"},"image":{"@id":"https:\/\/shop.comterra.eu\/#\/schema\/logo\/image\/"},"sameAs":["https:\/\/www.youtube.com\/channel\/UCn4vG_rMnFID5Hg_ooZKieg","https:\/\/web.facebook.com\/ComTerraEU"]}]}},"_links":{"self":[{"href":"https:\/\/shop.comterra.eu\/en\/wp-json\/wp\/v2\/product\/9164"}],"collection":[{"href":"https:\/\/shop.comterra.eu\/en\/wp-json\/wp\/v2\/product"}],"about":[{"href":"https:\/\/shop.comterra.eu\/en\/wp-json\/wp\/v2\/types\/product"}],"wp:featuredmedia":[{"embeddable":true,"href":"https:\/\/shop.comterra.eu\/en\/wp-json\/wp\/v2\/media\/9169"}],"wp:attachment":[{"href":"https:\/\/shop.comterra.eu\/en\/wp-json\/wp\/v2\/media?parent=9164"}],"wp:term":[{"taxonomy":"product_cat","embeddable":true,"href":"https:\/\/shop.comterra.eu\/en\/wp-json\/wp\/v2\/product_cat?post=9164"},{"taxonomy":"product_tag","embeddable":true,"href":"https:\/\/shop.comterra.eu\/en\/wp-json\/wp\/v2\/product_tag?post=9164"}],"curies":[{"name":"wp","href":"https:\/\/api.w.org\/{rel}","templated":true}]}}