{"id":898,"date":"2020-01-29T23:24:46","date_gmt":"2020-01-29T23:24:46","guid":{"rendered":"https:\/\/shop.comterra.eu\/?post_type=product&#038;p=898"},"modified":"2022-06-08T09:05:28","modified_gmt":"2022-06-08T09:05:28","slug":"permon-vkp-130","status":"publish","type":"product","link":"https:\/\/shop.comterra.eu\/en\/p\/permon-vkp-130\/","title":{"rendered":"PERMON VKP 130"},"content":{"rendered":"<p>PERMON DTH VKP130-1 4,5&#8220; niskotla\u010dni<br \/>\nTe\u017eina [kg] 59,5<br \/>\nPromjer [mm] 120<br \/>\nDu\u017eina [mm] 988<br \/>\nRadni pritisak [bar] 6-18<br \/>\nKapacitet kompresora [m\u00b3\u00b7min\u207b\u00b9] (6\/12\/&#8211; bar) 3,5\/8,6\/&#8211; m3<br \/>\nPriklju\u010dak API 3 1\/2&#8220; REG unutarnji<br \/>\nPromjer krune za bu\u0161enje [mm] 145-225mm<br \/>\nOstali \u010deki\u0107i u ponudi VKP 80, VKP 70, VKP 110, VKP130 DHD, VKP 150<br \/>\nCIjena: &#8212; HRK<br \/>\nPrice: &#8212; EUR<br \/>\nPermon vrhunski \u010deki\u0107i EU kvalitete. Najbr\u017ei i najpouzdaniji \u010deki\u0107i na tr\u017ei\u0161tu<\/p>","protected":false},"excerpt":{"rendered":"<p>PERMON DTH DHD VKP130 visokotla\u010dni<\/p>","protected":false},"featured_media":15934,"template":"","meta":[],"product_cat":[45,26],"product_tag":[],"yoast_head":"<!-- This site is optimized with the Yoast SEO plugin v20.0 - https:\/\/yoast.com\/wordpress\/plugins\/seo\/ -->\n<title>PERMON VKP 130 - ComTerra<\/title>\n<meta name=\"description\" content=\"\u010ceki\u0107 za dubinsko DTH bu\u0161enje, DHD340, DHD IR3,5, Ingersoll Rand, Atlas Copco, DTH 3&#039;&#039;, DTH3,5&#039;&#039; DHD4&#039;&#039; DHD5&#039;&#039;, Epiroc TDI, epiroc DHD, dhd kruna, dhd\" \/>\n<meta name=\"robots\" content=\"noindex, follow, max-snippet:-1, max-image-preview:large, max-video-preview:-1\" \/>\n<meta property=\"og:locale\" content=\"en_US\" \/>\n<meta property=\"og:type\" content=\"article\" \/>\n<meta property=\"og:title\" content=\"PERMON VKP 130 - ComTerra\" \/>\n<meta property=\"og:description\" content=\"\u010ceki\u0107 za dubinsko DTH bu\u0161enje, DHD340, DHD IR3,5, Ingersoll Rand, Atlas Copco, DTH 3&#039;&#039;, DTH3,5&#039;&#039; DHD4&#039;&#039; DHD5&#039;&#039;, Epiroc TDI, epiroc DHD, dhd kruna, dhd\" \/>\n<meta property=\"og:url\" content=\"https:\/\/shop.comterra.eu\/en\/p\/permon-vkp-130\/\" \/>\n<meta property=\"og:site_name\" content=\"ComTerra\" \/>\n<meta property=\"article:publisher\" content=\"https:\/\/web.facebook.com\/ComTerraEU\" \/>\n<meta property=\"article:modified_time\" content=\"2022-06-08T09:05:28+00:00\" \/>\n<meta property=\"og:image\" content=\"https:\/\/shop.comterra.eu\/wp-content\/uploads\/2020\/01\/DTH-Down-the-hole-hammer-VKP-130.jpg\" \/>\n\t<meta property=\"og:image:width\" content=\"517\" \/>\n\t<meta property=\"og:image:height\" content=\"232\" \/>\n\t<meta property=\"og:image:type\" content=\"image\/jpeg\" \/>\n<meta name=\"twitter:card\" content=\"summary_large_image\" \/>\n<script type=\"application\/ld+json\" class=\"yoast-schema-graph\">{\"@context\":\"https:\/\/schema.org\",\"@graph\":[{\"@type\":\"WebPage\",\"@id\":\"https:\/\/shop.comterra.eu\/p\/permon-vkp-130\/\",\"url\":\"https:\/\/shop.comterra.eu\/p\/permon-vkp-130\/\",\"name\":\"PERMON VKP 130 - ComTerra\",\"isPartOf\":{\"@id\":\"https:\/\/shop.comterra.eu\/#website\"},\"datePublished\":\"2020-01-29T23:24:46+00:00\",\"dateModified\":\"2022-06-08T09:05:28+00:00\",\"description\":\"\u010ceki\u0107 za dubinsko DTH bu\u0161enje, DHD340, DHD IR3,5, Ingersoll Rand, Atlas Copco, DTH 3'', DTH3,5'' DHD4'' DHD5'', Epiroc TDI, epiroc DHD, dhd kruna, dhd\",\"breadcrumb\":{\"@id\":\"https:\/\/shop.comterra.eu\/p\/permon-vkp-130\/#breadcrumb\"},\"inLanguage\":\"en-US\",\"potentialAction\":[{\"@type\":\"ReadAction\",\"target\":[\"https:\/\/shop.comterra.eu\/p\/permon-vkp-130\/\"]}]},{\"@type\":\"BreadcrumbList\",\"@id\":\"https:\/\/shop.comterra.eu\/p\/permon-vkp-130\/#breadcrumb\",\"itemListElement\":[{\"@type\":\"ListItem\",\"position\":1,\"name\":\"ComTerra SHOP &#8211; Willkommen\",\"item\":\"https:\/\/shop.comterra.eu\/\"},{\"@type\":\"ListItem\",\"position\":2,\"name\":\"PERMON VKP 130\"}]},{\"@type\":\"WebSite\",\"@id\":\"https:\/\/shop.comterra.eu\/#website\",\"url\":\"https:\/\/shop.comterra.eu\/\",\"name\":\"ComTerra\",\"description\":\"\",\"publisher\":{\"@id\":\"https:\/\/shop.comterra.eu\/#organization\"},\"potentialAction\":[{\"@type\":\"SearchAction\",\"target\":{\"@type\":\"EntryPoint\",\"urlTemplate\":\"https:\/\/shop.comterra.eu\/?s={search_term_string}\"},\"query-input\":\"required name=search_term_string\"}],\"inLanguage\":\"en-US\"},{\"@type\":\"Organization\",\"@id\":\"https:\/\/shop.comterra.eu\/#organization\",\"name\":\"ComTerra\",\"url\":\"https:\/\/shop.comterra.eu\/\",\"logo\":{\"@type\":\"ImageObject\",\"inLanguage\":\"en-US\",\"@id\":\"https:\/\/shop.comterra.eu\/#\/schema\/logo\/image\/\",\"url\":\"https:\/\/shop.comterra.eu\/wp-content\/uploads\/2019\/12\/cropped-logo.png\",\"contentUrl\":\"https:\/\/shop.comterra.eu\/wp-content\/uploads\/2019\/12\/cropped-logo.png\",\"width\":379,\"height\":89,\"caption\":\"ComTerra\"},\"image\":{\"@id\":\"https:\/\/shop.comterra.eu\/#\/schema\/logo\/image\/\"},\"sameAs\":[\"https:\/\/www.youtube.com\/channel\/UCn4vG_rMnFID5Hg_ooZKieg\",\"https:\/\/web.facebook.com\/ComTerraEU\"]}]}<\/script>\n<!-- \/ Yoast SEO plugin. -->","yoast_head_json":{"title":"PERMON VKP 130 - ComTerra","description":"\u010ceki\u0107 za dubinsko DTH bu\u0161enje, DHD340, DHD IR3,5, Ingersoll Rand, Atlas Copco, DTH 3'', DTH3,5'' DHD4'' DHD5'', Epiroc TDI, epiroc DHD, dhd kruna, dhd","robots":{"index":"noindex","follow":"follow","max-snippet":"max-snippet:-1","max-image-preview":"max-image-preview:large","max-video-preview":"max-video-preview:-1"},"og_locale":"en_US","og_type":"article","og_title":"PERMON VKP 130 - ComTerra","og_description":"\u010ceki\u0107 za dubinsko DTH bu\u0161enje, DHD340, DHD IR3,5, Ingersoll Rand, Atlas Copco, DTH 3'', DTH3,5'' DHD4'' DHD5'', Epiroc TDI, epiroc DHD, dhd kruna, dhd","og_url":"https:\/\/shop.comterra.eu\/en\/p\/permon-vkp-130\/","og_site_name":"ComTerra","article_publisher":"https:\/\/web.facebook.com\/ComTerraEU","article_modified_time":"2022-06-08T09:05:28+00:00","og_image":[{"width":517,"height":232,"url":"https:\/\/shop.comterra.eu\/wp-content\/uploads\/2020\/01\/DTH-Down-the-hole-hammer-VKP-130.jpg","type":"image\/jpeg"}],"twitter_card":"summary_large_image","schema":{"@context":"https:\/\/schema.org","@graph":[{"@type":"WebPage","@id":"https:\/\/shop.comterra.eu\/p\/permon-vkp-130\/","url":"https:\/\/shop.comterra.eu\/p\/permon-vkp-130\/","name":"PERMON VKP 130 - ComTerra","isPartOf":{"@id":"https:\/\/shop.comterra.eu\/#website"},"datePublished":"2020-01-29T23:24:46+00:00","dateModified":"2022-06-08T09:05:28+00:00","description":"\u010ceki\u0107 za dubinsko DTH bu\u0161enje, DHD340, DHD IR3,5, Ingersoll Rand, Atlas Copco, DTH 3'', DTH3,5'' DHD4'' DHD5'', Epiroc TDI, epiroc DHD, dhd kruna, dhd","breadcrumb":{"@id":"https:\/\/shop.comterra.eu\/p\/permon-vkp-130\/#breadcrumb"},"inLanguage":"en-US","potentialAction":[{"@type":"ReadAction","target":["https:\/\/shop.comterra.eu\/p\/permon-vkp-130\/"]}]},{"@type":"BreadcrumbList","@id":"https:\/\/shop.comterra.eu\/p\/permon-vkp-130\/#breadcrumb","itemListElement":[{"@type":"ListItem","position":1,"name":"ComTerra SHOP &#8211; Willkommen","item":"https:\/\/shop.comterra.eu\/"},{"@type":"ListItem","position":2,"name":"PERMON VKP 130"}]},{"@type":"WebSite","@id":"https:\/\/shop.comterra.eu\/#website","url":"https:\/\/shop.comterra.eu\/","name":"ComTerra","description":"","publisher":{"@id":"https:\/\/shop.comterra.eu\/#organization"},"potentialAction":[{"@type":"SearchAction","target":{"@type":"EntryPoint","urlTemplate":"https:\/\/shop.comterra.eu\/?s={search_term_string}"},"query-input":"required name=search_term_string"}],"inLanguage":"en-US"},{"@type":"Organization","@id":"https:\/\/shop.comterra.eu\/#organization","name":"ComTerra","url":"https:\/\/shop.comterra.eu\/","logo":{"@type":"ImageObject","inLanguage":"en-US","@id":"https:\/\/shop.comterra.eu\/#\/schema\/logo\/image\/","url":"https:\/\/shop.comterra.eu\/wp-content\/uploads\/2019\/12\/cropped-logo.png","contentUrl":"https:\/\/shop.comterra.eu\/wp-content\/uploads\/2019\/12\/cropped-logo.png","width":379,"height":89,"caption":"ComTerra"},"image":{"@id":"https:\/\/shop.comterra.eu\/#\/schema\/logo\/image\/"},"sameAs":["https:\/\/www.youtube.com\/channel\/UCn4vG_rMnFID5Hg_ooZKieg","https:\/\/web.facebook.com\/ComTerraEU"]}]}},"_links":{"self":[{"href":"https:\/\/shop.comterra.eu\/en\/wp-json\/wp\/v2\/product\/898"}],"collection":[{"href":"https:\/\/shop.comterra.eu\/en\/wp-json\/wp\/v2\/product"}],"about":[{"href":"https:\/\/shop.comterra.eu\/en\/wp-json\/wp\/v2\/types\/product"}],"wp:featuredmedia":[{"embeddable":true,"href":"https:\/\/shop.comterra.eu\/en\/wp-json\/wp\/v2\/media\/15934"}],"wp:attachment":[{"href":"https:\/\/shop.comterra.eu\/en\/wp-json\/wp\/v2\/media?parent=898"}],"wp:term":[{"taxonomy":"product_cat","embeddable":true,"href":"https:\/\/shop.comterra.eu\/en\/wp-json\/wp\/v2\/product_cat?post=898"},{"taxonomy":"product_tag","embeddable":true,"href":"https:\/\/shop.comterra.eu\/en\/wp-json\/wp\/v2\/product_tag?post=898"}],"curies":[{"name":"wp","href":"https:\/\/api.w.org\/{rel}","templated":true}]}}