{"id":8937,"date":"2022-02-08T09:43:46","date_gmt":"2022-02-08T09:43:46","guid":{"rendered":"https:\/\/shop.comterra.eu\/?post_type=product&#038;p=8937"},"modified":"2022-10-28T12:28:41","modified_gmt":"2022-10-28T12:28:41","slug":"permon-schlaeuche-techmatex","status":"publish","type":"product","link":"https:\/\/shop.comterra.eu\/en\/p\/permon-schlaeuche-techmatex\/","title":{"rendered":"PERMON Schl\u00e4uche Techmatex"},"content":{"rendered":"<p>Crijevo Techmatex &#8211; za transport zraka, vode i\u00a0 za industrije gdje se koriste agresivne kemikalije. Crijevo Techmatex &#8211; upotrebljivo je u temperaturnom rasponu od -30\u00b0C do 50\u00b0C i kratkotrajno do 80\u00b0C<\/p>\n<p>Prednosti kori\u0161tenja<\/p>\n<ul>\n<li>Za transport zraka, vode i za industrije gdje se koriste agresivne kemikalije<\/li>\n<li>Upotrebljivo je u temperaturnom rasponu od -30\u00b0C do 50\u00b0C i kratkotrajno do 80\u00b0C<\/li>\n<\/ul>\n<table id=\"tablepress-219\" class=\"tablepress tablepress-id-219 dataTable no-footer\" role=\"grid\">\n<tbody>\n<tr class=\"row-2 even\">\n<td class=\"column-2\"><strong>Naziv<\/strong><\/td>\n<td class=\"column-1\"><strong>Promjer<\/strong><\/td>\n<td class=\"column-2\"><strong>Max.Radni Tlak<\/strong><\/td>\n<\/tr>\n<tr class=\"row-2 even\">\n<td class=\"column-2\">Techmatex JS 20<\/td>\n<td class=\"column-1\">20 mm<\/td>\n<td class=\"column-2\">16 Bar<\/td>\n<\/tr>\n<tr class=\"row-2 even\">\n<td class=\"column-2\">Techmatex JS 25<\/td>\n<td class=\"column-1\">25 mm<\/td>\n<td class=\"column-2\">16 Bar<\/td>\n<\/tr>\n<tr class=\"row-2 even\">\n<td class=\"column-2\">Techmatex JS 38,5<\/td>\n<td class=\"column-1\">38,5 mm<\/td>\n<td class=\"column-2\">16 Bar<\/td>\n<\/tr>\n<tr class=\"row-2 even\">\n<td class=\"column-2\">Techmatex JS 52<\/td>\n<td class=\"column-1\">52 mm<\/td>\n<td class=\"column-2\">16 Bar<\/td>\n<\/tr>\n<\/tbody>\n<\/table>","protected":false},"excerpt":{"rendered":"<p>Crijevo Techmatex &#8211; za transport zraka, vode i\u00a0 za industrije gdje se koriste agresivne kemikalije. Crijevo Techmatex &#8211; upotrebljivo je u temperaturnom rasponu od -30\u00b0C do 50\u00b0C i kratkotrajno do 80\u00b0C Prednosti kori\u0161tenja Za transport zraka, vode i za industrije gdje se koriste agresivne kemikalije Upotrebljivo je u temperaturnom rasponu od -30\u00b0C do 50\u00b0C i [&hellip;]<\/p>","protected":false},"featured_media":8939,"template":"","meta":[],"product_cat":[861],"product_tag":[],"yoast_head":"<!-- This site is optimized with the Yoast SEO plugin v20.0 - https:\/\/yoast.com\/wordpress\/plugins\/seo\/ -->\n<title>PERMON Schl\u00e4uche Techmatex - ComTerra<\/title>\n<meta name=\"description\" content=\"Kvalitetna oprema PERMON. Nauljiva\u010di, isu\u0161iva\u010di zraka, separatori vode, ulje, klinovi za kamen. Pogledaj i ostalu ponudu!\" \/>\n<meta name=\"robots\" content=\"noindex, follow, max-snippet:-1, max-image-preview:large, max-video-preview:-1\" \/>\n<meta property=\"og:locale\" content=\"en_US\" \/>\n<meta property=\"og:type\" content=\"article\" \/>\n<meta property=\"og:title\" content=\"PERMON Schl\u00e4uche Techmatex - ComTerra\" \/>\n<meta property=\"og:description\" content=\"Kvalitetna oprema PERMON. Nauljiva\u010di, isu\u0161iva\u010di zraka, separatori vode, ulje, klinovi za kamen. Pogledaj i ostalu ponudu!\" \/>\n<meta property=\"og:url\" content=\"https:\/\/shop.comterra.eu\/en\/p\/permon-schlaeuche-techmatex\/\" \/>\n<meta property=\"og:site_name\" content=\"ComTerra\" \/>\n<meta property=\"article:publisher\" content=\"https:\/\/web.facebook.com\/ComTerraEU\" \/>\n<meta property=\"article:modified_time\" content=\"2022-10-28T12:28:41+00:00\" \/>\n<meta property=\"og:image\" content=\"https:\/\/shop.comterra.eu\/wp-content\/uploads\/2022\/02\/PERMON-Techmatex-crijevo-.jpg\" \/>\n\t<meta property=\"og:image:width\" content=\"409\" \/>\n\t<meta property=\"og:image:height\" content=\"278\" \/>\n\t<meta property=\"og:image:type\" content=\"image\/jpeg\" \/>\n<meta name=\"twitter:card\" content=\"summary_large_image\" \/>\n<meta name=\"twitter:label1\" content=\"Est. reading time\" \/>\n\t<meta name=\"twitter:data1\" content=\"1 minute\" \/>\n<script type=\"application\/ld+json\" class=\"yoast-schema-graph\">{\"@context\":\"https:\/\/schema.org\",\"@graph\":[{\"@type\":\"WebPage\",\"@id\":\"https:\/\/shop.comterra.eu\/p\/permon-schlaeuche-techmatex\/\",\"url\":\"https:\/\/shop.comterra.eu\/p\/permon-schlaeuche-techmatex\/\",\"name\":\"PERMON Schl\u00e4uche Techmatex - ComTerra\",\"isPartOf\":{\"@id\":\"https:\/\/shop.comterra.eu\/#website\"},\"datePublished\":\"2022-02-08T09:43:46+00:00\",\"dateModified\":\"2022-10-28T12:28:41+00:00\",\"description\":\"Kvalitetna oprema PERMON. Nauljiva\u010di, isu\u0161iva\u010di zraka, separatori vode, ulje, klinovi za kamen. Pogledaj i ostalu ponudu!\",\"breadcrumb\":{\"@id\":\"https:\/\/shop.comterra.eu\/p\/permon-schlaeuche-techmatex\/#breadcrumb\"},\"inLanguage\":\"en-US\",\"potentialAction\":[{\"@type\":\"ReadAction\",\"target\":[\"https:\/\/shop.comterra.eu\/p\/permon-schlaeuche-techmatex\/\"]}]},{\"@type\":\"BreadcrumbList\",\"@id\":\"https:\/\/shop.comterra.eu\/p\/permon-schlaeuche-techmatex\/#breadcrumb\",\"itemListElement\":[{\"@type\":\"ListItem\",\"position\":1,\"name\":\"ComTerra SHOP &#8211; Willkommen\",\"item\":\"https:\/\/shop.comterra.eu\/\"},{\"@type\":\"ListItem\",\"position\":2,\"name\":\"PERMON Schl\u00e4uche Techmatex\"}]},{\"@type\":\"WebSite\",\"@id\":\"https:\/\/shop.comterra.eu\/#website\",\"url\":\"https:\/\/shop.comterra.eu\/\",\"name\":\"ComTerra\",\"description\":\"\",\"publisher\":{\"@id\":\"https:\/\/shop.comterra.eu\/#organization\"},\"potentialAction\":[{\"@type\":\"SearchAction\",\"target\":{\"@type\":\"EntryPoint\",\"urlTemplate\":\"https:\/\/shop.comterra.eu\/?s={search_term_string}\"},\"query-input\":\"required name=search_term_string\"}],\"inLanguage\":\"en-US\"},{\"@type\":\"Organization\",\"@id\":\"https:\/\/shop.comterra.eu\/#organization\",\"name\":\"ComTerra\",\"url\":\"https:\/\/shop.comterra.eu\/\",\"logo\":{\"@type\":\"ImageObject\",\"inLanguage\":\"en-US\",\"@id\":\"https:\/\/shop.comterra.eu\/#\/schema\/logo\/image\/\",\"url\":\"https:\/\/shop.comterra.eu\/wp-content\/uploads\/2019\/12\/cropped-logo.png\",\"contentUrl\":\"https:\/\/shop.comterra.eu\/wp-content\/uploads\/2019\/12\/cropped-logo.png\",\"width\":379,\"height\":89,\"caption\":\"ComTerra\"},\"image\":{\"@id\":\"https:\/\/shop.comterra.eu\/#\/schema\/logo\/image\/\"},\"sameAs\":[\"https:\/\/www.youtube.com\/channel\/UCn4vG_rMnFID5Hg_ooZKieg\",\"https:\/\/web.facebook.com\/ComTerraEU\"]}]}<\/script>\n<!-- \/ Yoast SEO plugin. -->","yoast_head_json":{"title":"PERMON Schl\u00e4uche Techmatex - ComTerra","description":"Kvalitetna oprema PERMON. Nauljiva\u010di, isu\u0161iva\u010di zraka, separatori vode, ulje, klinovi za kamen. Pogledaj i ostalu ponudu!","robots":{"index":"noindex","follow":"follow","max-snippet":"max-snippet:-1","max-image-preview":"max-image-preview:large","max-video-preview":"max-video-preview:-1"},"og_locale":"en_US","og_type":"article","og_title":"PERMON Schl\u00e4uche Techmatex - ComTerra","og_description":"Kvalitetna oprema PERMON. Nauljiva\u010di, isu\u0161iva\u010di zraka, separatori vode, ulje, klinovi za kamen. Pogledaj i ostalu ponudu!","og_url":"https:\/\/shop.comterra.eu\/en\/p\/permon-schlaeuche-techmatex\/","og_site_name":"ComTerra","article_publisher":"https:\/\/web.facebook.com\/ComTerraEU","article_modified_time":"2022-10-28T12:28:41+00:00","og_image":[{"width":409,"height":278,"url":"https:\/\/shop.comterra.eu\/wp-content\/uploads\/2022\/02\/PERMON-Techmatex-crijevo-.jpg","type":"image\/jpeg"}],"twitter_card":"summary_large_image","twitter_misc":{"Est. reading time":"1 minute"},"schema":{"@context":"https:\/\/schema.org","@graph":[{"@type":"WebPage","@id":"https:\/\/shop.comterra.eu\/p\/permon-schlaeuche-techmatex\/","url":"https:\/\/shop.comterra.eu\/p\/permon-schlaeuche-techmatex\/","name":"PERMON Schl\u00e4uche Techmatex - ComTerra","isPartOf":{"@id":"https:\/\/shop.comterra.eu\/#website"},"datePublished":"2022-02-08T09:43:46+00:00","dateModified":"2022-10-28T12:28:41+00:00","description":"Kvalitetna oprema PERMON. Nauljiva\u010di, isu\u0161iva\u010di zraka, separatori vode, ulje, klinovi za kamen. Pogledaj i ostalu ponudu!","breadcrumb":{"@id":"https:\/\/shop.comterra.eu\/p\/permon-schlaeuche-techmatex\/#breadcrumb"},"inLanguage":"en-US","potentialAction":[{"@type":"ReadAction","target":["https:\/\/shop.comterra.eu\/p\/permon-schlaeuche-techmatex\/"]}]},{"@type":"BreadcrumbList","@id":"https:\/\/shop.comterra.eu\/p\/permon-schlaeuche-techmatex\/#breadcrumb","itemListElement":[{"@type":"ListItem","position":1,"name":"ComTerra SHOP &#8211; Willkommen","item":"https:\/\/shop.comterra.eu\/"},{"@type":"ListItem","position":2,"name":"PERMON Schl\u00e4uche Techmatex"}]},{"@type":"WebSite","@id":"https:\/\/shop.comterra.eu\/#website","url":"https:\/\/shop.comterra.eu\/","name":"ComTerra","description":"","publisher":{"@id":"https:\/\/shop.comterra.eu\/#organization"},"potentialAction":[{"@type":"SearchAction","target":{"@type":"EntryPoint","urlTemplate":"https:\/\/shop.comterra.eu\/?s={search_term_string}"},"query-input":"required name=search_term_string"}],"inLanguage":"en-US"},{"@type":"Organization","@id":"https:\/\/shop.comterra.eu\/#organization","name":"ComTerra","url":"https:\/\/shop.comterra.eu\/","logo":{"@type":"ImageObject","inLanguage":"en-US","@id":"https:\/\/shop.comterra.eu\/#\/schema\/logo\/image\/","url":"https:\/\/shop.comterra.eu\/wp-content\/uploads\/2019\/12\/cropped-logo.png","contentUrl":"https:\/\/shop.comterra.eu\/wp-content\/uploads\/2019\/12\/cropped-logo.png","width":379,"height":89,"caption":"ComTerra"},"image":{"@id":"https:\/\/shop.comterra.eu\/#\/schema\/logo\/image\/"},"sameAs":["https:\/\/www.youtube.com\/channel\/UCn4vG_rMnFID5Hg_ooZKieg","https:\/\/web.facebook.com\/ComTerraEU"]}]}},"_links":{"self":[{"href":"https:\/\/shop.comterra.eu\/en\/wp-json\/wp\/v2\/product\/8937"}],"collection":[{"href":"https:\/\/shop.comterra.eu\/en\/wp-json\/wp\/v2\/product"}],"about":[{"href":"https:\/\/shop.comterra.eu\/en\/wp-json\/wp\/v2\/types\/product"}],"wp:featuredmedia":[{"embeddable":true,"href":"https:\/\/shop.comterra.eu\/en\/wp-json\/wp\/v2\/media\/8939"}],"wp:attachment":[{"href":"https:\/\/shop.comterra.eu\/en\/wp-json\/wp\/v2\/media?parent=8937"}],"wp:term":[{"taxonomy":"product_cat","embeddable":true,"href":"https:\/\/shop.comterra.eu\/en\/wp-json\/wp\/v2\/product_cat?post=8937"},{"taxonomy":"product_tag","embeddable":true,"href":"https:\/\/shop.comterra.eu\/en\/wp-json\/wp\/v2\/product_tag?post=8937"}],"curies":[{"name":"wp","href":"https:\/\/api.w.org\/{rel}","templated":true}]}}