{"id":8930,"date":"2022-02-08T09:04:59","date_gmt":"2022-02-08T09:04:59","guid":{"rendered":"https:\/\/shop.comterra.eu\/?post_type=product&#038;p=8930"},"modified":"2022-10-28T12:32:11","modified_gmt":"2022-10-28T12:32:11","slug":"permon-wasserabscheider-soor1","status":"publish","type":"product","link":"https:\/\/shop.comterra.eu\/en\/p\/permon-wasserabscheider-soor1\/","title":{"rendered":"PERMON Wasserabscheider SOOR1"},"content":{"rendered":"<p>Kompleti SOOR1 koriste se za odvajanje vode i naknadno podmazivanje komprimiranog zraka ru\u010dnog pneumatskog alata bez vlastitog ure\u0111aja za podmazivanje. SOOR1 se koristi za maksimalni dopu\u0161teni tlak zraka od 7 bara.<\/p>\n<p>Prednosti kori\u0161tenja<\/p>\n<ul>\n<li style=\"list-style-type: none;\">\n<ul>\n<li>Jednostavan rad i dizajn, u\u010dinkovitost odvajanja vode i podmazivanje komprimiranim zrakom u kombinaciji s dugim vijekom trajanja \u010dine ga nezamjenjivim alatom za ru\u010dne pneumatske alate.<\/li>\n<li>Komplet SOOR1 mo\u017ee se koristiti za ru\u010dne pneumatske alate PERMON-a kao i drugih proizvo\u0111a\u010da.<\/li>\n<\/ul>\n<\/li>\n<\/ul>\n<table id=\"tablepress-219\" class=\"tablepress tablepress-id-219 dataTable no-footer\" role=\"grid\">\n<tbody>\n<tr class=\"row-2 even\">\n<td class=\"column-1\"><strong>Te\u017eina (kg)<\/strong><\/td>\n<td class=\"column-2\">3,1 kg<\/td>\n<\/tr>\n<tr class=\"row-2 even\">\n<td class=\"column-1\"><strong>Protok<br \/>\n<\/strong><\/td>\n<td class=\"column-2\">0,35 \u00f7 0,8 m\u00b3min\/1<\/td>\n<\/tr>\n<tr class=\"row-2 even\">\n<td class=\"column-1\"><strong>Radni tlak<br \/>\n<\/strong><\/td>\n<td class=\"column-2\">7 bar<\/td>\n<\/tr>\n<tr class=\"row-2 even\">\n<td class=\"column-1\"><strong>Kapacitet<\/strong><\/td>\n<td class=\"column-2\">0,5 l<\/td>\n<\/tr>\n<tr class=\"row-2 even\">\n<td class=\"column-1\"><strong>Du\u017eina (mm)<\/strong><\/td>\n<td class=\"column-2\">480 mm<\/td>\n<\/tr>\n<tr class=\"row-2 even\">\n<td class=\"column-1\"><strong>\u0160irina (mm)<\/strong><\/td>\n<td class=\"column-2\">130 mm<\/td>\n<\/tr>\n<tr class=\"row-2 even\">\n<td class=\"column-1\"><strong>Visina (mm)<\/strong><\/td>\n<td class=\"column-2\">100 mm<\/td>\n<\/tr>\n<tr class=\"row-2 even\">\n<td class=\"column-1\"><strong>Vrijeme rada<br \/>\n<\/strong><\/td>\n<td class=\"column-2\">4 \/ 10 sati<\/td>\n<\/tr>\n<tr class=\"row-2 even\">\n<td class=\"column-1\"><strong>Unutarnji promjer<br \/>\n<\/strong><\/td>\n<td class=\"column-2\">1\/2&#8243;<\/td>\n<\/tr>\n<tr class=\"row-2 even\">\n<td class=\"column-1\"><strong>Spojni navoj<br \/>\n<\/strong><\/td>\n<td class=\"column-2\">G 1\/2&#8243; \/ G1 Brza spojnica<\/td>\n<\/tr>\n<\/tbody>\n<\/table>","protected":false},"excerpt":{"rendered":"<p>Kompleti SOOR1 koriste se za odvajanje vode i naknadno podmazivanje komprimiranog zraka ru\u010dnog pneumatskog alata bez vlastitog ure\u0111aja za podmazivanje. SOOR1 se koristi za maksimalni dopu\u0161teni tlak zraka od 7 bara. Prednosti kori\u0161tenja Jednostavan rad i dizajn, u\u010dinkovitost odvajanja vode i podmazivanje komprimiranim zrakom u kombinaciji s dugim vijekom trajanja \u010dine ga nezamjenjivim alatom za [&hellip;]<\/p>","protected":false},"featured_media":8931,"template":"","meta":[],"product_cat":[861],"product_tag":[],"yoast_head":"<!-- This site is optimized with the Yoast SEO plugin v20.0 - https:\/\/yoast.com\/wordpress\/plugins\/seo\/ -->\n<title>PERMON Wasserabscheider SOOR1 - ComTerra<\/title>\n<meta name=\"description\" content=\"Kvalitetna oprema PERMON. Nauljiva\u010di, isu\u0161iva\u010di zraka, separatori vode, ulje, klinovi za kamen. Pogledaj i ostalu ponudu!\" \/>\n<meta name=\"robots\" content=\"noindex, follow, max-snippet:-1, max-image-preview:large, max-video-preview:-1\" \/>\n<meta property=\"og:locale\" content=\"en_US\" \/>\n<meta property=\"og:type\" content=\"article\" \/>\n<meta property=\"og:title\" content=\"PERMON Wasserabscheider SOOR1 - ComTerra\" \/>\n<meta property=\"og:description\" content=\"Kvalitetna oprema PERMON. Nauljiva\u010di, isu\u0161iva\u010di zraka, separatori vode, ulje, klinovi za kamen. Pogledaj i ostalu ponudu!\" \/>\n<meta property=\"og:url\" content=\"https:\/\/shop.comterra.eu\/en\/p\/permon-wasserabscheider-soor1\/\" \/>\n<meta property=\"og:site_name\" content=\"ComTerra\" \/>\n<meta property=\"article:publisher\" content=\"https:\/\/web.facebook.com\/ComTerraEU\" \/>\n<meta property=\"article:modified_time\" content=\"2022-10-28T12:32:11+00:00\" \/>\n<meta property=\"og:image\" content=\"https:\/\/shop.comterra.eu\/wp-content\/uploads\/2022\/02\/PERMON-separator-vode-SOOR1.jpg\" \/>\n\t<meta property=\"og:image:width\" content=\"1920\" \/>\n\t<meta property=\"og:image:height\" content=\"1032\" \/>\n\t<meta property=\"og:image:type\" content=\"image\/jpeg\" \/>\n<meta name=\"twitter:card\" content=\"summary_large_image\" \/>\n<meta name=\"twitter:label1\" content=\"Est. reading time\" \/>\n\t<meta name=\"twitter:data1\" content=\"1 minute\" \/>\n<script type=\"application\/ld+json\" class=\"yoast-schema-graph\">{\"@context\":\"https:\/\/schema.org\",\"@graph\":[{\"@type\":\"WebPage\",\"@id\":\"https:\/\/shop.comterra.eu\/p\/permon-wasserabscheider-soor1\/\",\"url\":\"https:\/\/shop.comterra.eu\/p\/permon-wasserabscheider-soor1\/\",\"name\":\"PERMON Wasserabscheider SOOR1 - ComTerra\",\"isPartOf\":{\"@id\":\"https:\/\/shop.comterra.eu\/#website\"},\"datePublished\":\"2022-02-08T09:04:59+00:00\",\"dateModified\":\"2022-10-28T12:32:11+00:00\",\"description\":\"Kvalitetna oprema PERMON. Nauljiva\u010di, isu\u0161iva\u010di zraka, separatori vode, ulje, klinovi za kamen. Pogledaj i ostalu ponudu!\",\"breadcrumb\":{\"@id\":\"https:\/\/shop.comterra.eu\/p\/permon-wasserabscheider-soor1\/#breadcrumb\"},\"inLanguage\":\"en-US\",\"potentialAction\":[{\"@type\":\"ReadAction\",\"target\":[\"https:\/\/shop.comterra.eu\/p\/permon-wasserabscheider-soor1\/\"]}]},{\"@type\":\"BreadcrumbList\",\"@id\":\"https:\/\/shop.comterra.eu\/p\/permon-wasserabscheider-soor1\/#breadcrumb\",\"itemListElement\":[{\"@type\":\"ListItem\",\"position\":1,\"name\":\"ComTerra SHOP &#8211; Willkommen\",\"item\":\"https:\/\/shop.comterra.eu\/\"},{\"@type\":\"ListItem\",\"position\":2,\"name\":\"PERMON Wasserabscheider SOOR1\"}]},{\"@type\":\"WebSite\",\"@id\":\"https:\/\/shop.comterra.eu\/#website\",\"url\":\"https:\/\/shop.comterra.eu\/\",\"name\":\"ComTerra\",\"description\":\"\",\"publisher\":{\"@id\":\"https:\/\/shop.comterra.eu\/#organization\"},\"potentialAction\":[{\"@type\":\"SearchAction\",\"target\":{\"@type\":\"EntryPoint\",\"urlTemplate\":\"https:\/\/shop.comterra.eu\/?s={search_term_string}\"},\"query-input\":\"required name=search_term_string\"}],\"inLanguage\":\"en-US\"},{\"@type\":\"Organization\",\"@id\":\"https:\/\/shop.comterra.eu\/#organization\",\"name\":\"ComTerra\",\"url\":\"https:\/\/shop.comterra.eu\/\",\"logo\":{\"@type\":\"ImageObject\",\"inLanguage\":\"en-US\",\"@id\":\"https:\/\/shop.comterra.eu\/#\/schema\/logo\/image\/\",\"url\":\"https:\/\/shop.comterra.eu\/wp-content\/uploads\/2019\/12\/cropped-logo.png\",\"contentUrl\":\"https:\/\/shop.comterra.eu\/wp-content\/uploads\/2019\/12\/cropped-logo.png\",\"width\":379,\"height\":89,\"caption\":\"ComTerra\"},\"image\":{\"@id\":\"https:\/\/shop.comterra.eu\/#\/schema\/logo\/image\/\"},\"sameAs\":[\"https:\/\/www.youtube.com\/channel\/UCn4vG_rMnFID5Hg_ooZKieg\",\"https:\/\/web.facebook.com\/ComTerraEU\"]}]}<\/script>\n<!-- \/ Yoast SEO plugin. -->","yoast_head_json":{"title":"PERMON Wasserabscheider SOOR1 - ComTerra","description":"Kvalitetna oprema PERMON. Nauljiva\u010di, isu\u0161iva\u010di zraka, separatori vode, ulje, klinovi za kamen. Pogledaj i ostalu ponudu!","robots":{"index":"noindex","follow":"follow","max-snippet":"max-snippet:-1","max-image-preview":"max-image-preview:large","max-video-preview":"max-video-preview:-1"},"og_locale":"en_US","og_type":"article","og_title":"PERMON Wasserabscheider SOOR1 - ComTerra","og_description":"Kvalitetna oprema PERMON. Nauljiva\u010di, isu\u0161iva\u010di zraka, separatori vode, ulje, klinovi za kamen. Pogledaj i ostalu ponudu!","og_url":"https:\/\/shop.comterra.eu\/en\/p\/permon-wasserabscheider-soor1\/","og_site_name":"ComTerra","article_publisher":"https:\/\/web.facebook.com\/ComTerraEU","article_modified_time":"2022-10-28T12:32:11+00:00","og_image":[{"width":1920,"height":1032,"url":"https:\/\/shop.comterra.eu\/wp-content\/uploads\/2022\/02\/PERMON-separator-vode-SOOR1.jpg","type":"image\/jpeg"}],"twitter_card":"summary_large_image","twitter_misc":{"Est. reading time":"1 minute"},"schema":{"@context":"https:\/\/schema.org","@graph":[{"@type":"WebPage","@id":"https:\/\/shop.comterra.eu\/p\/permon-wasserabscheider-soor1\/","url":"https:\/\/shop.comterra.eu\/p\/permon-wasserabscheider-soor1\/","name":"PERMON Wasserabscheider SOOR1 - ComTerra","isPartOf":{"@id":"https:\/\/shop.comterra.eu\/#website"},"datePublished":"2022-02-08T09:04:59+00:00","dateModified":"2022-10-28T12:32:11+00:00","description":"Kvalitetna oprema PERMON. Nauljiva\u010di, isu\u0161iva\u010di zraka, separatori vode, ulje, klinovi za kamen. Pogledaj i ostalu ponudu!","breadcrumb":{"@id":"https:\/\/shop.comterra.eu\/p\/permon-wasserabscheider-soor1\/#breadcrumb"},"inLanguage":"en-US","potentialAction":[{"@type":"ReadAction","target":["https:\/\/shop.comterra.eu\/p\/permon-wasserabscheider-soor1\/"]}]},{"@type":"BreadcrumbList","@id":"https:\/\/shop.comterra.eu\/p\/permon-wasserabscheider-soor1\/#breadcrumb","itemListElement":[{"@type":"ListItem","position":1,"name":"ComTerra SHOP &#8211; Willkommen","item":"https:\/\/shop.comterra.eu\/"},{"@type":"ListItem","position":2,"name":"PERMON Wasserabscheider SOOR1"}]},{"@type":"WebSite","@id":"https:\/\/shop.comterra.eu\/#website","url":"https:\/\/shop.comterra.eu\/","name":"ComTerra","description":"","publisher":{"@id":"https:\/\/shop.comterra.eu\/#organization"},"potentialAction":[{"@type":"SearchAction","target":{"@type":"EntryPoint","urlTemplate":"https:\/\/shop.comterra.eu\/?s={search_term_string}"},"query-input":"required name=search_term_string"}],"inLanguage":"en-US"},{"@type":"Organization","@id":"https:\/\/shop.comterra.eu\/#organization","name":"ComTerra","url":"https:\/\/shop.comterra.eu\/","logo":{"@type":"ImageObject","inLanguage":"en-US","@id":"https:\/\/shop.comterra.eu\/#\/schema\/logo\/image\/","url":"https:\/\/shop.comterra.eu\/wp-content\/uploads\/2019\/12\/cropped-logo.png","contentUrl":"https:\/\/shop.comterra.eu\/wp-content\/uploads\/2019\/12\/cropped-logo.png","width":379,"height":89,"caption":"ComTerra"},"image":{"@id":"https:\/\/shop.comterra.eu\/#\/schema\/logo\/image\/"},"sameAs":["https:\/\/www.youtube.com\/channel\/UCn4vG_rMnFID5Hg_ooZKieg","https:\/\/web.facebook.com\/ComTerraEU"]}]}},"_links":{"self":[{"href":"https:\/\/shop.comterra.eu\/en\/wp-json\/wp\/v2\/product\/8930"}],"collection":[{"href":"https:\/\/shop.comterra.eu\/en\/wp-json\/wp\/v2\/product"}],"about":[{"href":"https:\/\/shop.comterra.eu\/en\/wp-json\/wp\/v2\/types\/product"}],"wp:featuredmedia":[{"embeddable":true,"href":"https:\/\/shop.comterra.eu\/en\/wp-json\/wp\/v2\/media\/8931"}],"wp:attachment":[{"href":"https:\/\/shop.comterra.eu\/en\/wp-json\/wp\/v2\/media?parent=8930"}],"wp:term":[{"taxonomy":"product_cat","embeddable":true,"href":"https:\/\/shop.comterra.eu\/en\/wp-json\/wp\/v2\/product_cat?post=8930"},{"taxonomy":"product_tag","embeddable":true,"href":"https:\/\/shop.comterra.eu\/en\/wp-json\/wp\/v2\/product_tag?post=8930"}],"curies":[{"name":"wp","href":"https:\/\/api.w.org\/{rel}","templated":true}]}}