{"id":8637,"date":"2022-02-02T08:03:32","date_gmt":"2022-02-02T08:03:32","guid":{"rendered":"https:\/\/shop.comterra.eu\/?post_type=product&#038;p=8637"},"modified":"2022-06-07T11:51:34","modified_gmt":"2022-06-07T11:51:34","slug":"ingersoll-rand-7-51-rw11","status":"publish","type":"product","link":"https:\/\/shop.comterra.eu\/en\/p\/ingersoll-rand-7-51-rw11\/","title":{"rendered":"Ingersoll Rand 7\/51 RW11"},"content":{"rendered":"<table>\n<tbody>\n<tr>\n<td width=\"107\">Tehni\u010dki podaci<\/td>\n<\/tr>\n<tr>\n<td width=\"107\"><strong>Tip<\/strong><\/td>\n<td width=\"107\">7\/51<\/td>\n<\/tr>\n<tr>\n<td width=\"107\">Kapacitet kompresora<\/td>\n<td width=\"107\">5.0 m<b><sup>3<\/sup><\/b>\/min<\/td>\n<\/tr>\n<tr>\n<td width=\"107\">Nominalni radni tlak<\/td>\n<td width=\"107\">7 Bar<\/td>\n<\/tr>\n<tr>\n<td width=\"107\">Maks. dopu\u0161teni pritisak Bar:<\/td>\n<td width=\"107\">8,6 bar<\/td>\n<\/tr>\n<tr>\n<td width=\"107\">Motor \/ Broj cilindara \/ Tip \/ Snaga kW:<\/td>\n<td width=\"107\">Ingersoll-Rand(Yanmar) 4-cyl \/ 4IRI8N \/ 49,7kW<\/td>\n<\/tr>\n<tr>\n<td width=\"107\">Volumen spremnika goriva:<\/td>\n<td width=\"107\">50l<\/td>\n<\/tr>\n<tr>\n<td width=\"107\">Hla\u0111enje:<\/td>\n<td width=\"107\">Voda<\/td>\n<\/tr>\n<tr>\n<td width=\"107\">Te\u017eina (kg):<\/td>\n<td width=\"107\">1200 kg<\/td>\n<\/tr>\n<tr>\n<td width=\"107\">Vanjske dimenzije: Du\u017eina (mm)<\/td>\n<td width=\"107\">3320 mm<\/td>\n<\/tr>\n<tr>\n<td width=\"107\">Vanjske dimenzije: \u0160irina (mm)<\/td>\n<td width=\"107\">1520\u00a0mm<\/td>\n<\/tr>\n<tr>\n<td width=\"107\">Vanjske dimenzije: Visina (mm)<\/td>\n<td width=\"107\">1465 mm<\/td>\n<\/tr>\n<tr>\n<td width=\"107\">Otvori za zrak:<\/td>\n<td width=\"107\">3 x \u00be\u2033<\/td>\n<\/tr>\n<tr>\n<td width=\"107\">Radni sati:<\/td>\n<td width=\"107\">1453 mtg<\/td>\n<\/tr>\n<tr>\n<td width=\"107\">Godina proizvodnje:<\/td>\n<td width=\"107\">2011<\/td>\n<\/tr>\n<\/tbody>\n<\/table>","protected":false},"excerpt":{"rendered":"<p>5.0 m<b><sup>3<\/sup><\/b>\/min &#8211; 7 Bar(8,6)<\/p>","protected":false},"featured_media":8326,"template":"","meta":[],"product_cat":[22],"product_tag":[908],"yoast_head":"<!-- This site is optimized with the Yoast SEO plugin v20.0 - https:\/\/yoast.com\/wordpress\/plugins\/seo\/ -->\n<title>Kompresor Ingersoll Rand 7\/51 RW11 - ComTerra<\/title>\n<meta name=\"description\" content=\"Gra\u0111evinski kompresori vrhunske kvalitete. Mobilni kompresori, kompresori za dubinsko bu\u0161enje. Odli\u010dne cijene, sigurna i pouzdana dostava!\" \/>\n<meta name=\"robots\" content=\"noindex, follow, max-snippet:-1, max-image-preview:large, max-video-preview:-1\" \/>\n<meta property=\"og:locale\" content=\"en_US\" \/>\n<meta property=\"og:type\" content=\"article\" \/>\n<meta property=\"og:title\" content=\"Kompresor Ingersoll Rand 7\/51 RW11 - ComTerra\" \/>\n<meta property=\"og:description\" content=\"Gra\u0111evinski kompresori vrhunske kvalitete. Mobilni kompresori, kompresori za dubinsko bu\u0161enje. Odli\u010dne cijene, sigurna i pouzdana dostava!\" \/>\n<meta property=\"og:url\" content=\"https:\/\/shop.comterra.eu\/en\/p\/ingersoll-rand-7-51-rw11\/\" \/>\n<meta property=\"og:site_name\" content=\"ComTerra\" \/>\n<meta property=\"article:publisher\" content=\"https:\/\/web.facebook.com\/ComTerraEU\" \/>\n<meta property=\"article:modified_time\" content=\"2022-06-07T11:51:34+00:00\" \/>\n<meta property=\"og:image\" content=\"https:\/\/shop.comterra.eu\/wp-content\/uploads\/2022\/01\/Gradevinski-kompresor.jpg\" \/>\n\t<meta property=\"og:image:width\" content=\"1024\" \/>\n\t<meta property=\"og:image:height\" content=\"768\" \/>\n\t<meta property=\"og:image:type\" content=\"image\/jpeg\" \/>\n<meta name=\"twitter:card\" content=\"summary_large_image\" \/>\n<script type=\"application\/ld+json\" class=\"yoast-schema-graph\">{\"@context\":\"https:\/\/schema.org\",\"@graph\":[{\"@type\":\"WebPage\",\"@id\":\"https:\/\/shop.comterra.eu\/p\/ingersoll-rand-7-51-rw11\/\",\"url\":\"https:\/\/shop.comterra.eu\/p\/ingersoll-rand-7-51-rw11\/\",\"name\":\"Kompresor Ingersoll Rand 7\/51 RW11 - ComTerra\",\"isPartOf\":{\"@id\":\"https:\/\/shop.comterra.eu\/#website\"},\"datePublished\":\"2022-02-02T08:03:32+00:00\",\"dateModified\":\"2022-06-07T11:51:34+00:00\",\"description\":\"Gra\u0111evinski kompresori vrhunske kvalitete. Mobilni kompresori, kompresori za dubinsko bu\u0161enje. Odli\u010dne cijene, sigurna i pouzdana dostava!\",\"breadcrumb\":{\"@id\":\"https:\/\/shop.comterra.eu\/p\/ingersoll-rand-7-51-rw11\/#breadcrumb\"},\"inLanguage\":\"en-US\",\"potentialAction\":[{\"@type\":\"ReadAction\",\"target\":[\"https:\/\/shop.comterra.eu\/p\/ingersoll-rand-7-51-rw11\/\"]}]},{\"@type\":\"BreadcrumbList\",\"@id\":\"https:\/\/shop.comterra.eu\/p\/ingersoll-rand-7-51-rw11\/#breadcrumb\",\"itemListElement\":[{\"@type\":\"ListItem\",\"position\":1,\"name\":\"ComTerra SHOP &#8211; Willkommen\",\"item\":\"https:\/\/shop.comterra.eu\/\"},{\"@type\":\"ListItem\",\"position\":2,\"name\":\"Ingersoll Rand 7\/51 RW11\"}]},{\"@type\":\"WebSite\",\"@id\":\"https:\/\/shop.comterra.eu\/#website\",\"url\":\"https:\/\/shop.comterra.eu\/\",\"name\":\"ComTerra\",\"description\":\"\",\"publisher\":{\"@id\":\"https:\/\/shop.comterra.eu\/#organization\"},\"potentialAction\":[{\"@type\":\"SearchAction\",\"target\":{\"@type\":\"EntryPoint\",\"urlTemplate\":\"https:\/\/shop.comterra.eu\/?s={search_term_string}\"},\"query-input\":\"required name=search_term_string\"}],\"inLanguage\":\"en-US\"},{\"@type\":\"Organization\",\"@id\":\"https:\/\/shop.comterra.eu\/#organization\",\"name\":\"ComTerra\",\"url\":\"https:\/\/shop.comterra.eu\/\",\"logo\":{\"@type\":\"ImageObject\",\"inLanguage\":\"en-US\",\"@id\":\"https:\/\/shop.comterra.eu\/#\/schema\/logo\/image\/\",\"url\":\"https:\/\/shop.comterra.eu\/wp-content\/uploads\/2019\/12\/cropped-logo.png\",\"contentUrl\":\"https:\/\/shop.comterra.eu\/wp-content\/uploads\/2019\/12\/cropped-logo.png\",\"width\":379,\"height\":89,\"caption\":\"ComTerra\"},\"image\":{\"@id\":\"https:\/\/shop.comterra.eu\/#\/schema\/logo\/image\/\"},\"sameAs\":[\"https:\/\/www.youtube.com\/channel\/UCn4vG_rMnFID5Hg_ooZKieg\",\"https:\/\/web.facebook.com\/ComTerraEU\"]}]}<\/script>\n<!-- \/ Yoast SEO plugin. -->","yoast_head_json":{"title":"Kompresor Ingersoll Rand 7\/51 RW11 - ComTerra","description":"Gra\u0111evinski kompresori vrhunske kvalitete. Mobilni kompresori, kompresori za dubinsko bu\u0161enje. Odli\u010dne cijene, sigurna i pouzdana dostava!","robots":{"index":"noindex","follow":"follow","max-snippet":"max-snippet:-1","max-image-preview":"max-image-preview:large","max-video-preview":"max-video-preview:-1"},"og_locale":"en_US","og_type":"article","og_title":"Kompresor Ingersoll Rand 7\/51 RW11 - ComTerra","og_description":"Gra\u0111evinski kompresori vrhunske kvalitete. Mobilni kompresori, kompresori za dubinsko bu\u0161enje. Odli\u010dne cijene, sigurna i pouzdana dostava!","og_url":"https:\/\/shop.comterra.eu\/en\/p\/ingersoll-rand-7-51-rw11\/","og_site_name":"ComTerra","article_publisher":"https:\/\/web.facebook.com\/ComTerraEU","article_modified_time":"2022-06-07T11:51:34+00:00","og_image":[{"width":1024,"height":768,"url":"https:\/\/shop.comterra.eu\/wp-content\/uploads\/2022\/01\/Gradevinski-kompresor.jpg","type":"image\/jpeg"}],"twitter_card":"summary_large_image","schema":{"@context":"https:\/\/schema.org","@graph":[{"@type":"WebPage","@id":"https:\/\/shop.comterra.eu\/p\/ingersoll-rand-7-51-rw11\/","url":"https:\/\/shop.comterra.eu\/p\/ingersoll-rand-7-51-rw11\/","name":"Kompresor Ingersoll Rand 7\/51 RW11 - ComTerra","isPartOf":{"@id":"https:\/\/shop.comterra.eu\/#website"},"datePublished":"2022-02-02T08:03:32+00:00","dateModified":"2022-06-07T11:51:34+00:00","description":"Gra\u0111evinski kompresori vrhunske kvalitete. Mobilni kompresori, kompresori za dubinsko bu\u0161enje. Odli\u010dne cijene, sigurna i pouzdana dostava!","breadcrumb":{"@id":"https:\/\/shop.comterra.eu\/p\/ingersoll-rand-7-51-rw11\/#breadcrumb"},"inLanguage":"en-US","potentialAction":[{"@type":"ReadAction","target":["https:\/\/shop.comterra.eu\/p\/ingersoll-rand-7-51-rw11\/"]}]},{"@type":"BreadcrumbList","@id":"https:\/\/shop.comterra.eu\/p\/ingersoll-rand-7-51-rw11\/#breadcrumb","itemListElement":[{"@type":"ListItem","position":1,"name":"ComTerra SHOP &#8211; Willkommen","item":"https:\/\/shop.comterra.eu\/"},{"@type":"ListItem","position":2,"name":"Ingersoll Rand 7\/51 RW11"}]},{"@type":"WebSite","@id":"https:\/\/shop.comterra.eu\/#website","url":"https:\/\/shop.comterra.eu\/","name":"ComTerra","description":"","publisher":{"@id":"https:\/\/shop.comterra.eu\/#organization"},"potentialAction":[{"@type":"SearchAction","target":{"@type":"EntryPoint","urlTemplate":"https:\/\/shop.comterra.eu\/?s={search_term_string}"},"query-input":"required name=search_term_string"}],"inLanguage":"en-US"},{"@type":"Organization","@id":"https:\/\/shop.comterra.eu\/#organization","name":"ComTerra","url":"https:\/\/shop.comterra.eu\/","logo":{"@type":"ImageObject","inLanguage":"en-US","@id":"https:\/\/shop.comterra.eu\/#\/schema\/logo\/image\/","url":"https:\/\/shop.comterra.eu\/wp-content\/uploads\/2019\/12\/cropped-logo.png","contentUrl":"https:\/\/shop.comterra.eu\/wp-content\/uploads\/2019\/12\/cropped-logo.png","width":379,"height":89,"caption":"ComTerra"},"image":{"@id":"https:\/\/shop.comterra.eu\/#\/schema\/logo\/image\/"},"sameAs":["https:\/\/www.youtube.com\/channel\/UCn4vG_rMnFID5Hg_ooZKieg","https:\/\/web.facebook.com\/ComTerraEU"]}]}},"_links":{"self":[{"href":"https:\/\/shop.comterra.eu\/en\/wp-json\/wp\/v2\/product\/8637"}],"collection":[{"href":"https:\/\/shop.comterra.eu\/en\/wp-json\/wp\/v2\/product"}],"about":[{"href":"https:\/\/shop.comterra.eu\/en\/wp-json\/wp\/v2\/types\/product"}],"wp:featuredmedia":[{"embeddable":true,"href":"https:\/\/shop.comterra.eu\/en\/wp-json\/wp\/v2\/media\/8326"}],"wp:attachment":[{"href":"https:\/\/shop.comterra.eu\/en\/wp-json\/wp\/v2\/media?parent=8637"}],"wp:term":[{"taxonomy":"product_cat","embeddable":true,"href":"https:\/\/shop.comterra.eu\/en\/wp-json\/wp\/v2\/product_cat?post=8637"},{"taxonomy":"product_tag","embeddable":true,"href":"https:\/\/shop.comterra.eu\/en\/wp-json\/wp\/v2\/product_tag?post=8637"}],"curies":[{"name":"wp","href":"https:\/\/api.w.org\/{rel}","templated":true}]}}