{"id":8585,"date":"2022-02-01T12:45:10","date_gmt":"2022-02-01T12:45:10","guid":{"rendered":"https:\/\/shop.comterra.eu\/?post_type=product&#038;p=8585"},"modified":"2022-10-28T13:17:26","modified_gmt":"2022-10-28T13:17:26","slug":"tunnel-antislip","status":"publish","type":"product","link":"https:\/\/shop.comterra.eu\/en\/p\/tunnel-antislip\/","title":{"rendered":"Tunnel ANTISLIP+"},"content":{"rendered":"<p>Izuzetno kvalitetni i izdr\u017eljivi pse\u0107i tuneli za profesionalne i amaterske svrhe. Tuneli su prilago\u0111eni zahtjevima FCI propisa (Me\u0111unarodni kinolo\u0161ki savez). Pse\u0107i tuneli (agility tuneli) izra\u0111eni su od tkanine oblo\u017eene s PVC oblogom na obje strane, te su tako\u0111er oja\u010dani sa spiralnom \u017eicom. Tuneli su izra\u0111eni od izdr\u017eljive vodootporne PVC obloge.<\/p>\n<p>Tuneli su dizajnirani za profesionalne i amaterske treninge. Agility trening donosi psu puno zabave i igre, te kvalitetnog dru\u017eenja sa vlasnikom, a isto vremeno gradi disciplinu i poslu\u0161nost psa.<\/p>\n<p>Tuneli se mogu tako\u0111er koristiti za razli\u010dite obuke pasa u svrhu izgradnje discipline kao npr.: obuka pasa goni\u010da, obuka pasa za policiju, obuka pasa pti\u010dara.<\/p>\n<p><strong>Protuklizni plus tuneli:<br \/>\n<\/strong>Tuneli su u potpunosti napravljeni od protukliznog materijala.<\/p>\n<p>Karakteristike:<\/p>\n<ul>\n<li>Fleksibilnost:\u00a0 Tuneli se mogu staviti u jedan ili vi\u0161e lukova<\/li>\n<li>Razli\u010dite boje<\/li>\n<li>Vodootporna PVC obloga<\/li>\n<li>Promjer tunela &#8211; 60cm<\/li>\n<li>Debljina materijala tunela &#8211; 0.55 mm<\/li>\n<li>Du\u017eina 6 metara<\/li>\n<\/ul>","protected":false},"excerpt":{"rendered":"<p>Protuklizni (Cijeli) &#8211; 6m<\/p>","protected":false},"featured_media":8598,"template":"","meta":[],"product_cat":[41],"product_tag":[],"yoast_head":"<!-- This site is optimized with the Yoast SEO plugin v20.0 - https:\/\/yoast.com\/wordpress\/plugins\/seo\/ -->\n<title>Tunnel ANTISLIP+ - ComTerra<\/title>\n<meta name=\"description\" content=\"Izuzetno kvalitetni i izdr\u017eljivi pse\u0107i tuneli za profesionalne i amaterske obuke pasa. Sigurna dostava i odli\u010dne cijene. Pogledaj ponudu!\" \/>\n<meta name=\"robots\" content=\"noindex, follow, max-snippet:-1, max-image-preview:large, max-video-preview:-1\" \/>\n<meta property=\"og:locale\" content=\"en_US\" \/>\n<meta property=\"og:type\" content=\"article\" \/>\n<meta property=\"og:title\" content=\"Tunnel ANTISLIP+ - ComTerra\" \/>\n<meta property=\"og:description\" content=\"Izuzetno kvalitetni i izdr\u017eljivi pse\u0107i tuneli za profesionalne i amaterske obuke pasa. Sigurna dostava i odli\u010dne cijene. Pogledaj ponudu!\" \/>\n<meta property=\"og:url\" content=\"https:\/\/shop.comterra.eu\/en\/p\/tunnel-antislip\/\" \/>\n<meta property=\"og:site_name\" content=\"ComTerra\" \/>\n<meta property=\"article:publisher\" content=\"https:\/\/web.facebook.com\/ComTerraEU\" \/>\n<meta property=\"article:modified_time\" content=\"2022-10-28T13:17:26+00:00\" \/>\n<meta property=\"og:image\" content=\"https:\/\/shop.comterra.eu\/wp-content\/uploads\/2022\/02\/Tunel-za-obuku-pasa.jpg\" \/>\n\t<meta property=\"og:image:width\" content=\"1024\" \/>\n\t<meta property=\"og:image:height\" content=\"768\" \/>\n\t<meta property=\"og:image:type\" content=\"image\/jpeg\" \/>\n<meta name=\"twitter:card\" content=\"summary_large_image\" \/>\n<meta name=\"twitter:label1\" content=\"Est. reading time\" \/>\n\t<meta name=\"twitter:data1\" content=\"1 minute\" \/>\n<script type=\"application\/ld+json\" class=\"yoast-schema-graph\">{\"@context\":\"https:\/\/schema.org\",\"@graph\":[{\"@type\":\"WebPage\",\"@id\":\"https:\/\/shop.comterra.eu\/p\/tunnel-antislip\/\",\"url\":\"https:\/\/shop.comterra.eu\/p\/tunnel-antislip\/\",\"name\":\"Tunnel ANTISLIP+ - ComTerra\",\"isPartOf\":{\"@id\":\"https:\/\/shop.comterra.eu\/#website\"},\"datePublished\":\"2022-02-01T12:45:10+00:00\",\"dateModified\":\"2022-10-28T13:17:26+00:00\",\"description\":\"Izuzetno kvalitetni i izdr\u017eljivi pse\u0107i tuneli za profesionalne i amaterske obuke pasa. Sigurna dostava i odli\u010dne cijene. Pogledaj ponudu!\",\"breadcrumb\":{\"@id\":\"https:\/\/shop.comterra.eu\/p\/tunnel-antislip\/#breadcrumb\"},\"inLanguage\":\"en-US\",\"potentialAction\":[{\"@type\":\"ReadAction\",\"target\":[\"https:\/\/shop.comterra.eu\/p\/tunnel-antislip\/\"]}]},{\"@type\":\"BreadcrumbList\",\"@id\":\"https:\/\/shop.comterra.eu\/p\/tunnel-antislip\/#breadcrumb\",\"itemListElement\":[{\"@type\":\"ListItem\",\"position\":1,\"name\":\"ComTerra SHOP &#8211; Willkommen\",\"item\":\"https:\/\/shop.comterra.eu\/\"},{\"@type\":\"ListItem\",\"position\":2,\"name\":\"Tunnel ANTISLIP+\"}]},{\"@type\":\"WebSite\",\"@id\":\"https:\/\/shop.comterra.eu\/#website\",\"url\":\"https:\/\/shop.comterra.eu\/\",\"name\":\"ComTerra\",\"description\":\"\",\"publisher\":{\"@id\":\"https:\/\/shop.comterra.eu\/#organization\"},\"potentialAction\":[{\"@type\":\"SearchAction\",\"target\":{\"@type\":\"EntryPoint\",\"urlTemplate\":\"https:\/\/shop.comterra.eu\/?s={search_term_string}\"},\"query-input\":\"required name=search_term_string\"}],\"inLanguage\":\"en-US\"},{\"@type\":\"Organization\",\"@id\":\"https:\/\/shop.comterra.eu\/#organization\",\"name\":\"ComTerra\",\"url\":\"https:\/\/shop.comterra.eu\/\",\"logo\":{\"@type\":\"ImageObject\",\"inLanguage\":\"en-US\",\"@id\":\"https:\/\/shop.comterra.eu\/#\/schema\/logo\/image\/\",\"url\":\"https:\/\/shop.comterra.eu\/wp-content\/uploads\/2019\/12\/cropped-logo.png\",\"contentUrl\":\"https:\/\/shop.comterra.eu\/wp-content\/uploads\/2019\/12\/cropped-logo.png\",\"width\":379,\"height\":89,\"caption\":\"ComTerra\"},\"image\":{\"@id\":\"https:\/\/shop.comterra.eu\/#\/schema\/logo\/image\/\"},\"sameAs\":[\"https:\/\/www.youtube.com\/channel\/UCn4vG_rMnFID5Hg_ooZKieg\",\"https:\/\/web.facebook.com\/ComTerraEU\"]}]}<\/script>\n<!-- \/ Yoast SEO plugin. -->","yoast_head_json":{"title":"Tunnel ANTISLIP+ - ComTerra","description":"Izuzetno kvalitetni i izdr\u017eljivi pse\u0107i tuneli za profesionalne i amaterske obuke pasa. Sigurna dostava i odli\u010dne cijene. Pogledaj ponudu!","robots":{"index":"noindex","follow":"follow","max-snippet":"max-snippet:-1","max-image-preview":"max-image-preview:large","max-video-preview":"max-video-preview:-1"},"og_locale":"en_US","og_type":"article","og_title":"Tunnel ANTISLIP+ - ComTerra","og_description":"Izuzetno kvalitetni i izdr\u017eljivi pse\u0107i tuneli za profesionalne i amaterske obuke pasa. Sigurna dostava i odli\u010dne cijene. Pogledaj ponudu!","og_url":"https:\/\/shop.comterra.eu\/en\/p\/tunnel-antislip\/","og_site_name":"ComTerra","article_publisher":"https:\/\/web.facebook.com\/ComTerraEU","article_modified_time":"2022-10-28T13:17:26+00:00","og_image":[{"width":1024,"height":768,"url":"https:\/\/shop.comterra.eu\/wp-content\/uploads\/2022\/02\/Tunel-za-obuku-pasa.jpg","type":"image\/jpeg"}],"twitter_card":"summary_large_image","twitter_misc":{"Est. reading time":"1 minute"},"schema":{"@context":"https:\/\/schema.org","@graph":[{"@type":"WebPage","@id":"https:\/\/shop.comterra.eu\/p\/tunnel-antislip\/","url":"https:\/\/shop.comterra.eu\/p\/tunnel-antislip\/","name":"Tunnel ANTISLIP+ - ComTerra","isPartOf":{"@id":"https:\/\/shop.comterra.eu\/#website"},"datePublished":"2022-02-01T12:45:10+00:00","dateModified":"2022-10-28T13:17:26+00:00","description":"Izuzetno kvalitetni i izdr\u017eljivi pse\u0107i tuneli za profesionalne i amaterske obuke pasa. Sigurna dostava i odli\u010dne cijene. Pogledaj ponudu!","breadcrumb":{"@id":"https:\/\/shop.comterra.eu\/p\/tunnel-antislip\/#breadcrumb"},"inLanguage":"en-US","potentialAction":[{"@type":"ReadAction","target":["https:\/\/shop.comterra.eu\/p\/tunnel-antislip\/"]}]},{"@type":"BreadcrumbList","@id":"https:\/\/shop.comterra.eu\/p\/tunnel-antislip\/#breadcrumb","itemListElement":[{"@type":"ListItem","position":1,"name":"ComTerra SHOP &#8211; Willkommen","item":"https:\/\/shop.comterra.eu\/"},{"@type":"ListItem","position":2,"name":"Tunnel ANTISLIP+"}]},{"@type":"WebSite","@id":"https:\/\/shop.comterra.eu\/#website","url":"https:\/\/shop.comterra.eu\/","name":"ComTerra","description":"","publisher":{"@id":"https:\/\/shop.comterra.eu\/#organization"},"potentialAction":[{"@type":"SearchAction","target":{"@type":"EntryPoint","urlTemplate":"https:\/\/shop.comterra.eu\/?s={search_term_string}"},"query-input":"required name=search_term_string"}],"inLanguage":"en-US"},{"@type":"Organization","@id":"https:\/\/shop.comterra.eu\/#organization","name":"ComTerra","url":"https:\/\/shop.comterra.eu\/","logo":{"@type":"ImageObject","inLanguage":"en-US","@id":"https:\/\/shop.comterra.eu\/#\/schema\/logo\/image\/","url":"https:\/\/shop.comterra.eu\/wp-content\/uploads\/2019\/12\/cropped-logo.png","contentUrl":"https:\/\/shop.comterra.eu\/wp-content\/uploads\/2019\/12\/cropped-logo.png","width":379,"height":89,"caption":"ComTerra"},"image":{"@id":"https:\/\/shop.comterra.eu\/#\/schema\/logo\/image\/"},"sameAs":["https:\/\/www.youtube.com\/channel\/UCn4vG_rMnFID5Hg_ooZKieg","https:\/\/web.facebook.com\/ComTerraEU"]}]}},"_links":{"self":[{"href":"https:\/\/shop.comterra.eu\/en\/wp-json\/wp\/v2\/product\/8585"}],"collection":[{"href":"https:\/\/shop.comterra.eu\/en\/wp-json\/wp\/v2\/product"}],"about":[{"href":"https:\/\/shop.comterra.eu\/en\/wp-json\/wp\/v2\/types\/product"}],"wp:featuredmedia":[{"embeddable":true,"href":"https:\/\/shop.comterra.eu\/en\/wp-json\/wp\/v2\/media\/8598"}],"wp:attachment":[{"href":"https:\/\/shop.comterra.eu\/en\/wp-json\/wp\/v2\/media?parent=8585"}],"wp:term":[{"taxonomy":"product_cat","embeddable":true,"href":"https:\/\/shop.comterra.eu\/en\/wp-json\/wp\/v2\/product_cat?post=8585"},{"taxonomy":"product_tag","embeddable":true,"href":"https:\/\/shop.comterra.eu\/en\/wp-json\/wp\/v2\/product_tag?post=8585"}],"curies":[{"name":"wp","href":"https:\/\/api.w.org\/{rel}","templated":true}]}}