{"id":8495,"date":"2022-01-28T10:05:19","date_gmt":"2022-01-28T10:05:19","guid":{"rendered":"https:\/\/shop.comterra.eu\/?post_type=product&#038;p=8495"},"modified":"2022-10-27T10:48:34","modified_gmt":"2022-10-27T10:48:34","slug":"zubehoer-sicherungsfallen-fuer-anschweisshaken-gk8","status":"publish","type":"product","link":"https:\/\/shop.comterra.eu\/en\/p\/zubehoer-sicherungsfallen-fuer-anschweisshaken-gk8\/","title":{"rendered":"Zubeh\u00f6r: Sicherungsfallen f\u00fcr Anschwei\u00dfhaken GK8"},"content":{"rendered":"<p>Materijal: Legirani \u010delik visoke \u010dvrsto\u0107e<br \/>\nPribor: Sigurnosni zasun, vijak, stezni rukavac, opruga<\/p>\n<table style=\"border-collapse: collapse; width: 192pt;\" border=\"0\" width=\"256\" cellspacing=\"0\" cellpadding=\"0\">\n<tbody>\n<tr style=\"height: 15.0pt;\">\n<td><strong>Br. Artikla<\/strong><\/td>\n<td><strong>WLL (t)<\/strong><\/td>\n<td><strong>Te\u017eina (kg)<\/strong><\/td>\n<\/tr>\n<tr style=\"height: 15.0pt;\">\n<td><strong>32700011<\/strong><\/td>\n<td>1,12<\/td>\n<td>0.4<\/td>\n<\/tr>\n<tr style=\"height: 15.0pt;\">\n<td><strong>32700012<\/strong><\/td>\n<td>2<\/td>\n<td>0.5<\/td>\n<\/tr>\n<tr style=\"height: 15.0pt;\">\n<td><strong>32700013<\/strong><\/td>\n<td>3<\/td>\n<td>0.7<\/td>\n<\/tr>\n<tr style=\"height: 15.0pt;\">\n<td><i class=\"fas fa-circle\"><\/i><strong>32700014<\/strong><\/td>\n<td>5<\/td>\n<td>1.5<\/td>\n<\/tr>\n<tr style=\"height: 15.0pt;\">\n<td><i class=\"fas fa-circle\"><\/i><strong>32700015<\/strong><\/td>\n<td>8<\/td>\n<td>2.5<\/td>\n<\/tr>\n<tr style=\"height: 15.0pt;\">\n<td><i class=\"fas fa-circle\"><\/i><strong>32700016<\/strong><\/td>\n<td>10<\/td>\n<td>5.8<\/td>\n<\/tr>\n<\/tbody>\n<\/table>","protected":false},"excerpt":{"rendered":"<p>Lifting Point with spring<\/p>","protected":false},"featured_media":8502,"template":"","meta":[],"product_cat":[70,23],"product_tag":[],"yoast_head":"<!-- This site is optimized with the Yoast SEO plugin v20.0 - https:\/\/yoast.com\/wordpress\/plugins\/seo\/ -->\n<title>Zubeh\u00f6r: Sicherungsfallen f\u00fcr Anschwei\u00dfhaken GK8 - ComTerra<\/title>\n<meta name=\"description\" content=\"Oprema za dizanje i vezanje tereta visoke kvalitete. Lanci, gurtne, kuke, prsteni i mnoga druga oprema za osiguravanje tereta. Pogledaj vi\u0161e!\" \/>\n<meta name=\"robots\" content=\"noindex, follow, max-snippet:-1, max-image-preview:large, max-video-preview:-1\" \/>\n<meta property=\"og:locale\" content=\"en_US\" \/>\n<meta property=\"og:type\" content=\"article\" \/>\n<meta property=\"og:title\" content=\"Zubeh\u00f6r: Sicherungsfallen f\u00fcr Anschwei\u00dfhaken GK8 - ComTerra\" \/>\n<meta property=\"og:description\" content=\"Oprema za dizanje i vezanje tereta visoke kvalitete. Lanci, gurtne, kuke, prsteni i mnoga druga oprema za osiguravanje tereta. Pogledaj vi\u0161e!\" \/>\n<meta property=\"og:url\" content=\"https:\/\/shop.comterra.eu\/en\/p\/zubehoer-sicherungsfallen-fuer-anschweisshaken-gk8\/\" \/>\n<meta property=\"og:site_name\" content=\"ComTerra\" \/>\n<meta property=\"article:publisher\" content=\"https:\/\/web.facebook.com\/ComTerraEU\" \/>\n<meta property=\"article:modified_time\" content=\"2022-10-27T10:48:34+00:00\" \/>\n<meta property=\"og:image\" content=\"https:\/\/shop.comterra.eu\/wp-content\/uploads\/2022\/01\/Oprema-kuke-za-navarivanje.jpg\" \/>\n\t<meta property=\"og:image:width\" content=\"1024\" \/>\n\t<meta property=\"og:image:height\" content=\"768\" \/>\n\t<meta property=\"og:image:type\" content=\"image\/jpeg\" \/>\n<meta name=\"twitter:card\" content=\"summary_large_image\" \/>\n<meta name=\"twitter:label1\" content=\"Est. reading time\" \/>\n\t<meta name=\"twitter:data1\" content=\"1 minute\" \/>\n<script type=\"application\/ld+json\" class=\"yoast-schema-graph\">{\"@context\":\"https:\/\/schema.org\",\"@graph\":[{\"@type\":\"WebPage\",\"@id\":\"https:\/\/shop.comterra.eu\/p\/zubehoer-sicherungsfallen-fuer-anschweisshaken-gk8\/\",\"url\":\"https:\/\/shop.comterra.eu\/p\/zubehoer-sicherungsfallen-fuer-anschweisshaken-gk8\/\",\"name\":\"Zubeh\u00f6r: Sicherungsfallen f\u00fcr Anschwei\u00dfhaken GK8 - ComTerra\",\"isPartOf\":{\"@id\":\"https:\/\/shop.comterra.eu\/#website\"},\"datePublished\":\"2022-01-28T10:05:19+00:00\",\"dateModified\":\"2022-10-27T10:48:34+00:00\",\"description\":\"Oprema za dizanje i vezanje tereta visoke kvalitete. Lanci, gurtne, kuke, prsteni i mnoga druga oprema za osiguravanje tereta. Pogledaj vi\u0161e!\",\"breadcrumb\":{\"@id\":\"https:\/\/shop.comterra.eu\/p\/zubehoer-sicherungsfallen-fuer-anschweisshaken-gk8\/#breadcrumb\"},\"inLanguage\":\"en-US\",\"potentialAction\":[{\"@type\":\"ReadAction\",\"target\":[\"https:\/\/shop.comterra.eu\/p\/zubehoer-sicherungsfallen-fuer-anschweisshaken-gk8\/\"]}]},{\"@type\":\"BreadcrumbList\",\"@id\":\"https:\/\/shop.comterra.eu\/p\/zubehoer-sicherungsfallen-fuer-anschweisshaken-gk8\/#breadcrumb\",\"itemListElement\":[{\"@type\":\"ListItem\",\"position\":1,\"name\":\"ComTerra SHOP &#8211; Willkommen\",\"item\":\"https:\/\/shop.comterra.eu\/\"},{\"@type\":\"ListItem\",\"position\":2,\"name\":\"Zubeh\u00f6r: Sicherungsfallen f\u00fcr Anschwei\u00dfhaken GK8\"}]},{\"@type\":\"WebSite\",\"@id\":\"https:\/\/shop.comterra.eu\/#website\",\"url\":\"https:\/\/shop.comterra.eu\/\",\"name\":\"ComTerra\",\"description\":\"\",\"publisher\":{\"@id\":\"https:\/\/shop.comterra.eu\/#organization\"},\"potentialAction\":[{\"@type\":\"SearchAction\",\"target\":{\"@type\":\"EntryPoint\",\"urlTemplate\":\"https:\/\/shop.comterra.eu\/?s={search_term_string}\"},\"query-input\":\"required name=search_term_string\"}],\"inLanguage\":\"en-US\"},{\"@type\":\"Organization\",\"@id\":\"https:\/\/shop.comterra.eu\/#organization\",\"name\":\"ComTerra\",\"url\":\"https:\/\/shop.comterra.eu\/\",\"logo\":{\"@type\":\"ImageObject\",\"inLanguage\":\"en-US\",\"@id\":\"https:\/\/shop.comterra.eu\/#\/schema\/logo\/image\/\",\"url\":\"https:\/\/shop.comterra.eu\/wp-content\/uploads\/2019\/12\/cropped-logo.png\",\"contentUrl\":\"https:\/\/shop.comterra.eu\/wp-content\/uploads\/2019\/12\/cropped-logo.png\",\"width\":379,\"height\":89,\"caption\":\"ComTerra\"},\"image\":{\"@id\":\"https:\/\/shop.comterra.eu\/#\/schema\/logo\/image\/\"},\"sameAs\":[\"https:\/\/www.youtube.com\/channel\/UCn4vG_rMnFID5Hg_ooZKieg\",\"https:\/\/web.facebook.com\/ComTerraEU\"]}]}<\/script>\n<!-- \/ Yoast SEO plugin. -->","yoast_head_json":{"title":"Zubeh\u00f6r: Sicherungsfallen f\u00fcr Anschwei\u00dfhaken GK8 - ComTerra","description":"Oprema za dizanje i vezanje tereta visoke kvalitete. Lanci, gurtne, kuke, prsteni i mnoga druga oprema za osiguravanje tereta. Pogledaj vi\u0161e!","robots":{"index":"noindex","follow":"follow","max-snippet":"max-snippet:-1","max-image-preview":"max-image-preview:large","max-video-preview":"max-video-preview:-1"},"og_locale":"en_US","og_type":"article","og_title":"Zubeh\u00f6r: Sicherungsfallen f\u00fcr Anschwei\u00dfhaken GK8 - ComTerra","og_description":"Oprema za dizanje i vezanje tereta visoke kvalitete. Lanci, gurtne, kuke, prsteni i mnoga druga oprema za osiguravanje tereta. Pogledaj vi\u0161e!","og_url":"https:\/\/shop.comterra.eu\/en\/p\/zubehoer-sicherungsfallen-fuer-anschweisshaken-gk8\/","og_site_name":"ComTerra","article_publisher":"https:\/\/web.facebook.com\/ComTerraEU","article_modified_time":"2022-10-27T10:48:34+00:00","og_image":[{"width":1024,"height":768,"url":"https:\/\/shop.comterra.eu\/wp-content\/uploads\/2022\/01\/Oprema-kuke-za-navarivanje.jpg","type":"image\/jpeg"}],"twitter_card":"summary_large_image","twitter_misc":{"Est. reading time":"1 minute"},"schema":{"@context":"https:\/\/schema.org","@graph":[{"@type":"WebPage","@id":"https:\/\/shop.comterra.eu\/p\/zubehoer-sicherungsfallen-fuer-anschweisshaken-gk8\/","url":"https:\/\/shop.comterra.eu\/p\/zubehoer-sicherungsfallen-fuer-anschweisshaken-gk8\/","name":"Zubeh\u00f6r: Sicherungsfallen f\u00fcr Anschwei\u00dfhaken GK8 - ComTerra","isPartOf":{"@id":"https:\/\/shop.comterra.eu\/#website"},"datePublished":"2022-01-28T10:05:19+00:00","dateModified":"2022-10-27T10:48:34+00:00","description":"Oprema za dizanje i vezanje tereta visoke kvalitete. Lanci, gurtne, kuke, prsteni i mnoga druga oprema za osiguravanje tereta. Pogledaj vi\u0161e!","breadcrumb":{"@id":"https:\/\/shop.comterra.eu\/p\/zubehoer-sicherungsfallen-fuer-anschweisshaken-gk8\/#breadcrumb"},"inLanguage":"en-US","potentialAction":[{"@type":"ReadAction","target":["https:\/\/shop.comterra.eu\/p\/zubehoer-sicherungsfallen-fuer-anschweisshaken-gk8\/"]}]},{"@type":"BreadcrumbList","@id":"https:\/\/shop.comterra.eu\/p\/zubehoer-sicherungsfallen-fuer-anschweisshaken-gk8\/#breadcrumb","itemListElement":[{"@type":"ListItem","position":1,"name":"ComTerra SHOP &#8211; Willkommen","item":"https:\/\/shop.comterra.eu\/"},{"@type":"ListItem","position":2,"name":"Zubeh\u00f6r: Sicherungsfallen f\u00fcr Anschwei\u00dfhaken GK8"}]},{"@type":"WebSite","@id":"https:\/\/shop.comterra.eu\/#website","url":"https:\/\/shop.comterra.eu\/","name":"ComTerra","description":"","publisher":{"@id":"https:\/\/shop.comterra.eu\/#organization"},"potentialAction":[{"@type":"SearchAction","target":{"@type":"EntryPoint","urlTemplate":"https:\/\/shop.comterra.eu\/?s={search_term_string}"},"query-input":"required name=search_term_string"}],"inLanguage":"en-US"},{"@type":"Organization","@id":"https:\/\/shop.comterra.eu\/#organization","name":"ComTerra","url":"https:\/\/shop.comterra.eu\/","logo":{"@type":"ImageObject","inLanguage":"en-US","@id":"https:\/\/shop.comterra.eu\/#\/schema\/logo\/image\/","url":"https:\/\/shop.comterra.eu\/wp-content\/uploads\/2019\/12\/cropped-logo.png","contentUrl":"https:\/\/shop.comterra.eu\/wp-content\/uploads\/2019\/12\/cropped-logo.png","width":379,"height":89,"caption":"ComTerra"},"image":{"@id":"https:\/\/shop.comterra.eu\/#\/schema\/logo\/image\/"},"sameAs":["https:\/\/www.youtube.com\/channel\/UCn4vG_rMnFID5Hg_ooZKieg","https:\/\/web.facebook.com\/ComTerraEU"]}]}},"_links":{"self":[{"href":"https:\/\/shop.comterra.eu\/en\/wp-json\/wp\/v2\/product\/8495"}],"collection":[{"href":"https:\/\/shop.comterra.eu\/en\/wp-json\/wp\/v2\/product"}],"about":[{"href":"https:\/\/shop.comterra.eu\/en\/wp-json\/wp\/v2\/types\/product"}],"wp:featuredmedia":[{"embeddable":true,"href":"https:\/\/shop.comterra.eu\/en\/wp-json\/wp\/v2\/media\/8502"}],"wp:attachment":[{"href":"https:\/\/shop.comterra.eu\/en\/wp-json\/wp\/v2\/media?parent=8495"}],"wp:term":[{"taxonomy":"product_cat","embeddable":true,"href":"https:\/\/shop.comterra.eu\/en\/wp-json\/wp\/v2\/product_cat?post=8495"},{"taxonomy":"product_tag","embeddable":true,"href":"https:\/\/shop.comterra.eu\/en\/wp-json\/wp\/v2\/product_tag?post=8495"}],"curies":[{"name":"wp","href":"https:\/\/api.w.org\/{rel}","templated":true}]}}