{"id":833,"date":"2020-01-20T23:26:12","date_gmt":"2020-01-20T23:26:12","guid":{"rendered":"https:\/\/shop.comterra.eu\/?post_type=product&#038;p=833"},"modified":"2022-12-16T08:33:19","modified_gmt":"2022-12-16T08:33:19","slug":"konisch-bohrkronen-fi32-35mm-balistik","status":"publish","type":"product","link":"https:\/\/shop.comterra.eu\/en\/p\/konisch-bohrkronen-fi32-35mm-balistik\/","title":{"rendered":"Konisch Bohrkronen fi32-35mm Balistik"},"content":{"rendered":"<p>Kruna za bu\u0161enje sa ru\u010dnim \u010deki\u0107em, kobrom<br \/>\nKonus:<br \/>\n4,46 stupnjeva<br \/>\n7,00 stupnjeva<br \/>\n12,00 stupnjeva<br \/>\nPolubalistik, balistik i zaobljeni umeci<br \/>\nZa tvrde i srednjetvrde stijene<\/p>","protected":false},"excerpt":{"rendered":"<p>KONUS fi32-35mm<br \/>\nBalistik za tvrde stijene<\/p>","protected":false},"featured_media":15914,"template":"","meta":[],"product_cat":[35,30],"product_tag":[950,951,952,953,954,955,956,957,958,959,961],"yoast_head":"<!-- This site is optimized with the Yoast SEO plugin v20.0 - https:\/\/yoast.com\/wordpress\/plugins\/seo\/ -->\n<title>Konisch Bohrkronen fi32-35mm Balistik - ComTerra<\/title>\n<meta name=\"description\" content=\"Kruna Konus 4,46; 7; 12 st., Balistik, polubalistik, za tvrde materijale, za tunelogradnju, za bu\u0161enje, za ru\u010dne bu\u0161ilice, Atlas Copco, Epiroc, Sandvik,\" \/>\n<meta name=\"robots\" content=\"noindex, follow, max-snippet:-1, max-image-preview:large, max-video-preview:-1\" \/>\n<meta property=\"og:locale\" content=\"en_US\" \/>\n<meta property=\"og:type\" content=\"article\" \/>\n<meta property=\"og:title\" content=\"Konisch Bohrkronen fi32-35mm Balistik - ComTerra\" \/>\n<meta property=\"og:description\" content=\"Kruna Konus 4,46; 7; 12 st., Balistik, polubalistik, za tvrde materijale, za tunelogradnju, za bu\u0161enje, za ru\u010dne bu\u0161ilice, Atlas Copco, Epiroc, Sandvik,\" \/>\n<meta property=\"og:url\" content=\"https:\/\/shop.comterra.eu\/en\/p\/konisch-bohrkronen-fi32-35mm-balistik\/\" \/>\n<meta property=\"og:site_name\" content=\"ComTerra\" \/>\n<meta property=\"article:publisher\" content=\"https:\/\/web.facebook.com\/ComTerraEU\" \/>\n<meta property=\"article:modified_time\" content=\"2022-12-16T08:33:19+00:00\" \/>\n<meta property=\"og:image\" content=\"https:\/\/shop.comterra.eu\/wp-content\/uploads\/2022\/06\/MonoblokIMG_9149.jpg\" \/>\n\t<meta property=\"og:image:width\" content=\"1776\" \/>\n\t<meta property=\"og:image:height\" content=\"1232\" \/>\n\t<meta property=\"og:image:type\" content=\"image\/jpeg\" \/>\n<meta name=\"twitter:card\" content=\"summary_large_image\" \/>\n<script type=\"application\/ld+json\" class=\"yoast-schema-graph\">{\"@context\":\"https:\/\/schema.org\",\"@graph\":[{\"@type\":\"WebPage\",\"@id\":\"https:\/\/shop.comterra.eu\/p\/konisch-bohrkronen-fi32-35mm-balistik\/\",\"url\":\"https:\/\/shop.comterra.eu\/p\/konisch-bohrkronen-fi32-35mm-balistik\/\",\"name\":\"Konisch Bohrkronen fi32-35mm Balistik - ComTerra\",\"isPartOf\":{\"@id\":\"https:\/\/shop.comterra.eu\/#website\"},\"datePublished\":\"2020-01-20T23:26:12+00:00\",\"dateModified\":\"2022-12-16T08:33:19+00:00\",\"description\":\"Kruna Konus 4,46; 7; 12 st., Balistik, polubalistik, za tvrde materijale, za tunelogradnju, za bu\u0161enje, za ru\u010dne bu\u0161ilice, Atlas Copco, Epiroc, Sandvik,\",\"breadcrumb\":{\"@id\":\"https:\/\/shop.comterra.eu\/p\/konisch-bohrkronen-fi32-35mm-balistik\/#breadcrumb\"},\"inLanguage\":\"en-US\",\"potentialAction\":[{\"@type\":\"ReadAction\",\"target\":[\"https:\/\/shop.comterra.eu\/p\/konisch-bohrkronen-fi32-35mm-balistik\/\"]}]},{\"@type\":\"BreadcrumbList\",\"@id\":\"https:\/\/shop.comterra.eu\/p\/konisch-bohrkronen-fi32-35mm-balistik\/#breadcrumb\",\"itemListElement\":[{\"@type\":\"ListItem\",\"position\":1,\"name\":\"ComTerra SHOP &#8211; Willkommen\",\"item\":\"https:\/\/shop.comterra.eu\/\"},{\"@type\":\"ListItem\",\"position\":2,\"name\":\"Konisch Bohrkronen fi32-35mm Balistik\"}]},{\"@type\":\"WebSite\",\"@id\":\"https:\/\/shop.comterra.eu\/#website\",\"url\":\"https:\/\/shop.comterra.eu\/\",\"name\":\"ComTerra\",\"description\":\"\",\"publisher\":{\"@id\":\"https:\/\/shop.comterra.eu\/#organization\"},\"potentialAction\":[{\"@type\":\"SearchAction\",\"target\":{\"@type\":\"EntryPoint\",\"urlTemplate\":\"https:\/\/shop.comterra.eu\/?s={search_term_string}\"},\"query-input\":\"required name=search_term_string\"}],\"inLanguage\":\"en-US\"},{\"@type\":\"Organization\",\"@id\":\"https:\/\/shop.comterra.eu\/#organization\",\"name\":\"ComTerra\",\"url\":\"https:\/\/shop.comterra.eu\/\",\"logo\":{\"@type\":\"ImageObject\",\"inLanguage\":\"en-US\",\"@id\":\"https:\/\/shop.comterra.eu\/#\/schema\/logo\/image\/\",\"url\":\"https:\/\/shop.comterra.eu\/wp-content\/uploads\/2019\/12\/cropped-logo.png\",\"contentUrl\":\"https:\/\/shop.comterra.eu\/wp-content\/uploads\/2019\/12\/cropped-logo.png\",\"width\":379,\"height\":89,\"caption\":\"ComTerra\"},\"image\":{\"@id\":\"https:\/\/shop.comterra.eu\/#\/schema\/logo\/image\/\"},\"sameAs\":[\"https:\/\/www.youtube.com\/channel\/UCn4vG_rMnFID5Hg_ooZKieg\",\"https:\/\/web.facebook.com\/ComTerraEU\"]}]}<\/script>\n<!-- \/ Yoast SEO plugin. -->","yoast_head_json":{"title":"Konisch Bohrkronen fi32-35mm Balistik - ComTerra","description":"Kruna Konus 4,46; 7; 12 st., Balistik, polubalistik, za tvrde materijale, za tunelogradnju, za bu\u0161enje, za ru\u010dne bu\u0161ilice, Atlas Copco, Epiroc, Sandvik,","robots":{"index":"noindex","follow":"follow","max-snippet":"max-snippet:-1","max-image-preview":"max-image-preview:large","max-video-preview":"max-video-preview:-1"},"og_locale":"en_US","og_type":"article","og_title":"Konisch Bohrkronen fi32-35mm Balistik - ComTerra","og_description":"Kruna Konus 4,46; 7; 12 st., Balistik, polubalistik, za tvrde materijale, za tunelogradnju, za bu\u0161enje, za ru\u010dne bu\u0161ilice, Atlas Copco, Epiroc, Sandvik,","og_url":"https:\/\/shop.comterra.eu\/en\/p\/konisch-bohrkronen-fi32-35mm-balistik\/","og_site_name":"ComTerra","article_publisher":"https:\/\/web.facebook.com\/ComTerraEU","article_modified_time":"2022-12-16T08:33:19+00:00","og_image":[{"width":1776,"height":1232,"url":"https:\/\/shop.comterra.eu\/wp-content\/uploads\/2022\/06\/MonoblokIMG_9149.jpg","type":"image\/jpeg"}],"twitter_card":"summary_large_image","schema":{"@context":"https:\/\/schema.org","@graph":[{"@type":"WebPage","@id":"https:\/\/shop.comterra.eu\/p\/konisch-bohrkronen-fi32-35mm-balistik\/","url":"https:\/\/shop.comterra.eu\/p\/konisch-bohrkronen-fi32-35mm-balistik\/","name":"Konisch Bohrkronen fi32-35mm Balistik - ComTerra","isPartOf":{"@id":"https:\/\/shop.comterra.eu\/#website"},"datePublished":"2020-01-20T23:26:12+00:00","dateModified":"2022-12-16T08:33:19+00:00","description":"Kruna Konus 4,46; 7; 12 st., Balistik, polubalistik, za tvrde materijale, za tunelogradnju, za bu\u0161enje, za ru\u010dne bu\u0161ilice, Atlas Copco, Epiroc, Sandvik,","breadcrumb":{"@id":"https:\/\/shop.comterra.eu\/p\/konisch-bohrkronen-fi32-35mm-balistik\/#breadcrumb"},"inLanguage":"en-US","potentialAction":[{"@type":"ReadAction","target":["https:\/\/shop.comterra.eu\/p\/konisch-bohrkronen-fi32-35mm-balistik\/"]}]},{"@type":"BreadcrumbList","@id":"https:\/\/shop.comterra.eu\/p\/konisch-bohrkronen-fi32-35mm-balistik\/#breadcrumb","itemListElement":[{"@type":"ListItem","position":1,"name":"ComTerra SHOP &#8211; Willkommen","item":"https:\/\/shop.comterra.eu\/"},{"@type":"ListItem","position":2,"name":"Konisch Bohrkronen fi32-35mm Balistik"}]},{"@type":"WebSite","@id":"https:\/\/shop.comterra.eu\/#website","url":"https:\/\/shop.comterra.eu\/","name":"ComTerra","description":"","publisher":{"@id":"https:\/\/shop.comterra.eu\/#organization"},"potentialAction":[{"@type":"SearchAction","target":{"@type":"EntryPoint","urlTemplate":"https:\/\/shop.comterra.eu\/?s={search_term_string}"},"query-input":"required name=search_term_string"}],"inLanguage":"en-US"},{"@type":"Organization","@id":"https:\/\/shop.comterra.eu\/#organization","name":"ComTerra","url":"https:\/\/shop.comterra.eu\/","logo":{"@type":"ImageObject","inLanguage":"en-US","@id":"https:\/\/shop.comterra.eu\/#\/schema\/logo\/image\/","url":"https:\/\/shop.comterra.eu\/wp-content\/uploads\/2019\/12\/cropped-logo.png","contentUrl":"https:\/\/shop.comterra.eu\/wp-content\/uploads\/2019\/12\/cropped-logo.png","width":379,"height":89,"caption":"ComTerra"},"image":{"@id":"https:\/\/shop.comterra.eu\/#\/schema\/logo\/image\/"},"sameAs":["https:\/\/www.youtube.com\/channel\/UCn4vG_rMnFID5Hg_ooZKieg","https:\/\/web.facebook.com\/ComTerraEU"]}]}},"_links":{"self":[{"href":"https:\/\/shop.comterra.eu\/en\/wp-json\/wp\/v2\/product\/833"}],"collection":[{"href":"https:\/\/shop.comterra.eu\/en\/wp-json\/wp\/v2\/product"}],"about":[{"href":"https:\/\/shop.comterra.eu\/en\/wp-json\/wp\/v2\/types\/product"}],"wp:featuredmedia":[{"embeddable":true,"href":"https:\/\/shop.comterra.eu\/en\/wp-json\/wp\/v2\/media\/15914"}],"wp:attachment":[{"href":"https:\/\/shop.comterra.eu\/en\/wp-json\/wp\/v2\/media?parent=833"}],"wp:term":[{"taxonomy":"product_cat","embeddable":true,"href":"https:\/\/shop.comterra.eu\/en\/wp-json\/wp\/v2\/product_cat?post=833"},{"taxonomy":"product_tag","embeddable":true,"href":"https:\/\/shop.comterra.eu\/en\/wp-json\/wp\/v2\/product_tag?post=833"}],"curies":[{"name":"wp","href":"https:\/\/api.w.org\/{rel}","templated":true}]}}