{"id":8012,"date":"2022-01-11T12:58:54","date_gmt":"2022-01-11T12:58:54","guid":{"rendered":"https:\/\/shop.comterra.eu\/?post_type=product&#038;p=8012"},"modified":"2022-11-02T09:07:03","modified_gmt":"2022-11-02T09:07:03","slug":"messer-caterpillar-halber-pfeil-rechte-seite-1359545","status":"publish","type":"product","link":"https:\/\/shop.comterra.eu\/en\/p\/messer-caterpillar-halber-pfeil-rechte-seite-1359545\/","title":{"rendered":"Messer CATERPILLAR Halber Pfeil &#8211; Rechte Seite 1359545"},"content":{"rendered":"<p>Kvalitetni habaju\u0107i program i oprema za utovariva\u010de, gredere i buldozere! Caterpillar, Volvo, Komatsu, Liebherr, Esco<\/p>\n<table id=\"tablepress-219\" class=\"tablepress tablepress-id-219 dataTable no-footer\" role=\"grid\">\n<tbody>\n<tr class=\"row-2 even\">\n<td class=\"column-1\"><strong>Katalo\u0161ki broj<br \/>\n<\/strong><\/td>\n<td class=\"column-2\">1359545 HAR<\/td>\n<\/tr>\n<tr class=\"row-2 even\">\n<td class=\"column-1\"><strong>Te\u017eina (kg)<br \/>\n<\/strong><\/td>\n<td class=\"column-2\">39,10 kg<\/td>\n<\/tr>\n<tr class=\"row-2 even\">\n<td class=\"column-1\"><strong>Model<br \/>\n<\/strong><\/td>\n<td class=\"column-2\">966 Lopatasti \u2013 972 Lopatasti<\/td>\n<\/tr>\n<tr class=\"row-2 even\">\n<td class=\"column-1\"><strong>Dimenzije (mm)<br \/>\n<\/strong><\/td>\n<td class=\"column-2\">300x465x45<\/td>\n<\/tr>\n<\/tbody>\n<\/table>","protected":false},"excerpt":{"rendered":"<p>Za utovariva\u010d<\/p>","protected":false},"featured_media":8384,"template":"","meta":[],"product_cat":[803,805,19],"product_tag":[],"yoast_head":"<!-- This site is optimized with the Yoast SEO plugin v20.0 - https:\/\/yoast.com\/wordpress\/plugins\/seo\/ -->\n<title>Messer CATERPILLAR Halber Pfeil - Rechte Seite 1359545 - ComTerra<\/title>\n<meta name=\"description\" content=\"Kvalitetni no\u017eevi za utovariva\u010de, gredere i buldozere. Habaju\u0107a oprema. Hardox no\u017eevi, korpe, protektori.. Sigurna dostava. Pogledaj ponudu!\" \/>\n<meta name=\"robots\" content=\"noindex, follow, max-snippet:-1, max-image-preview:large, max-video-preview:-1\" \/>\n<meta property=\"og:locale\" content=\"en_US\" \/>\n<meta property=\"og:type\" content=\"article\" \/>\n<meta property=\"og:title\" content=\"Messer CATERPILLAR Halber Pfeil - Rechte Seite 1359545 - ComTerra\" \/>\n<meta property=\"og:description\" content=\"Kvalitetni no\u017eevi za utovariva\u010de, gredere i buldozere. Habaju\u0107a oprema. Hardox no\u017eevi, korpe, protektori.. Sigurna dostava. Pogledaj ponudu!\" \/>\n<meta property=\"og:url\" content=\"https:\/\/shop.comterra.eu\/en\/p\/messer-caterpillar-halber-pfeil-rechte-seite-1359545\/\" \/>\n<meta property=\"og:site_name\" content=\"ComTerra\" \/>\n<meta property=\"article:publisher\" content=\"https:\/\/web.facebook.com\/ComTerraEU\" \/>\n<meta property=\"article:modified_time\" content=\"2022-11-02T09:07:03+00:00\" \/>\n<meta property=\"og:image\" content=\"https:\/\/shop.comterra.eu\/wp-content\/uploads\/2022\/01\/Noz-za-CATERPILLAR-Polu-strijela-Desna-strana-1359545-1.jpg\" \/>\n\t<meta property=\"og:image:width\" content=\"1024\" \/>\n\t<meta property=\"og:image:height\" content=\"768\" \/>\n\t<meta property=\"og:image:type\" content=\"image\/jpeg\" \/>\n<meta name=\"twitter:card\" content=\"summary_large_image\" \/>\n<meta name=\"twitter:label1\" content=\"Est. reading time\" \/>\n\t<meta name=\"twitter:data1\" content=\"1 minute\" \/>\n<script type=\"application\/ld+json\" class=\"yoast-schema-graph\">{\"@context\":\"https:\/\/schema.org\",\"@graph\":[{\"@type\":\"WebPage\",\"@id\":\"https:\/\/shop.comterra.eu\/p\/messer-caterpillar-halber-pfeil-rechte-seite-1359545\/\",\"url\":\"https:\/\/shop.comterra.eu\/p\/messer-caterpillar-halber-pfeil-rechte-seite-1359545\/\",\"name\":\"Messer CATERPILLAR Halber Pfeil - Rechte Seite 1359545 - ComTerra\",\"isPartOf\":{\"@id\":\"https:\/\/shop.comterra.eu\/#website\"},\"datePublished\":\"2022-01-11T12:58:54+00:00\",\"dateModified\":\"2022-11-02T09:07:03+00:00\",\"description\":\"Kvalitetni no\u017eevi za utovariva\u010de, gredere i buldozere. Habaju\u0107a oprema. Hardox no\u017eevi, korpe, protektori.. Sigurna dostava. Pogledaj ponudu!\",\"breadcrumb\":{\"@id\":\"https:\/\/shop.comterra.eu\/p\/messer-caterpillar-halber-pfeil-rechte-seite-1359545\/#breadcrumb\"},\"inLanguage\":\"en-US\",\"potentialAction\":[{\"@type\":\"ReadAction\",\"target\":[\"https:\/\/shop.comterra.eu\/p\/messer-caterpillar-halber-pfeil-rechte-seite-1359545\/\"]}]},{\"@type\":\"BreadcrumbList\",\"@id\":\"https:\/\/shop.comterra.eu\/p\/messer-caterpillar-halber-pfeil-rechte-seite-1359545\/#breadcrumb\",\"itemListElement\":[{\"@type\":\"ListItem\",\"position\":1,\"name\":\"ComTerra SHOP &#8211; Willkommen\",\"item\":\"https:\/\/shop.comterra.eu\/\"},{\"@type\":\"ListItem\",\"position\":2,\"name\":\"Messer CATERPILLAR Halber Pfeil &#8211; Rechte Seite 1359545\"}]},{\"@type\":\"WebSite\",\"@id\":\"https:\/\/shop.comterra.eu\/#website\",\"url\":\"https:\/\/shop.comterra.eu\/\",\"name\":\"ComTerra\",\"description\":\"\",\"publisher\":{\"@id\":\"https:\/\/shop.comterra.eu\/#organization\"},\"potentialAction\":[{\"@type\":\"SearchAction\",\"target\":{\"@type\":\"EntryPoint\",\"urlTemplate\":\"https:\/\/shop.comterra.eu\/?s={search_term_string}\"},\"query-input\":\"required name=search_term_string\"}],\"inLanguage\":\"en-US\"},{\"@type\":\"Organization\",\"@id\":\"https:\/\/shop.comterra.eu\/#organization\",\"name\":\"ComTerra\",\"url\":\"https:\/\/shop.comterra.eu\/\",\"logo\":{\"@type\":\"ImageObject\",\"inLanguage\":\"en-US\",\"@id\":\"https:\/\/shop.comterra.eu\/#\/schema\/logo\/image\/\",\"url\":\"https:\/\/shop.comterra.eu\/wp-content\/uploads\/2019\/12\/cropped-logo.png\",\"contentUrl\":\"https:\/\/shop.comterra.eu\/wp-content\/uploads\/2019\/12\/cropped-logo.png\",\"width\":379,\"height\":89,\"caption\":\"ComTerra\"},\"image\":{\"@id\":\"https:\/\/shop.comterra.eu\/#\/schema\/logo\/image\/\"},\"sameAs\":[\"https:\/\/www.youtube.com\/channel\/UCn4vG_rMnFID5Hg_ooZKieg\",\"https:\/\/web.facebook.com\/ComTerraEU\"]}]}<\/script>\n<!-- \/ Yoast SEO plugin. -->","yoast_head_json":{"title":"Messer CATERPILLAR Halber Pfeil - Rechte Seite 1359545 - ComTerra","description":"Kvalitetni no\u017eevi za utovariva\u010de, gredere i buldozere. Habaju\u0107a oprema. Hardox no\u017eevi, korpe, protektori.. Sigurna dostava. Pogledaj ponudu!","robots":{"index":"noindex","follow":"follow","max-snippet":"max-snippet:-1","max-image-preview":"max-image-preview:large","max-video-preview":"max-video-preview:-1"},"og_locale":"en_US","og_type":"article","og_title":"Messer CATERPILLAR Halber Pfeil - Rechte Seite 1359545 - ComTerra","og_description":"Kvalitetni no\u017eevi za utovariva\u010de, gredere i buldozere. Habaju\u0107a oprema. Hardox no\u017eevi, korpe, protektori.. Sigurna dostava. Pogledaj ponudu!","og_url":"https:\/\/shop.comterra.eu\/en\/p\/messer-caterpillar-halber-pfeil-rechte-seite-1359545\/","og_site_name":"ComTerra","article_publisher":"https:\/\/web.facebook.com\/ComTerraEU","article_modified_time":"2022-11-02T09:07:03+00:00","og_image":[{"width":1024,"height":768,"url":"https:\/\/shop.comterra.eu\/wp-content\/uploads\/2022\/01\/Noz-za-CATERPILLAR-Polu-strijela-Desna-strana-1359545-1.jpg","type":"image\/jpeg"}],"twitter_card":"summary_large_image","twitter_misc":{"Est. reading time":"1 minute"},"schema":{"@context":"https:\/\/schema.org","@graph":[{"@type":"WebPage","@id":"https:\/\/shop.comterra.eu\/p\/messer-caterpillar-halber-pfeil-rechte-seite-1359545\/","url":"https:\/\/shop.comterra.eu\/p\/messer-caterpillar-halber-pfeil-rechte-seite-1359545\/","name":"Messer CATERPILLAR Halber Pfeil - Rechte Seite 1359545 - ComTerra","isPartOf":{"@id":"https:\/\/shop.comterra.eu\/#website"},"datePublished":"2022-01-11T12:58:54+00:00","dateModified":"2022-11-02T09:07:03+00:00","description":"Kvalitetni no\u017eevi za utovariva\u010de, gredere i buldozere. Habaju\u0107a oprema. Hardox no\u017eevi, korpe, protektori.. Sigurna dostava. Pogledaj ponudu!","breadcrumb":{"@id":"https:\/\/shop.comterra.eu\/p\/messer-caterpillar-halber-pfeil-rechte-seite-1359545\/#breadcrumb"},"inLanguage":"en-US","potentialAction":[{"@type":"ReadAction","target":["https:\/\/shop.comterra.eu\/p\/messer-caterpillar-halber-pfeil-rechte-seite-1359545\/"]}]},{"@type":"BreadcrumbList","@id":"https:\/\/shop.comterra.eu\/p\/messer-caterpillar-halber-pfeil-rechte-seite-1359545\/#breadcrumb","itemListElement":[{"@type":"ListItem","position":1,"name":"ComTerra SHOP &#8211; Willkommen","item":"https:\/\/shop.comterra.eu\/"},{"@type":"ListItem","position":2,"name":"Messer CATERPILLAR Halber Pfeil &#8211; Rechte Seite 1359545"}]},{"@type":"WebSite","@id":"https:\/\/shop.comterra.eu\/#website","url":"https:\/\/shop.comterra.eu\/","name":"ComTerra","description":"","publisher":{"@id":"https:\/\/shop.comterra.eu\/#organization"},"potentialAction":[{"@type":"SearchAction","target":{"@type":"EntryPoint","urlTemplate":"https:\/\/shop.comterra.eu\/?s={search_term_string}"},"query-input":"required name=search_term_string"}],"inLanguage":"en-US"},{"@type":"Organization","@id":"https:\/\/shop.comterra.eu\/#organization","name":"ComTerra","url":"https:\/\/shop.comterra.eu\/","logo":{"@type":"ImageObject","inLanguage":"en-US","@id":"https:\/\/shop.comterra.eu\/#\/schema\/logo\/image\/","url":"https:\/\/shop.comterra.eu\/wp-content\/uploads\/2019\/12\/cropped-logo.png","contentUrl":"https:\/\/shop.comterra.eu\/wp-content\/uploads\/2019\/12\/cropped-logo.png","width":379,"height":89,"caption":"ComTerra"},"image":{"@id":"https:\/\/shop.comterra.eu\/#\/schema\/logo\/image\/"},"sameAs":["https:\/\/www.youtube.com\/channel\/UCn4vG_rMnFID5Hg_ooZKieg","https:\/\/web.facebook.com\/ComTerraEU"]}]}},"_links":{"self":[{"href":"https:\/\/shop.comterra.eu\/en\/wp-json\/wp\/v2\/product\/8012"}],"collection":[{"href":"https:\/\/shop.comterra.eu\/en\/wp-json\/wp\/v2\/product"}],"about":[{"href":"https:\/\/shop.comterra.eu\/en\/wp-json\/wp\/v2\/types\/product"}],"wp:featuredmedia":[{"embeddable":true,"href":"https:\/\/shop.comterra.eu\/en\/wp-json\/wp\/v2\/media\/8384"}],"wp:attachment":[{"href":"https:\/\/shop.comterra.eu\/en\/wp-json\/wp\/v2\/media?parent=8012"}],"wp:term":[{"taxonomy":"product_cat","embeddable":true,"href":"https:\/\/shop.comterra.eu\/en\/wp-json\/wp\/v2\/product_cat?post=8012"},{"taxonomy":"product_tag","embeddable":true,"href":"https:\/\/shop.comterra.eu\/en\/wp-json\/wp\/v2\/product_tag?post=8012"}],"curies":[{"name":"wp","href":"https:\/\/api.w.org\/{rel}","templated":true}]}}