{"id":7036,"date":"2021-10-15T07:59:41","date_gmt":"2021-10-15T07:59:41","guid":{"rendered":"https:\/\/shop.comterra.eu\/?post_type=product&#038;p=7036"},"modified":"2022-11-02T11:31:19","modified_gmt":"2022-11-02T11:31:19","slug":"mueller-baggeranbauvibrationsrammen-hfbv-serie","status":"publish","type":"product","link":"https:\/\/shop.comterra.eu\/en\/p\/mueller-baggeranbauvibrationsrammen-hfbv-serie\/","title":{"rendered":"M\u00fcller Baggeranbauvibrationsrammen HFBV Serie"},"content":{"rendered":"<p><span dir=\"ltr\" role=\"presentation\">M\u00dcLLER \u2013 vibratori su ve\u0107 preko 50 godina u upotrebi u specijalnoj <\/span><span dir=\"ltr\" role=\"presentation\">niskogradnji. Kao vrhunski proizvodi vibracione tehnike ispunjavaju sve <\/span><span dir=\"ltr\" role=\"presentation\">zahtjeve tr\u017ei\u0161ta. Njihova mnogostrana polja upotrebe, pouzdanost i stalni <\/span><span dir=\"ltr\" role=\"presentation\">razvoji \u010dine ih relevantnim faktorom na tr\u017ei\u0161tu.<\/span><\/p>\n<p>Pobijanje i izvla\u010denje su centralni gra\u0111evinskotehni\u010dki zadaci. Zahtjevi kupaca su u ovom podru\u010dju zaista veliki, jer pored tehni\u010dkih uslova koji sami proizilaze iz projekta, ekonomski aspekti i o\u010duvanje \u017eivotne okoline igraju va\u017enu ulogu.<\/p>\n<p><strong>Princip vibriranja.<\/strong><br \/>\nVibriranje po\u010diva na principu da se otpori tla umanje vibracijama. Postavljanje \u0161ipova vibracijom zahtjeva malu snagu. Vlastita te\u017eina i data snaga upresavanja su dovoljne da se \u0161ipovi brzo, tiho i efikasno postave na potrebnu dubinu. Isto va\u017ei i kod izvla\u010denja \u0161ipova; ovdje se minimizira potrebna snaga izvla\u010denja, po\u0161to<br \/>\nu ovom slu\u010daju ne postoji vr\u0161ni otpor. Pravi izbor vibratora za neki zadatak je zavisan od svojstva tla, \u0161ipova i njihove dubine postavljanja.<\/p>\n<p>U osnovi, centrifugalna sila i \u0161irina oscilovanja moraju biti utoliko ve\u0107e, \u0161to je ve\u0107a dubina \u0161ipova i \u0161to je tvr\u0111e odn. zbijenije tlo. Centrifugalna sila i \u0161irina oscilacija moraju biti dovoljno velike da bi se izbjeglo trenje bo\u010dne povr\u0161ine i vr\u0161ni otpor izme\u0111u \u0161ipova i okolnog tla.<\/p>\n<p>\u017delite saznati vi\u0161e? <a href=\"https:\/\/www.comterra.eu\/upload\/tbl_download\/9_20180111_tehnologija_pobijanja_talpi_i_busenja_tkmuller.pdf\">Muller tehnologija pobijanja talpi i busenja <\/a><\/p>\n<p><strong>Primjena M\u00dcLLER Vibratora za dogradnju.<\/strong><\/p>\n<p>ThyssenKrupp GfT Bautechnik nudi kupcima veliki izbor M\u00dcLLER Vibratora za dogradnju. Na\u0161i specijalisti stvaraju ure\u0111aje pogodne za primjenu uzimaju\u0107i u obzir snagu pumpe bagera i svojstva zemlji\u0161ta koji su na raspolaganju.<br \/>\nSvi vibratori za dogradnju su opremljeni specijalnim tasterom kojim se mogu prenositi stati\u010dke pritisne sile preko ruke bagera na talpe. Ovim se kapacitet pobijanja mo\u017ee znatno pove\u0107ati.<\/p>\n<p><strong>Prednosti<\/strong><\/p>\n<ul>\n<li><span dir=\"ltr\" role=\"presentation\">Mala visina gradjevine<\/span><\/li>\n<li><span dir=\"ltr\" role=\"presentation\">Automatski ure\u0111aj za dopunsko zatezanje<\/span><\/li>\n<li><span dir=\"ltr\" role=\"presentation\">Osiguravaju\u0107i mijenja\u010d kod svih modela<\/span><\/li>\n<li><span dir=\"ltr\" role=\"presentation\">Velika vu\u010dna sila<\/span><\/li>\n<li><span dir=\"ltr\" role=\"presentation\">Mobilni ure\u0111aj za zatezanje<\/span><\/li>\n<\/ul>\n<table id=\"tablepress-219\" class=\"tablepress tablepress-id-219 dataTable no-footer\" role=\"grid\">\n<tbody>\n<tr class=\"row-1 odd\" role=\"row\">\n<th class=\"column-1 sorting_disabled\">Tip<\/th>\n<th class=\"column-2 sorting_disabled\">Centri-<br \/>\nfugalna<br \/>\nsila max.<br \/>\nkN<\/th>\n<th class=\"column-3 sorting_disabled\">Stat.<br \/>\nmoment<br \/>\nmax.<br \/>\nKgm<\/th>\n<th class=\"column-11 sorting_disabled\"><span dir=\"ltr\" role=\"presentation\">Te\u017eina <\/span><br role=\"presentation\" \/><span dir=\"ltr\" role=\"presentation\">ukupna <\/span><br role=\"presentation\" \/><span dir=\"ltr\" role=\"presentation\">sa klije\u0161tima<\/span><br role=\"presentation\" \/><span dir=\"ltr\" role=\"presentation\">kg<\/span><\/th>\n<\/tr>\n<tr class=\"row-8 even\">\n<td class=\"column-1\">MS-5 HFBV 3<\/td>\n<td class=\"column-2\">400<\/td>\n<td class=\"column-3\"><span dir=\"ltr\" role=\"presentation\">0-5<\/span><\/td>\n<td class=\"column-6\"><span dir=\"ltr\" role=\"presentation\">1580<\/span><\/td>\n<\/tr>\n<tr class=\"row-8 even\">\n<td class=\"column-1\">MS-8 HFBV 3<\/td>\n<td class=\"column-2\">585<\/td>\n<td class=\"column-3\"><span dir=\"ltr\" role=\"presentation\">0-8<\/span><\/td>\n<td class=\"column-6\"><span dir=\"ltr\" role=\"presentation\">1815<\/span><\/td>\n<\/tr>\n<\/tbody>\n<\/table>\n<p><br role=\"presentation\" \/><br role=\"presentation\" \/><\/p>","protected":false},"excerpt":{"rendered":"<p>Za rovokopa\u010d\/za bager<\/p>","protected":false},"featured_media":7050,"template":"","meta":[],"product_cat":[726],"product_tag":[],"yoast_head":"<!-- This site is optimized with the Yoast SEO plugin v20.0 - https:\/\/yoast.com\/wordpress\/plugins\/seo\/ -->\n<title>M\u00fcller Baggeranbauvibrationsrammen HFBV Serie - ComTerra<\/title>\n<meta name=\"description\" content=\"Oprema za talpe, oprema za pobijanje talpi, vibro-nabija\u010di za talpe, vibro-nabija\u010di za bagere, tehnika pobijanja i bu\u0161enja\" \/>\n<meta name=\"robots\" content=\"noindex, follow, max-snippet:-1, max-image-preview:large, max-video-preview:-1\" \/>\n<meta property=\"og:locale\" content=\"en_US\" \/>\n<meta property=\"og:type\" content=\"article\" \/>\n<meta property=\"og:title\" content=\"M\u00fcller Baggeranbauvibrationsrammen HFBV Serie - ComTerra\" \/>\n<meta property=\"og:description\" content=\"Oprema za talpe, oprema za pobijanje talpi, vibro-nabija\u010di za talpe, vibro-nabija\u010di za bagere, tehnika pobijanja i bu\u0161enja\" \/>\n<meta property=\"og:url\" content=\"https:\/\/shop.comterra.eu\/en\/p\/mueller-baggeranbauvibrationsrammen-hfbv-serie\/\" \/>\n<meta property=\"og:site_name\" content=\"ComTerra\" \/>\n<meta property=\"article:publisher\" content=\"https:\/\/web.facebook.com\/ComTerraEU\" \/>\n<meta property=\"article:modified_time\" content=\"2022-11-02T11:31:19+00:00\" \/>\n<meta property=\"og:image\" content=\"https:\/\/shop.comterra.eu\/wp-content\/uploads\/2021\/10\/vibro-nabijac-muller-ms4-hfb-talpe-zmurje-slika-132963933.jpg\" \/>\n\t<meta property=\"og:image:width\" content=\"919\" \/>\n\t<meta property=\"og:image:height\" content=\"690\" \/>\n\t<meta property=\"og:image:type\" content=\"image\/jpeg\" \/>\n<meta name=\"twitter:card\" content=\"summary_large_image\" \/>\n<meta name=\"twitter:label1\" content=\"Est. reading time\" \/>\n\t<meta name=\"twitter:data1\" content=\"3 minutes\" \/>\n<script type=\"application\/ld+json\" class=\"yoast-schema-graph\">{\"@context\":\"https:\/\/schema.org\",\"@graph\":[{\"@type\":\"WebPage\",\"@id\":\"https:\/\/shop.comterra.eu\/p\/mueller-baggeranbauvibrationsrammen-hfbv-serie\/\",\"url\":\"https:\/\/shop.comterra.eu\/p\/mueller-baggeranbauvibrationsrammen-hfbv-serie\/\",\"name\":\"M\u00fcller Baggeranbauvibrationsrammen HFBV Serie - ComTerra\",\"isPartOf\":{\"@id\":\"https:\/\/shop.comterra.eu\/#website\"},\"datePublished\":\"2021-10-15T07:59:41+00:00\",\"dateModified\":\"2022-11-02T11:31:19+00:00\",\"description\":\"Oprema za talpe, oprema za pobijanje talpi, vibro-nabija\u010di za talpe, vibro-nabija\u010di za bagere, tehnika pobijanja i bu\u0161enja\",\"breadcrumb\":{\"@id\":\"https:\/\/shop.comterra.eu\/p\/mueller-baggeranbauvibrationsrammen-hfbv-serie\/#breadcrumb\"},\"inLanguage\":\"en-US\",\"potentialAction\":[{\"@type\":\"ReadAction\",\"target\":[\"https:\/\/shop.comterra.eu\/p\/mueller-baggeranbauvibrationsrammen-hfbv-serie\/\"]}]},{\"@type\":\"BreadcrumbList\",\"@id\":\"https:\/\/shop.comterra.eu\/p\/mueller-baggeranbauvibrationsrammen-hfbv-serie\/#breadcrumb\",\"itemListElement\":[{\"@type\":\"ListItem\",\"position\":1,\"name\":\"ComTerra SHOP &#8211; Willkommen\",\"item\":\"https:\/\/shop.comterra.eu\/\"},{\"@type\":\"ListItem\",\"position\":2,\"name\":\"M\u00fcller Baggeranbauvibrationsrammen HFBV Serie\"}]},{\"@type\":\"WebSite\",\"@id\":\"https:\/\/shop.comterra.eu\/#website\",\"url\":\"https:\/\/shop.comterra.eu\/\",\"name\":\"ComTerra\",\"description\":\"\",\"publisher\":{\"@id\":\"https:\/\/shop.comterra.eu\/#organization\"},\"potentialAction\":[{\"@type\":\"SearchAction\",\"target\":{\"@type\":\"EntryPoint\",\"urlTemplate\":\"https:\/\/shop.comterra.eu\/?s={search_term_string}\"},\"query-input\":\"required name=search_term_string\"}],\"inLanguage\":\"en-US\"},{\"@type\":\"Organization\",\"@id\":\"https:\/\/shop.comterra.eu\/#organization\",\"name\":\"ComTerra\",\"url\":\"https:\/\/shop.comterra.eu\/\",\"logo\":{\"@type\":\"ImageObject\",\"inLanguage\":\"en-US\",\"@id\":\"https:\/\/shop.comterra.eu\/#\/schema\/logo\/image\/\",\"url\":\"https:\/\/shop.comterra.eu\/wp-content\/uploads\/2019\/12\/cropped-logo.png\",\"contentUrl\":\"https:\/\/shop.comterra.eu\/wp-content\/uploads\/2019\/12\/cropped-logo.png\",\"width\":379,\"height\":89,\"caption\":\"ComTerra\"},\"image\":{\"@id\":\"https:\/\/shop.comterra.eu\/#\/schema\/logo\/image\/\"},\"sameAs\":[\"https:\/\/www.youtube.com\/channel\/UCn4vG_rMnFID5Hg_ooZKieg\",\"https:\/\/web.facebook.com\/ComTerraEU\"]}]}<\/script>\n<!-- \/ Yoast SEO plugin. -->","yoast_head_json":{"title":"M\u00fcller Baggeranbauvibrationsrammen HFBV Serie - ComTerra","description":"Oprema za talpe, oprema za pobijanje talpi, vibro-nabija\u010di za talpe, vibro-nabija\u010di za bagere, tehnika pobijanja i bu\u0161enja","robots":{"index":"noindex","follow":"follow","max-snippet":"max-snippet:-1","max-image-preview":"max-image-preview:large","max-video-preview":"max-video-preview:-1"},"og_locale":"en_US","og_type":"article","og_title":"M\u00fcller Baggeranbauvibrationsrammen HFBV Serie - ComTerra","og_description":"Oprema za talpe, oprema za pobijanje talpi, vibro-nabija\u010di za talpe, vibro-nabija\u010di za bagere, tehnika pobijanja i bu\u0161enja","og_url":"https:\/\/shop.comterra.eu\/en\/p\/mueller-baggeranbauvibrationsrammen-hfbv-serie\/","og_site_name":"ComTerra","article_publisher":"https:\/\/web.facebook.com\/ComTerraEU","article_modified_time":"2022-11-02T11:31:19+00:00","og_image":[{"width":919,"height":690,"url":"https:\/\/shop.comterra.eu\/wp-content\/uploads\/2021\/10\/vibro-nabijac-muller-ms4-hfb-talpe-zmurje-slika-132963933.jpg","type":"image\/jpeg"}],"twitter_card":"summary_large_image","twitter_misc":{"Est. reading time":"3 minutes"},"schema":{"@context":"https:\/\/schema.org","@graph":[{"@type":"WebPage","@id":"https:\/\/shop.comterra.eu\/p\/mueller-baggeranbauvibrationsrammen-hfbv-serie\/","url":"https:\/\/shop.comterra.eu\/p\/mueller-baggeranbauvibrationsrammen-hfbv-serie\/","name":"M\u00fcller Baggeranbauvibrationsrammen HFBV Serie - ComTerra","isPartOf":{"@id":"https:\/\/shop.comterra.eu\/#website"},"datePublished":"2021-10-15T07:59:41+00:00","dateModified":"2022-11-02T11:31:19+00:00","description":"Oprema za talpe, oprema za pobijanje talpi, vibro-nabija\u010di za talpe, vibro-nabija\u010di za bagere, tehnika pobijanja i bu\u0161enja","breadcrumb":{"@id":"https:\/\/shop.comterra.eu\/p\/mueller-baggeranbauvibrationsrammen-hfbv-serie\/#breadcrumb"},"inLanguage":"en-US","potentialAction":[{"@type":"ReadAction","target":["https:\/\/shop.comterra.eu\/p\/mueller-baggeranbauvibrationsrammen-hfbv-serie\/"]}]},{"@type":"BreadcrumbList","@id":"https:\/\/shop.comterra.eu\/p\/mueller-baggeranbauvibrationsrammen-hfbv-serie\/#breadcrumb","itemListElement":[{"@type":"ListItem","position":1,"name":"ComTerra SHOP &#8211; Willkommen","item":"https:\/\/shop.comterra.eu\/"},{"@type":"ListItem","position":2,"name":"M\u00fcller Baggeranbauvibrationsrammen HFBV Serie"}]},{"@type":"WebSite","@id":"https:\/\/shop.comterra.eu\/#website","url":"https:\/\/shop.comterra.eu\/","name":"ComTerra","description":"","publisher":{"@id":"https:\/\/shop.comterra.eu\/#organization"},"potentialAction":[{"@type":"SearchAction","target":{"@type":"EntryPoint","urlTemplate":"https:\/\/shop.comterra.eu\/?s={search_term_string}"},"query-input":"required name=search_term_string"}],"inLanguage":"en-US"},{"@type":"Organization","@id":"https:\/\/shop.comterra.eu\/#organization","name":"ComTerra","url":"https:\/\/shop.comterra.eu\/","logo":{"@type":"ImageObject","inLanguage":"en-US","@id":"https:\/\/shop.comterra.eu\/#\/schema\/logo\/image\/","url":"https:\/\/shop.comterra.eu\/wp-content\/uploads\/2019\/12\/cropped-logo.png","contentUrl":"https:\/\/shop.comterra.eu\/wp-content\/uploads\/2019\/12\/cropped-logo.png","width":379,"height":89,"caption":"ComTerra"},"image":{"@id":"https:\/\/shop.comterra.eu\/#\/schema\/logo\/image\/"},"sameAs":["https:\/\/www.youtube.com\/channel\/UCn4vG_rMnFID5Hg_ooZKieg","https:\/\/web.facebook.com\/ComTerraEU"]}]}},"_links":{"self":[{"href":"https:\/\/shop.comterra.eu\/en\/wp-json\/wp\/v2\/product\/7036"}],"collection":[{"href":"https:\/\/shop.comterra.eu\/en\/wp-json\/wp\/v2\/product"}],"about":[{"href":"https:\/\/shop.comterra.eu\/en\/wp-json\/wp\/v2\/types\/product"}],"wp:featuredmedia":[{"embeddable":true,"href":"https:\/\/shop.comterra.eu\/en\/wp-json\/wp\/v2\/media\/7050"}],"wp:attachment":[{"href":"https:\/\/shop.comterra.eu\/en\/wp-json\/wp\/v2\/media?parent=7036"}],"wp:term":[{"taxonomy":"product_cat","embeddable":true,"href":"https:\/\/shop.comterra.eu\/en\/wp-json\/wp\/v2\/product_cat?post=7036"},{"taxonomy":"product_tag","embeddable":true,"href":"https:\/\/shop.comterra.eu\/en\/wp-json\/wp\/v2\/product_tag?post=7036"}],"curies":[{"name":"wp","href":"https:\/\/api.w.org\/{rel}","templated":true}]}}