{"id":6403,"date":"2021-10-05T13:02:57","date_gmt":"2021-10-05T13:02:57","guid":{"rendered":"https:\/\/shop.comterra.eu\/?post_type=product&#038;p=6403"},"modified":"2022-11-04T13:38:13","modified_gmt":"2022-11-04T13:38:13","slug":"gummipads-fuer-stahlketten-laufwerke-rp400-135-b1-bolt-on-neuson-6003","status":"publish","type":"product","link":"https:\/\/shop.comterra.eu\/en\/p\/gummipads-fuer-stahlketten-laufwerke-rp400-135-b1-bolt-on-neuson-6003\/","title":{"rendered":"Gummipads f\u00fcr Stahlketten-Laufwerke RP400-135-B1 &#8211; Bolt-on &#8211;  Neuson 6003"},"content":{"rendered":"<p>Gumene papu\u010de za gusjenice &#8211; Bolt-on style izvrsno je rje\u0161enje kada je \u010deli\u0107ne gusjenice potrebno konvertirati u gumene i periodi\u010dno raditi na zavr\u0161enim podlogama.<\/p>\n<p>AMMAN, ALLAT, ABG, BARBER GREENE, BITELLI, BOMAG, CATERPILLAR, DEMAG, DYNAPAC, FURUKAWA, GILCREST, GOMACO, HANTA, MARINI, MBU SAKAI, VERMEER, VOGELE, VOLVO, WIRTGE<\/p>\n<table>\n<tbody>\n<tr>\n<td><strong>Te\u017eina <\/strong><strong>stroja<br \/>\n<\/strong><\/td>\n<td><strong>\u0160ifra <\/strong><\/p>\n<p><strong>Art.<br \/>\n<\/strong><\/td>\n<td><strong>A<\/strong><\/p>\n<p><strong>mm<\/strong><\/td>\n<td><strong>B<\/strong><\/p>\n<p><strong>mm<\/strong><\/td>\n<td><strong>C<\/strong><\/p>\n<p><strong>mm<\/strong><\/td>\n<td><strong>Link<\/strong><\/p>\n<p><strong>pitch (mm)<\/strong><\/td>\n<td><strong>Okretni<\/strong><\/p>\n<p><strong>moment<\/strong><\/p>\n<p><strong>\u00a0(Nm)<br \/>\n<\/strong><\/td>\n<\/tr>\n<tr>\n<td><strong>4T to 6T<\/strong><\/td>\n<td>DP400\/135\/B1<\/td>\n<td>400<\/td>\n<td>300<\/td>\n<td>46<\/td>\n<td>135<\/td>\n<td>85<\/td>\n<\/tr>\n<\/tbody>\n<\/table>","protected":false},"excerpt":{"rendered":"<p>Bolt-on &#8211; za bager Neuson 6003<\/p>","protected":false},"featured_media":6405,"template":"","meta":[],"product_cat":[573],"product_tag":[],"yoast_head":"<!-- This site is optimized with the Yoast SEO plugin v20.0 - https:\/\/yoast.com\/wordpress\/plugins\/seo\/ -->\n<title>Gummipads f\u00fcr Stahlketten-Laufwerke RP400-135-B1 - Bolt-on - Neuson 6003 - ComTerra Gummipads f\u00fcr Stahlketten-Laufwerke RP400-135-B1 - Bolt-on - Neuson 6003<\/title>\n<meta name=\"description\" content=\"Gumena za\u0161tita, Papu\u010de za gusjenice, Rezervni dijelovi, Spare parts, AMMAN, ALLAT, ABG, BARBER GREENE, BITELLI, BOMAG, CATERPILLAR, DEMAG, DYNAPAC, FURUKAWA, GILCREST, GOMACO, HANTA, MARINI, MBU SAKAI, VERMEER, VOGELE, VOLVO, WIRTGE\" \/>\n<meta name=\"robots\" content=\"noindex, follow, max-snippet:-1, max-image-preview:large, max-video-preview:-1\" \/>\n<meta property=\"og:locale\" content=\"en_US\" \/>\n<meta property=\"og:type\" content=\"article\" \/>\n<meta property=\"og:title\" content=\"Gummipads f\u00fcr Stahlketten-Laufwerke RP400-135-B1 - Bolt-on - Neuson 6003 - ComTerra Gummipads f\u00fcr Stahlketten-Laufwerke RP400-135-B1 - Bolt-on - Neuson 6003\" \/>\n<meta property=\"og:description\" content=\"Gumena za\u0161tita, Papu\u010de za gusjenice, Rezervni dijelovi, Spare parts, AMMAN, ALLAT, ABG, BARBER GREENE, BITELLI, BOMAG, CATERPILLAR, DEMAG, DYNAPAC, FURUKAWA, GILCREST, GOMACO, HANTA, MARINI, MBU SAKAI, VERMEER, VOGELE, VOLVO, WIRTGE\" \/>\n<meta property=\"og:url\" content=\"https:\/\/shop.comterra.eu\/en\/p\/gummipads-fuer-stahlketten-laufwerke-rp400-135-b1-bolt-on-neuson-6003\/\" \/>\n<meta property=\"og:site_name\" content=\"ComTerra\" \/>\n<meta property=\"article:publisher\" content=\"https:\/\/web.facebook.com\/ComTerraEU\" \/>\n<meta property=\"article:modified_time\" content=\"2022-11-04T13:38:13+00:00\" \/>\n<meta property=\"og:image\" content=\"https:\/\/shop.comterra.eu\/wp-content\/uploads\/2021\/10\/Bolt-on-papuce-za-gusjenice-za-bager-neuson-6003-3-1024-X-768_.jpg\" \/>\n\t<meta property=\"og:image:width\" content=\"1024\" \/>\n\t<meta property=\"og:image:height\" content=\"768\" \/>\n\t<meta property=\"og:image:type\" content=\"image\/jpeg\" \/>\n<meta name=\"twitter:card\" content=\"summary_large_image\" \/>\n<meta name=\"twitter:label1\" content=\"Est. reading time\" \/>\n\t<meta name=\"twitter:data1\" content=\"1 minute\" \/>\n<script type=\"application\/ld+json\" class=\"yoast-schema-graph\">{\"@context\":\"https:\/\/schema.org\",\"@graph\":[{\"@type\":\"WebPage\",\"@id\":\"https:\/\/shop.comterra.eu\/p\/gummipads-fuer-stahlketten-laufwerke-rp400-135-b1-bolt-on-neuson-6003\/\",\"url\":\"https:\/\/shop.comterra.eu\/p\/gummipads-fuer-stahlketten-laufwerke-rp400-135-b1-bolt-on-neuson-6003\/\",\"name\":\"Gummipads f\u00fcr Stahlketten-Laufwerke RP400-135-B1 - Bolt-on - Neuson 6003 - ComTerra Gummipads f\u00fcr Stahlketten-Laufwerke RP400-135-B1 - Bolt-on - Neuson 6003\",\"isPartOf\":{\"@id\":\"https:\/\/shop.comterra.eu\/#website\"},\"datePublished\":\"2021-10-05T13:02:57+00:00\",\"dateModified\":\"2022-11-04T13:38:13+00:00\",\"description\":\"Gumena za\u0161tita, Papu\u010de za gusjenice, Rezervni dijelovi, Spare parts, AMMAN, ALLAT, ABG, BARBER GREENE, BITELLI, BOMAG, CATERPILLAR, DEMAG, DYNAPAC, FURUKAWA, GILCREST, GOMACO, HANTA, MARINI, MBU SAKAI, VERMEER, VOGELE, VOLVO, WIRTGE\",\"breadcrumb\":{\"@id\":\"https:\/\/shop.comterra.eu\/p\/gummipads-fuer-stahlketten-laufwerke-rp400-135-b1-bolt-on-neuson-6003\/#breadcrumb\"},\"inLanguage\":\"en-US\",\"potentialAction\":[{\"@type\":\"ReadAction\",\"target\":[\"https:\/\/shop.comterra.eu\/p\/gummipads-fuer-stahlketten-laufwerke-rp400-135-b1-bolt-on-neuson-6003\/\"]}]},{\"@type\":\"BreadcrumbList\",\"@id\":\"https:\/\/shop.comterra.eu\/p\/gummipads-fuer-stahlketten-laufwerke-rp400-135-b1-bolt-on-neuson-6003\/#breadcrumb\",\"itemListElement\":[{\"@type\":\"ListItem\",\"position\":1,\"name\":\"ComTerra SHOP &#8211; Willkommen\",\"item\":\"https:\/\/shop.comterra.eu\/\"},{\"@type\":\"ListItem\",\"position\":2,\"name\":\"Gummipads f\u00fcr Stahlketten-Laufwerke RP400-135-B1 &#8211; Bolt-on &#8211; Neuson 6003\"}]},{\"@type\":\"WebSite\",\"@id\":\"https:\/\/shop.comterra.eu\/#website\",\"url\":\"https:\/\/shop.comterra.eu\/\",\"name\":\"ComTerra\",\"description\":\"\",\"publisher\":{\"@id\":\"https:\/\/shop.comterra.eu\/#organization\"},\"potentialAction\":[{\"@type\":\"SearchAction\",\"target\":{\"@type\":\"EntryPoint\",\"urlTemplate\":\"https:\/\/shop.comterra.eu\/?s={search_term_string}\"},\"query-input\":\"required name=search_term_string\"}],\"inLanguage\":\"en-US\"},{\"@type\":\"Organization\",\"@id\":\"https:\/\/shop.comterra.eu\/#organization\",\"name\":\"ComTerra\",\"url\":\"https:\/\/shop.comterra.eu\/\",\"logo\":{\"@type\":\"ImageObject\",\"inLanguage\":\"en-US\",\"@id\":\"https:\/\/shop.comterra.eu\/#\/schema\/logo\/image\/\",\"url\":\"https:\/\/shop.comterra.eu\/wp-content\/uploads\/2019\/12\/cropped-logo.png\",\"contentUrl\":\"https:\/\/shop.comterra.eu\/wp-content\/uploads\/2019\/12\/cropped-logo.png\",\"width\":379,\"height\":89,\"caption\":\"ComTerra\"},\"image\":{\"@id\":\"https:\/\/shop.comterra.eu\/#\/schema\/logo\/image\/\"},\"sameAs\":[\"https:\/\/www.youtube.com\/channel\/UCn4vG_rMnFID5Hg_ooZKieg\",\"https:\/\/web.facebook.com\/ComTerraEU\"]}]}<\/script>\n<!-- \/ Yoast SEO plugin. -->","yoast_head_json":{"title":"Gummipads f\u00fcr Stahlketten-Laufwerke RP400-135-B1 - Bolt-on - Neuson 6003 - ComTerra Gummipads f\u00fcr Stahlketten-Laufwerke RP400-135-B1 - Bolt-on - Neuson 6003","description":"Gumena za\u0161tita, Papu\u010de za gusjenice, Rezervni dijelovi, Spare parts, AMMAN, ALLAT, ABG, BARBER GREENE, BITELLI, BOMAG, CATERPILLAR, DEMAG, DYNAPAC, FURUKAWA, GILCREST, GOMACO, HANTA, MARINI, MBU SAKAI, VERMEER, VOGELE, VOLVO, WIRTGE","robots":{"index":"noindex","follow":"follow","max-snippet":"max-snippet:-1","max-image-preview":"max-image-preview:large","max-video-preview":"max-video-preview:-1"},"og_locale":"en_US","og_type":"article","og_title":"Gummipads f\u00fcr Stahlketten-Laufwerke RP400-135-B1 - Bolt-on - Neuson 6003 - ComTerra Gummipads f\u00fcr Stahlketten-Laufwerke RP400-135-B1 - Bolt-on - Neuson 6003","og_description":"Gumena za\u0161tita, Papu\u010de za gusjenice, Rezervni dijelovi, Spare parts, AMMAN, ALLAT, ABG, BARBER GREENE, BITELLI, BOMAG, CATERPILLAR, DEMAG, DYNAPAC, FURUKAWA, GILCREST, GOMACO, HANTA, MARINI, MBU SAKAI, VERMEER, VOGELE, VOLVO, WIRTGE","og_url":"https:\/\/shop.comterra.eu\/en\/p\/gummipads-fuer-stahlketten-laufwerke-rp400-135-b1-bolt-on-neuson-6003\/","og_site_name":"ComTerra","article_publisher":"https:\/\/web.facebook.com\/ComTerraEU","article_modified_time":"2022-11-04T13:38:13+00:00","og_image":[{"width":1024,"height":768,"url":"https:\/\/shop.comterra.eu\/wp-content\/uploads\/2021\/10\/Bolt-on-papuce-za-gusjenice-za-bager-neuson-6003-3-1024-X-768_.jpg","type":"image\/jpeg"}],"twitter_card":"summary_large_image","twitter_misc":{"Est. reading time":"1 minute"},"schema":{"@context":"https:\/\/schema.org","@graph":[{"@type":"WebPage","@id":"https:\/\/shop.comterra.eu\/p\/gummipads-fuer-stahlketten-laufwerke-rp400-135-b1-bolt-on-neuson-6003\/","url":"https:\/\/shop.comterra.eu\/p\/gummipads-fuer-stahlketten-laufwerke-rp400-135-b1-bolt-on-neuson-6003\/","name":"Gummipads f\u00fcr Stahlketten-Laufwerke RP400-135-B1 - Bolt-on - Neuson 6003 - ComTerra Gummipads f\u00fcr Stahlketten-Laufwerke RP400-135-B1 - Bolt-on - Neuson 6003","isPartOf":{"@id":"https:\/\/shop.comterra.eu\/#website"},"datePublished":"2021-10-05T13:02:57+00:00","dateModified":"2022-11-04T13:38:13+00:00","description":"Gumena za\u0161tita, Papu\u010de za gusjenice, Rezervni dijelovi, Spare parts, AMMAN, ALLAT, ABG, BARBER GREENE, BITELLI, BOMAG, CATERPILLAR, DEMAG, DYNAPAC, FURUKAWA, GILCREST, GOMACO, HANTA, MARINI, MBU SAKAI, VERMEER, VOGELE, VOLVO, WIRTGE","breadcrumb":{"@id":"https:\/\/shop.comterra.eu\/p\/gummipads-fuer-stahlketten-laufwerke-rp400-135-b1-bolt-on-neuson-6003\/#breadcrumb"},"inLanguage":"en-US","potentialAction":[{"@type":"ReadAction","target":["https:\/\/shop.comterra.eu\/p\/gummipads-fuer-stahlketten-laufwerke-rp400-135-b1-bolt-on-neuson-6003\/"]}]},{"@type":"BreadcrumbList","@id":"https:\/\/shop.comterra.eu\/p\/gummipads-fuer-stahlketten-laufwerke-rp400-135-b1-bolt-on-neuson-6003\/#breadcrumb","itemListElement":[{"@type":"ListItem","position":1,"name":"ComTerra SHOP &#8211; Willkommen","item":"https:\/\/shop.comterra.eu\/"},{"@type":"ListItem","position":2,"name":"Gummipads f\u00fcr Stahlketten-Laufwerke RP400-135-B1 &#8211; Bolt-on &#8211; Neuson 6003"}]},{"@type":"WebSite","@id":"https:\/\/shop.comterra.eu\/#website","url":"https:\/\/shop.comterra.eu\/","name":"ComTerra","description":"","publisher":{"@id":"https:\/\/shop.comterra.eu\/#organization"},"potentialAction":[{"@type":"SearchAction","target":{"@type":"EntryPoint","urlTemplate":"https:\/\/shop.comterra.eu\/?s={search_term_string}"},"query-input":"required name=search_term_string"}],"inLanguage":"en-US"},{"@type":"Organization","@id":"https:\/\/shop.comterra.eu\/#organization","name":"ComTerra","url":"https:\/\/shop.comterra.eu\/","logo":{"@type":"ImageObject","inLanguage":"en-US","@id":"https:\/\/shop.comterra.eu\/#\/schema\/logo\/image\/","url":"https:\/\/shop.comterra.eu\/wp-content\/uploads\/2019\/12\/cropped-logo.png","contentUrl":"https:\/\/shop.comterra.eu\/wp-content\/uploads\/2019\/12\/cropped-logo.png","width":379,"height":89,"caption":"ComTerra"},"image":{"@id":"https:\/\/shop.comterra.eu\/#\/schema\/logo\/image\/"},"sameAs":["https:\/\/www.youtube.com\/channel\/UCn4vG_rMnFID5Hg_ooZKieg","https:\/\/web.facebook.com\/ComTerraEU"]}]}},"_links":{"self":[{"href":"https:\/\/shop.comterra.eu\/en\/wp-json\/wp\/v2\/product\/6403"}],"collection":[{"href":"https:\/\/shop.comterra.eu\/en\/wp-json\/wp\/v2\/product"}],"about":[{"href":"https:\/\/shop.comterra.eu\/en\/wp-json\/wp\/v2\/types\/product"}],"wp:featuredmedia":[{"embeddable":true,"href":"https:\/\/shop.comterra.eu\/en\/wp-json\/wp\/v2\/media\/6405"}],"wp:attachment":[{"href":"https:\/\/shop.comterra.eu\/en\/wp-json\/wp\/v2\/media?parent=6403"}],"wp:term":[{"taxonomy":"product_cat","embeddable":true,"href":"https:\/\/shop.comterra.eu\/en\/wp-json\/wp\/v2\/product_cat?post=6403"},{"taxonomy":"product_tag","embeddable":true,"href":"https:\/\/shop.comterra.eu\/en\/wp-json\/wp\/v2\/product_tag?post=6403"}],"curies":[{"name":"wp","href":"https:\/\/api.w.org\/{rel}","templated":true}]}}