{"id":6347,"date":"2021-10-04T13:20:17","date_gmt":"2021-10-04T13:20:17","guid":{"rendered":"https:\/\/shop.comterra.eu\/?post_type=product&#038;p=6347"},"modified":"2022-10-27T11:08:33","modified_gmt":"2022-10-27T11:08:33","slug":"metallklemmen-verzinkt-verschluesse-fuer-umreifungsband-13mm-35mm-pocincane","status":"publish","type":"product","link":"https:\/\/shop.comterra.eu\/en\/p\/metallklemmen-verzinkt-verschluesse-fuer-umreifungsband-13mm-35mm-pocincane\/","title":{"rendered":"Metallklemmen verzinkt &#8211; Verschl\u00fcsse f\u00fcr Umreifungsband 13mm &#8211; 35mm &#8211; Pocin\u010dane"},"content":{"rendered":"<p>Metalne kop\u010de brzo se i jednostavno koriste, apsorbiraju trzaje i ne otpu\u0161taju.<br \/>\nLako se pri\u010dvrste rukom ili pomo\u0107u zateza\u0107a. Ne o\u0161te\u0107uju teret i ne hr\u0111aju.<\/p>\n<p>Isporu\u010dujemo cijeli niz dodatne opreme za trake: kop\u010de, veza\u010di traka, podlo\u017eci ispod trake, nateza\u010di!<\/p>\n<table id=\"tablepress-160\" class=\"tablepress tablepress-id-160 dataTable no-footer\" role=\"grid\">\n<thead>\n<tr class=\"row-1 odd\" role=\"row\">\n<th class=\"column-1 sorting_disabled\" colspan=\"1\" rowspan=\"1\">Broj artikla<\/th>\n<th class=\"column-2 sorting_disabled\" colspan=\"1\" rowspan=\"1\" width=\"120px\">Tip<\/th>\n<th class=\"column-3 sorting_disabled\" colspan=\"1\" rowspan=\"1\">\u0160irina<\/th>\n<th class=\"column-3 sorting_disabled\" colspan=\"1\" rowspan=\"1\">\u00d8 trake<br \/>\nmm<\/th>\n<th class=\"column-4 sorting_disabled\" colspan=\"1\" rowspan=\"1\" width=\"100px\">Vrsta trake \/<\/p>\n<p>privezivanja<\/th>\n<th class=\"column-5 sorting_disabled\" colspan=\"1\" rowspan=\"1\">Pakiranje<\/th>\n<\/tr>\n<\/thead>\n<tbody class=\"row-hover\">\n<tr class=\"row-2 even\">\n<td class=\"column-1\">0410001<\/td>\n<td class=\"column-2\">B4<\/td>\n<td class=\"column-3\">13 mm<\/td>\n<td class=\"column-3\">3,2 mm<\/td>\n<td class=\"column-4\">GW 40 KF<br \/>\nGW 40 HM<\/td>\n<td class=\"column-5\">1000 kom<\/td>\n<\/tr>\n<tr class=\"row-3 odd\">\n<td class=\"column-1\">0410002<\/td>\n<td class=\"column-2\">B5<\/td>\n<td class=\"column-3\">16 mm<\/td>\n<td class=\"column-3\">3,5 mm<\/td>\n<td class=\"column-4\">GW 50 KF<br \/>\nGW 55 KF<br \/>\nGW 50 HM<br \/>\nGW 55 HM<\/td>\n<td class=\"column-5\">1000 kom<\/td>\n<\/tr>\n<tr class=\"row-2 even\">\n<td class=\"column-1\">0410003<\/td>\n<td class=\"column-2\">B6<\/td>\n<td class=\"column-3\">19 mm<\/td>\n<td class=\"column-3\">4 mm<\/td>\n<td class=\"column-4\">GW 60 KF<br \/>\nGW 65 KF<br \/>\nGW 60 HM<br \/>\nGW 65 HM<\/td>\n<td class=\"column-5\">1000 kom<\/td>\n<\/tr>\n<tr class=\"row-3 odd\">\n<td class=\"column-1\">0410005<\/td>\n<td class=\"column-2\">B8<\/td>\n<td class=\"column-3\">25 mm<\/td>\n<td class=\"column-3\">5 mm<\/td>\n<td class=\"column-4\">GW 85 KF<br \/>\nGW 86 KF<br \/>\nGW 85 HM<\/td>\n<td class=\"column-5\">500 kom<\/td>\n<\/tr>\n<tr class=\"row-2 even\">\n<td class=\"column-1\">0410007<\/td>\n<td class=\"column-2\">B10<\/td>\n<td class=\"column-3\">35 mm<\/td>\n<td class=\"column-3\">7 mm<\/td>\n<td class=\"column-4\">GW 105 KF8<br \/>\nGW 95 HM<br \/>\nGW 105 HM<\/td>\n<td class=\"column-5\">250 kom<\/td>\n<\/tr>\n<\/tbody>\n<\/table>\n<p>&nbsp;<\/p>","protected":false},"excerpt":{"rendered":"<p>Pocin\u010dane (13mm &#8211; 35mm)<\/p>","protected":false},"featured_media":6352,"template":"","meta":[],"product_cat":[276,23],"product_tag":[],"yoast_head":"<!-- This site is optimized with the Yoast SEO plugin v20.0 - https:\/\/yoast.com\/wordpress\/plugins\/seo\/ -->\n<title>Metallklemmen verzinkt - Verschl\u00fcsse f\u00fcr Umreifungsband 13mm - 35mm - Pocin\u010dane - ComTerra<\/title>\n<meta name=\"description\" content=\"Kop\u010da za traku za pakiranje pri\u010dvr\u0161\u0107uje se rukom ili pomo\u0107u priteza\u010da. Jednostavna za kori\u0161tenje. Sigurna dostava na Va\u0161e skladi\u0161te!\" \/>\n<meta name=\"robots\" content=\"noindex, follow, max-snippet:-1, max-image-preview:large, max-video-preview:-1\" \/>\n<meta property=\"og:locale\" content=\"en_US\" \/>\n<meta property=\"og:type\" content=\"article\" \/>\n<meta property=\"og:title\" content=\"Metallklemmen verzinkt - Verschl\u00fcsse f\u00fcr Umreifungsband 13mm - 35mm - Pocin\u010dane - ComTerra\" \/>\n<meta property=\"og:description\" content=\"Kop\u010da za traku za pakiranje pri\u010dvr\u0161\u0107uje se rukom ili pomo\u0107u priteza\u010da. Jednostavna za kori\u0161tenje. Sigurna dostava na Va\u0161e skladi\u0161te!\" \/>\n<meta property=\"og:url\" content=\"https:\/\/shop.comterra.eu\/en\/p\/metallklemmen-verzinkt-verschluesse-fuer-umreifungsband-13mm-35mm-pocincane\/\" \/>\n<meta property=\"og:site_name\" content=\"ComTerra\" \/>\n<meta property=\"article:publisher\" content=\"https:\/\/web.facebook.com\/ComTerraEU\" \/>\n<meta property=\"article:modified_time\" content=\"2022-10-27T11:08:33+00:00\" \/>\n<meta property=\"og:image\" content=\"https:\/\/shop.comterra.eu\/wp-content\/uploads\/2021\/10\/CTGW-Spojnica-za-PES-textil-traku-Pocincana-1024-X-768.jpg\" \/>\n\t<meta property=\"og:image:width\" content=\"1024\" \/>\n\t<meta property=\"og:image:height\" content=\"768\" \/>\n\t<meta property=\"og:image:type\" content=\"image\/jpeg\" \/>\n<meta name=\"twitter:card\" content=\"summary_large_image\" \/>\n<meta name=\"twitter:label1\" content=\"Est. reading time\" \/>\n\t<meta name=\"twitter:data1\" content=\"1 minute\" \/>\n<script type=\"application\/ld+json\" class=\"yoast-schema-graph\">{\"@context\":\"https:\/\/schema.org\",\"@graph\":[{\"@type\":\"WebPage\",\"@id\":\"https:\/\/shop.comterra.eu\/p\/metallklemmen-verzinkt-verschluesse-fuer-umreifungsband-13mm-35mm-pocincane\/\",\"url\":\"https:\/\/shop.comterra.eu\/p\/metallklemmen-verzinkt-verschluesse-fuer-umreifungsband-13mm-35mm-pocincane\/\",\"name\":\"Metallklemmen verzinkt - Verschl\u00fcsse f\u00fcr Umreifungsband 13mm - 35mm - Pocin\u010dane - ComTerra\",\"isPartOf\":{\"@id\":\"https:\/\/shop.comterra.eu\/#website\"},\"datePublished\":\"2021-10-04T13:20:17+00:00\",\"dateModified\":\"2022-10-27T11:08:33+00:00\",\"description\":\"Kop\u010da za traku za pakiranje pri\u010dvr\u0161\u0107uje se rukom ili pomo\u0107u priteza\u010da. Jednostavna za kori\u0161tenje. Sigurna dostava na Va\u0161e skladi\u0161te!\",\"breadcrumb\":{\"@id\":\"https:\/\/shop.comterra.eu\/p\/metallklemmen-verzinkt-verschluesse-fuer-umreifungsband-13mm-35mm-pocincane\/#breadcrumb\"},\"inLanguage\":\"en-US\",\"potentialAction\":[{\"@type\":\"ReadAction\",\"target\":[\"https:\/\/shop.comterra.eu\/p\/metallklemmen-verzinkt-verschluesse-fuer-umreifungsband-13mm-35mm-pocincane\/\"]}]},{\"@type\":\"BreadcrumbList\",\"@id\":\"https:\/\/shop.comterra.eu\/p\/metallklemmen-verzinkt-verschluesse-fuer-umreifungsband-13mm-35mm-pocincane\/#breadcrumb\",\"itemListElement\":[{\"@type\":\"ListItem\",\"position\":1,\"name\":\"ComTerra SHOP &#8211; Willkommen\",\"item\":\"https:\/\/shop.comterra.eu\/\"},{\"@type\":\"ListItem\",\"position\":2,\"name\":\"Metallklemmen verzinkt &#8211; Verschl\u00fcsse f\u00fcr Umreifungsband 13mm &#8211; 35mm &#8211; Pocin\u010dane\"}]},{\"@type\":\"WebSite\",\"@id\":\"https:\/\/shop.comterra.eu\/#website\",\"url\":\"https:\/\/shop.comterra.eu\/\",\"name\":\"ComTerra\",\"description\":\"\",\"publisher\":{\"@id\":\"https:\/\/shop.comterra.eu\/#organization\"},\"potentialAction\":[{\"@type\":\"SearchAction\",\"target\":{\"@type\":\"EntryPoint\",\"urlTemplate\":\"https:\/\/shop.comterra.eu\/?s={search_term_string}\"},\"query-input\":\"required name=search_term_string\"}],\"inLanguage\":\"en-US\"},{\"@type\":\"Organization\",\"@id\":\"https:\/\/shop.comterra.eu\/#organization\",\"name\":\"ComTerra\",\"url\":\"https:\/\/shop.comterra.eu\/\",\"logo\":{\"@type\":\"ImageObject\",\"inLanguage\":\"en-US\",\"@id\":\"https:\/\/shop.comterra.eu\/#\/schema\/logo\/image\/\",\"url\":\"https:\/\/shop.comterra.eu\/wp-content\/uploads\/2019\/12\/cropped-logo.png\",\"contentUrl\":\"https:\/\/shop.comterra.eu\/wp-content\/uploads\/2019\/12\/cropped-logo.png\",\"width\":379,\"height\":89,\"caption\":\"ComTerra\"},\"image\":{\"@id\":\"https:\/\/shop.comterra.eu\/#\/schema\/logo\/image\/\"},\"sameAs\":[\"https:\/\/www.youtube.com\/channel\/UCn4vG_rMnFID5Hg_ooZKieg\",\"https:\/\/web.facebook.com\/ComTerraEU\"]}]}<\/script>\n<!-- \/ Yoast SEO plugin. -->","yoast_head_json":{"title":"Metallklemmen verzinkt - Verschl\u00fcsse f\u00fcr Umreifungsband 13mm - 35mm - Pocin\u010dane - ComTerra","description":"Kop\u010da za traku za pakiranje pri\u010dvr\u0161\u0107uje se rukom ili pomo\u0107u priteza\u010da. Jednostavna za kori\u0161tenje. Sigurna dostava na Va\u0161e skladi\u0161te!","robots":{"index":"noindex","follow":"follow","max-snippet":"max-snippet:-1","max-image-preview":"max-image-preview:large","max-video-preview":"max-video-preview:-1"},"og_locale":"en_US","og_type":"article","og_title":"Metallklemmen verzinkt - Verschl\u00fcsse f\u00fcr Umreifungsband 13mm - 35mm - Pocin\u010dane - ComTerra","og_description":"Kop\u010da za traku za pakiranje pri\u010dvr\u0161\u0107uje se rukom ili pomo\u0107u priteza\u010da. Jednostavna za kori\u0161tenje. Sigurna dostava na Va\u0161e skladi\u0161te!","og_url":"https:\/\/shop.comterra.eu\/en\/p\/metallklemmen-verzinkt-verschluesse-fuer-umreifungsband-13mm-35mm-pocincane\/","og_site_name":"ComTerra","article_publisher":"https:\/\/web.facebook.com\/ComTerraEU","article_modified_time":"2022-10-27T11:08:33+00:00","og_image":[{"width":1024,"height":768,"url":"https:\/\/shop.comterra.eu\/wp-content\/uploads\/2021\/10\/CTGW-Spojnica-za-PES-textil-traku-Pocincana-1024-X-768.jpg","type":"image\/jpeg"}],"twitter_card":"summary_large_image","twitter_misc":{"Est. reading time":"1 minute"},"schema":{"@context":"https:\/\/schema.org","@graph":[{"@type":"WebPage","@id":"https:\/\/shop.comterra.eu\/p\/metallklemmen-verzinkt-verschluesse-fuer-umreifungsband-13mm-35mm-pocincane\/","url":"https:\/\/shop.comterra.eu\/p\/metallklemmen-verzinkt-verschluesse-fuer-umreifungsband-13mm-35mm-pocincane\/","name":"Metallklemmen verzinkt - Verschl\u00fcsse f\u00fcr Umreifungsband 13mm - 35mm - Pocin\u010dane - ComTerra","isPartOf":{"@id":"https:\/\/shop.comterra.eu\/#website"},"datePublished":"2021-10-04T13:20:17+00:00","dateModified":"2022-10-27T11:08:33+00:00","description":"Kop\u010da za traku za pakiranje pri\u010dvr\u0161\u0107uje se rukom ili pomo\u0107u priteza\u010da. Jednostavna za kori\u0161tenje. Sigurna dostava na Va\u0161e skladi\u0161te!","breadcrumb":{"@id":"https:\/\/shop.comterra.eu\/p\/metallklemmen-verzinkt-verschluesse-fuer-umreifungsband-13mm-35mm-pocincane\/#breadcrumb"},"inLanguage":"en-US","potentialAction":[{"@type":"ReadAction","target":["https:\/\/shop.comterra.eu\/p\/metallklemmen-verzinkt-verschluesse-fuer-umreifungsband-13mm-35mm-pocincane\/"]}]},{"@type":"BreadcrumbList","@id":"https:\/\/shop.comterra.eu\/p\/metallklemmen-verzinkt-verschluesse-fuer-umreifungsband-13mm-35mm-pocincane\/#breadcrumb","itemListElement":[{"@type":"ListItem","position":1,"name":"ComTerra SHOP &#8211; Willkommen","item":"https:\/\/shop.comterra.eu\/"},{"@type":"ListItem","position":2,"name":"Metallklemmen verzinkt &#8211; Verschl\u00fcsse f\u00fcr Umreifungsband 13mm &#8211; 35mm &#8211; Pocin\u010dane"}]},{"@type":"WebSite","@id":"https:\/\/shop.comterra.eu\/#website","url":"https:\/\/shop.comterra.eu\/","name":"ComTerra","description":"","publisher":{"@id":"https:\/\/shop.comterra.eu\/#organization"},"potentialAction":[{"@type":"SearchAction","target":{"@type":"EntryPoint","urlTemplate":"https:\/\/shop.comterra.eu\/?s={search_term_string}"},"query-input":"required name=search_term_string"}],"inLanguage":"en-US"},{"@type":"Organization","@id":"https:\/\/shop.comterra.eu\/#organization","name":"ComTerra","url":"https:\/\/shop.comterra.eu\/","logo":{"@type":"ImageObject","inLanguage":"en-US","@id":"https:\/\/shop.comterra.eu\/#\/schema\/logo\/image\/","url":"https:\/\/shop.comterra.eu\/wp-content\/uploads\/2019\/12\/cropped-logo.png","contentUrl":"https:\/\/shop.comterra.eu\/wp-content\/uploads\/2019\/12\/cropped-logo.png","width":379,"height":89,"caption":"ComTerra"},"image":{"@id":"https:\/\/shop.comterra.eu\/#\/schema\/logo\/image\/"},"sameAs":["https:\/\/www.youtube.com\/channel\/UCn4vG_rMnFID5Hg_ooZKieg","https:\/\/web.facebook.com\/ComTerraEU"]}]}},"_links":{"self":[{"href":"https:\/\/shop.comterra.eu\/en\/wp-json\/wp\/v2\/product\/6347"}],"collection":[{"href":"https:\/\/shop.comterra.eu\/en\/wp-json\/wp\/v2\/product"}],"about":[{"href":"https:\/\/shop.comterra.eu\/en\/wp-json\/wp\/v2\/types\/product"}],"wp:featuredmedia":[{"embeddable":true,"href":"https:\/\/shop.comterra.eu\/en\/wp-json\/wp\/v2\/media\/6352"}],"wp:attachment":[{"href":"https:\/\/shop.comterra.eu\/en\/wp-json\/wp\/v2\/media?parent=6347"}],"wp:term":[{"taxonomy":"product_cat","embeddable":true,"href":"https:\/\/shop.comterra.eu\/en\/wp-json\/wp\/v2\/product_cat?post=6347"},{"taxonomy":"product_tag","embeddable":true,"href":"https:\/\/shop.comterra.eu\/en\/wp-json\/wp\/v2\/product_tag?post=6347"}],"curies":[{"name":"wp","href":"https:\/\/api.w.org\/{rel}","templated":true}]}}