{"id":6338,"date":"2021-10-04T12:51:59","date_gmt":"2021-10-04T12:51:59","guid":{"rendered":"https:\/\/shop.comterra.eu\/?post_type=product&#038;p=6338"},"modified":"2022-10-27T11:11:05","modified_gmt":"2022-10-27T11:11:05","slug":"umreifungsband-pes-gewebt-13mm-16mm-19mm-25mm","status":"publish","type":"product","link":"https:\/\/shop.comterra.eu\/en\/p\/umreifungsband-pes-gewebt-13mm-16mm-19mm-25mm\/","title":{"rendered":"Umreifungsband PES gewebt 13mm &#8211; 16mm &#8211; 19mm &#8211; 25mm"},"content":{"rendered":"<p>Traka za pakiranje visoke \u010dvrsto\u010de. Elasti\u010dna, fleksibilna i bez o\u0161trih rubova. Ne otpu\u0161ta &#8211; ima visoku zadr\u017enu napetost. Apsorbira trzaje, ne o\u0161te\u0107uje teret i ne hr\u0111a.<\/p>\n<p>Traka je otporna na te\u0161ke vremenske uvjete i UV zrake. Ne hr\u0111a, otporna je na kemikalije, te je jednostavna za kori\u0161tenje.<\/p>\n<ul>\n<li>vrlo \u010dvrste trake<\/li>\n<li>visoka toplinska otpornost<\/li>\n<li>otporno na koroziju<\/li>\n<li>ekolo\u0161ko tekstilna zamjena za \u010deli\u010dne trake<\/li>\n<li>ne o\u0161te\u0107uje povr\u0161inu (lak) zbog svoje mekane povr\u0161inske obrade<\/li>\n<li>ne o\u0161te\u0107uje kota\u010de na vili\u010daru<\/li>\n<li>iznimna elasti\u010dna svojstva deformacije prilikom prijevoza<\/li>\n<li>Idealna za pakiranje kutija, vre\u010da, ba\u010dvi, cijevi, strojeva i opreme<\/li>\n<\/ul>\n<p>Isporu\u010dujemo cijeli niz dodatne opreme za trake: kop\u010de, veza\u010di traka, podlo\u017eci ispod trake, nateza\u010di!<\/p>\n<p>Hot melt &#8211; toplo lijepljena poliesterska traka<\/p>\n<table id=\"tablepress-160\" class=\"tablepress tablepress-id-160 dataTable no-footer\" role=\"grid\">\n<thead>\n<tr class=\"row-1 odd\" role=\"row\">\n<th class=\"column-1 sorting_disabled\" colspan=\"1\" rowspan=\"1\">Broj artikla<\/th>\n<th class=\"column-2 sorting_disabled\" colspan=\"1\" rowspan=\"1\" width=\"120px\">Tip<\/th>\n<th class=\"column-3 sorting_disabled\" colspan=\"1\" rowspan=\"1\">\u0160irina<\/th>\n<th class=\"column-4 sorting_disabled\" colspan=\"1\" rowspan=\"1\" width=\"100px\">Prekidna \u010dvrsto\u010da (daN)<\/th>\n<th class=\"column-5 sorting_disabled\" colspan=\"1\" rowspan=\"1\">Du\u017eina<\/th>\n<\/tr>\n<\/thead>\n<tbody class=\"row-hover\">\n<tr class=\"row-2 even\">\n<td class=\"column-1\">0230001<\/td>\n<td class=\"column-2\">GW 40 HM<\/td>\n<td class=\"column-3\">13 mm<\/td>\n<td class=\"column-4\">375 Kg<\/td>\n<td class=\"column-5\">1100 m<\/td>\n<\/tr>\n<tr class=\"row-3 odd\">\n<td class=\"column-1\">0230002<\/td>\n<td class=\"column-2\">GW 50 HM<\/td>\n<td class=\"column-3\">16 mm<\/td>\n<td class=\"column-4\">450 Kg<\/td>\n<td class=\"column-5\">850 m<\/td>\n<\/tr>\n<tr class=\"row-2 even\">\n<td class=\"column-1\">0230003<\/td>\n<td class=\"column-2\">GW 55 HM<\/td>\n<td class=\"column-3\">16 mm<\/td>\n<td class=\"column-4\">600 Kg<\/td>\n<td class=\"column-5\">600 m<\/td>\n<\/tr>\n<tr class=\"row-3 odd\">\n<td class=\"column-1\">0230004<\/td>\n<td class=\"column-2\">GW 60 HM<\/td>\n<td class=\"column-3\">19 mm<\/td>\n<td class=\"column-4\">550 Kg<\/td>\n<td class=\"column-5\">600 m<\/td>\n<\/tr>\n<tr class=\"row-2 even\">\n<td class=\"column-1\">0230005<\/td>\n<td class=\"column-2\">GW 65 HM<\/td>\n<td class=\"column-3\">19 mm<\/td>\n<td class=\"column-4\">725 Kg<\/td>\n<td class=\"column-5\">500 m<\/td>\n<\/tr>\n<tr class=\"row-3 odd\">\n<td class=\"column-1\">0230006<\/td>\n<td class=\"column-2\">GW 85 HM<\/td>\n<td class=\"column-3\">25 mm<\/td>\n<td class=\"column-4\">950 Kg<\/td>\n<td class=\"column-5\">500 m<\/td>\n<\/tr>\n<\/tbody>\n<\/table>\n<p>&nbsp;<\/p>","protected":false},"excerpt":{"rendered":"<p>Hot Melt (13mm &#8211; 25mm)<\/p>","protected":false},"featured_media":8020,"template":"","meta":[],"product_cat":[276,23],"product_tag":[],"yoast_head":"<!-- This site is optimized with the Yoast SEO plugin v20.0 - https:\/\/yoast.com\/wordpress\/plugins\/seo\/ -->\n<title>Umreifungsband PES gewebt 13mm - 16mm - 19mm - 25mm - ComTerra<\/title>\n<meta name=\"description\" content=\"Traka za pakiranje visoke \u010dvrsto\u010de. Elasti\u010dna, fleksibilna i bez o\u0161trih rubova. Jednostavna za kori\u0161tenje. Sigurna dostava na Va\u0161e skladi\u0161te!\" \/>\n<meta name=\"robots\" content=\"noindex, follow, max-snippet:-1, max-image-preview:large, max-video-preview:-1\" \/>\n<meta property=\"og:locale\" content=\"en_US\" \/>\n<meta property=\"og:type\" content=\"article\" \/>\n<meta property=\"og:title\" content=\"Umreifungsband PES gewebt 13mm - 16mm - 19mm - 25mm - ComTerra\" \/>\n<meta property=\"og:description\" content=\"Traka za pakiranje visoke \u010dvrsto\u010de. Elasti\u010dna, fleksibilna i bez o\u0161trih rubova. Jednostavna za kori\u0161tenje. Sigurna dostava na Va\u0161e skladi\u0161te!\" \/>\n<meta property=\"og:url\" content=\"https:\/\/shop.comterra.eu\/en\/p\/umreifungsband-pes-gewebt-13mm-16mm-19mm-25mm\/\" \/>\n<meta property=\"og:site_name\" content=\"ComTerra\" \/>\n<meta property=\"article:publisher\" content=\"https:\/\/web.facebook.com\/ComTerraEU\" \/>\n<meta property=\"article:modified_time\" content=\"2022-10-27T11:11:05+00:00\" \/>\n<meta property=\"og:image\" content=\"https:\/\/shop.comterra.eu\/wp-content\/uploads\/2021\/10\/Traka-za-pakiranje.jpg\" \/>\n\t<meta property=\"og:image:width\" content=\"1024\" \/>\n\t<meta property=\"og:image:height\" content=\"768\" \/>\n\t<meta property=\"og:image:type\" content=\"image\/jpeg\" \/>\n<meta name=\"twitter:card\" content=\"summary_large_image\" \/>\n<meta name=\"twitter:label1\" content=\"Est. reading time\" \/>\n\t<meta name=\"twitter:data1\" content=\"1 minute\" \/>\n<script type=\"application\/ld+json\" class=\"yoast-schema-graph\">{\"@context\":\"https:\/\/schema.org\",\"@graph\":[{\"@type\":\"WebPage\",\"@id\":\"https:\/\/shop.comterra.eu\/p\/umreifungsband-pes-gewebt-13mm-16mm-19mm-25mm\/\",\"url\":\"https:\/\/shop.comterra.eu\/p\/umreifungsband-pes-gewebt-13mm-16mm-19mm-25mm\/\",\"name\":\"Umreifungsband PES gewebt 13mm - 16mm - 19mm - 25mm - ComTerra\",\"isPartOf\":{\"@id\":\"https:\/\/shop.comterra.eu\/#website\"},\"datePublished\":\"2021-10-04T12:51:59+00:00\",\"dateModified\":\"2022-10-27T11:11:05+00:00\",\"description\":\"Traka za pakiranje visoke \u010dvrsto\u010de. Elasti\u010dna, fleksibilna i bez o\u0161trih rubova. Jednostavna za kori\u0161tenje. Sigurna dostava na Va\u0161e skladi\u0161te!\",\"breadcrumb\":{\"@id\":\"https:\/\/shop.comterra.eu\/p\/umreifungsband-pes-gewebt-13mm-16mm-19mm-25mm\/#breadcrumb\"},\"inLanguage\":\"en-US\",\"potentialAction\":[{\"@type\":\"ReadAction\",\"target\":[\"https:\/\/shop.comterra.eu\/p\/umreifungsband-pes-gewebt-13mm-16mm-19mm-25mm\/\"]}]},{\"@type\":\"BreadcrumbList\",\"@id\":\"https:\/\/shop.comterra.eu\/p\/umreifungsband-pes-gewebt-13mm-16mm-19mm-25mm\/#breadcrumb\",\"itemListElement\":[{\"@type\":\"ListItem\",\"position\":1,\"name\":\"ComTerra SHOP &#8211; Willkommen\",\"item\":\"https:\/\/shop.comterra.eu\/\"},{\"@type\":\"ListItem\",\"position\":2,\"name\":\"Umreifungsband PES gewebt 13mm &#8211; 16mm &#8211; 19mm &#8211; 25mm\"}]},{\"@type\":\"WebSite\",\"@id\":\"https:\/\/shop.comterra.eu\/#website\",\"url\":\"https:\/\/shop.comterra.eu\/\",\"name\":\"ComTerra\",\"description\":\"\",\"publisher\":{\"@id\":\"https:\/\/shop.comterra.eu\/#organization\"},\"potentialAction\":[{\"@type\":\"SearchAction\",\"target\":{\"@type\":\"EntryPoint\",\"urlTemplate\":\"https:\/\/shop.comterra.eu\/?s={search_term_string}\"},\"query-input\":\"required name=search_term_string\"}],\"inLanguage\":\"en-US\"},{\"@type\":\"Organization\",\"@id\":\"https:\/\/shop.comterra.eu\/#organization\",\"name\":\"ComTerra\",\"url\":\"https:\/\/shop.comterra.eu\/\",\"logo\":{\"@type\":\"ImageObject\",\"inLanguage\":\"en-US\",\"@id\":\"https:\/\/shop.comterra.eu\/#\/schema\/logo\/image\/\",\"url\":\"https:\/\/shop.comterra.eu\/wp-content\/uploads\/2019\/12\/cropped-logo.png\",\"contentUrl\":\"https:\/\/shop.comterra.eu\/wp-content\/uploads\/2019\/12\/cropped-logo.png\",\"width\":379,\"height\":89,\"caption\":\"ComTerra\"},\"image\":{\"@id\":\"https:\/\/shop.comterra.eu\/#\/schema\/logo\/image\/\"},\"sameAs\":[\"https:\/\/www.youtube.com\/channel\/UCn4vG_rMnFID5Hg_ooZKieg\",\"https:\/\/web.facebook.com\/ComTerraEU\"]}]}<\/script>\n<!-- \/ Yoast SEO plugin. -->","yoast_head_json":{"title":"Umreifungsband PES gewebt 13mm - 16mm - 19mm - 25mm - ComTerra","description":"Traka za pakiranje visoke \u010dvrsto\u010de. Elasti\u010dna, fleksibilna i bez o\u0161trih rubova. Jednostavna za kori\u0161tenje. Sigurna dostava na Va\u0161e skladi\u0161te!","robots":{"index":"noindex","follow":"follow","max-snippet":"max-snippet:-1","max-image-preview":"max-image-preview:large","max-video-preview":"max-video-preview:-1"},"og_locale":"en_US","og_type":"article","og_title":"Umreifungsband PES gewebt 13mm - 16mm - 19mm - 25mm - ComTerra","og_description":"Traka za pakiranje visoke \u010dvrsto\u010de. Elasti\u010dna, fleksibilna i bez o\u0161trih rubova. Jednostavna za kori\u0161tenje. Sigurna dostava na Va\u0161e skladi\u0161te!","og_url":"https:\/\/shop.comterra.eu\/en\/p\/umreifungsband-pes-gewebt-13mm-16mm-19mm-25mm\/","og_site_name":"ComTerra","article_publisher":"https:\/\/web.facebook.com\/ComTerraEU","article_modified_time":"2022-10-27T11:11:05+00:00","og_image":[{"width":1024,"height":768,"url":"https:\/\/shop.comterra.eu\/wp-content\/uploads\/2021\/10\/Traka-za-pakiranje.jpg","type":"image\/jpeg"}],"twitter_card":"summary_large_image","twitter_misc":{"Est. reading time":"1 minute"},"schema":{"@context":"https:\/\/schema.org","@graph":[{"@type":"WebPage","@id":"https:\/\/shop.comterra.eu\/p\/umreifungsband-pes-gewebt-13mm-16mm-19mm-25mm\/","url":"https:\/\/shop.comterra.eu\/p\/umreifungsband-pes-gewebt-13mm-16mm-19mm-25mm\/","name":"Umreifungsband PES gewebt 13mm - 16mm - 19mm - 25mm - ComTerra","isPartOf":{"@id":"https:\/\/shop.comterra.eu\/#website"},"datePublished":"2021-10-04T12:51:59+00:00","dateModified":"2022-10-27T11:11:05+00:00","description":"Traka za pakiranje visoke \u010dvrsto\u010de. Elasti\u010dna, fleksibilna i bez o\u0161trih rubova. Jednostavna za kori\u0161tenje. Sigurna dostava na Va\u0161e skladi\u0161te!","breadcrumb":{"@id":"https:\/\/shop.comterra.eu\/p\/umreifungsband-pes-gewebt-13mm-16mm-19mm-25mm\/#breadcrumb"},"inLanguage":"en-US","potentialAction":[{"@type":"ReadAction","target":["https:\/\/shop.comterra.eu\/p\/umreifungsband-pes-gewebt-13mm-16mm-19mm-25mm\/"]}]},{"@type":"BreadcrumbList","@id":"https:\/\/shop.comterra.eu\/p\/umreifungsband-pes-gewebt-13mm-16mm-19mm-25mm\/#breadcrumb","itemListElement":[{"@type":"ListItem","position":1,"name":"ComTerra SHOP &#8211; Willkommen","item":"https:\/\/shop.comterra.eu\/"},{"@type":"ListItem","position":2,"name":"Umreifungsband PES gewebt 13mm &#8211; 16mm &#8211; 19mm &#8211; 25mm"}]},{"@type":"WebSite","@id":"https:\/\/shop.comterra.eu\/#website","url":"https:\/\/shop.comterra.eu\/","name":"ComTerra","description":"","publisher":{"@id":"https:\/\/shop.comterra.eu\/#organization"},"potentialAction":[{"@type":"SearchAction","target":{"@type":"EntryPoint","urlTemplate":"https:\/\/shop.comterra.eu\/?s={search_term_string}"},"query-input":"required name=search_term_string"}],"inLanguage":"en-US"},{"@type":"Organization","@id":"https:\/\/shop.comterra.eu\/#organization","name":"ComTerra","url":"https:\/\/shop.comterra.eu\/","logo":{"@type":"ImageObject","inLanguage":"en-US","@id":"https:\/\/shop.comterra.eu\/#\/schema\/logo\/image\/","url":"https:\/\/shop.comterra.eu\/wp-content\/uploads\/2019\/12\/cropped-logo.png","contentUrl":"https:\/\/shop.comterra.eu\/wp-content\/uploads\/2019\/12\/cropped-logo.png","width":379,"height":89,"caption":"ComTerra"},"image":{"@id":"https:\/\/shop.comterra.eu\/#\/schema\/logo\/image\/"},"sameAs":["https:\/\/www.youtube.com\/channel\/UCn4vG_rMnFID5Hg_ooZKieg","https:\/\/web.facebook.com\/ComTerraEU"]}]}},"_links":{"self":[{"href":"https:\/\/shop.comterra.eu\/en\/wp-json\/wp\/v2\/product\/6338"}],"collection":[{"href":"https:\/\/shop.comterra.eu\/en\/wp-json\/wp\/v2\/product"}],"about":[{"href":"https:\/\/shop.comterra.eu\/en\/wp-json\/wp\/v2\/types\/product"}],"wp:featuredmedia":[{"embeddable":true,"href":"https:\/\/shop.comterra.eu\/en\/wp-json\/wp\/v2\/media\/8020"}],"wp:attachment":[{"href":"https:\/\/shop.comterra.eu\/en\/wp-json\/wp\/v2\/media?parent=6338"}],"wp:term":[{"taxonomy":"product_cat","embeddable":true,"href":"https:\/\/shop.comterra.eu\/en\/wp-json\/wp\/v2\/product_cat?post=6338"},{"taxonomy":"product_tag","embeddable":true,"href":"https:\/\/shop.comterra.eu\/en\/wp-json\/wp\/v2\/product_tag?post=6338"}],"curies":[{"name":"wp","href":"https:\/\/api.w.org\/{rel}","templated":true}]}}