{"id":6114,"date":"2021-09-30T09:36:32","date_gmt":"2021-09-30T09:36:32","guid":{"rendered":"https:\/\/shop.comterra.eu\/?post_type=product&#038;p=6114"},"modified":"2022-10-27T11:40:58","modified_gmt":"2022-10-27T11:40:58","slug":"thiele-verbindungsglieder-high10-xl-lok-twn-1820-din-en-1677-1","status":"publish","type":"product","link":"https:\/\/shop.comterra.eu\/en\/p\/thiele-verbindungsglieder-high10-xl-lok-twn-1820-din-en-1677-1\/","title":{"rendered":"THIELE Verbindungsglieder HIGH10 XL-LOK\u00ae TWN 1820 DIN EN 1677-1"},"content":{"rendered":"<p>TWN 1820<\/p>\n<p>XL-LOK\u00ae Spojnice prema THIELE tvorni\u010dkim standardima (TWN) dizajnirane su sa sigurno podizanje, premje\u0161tanje i preno\u0161enje tereta. Radno optere\u010denje (WLL) i zahtjevi proizvoda temeljeni su na EN 1677-1, uzimaju\u0107i u obzir 25% ve\u0107e radno optere\u0107enje. Rezervni dijelovi dostupni su prema TWN 1921.<\/p>\n<p>100%\u00a0 Magnetsko ispitivanje pucanja<\/p>\n<p>DGUV &#8211; odobreno<\/p>\n<table>\n<tbody>\n<tr>\n<td width=\"107\">Veli\u010dine<\/td>\n<td width=\"107\"><strong>Br. Artikla<\/strong><\/td>\n<td width=\"107\"><strong>WLL (t)<br \/>\n<\/strong><\/td>\n<td width=\"107\"><strong>Te\u017eina (kg)<br \/>\n<\/strong><\/td>\n<\/tr>\n<tr>\n<td width=\"107\"><strong>6-10<\/strong><\/td>\n<td width=\"107\">F30807<\/td>\n<td width=\"107\">1.40<\/td>\n<td width=\"107\">0.07<\/td>\n<\/tr>\n<tr>\n<td width=\"107\"><strong>8-10<\/strong><\/td>\n<td width=\"107\">F30817<\/td>\n<td width=\"107\">2.50<\/td>\n<td width=\"107\">0.20<\/td>\n<\/tr>\n<tr>\n<td width=\"107\"><strong>10-10<\/strong><\/td>\n<td width=\"107\">F30827<\/td>\n<td width=\"107\">4.00<\/td>\n<td width=\"107\">0.35<\/td>\n<\/tr>\n<tr>\n<td width=\"107\"><strong>13-10<\/strong><\/td>\n<td width=\"107\">F30837<\/td>\n<td width=\"107\">6.70<\/td>\n<td width=\"107\">0.74<\/td>\n<\/tr>\n<tr>\n<td width=\"107\"><strong>16-10<\/strong><\/td>\n<td width=\"107\">F30847<\/td>\n<td width=\"107\">10.00<\/td>\n<td width=\"107\">1.16<\/td>\n<\/tr>\n<tr>\n<td width=\"107\"><strong>22-10<\/strong><\/td>\n<td width=\"107\">F30861<\/td>\n<td width=\"107\">19.00<\/td>\n<td width=\"107\">3.30<\/td>\n<\/tr>\n<\/tbody>\n<\/table>","protected":false},"excerpt":{"rendered":"<p>Connecting Link XL-LOK\u00ae TWN 1820<\/p>","protected":false},"featured_media":6292,"template":"","meta":[],"product_cat":[604,23],"product_tag":[],"yoast_head":"<!-- This site is optimized with the Yoast SEO plugin v20.0 - https:\/\/yoast.com\/wordpress\/plugins\/seo\/ -->\n<title>THIELE Verbindungsglieder HIGH10 XL-LOK\u00ae TWN 1820 DIN EN 1677-1 - ComTerra<\/title>\n<meta name=\"description\" content=\"Lan\u010dana priveznica, lan\u010dane priveznice, THIELE, PEWAG, RUD, lanci za dizanje tereta, veriga, kuka za skra\u0107enje, skra\u0107ivanje, lanac, veriga, verige za dvigovanje, spojne karike\" \/>\n<meta name=\"robots\" content=\"noindex, follow, max-snippet:-1, max-image-preview:large, max-video-preview:-1\" \/>\n<meta property=\"og:locale\" content=\"en_US\" \/>\n<meta property=\"og:type\" content=\"article\" \/>\n<meta property=\"og:title\" content=\"THIELE Verbindungsglieder HIGH10 XL-LOK\u00ae TWN 1820 DIN EN 1677-1 - ComTerra\" \/>\n<meta property=\"og:description\" content=\"Lan\u010dana priveznica, lan\u010dane priveznice, THIELE, PEWAG, RUD, lanci za dizanje tereta, veriga, kuka za skra\u0107enje, skra\u0107ivanje, lanac, veriga, verige za dvigovanje, spojne karike\" \/>\n<meta property=\"og:url\" content=\"https:\/\/shop.comterra.eu\/en\/p\/thiele-verbindungsglieder-high10-xl-lok-twn-1820-din-en-1677-1\/\" \/>\n<meta property=\"og:site_name\" content=\"ComTerra\" \/>\n<meta property=\"article:publisher\" content=\"https:\/\/web.facebook.com\/ComTerraEU\" \/>\n<meta property=\"article:modified_time\" content=\"2022-10-27T11:40:58+00:00\" \/>\n<meta property=\"og:image\" content=\"https:\/\/shop.comterra.eu\/wp-content\/uploads\/2021\/09\/THIELE-Spojnica-XL-LOK\u00ae-TWN-1820-G100-1024-X-768_.jpg\" \/>\n\t<meta property=\"og:image:width\" content=\"1024\" \/>\n\t<meta property=\"og:image:height\" content=\"768\" \/>\n\t<meta property=\"og:image:type\" content=\"image\/jpeg\" \/>\n<meta name=\"twitter:card\" content=\"summary_large_image\" \/>\n<script type=\"application\/ld+json\" class=\"yoast-schema-graph\">{\"@context\":\"https:\/\/schema.org\",\"@graph\":[{\"@type\":\"WebPage\",\"@id\":\"https:\/\/shop.comterra.eu\/p\/thiele-verbindungsglieder-high10-xl-lok-twn-1820-din-en-1677-1\/\",\"url\":\"https:\/\/shop.comterra.eu\/p\/thiele-verbindungsglieder-high10-xl-lok-twn-1820-din-en-1677-1\/\",\"name\":\"THIELE Verbindungsglieder HIGH10 XL-LOK\u00ae TWN 1820 DIN EN 1677-1 - ComTerra\",\"isPartOf\":{\"@id\":\"https:\/\/shop.comterra.eu\/#website\"},\"datePublished\":\"2021-09-30T09:36:32+00:00\",\"dateModified\":\"2022-10-27T11:40:58+00:00\",\"description\":\"Lan\u010dana priveznica, lan\u010dane priveznice, THIELE, PEWAG, RUD, lanci za dizanje tereta, veriga, kuka za skra\u0107enje, skra\u0107ivanje, lanac, veriga, verige za dvigovanje, spojne karike\",\"breadcrumb\":{\"@id\":\"https:\/\/shop.comterra.eu\/p\/thiele-verbindungsglieder-high10-xl-lok-twn-1820-din-en-1677-1\/#breadcrumb\"},\"inLanguage\":\"en-US\",\"potentialAction\":[{\"@type\":\"ReadAction\",\"target\":[\"https:\/\/shop.comterra.eu\/p\/thiele-verbindungsglieder-high10-xl-lok-twn-1820-din-en-1677-1\/\"]}]},{\"@type\":\"BreadcrumbList\",\"@id\":\"https:\/\/shop.comterra.eu\/p\/thiele-verbindungsglieder-high10-xl-lok-twn-1820-din-en-1677-1\/#breadcrumb\",\"itemListElement\":[{\"@type\":\"ListItem\",\"position\":1,\"name\":\"ComTerra SHOP &#8211; Willkommen\",\"item\":\"https:\/\/shop.comterra.eu\/\"},{\"@type\":\"ListItem\",\"position\":2,\"name\":\"THIELE Verbindungsglieder HIGH10 XL-LOK\u00ae TWN 1820 DIN EN 1677-1\"}]},{\"@type\":\"WebSite\",\"@id\":\"https:\/\/shop.comterra.eu\/#website\",\"url\":\"https:\/\/shop.comterra.eu\/\",\"name\":\"ComTerra\",\"description\":\"\",\"publisher\":{\"@id\":\"https:\/\/shop.comterra.eu\/#organization\"},\"potentialAction\":[{\"@type\":\"SearchAction\",\"target\":{\"@type\":\"EntryPoint\",\"urlTemplate\":\"https:\/\/shop.comterra.eu\/?s={search_term_string}\"},\"query-input\":\"required name=search_term_string\"}],\"inLanguage\":\"en-US\"},{\"@type\":\"Organization\",\"@id\":\"https:\/\/shop.comterra.eu\/#organization\",\"name\":\"ComTerra\",\"url\":\"https:\/\/shop.comterra.eu\/\",\"logo\":{\"@type\":\"ImageObject\",\"inLanguage\":\"en-US\",\"@id\":\"https:\/\/shop.comterra.eu\/#\/schema\/logo\/image\/\",\"url\":\"https:\/\/shop.comterra.eu\/wp-content\/uploads\/2019\/12\/cropped-logo.png\",\"contentUrl\":\"https:\/\/shop.comterra.eu\/wp-content\/uploads\/2019\/12\/cropped-logo.png\",\"width\":379,\"height\":89,\"caption\":\"ComTerra\"},\"image\":{\"@id\":\"https:\/\/shop.comterra.eu\/#\/schema\/logo\/image\/\"},\"sameAs\":[\"https:\/\/www.youtube.com\/channel\/UCn4vG_rMnFID5Hg_ooZKieg\",\"https:\/\/web.facebook.com\/ComTerraEU\"]}]}<\/script>\n<!-- \/ Yoast SEO plugin. -->","yoast_head_json":{"title":"THIELE Verbindungsglieder HIGH10 XL-LOK\u00ae TWN 1820 DIN EN 1677-1 - ComTerra","description":"Lan\u010dana priveznica, lan\u010dane priveznice, THIELE, PEWAG, RUD, lanci za dizanje tereta, veriga, kuka za skra\u0107enje, skra\u0107ivanje, lanac, veriga, verige za dvigovanje, spojne karike","robots":{"index":"noindex","follow":"follow","max-snippet":"max-snippet:-1","max-image-preview":"max-image-preview:large","max-video-preview":"max-video-preview:-1"},"og_locale":"en_US","og_type":"article","og_title":"THIELE Verbindungsglieder HIGH10 XL-LOK\u00ae TWN 1820 DIN EN 1677-1 - ComTerra","og_description":"Lan\u010dana priveznica, lan\u010dane priveznice, THIELE, PEWAG, RUD, lanci za dizanje tereta, veriga, kuka za skra\u0107enje, skra\u0107ivanje, lanac, veriga, verige za dvigovanje, spojne karike","og_url":"https:\/\/shop.comterra.eu\/en\/p\/thiele-verbindungsglieder-high10-xl-lok-twn-1820-din-en-1677-1\/","og_site_name":"ComTerra","article_publisher":"https:\/\/web.facebook.com\/ComTerraEU","article_modified_time":"2022-10-27T11:40:58+00:00","og_image":[{"width":1024,"height":768,"url":"https:\/\/shop.comterra.eu\/wp-content\/uploads\/2021\/09\/THIELE-Spojnica-XL-LOK\u00ae-TWN-1820-G100-1024-X-768_.jpg","type":"image\/jpeg"}],"twitter_card":"summary_large_image","schema":{"@context":"https:\/\/schema.org","@graph":[{"@type":"WebPage","@id":"https:\/\/shop.comterra.eu\/p\/thiele-verbindungsglieder-high10-xl-lok-twn-1820-din-en-1677-1\/","url":"https:\/\/shop.comterra.eu\/p\/thiele-verbindungsglieder-high10-xl-lok-twn-1820-din-en-1677-1\/","name":"THIELE Verbindungsglieder HIGH10 XL-LOK\u00ae TWN 1820 DIN EN 1677-1 - ComTerra","isPartOf":{"@id":"https:\/\/shop.comterra.eu\/#website"},"datePublished":"2021-09-30T09:36:32+00:00","dateModified":"2022-10-27T11:40:58+00:00","description":"Lan\u010dana priveznica, lan\u010dane priveznice, THIELE, PEWAG, RUD, lanci za dizanje tereta, veriga, kuka za skra\u0107enje, skra\u0107ivanje, lanac, veriga, verige za dvigovanje, spojne karike","breadcrumb":{"@id":"https:\/\/shop.comterra.eu\/p\/thiele-verbindungsglieder-high10-xl-lok-twn-1820-din-en-1677-1\/#breadcrumb"},"inLanguage":"en-US","potentialAction":[{"@type":"ReadAction","target":["https:\/\/shop.comterra.eu\/p\/thiele-verbindungsglieder-high10-xl-lok-twn-1820-din-en-1677-1\/"]}]},{"@type":"BreadcrumbList","@id":"https:\/\/shop.comterra.eu\/p\/thiele-verbindungsglieder-high10-xl-lok-twn-1820-din-en-1677-1\/#breadcrumb","itemListElement":[{"@type":"ListItem","position":1,"name":"ComTerra SHOP &#8211; Willkommen","item":"https:\/\/shop.comterra.eu\/"},{"@type":"ListItem","position":2,"name":"THIELE Verbindungsglieder HIGH10 XL-LOK\u00ae TWN 1820 DIN EN 1677-1"}]},{"@type":"WebSite","@id":"https:\/\/shop.comterra.eu\/#website","url":"https:\/\/shop.comterra.eu\/","name":"ComTerra","description":"","publisher":{"@id":"https:\/\/shop.comterra.eu\/#organization"},"potentialAction":[{"@type":"SearchAction","target":{"@type":"EntryPoint","urlTemplate":"https:\/\/shop.comterra.eu\/?s={search_term_string}"},"query-input":"required name=search_term_string"}],"inLanguage":"en-US"},{"@type":"Organization","@id":"https:\/\/shop.comterra.eu\/#organization","name":"ComTerra","url":"https:\/\/shop.comterra.eu\/","logo":{"@type":"ImageObject","inLanguage":"en-US","@id":"https:\/\/shop.comterra.eu\/#\/schema\/logo\/image\/","url":"https:\/\/shop.comterra.eu\/wp-content\/uploads\/2019\/12\/cropped-logo.png","contentUrl":"https:\/\/shop.comterra.eu\/wp-content\/uploads\/2019\/12\/cropped-logo.png","width":379,"height":89,"caption":"ComTerra"},"image":{"@id":"https:\/\/shop.comterra.eu\/#\/schema\/logo\/image\/"},"sameAs":["https:\/\/www.youtube.com\/channel\/UCn4vG_rMnFID5Hg_ooZKieg","https:\/\/web.facebook.com\/ComTerraEU"]}]}},"_links":{"self":[{"href":"https:\/\/shop.comterra.eu\/en\/wp-json\/wp\/v2\/product\/6114"}],"collection":[{"href":"https:\/\/shop.comterra.eu\/en\/wp-json\/wp\/v2\/product"}],"about":[{"href":"https:\/\/shop.comterra.eu\/en\/wp-json\/wp\/v2\/types\/product"}],"wp:featuredmedia":[{"embeddable":true,"href":"https:\/\/shop.comterra.eu\/en\/wp-json\/wp\/v2\/media\/6292"}],"wp:attachment":[{"href":"https:\/\/shop.comterra.eu\/en\/wp-json\/wp\/v2\/media?parent=6114"}],"wp:term":[{"taxonomy":"product_cat","embeddable":true,"href":"https:\/\/shop.comterra.eu\/en\/wp-json\/wp\/v2\/product_cat?post=6114"},{"taxonomy":"product_tag","embeddable":true,"href":"https:\/\/shop.comterra.eu\/en\/wp-json\/wp\/v2\/product_tag?post=6114"}],"curies":[{"name":"wp","href":"https:\/\/api.w.org\/{rel}","templated":true}]}}