{"id":6104,"date":"2021-09-30T08:44:05","date_gmt":"2021-09-30T08:44:05","guid":{"rendered":"https:\/\/shop.comterra.eu\/?post_type=product&#038;p=6104"},"modified":"2022-10-27T11:41:38","modified_gmt":"2022-10-27T11:41:38","slug":"thiele-aufhaengegarnituren-high10-twn-1814-din-5688-din-en-1677-4","status":"publish","type":"product","link":"https:\/\/shop.comterra.eu\/en\/p\/thiele-aufhaengegarnituren-high10-twn-1814-din-5688-din-en-1677-4\/","title":{"rendered":"THIELE Aufh\u00e4ngegarnituren HIGH10 TWN 1814 DIN 5688 DIN EN 1677-4"},"content":{"rendered":"<p>TWN 1814<\/p>\n<p>DIN EN 1677-4<\/p>\n<p>Prema DIN 5688 standardu za 3- i 4- krake lan\u010dane priveznice pru\u017ea jednostavno sklapanje XL-LOK TWN 1820.<\/p>\n<p>Karike prema EN 1677-4\u00a0 mogu se koristiti kao komponente npr. na \u010deli\u010dnim priveznicama prema DIN EN 13414-1<\/p>\n<table>\n<tbody>\n<tr>\n<td width=\"107\">Veli\u010dine<\/td>\n<td width=\"107\"><strong>Br. Artikla<\/strong><\/td>\n<td width=\"107\"><strong>WLL (t)<br \/>\n<\/strong><\/td>\n<td width=\"107\"><strong>Te\u017eina (kg)<br \/>\n<\/strong><\/td>\n<\/tr>\n<tr>\n<td width=\"107\"><strong>6-10<\/strong><\/td>\n<td width=\"107\">F1814016<\/td>\n<td width=\"107\">4.00<\/td>\n<td width=\"107\">1.00<\/td>\n<\/tr>\n<tr>\n<td width=\"107\"><strong>8-10<\/strong><\/td>\n<td width=\"107\">F1814020<\/td>\n<td width=\"107\">6.00<\/td>\n<td width=\"107\">1.80<\/td>\n<\/tr>\n<tr>\n<td width=\"107\"><strong>10-10<\/strong><\/td>\n<td width=\"107\">F1814026<\/td>\n<td width=\"107\">10.00<\/td>\n<td width=\"107\">3.80<\/td>\n<\/tr>\n<tr>\n<td width=\"107\"><strong>13-10<\/strong><\/td>\n<td width=\"107\">F1814032<\/td>\n<td width=\"107\">15.00<\/td>\n<td width=\"107\">7.70<\/td>\n<\/tr>\n<tr>\n<td width=\"107\"><strong>16-10<\/strong><\/td>\n<td width=\"107\">F1814040<\/td>\n<td width=\"107\">23.60<\/td>\n<td width=\"107\">13.00<\/td>\n<\/tr>\n<tr>\n<td width=\"107\"><strong>22-10<\/strong><\/td>\n<td width=\"107\">F1814050<\/td>\n<td width=\"107\">40.00<\/td>\n<td width=\"107\">28.00<\/td>\n<\/tr>\n<tr>\n<td width=\"107\"><strong>26-10<\/strong><\/td>\n<td width=\"107\">F1814063<\/td>\n<td width=\"107\">60.00<\/td>\n<td width=\"107\">49.00<\/td>\n<\/tr>\n<tr>\n<td width=\"107\"><strong>32-10<\/strong><\/td>\n<td width=\"107\">F1814080<\/td>\n<td width=\"107\">85.00<\/td>\n<td width=\"107\">86.00<\/td>\n<\/tr>\n<\/tbody>\n<\/table>","protected":false},"excerpt":{"rendered":"<p>Master Link Assembly TWN 1814<\/p>","protected":false},"featured_media":6291,"template":"","meta":[],"product_cat":[604,23],"product_tag":[],"yoast_head":"<!-- This site is optimized with the Yoast SEO plugin v20.0 - https:\/\/yoast.com\/wordpress\/plugins\/seo\/ -->\n<title>THIELE Aufh\u00e4ngegarnituren HIGH10 TWN 1814 DIN 5688 DIN EN 1677-4 - ComTerra<\/title>\n<meta name=\"description\" content=\"Lan\u010dana priveznica, lan\u010dane priveznice, THIELE, PEWAG, RUD, lanci za dizanje tereta, veriga, kuka za skra\u0107enje, skra\u0107ivanje, lanac, veriga, verige za dvigovanje\" \/>\n<meta name=\"robots\" content=\"noindex, follow, max-snippet:-1, max-image-preview:large, max-video-preview:-1\" \/>\n<meta property=\"og:locale\" content=\"en_US\" \/>\n<meta property=\"og:type\" content=\"article\" \/>\n<meta property=\"og:title\" content=\"THIELE Aufh\u00e4ngegarnituren HIGH10 TWN 1814 DIN 5688 DIN EN 1677-4 - ComTerra\" \/>\n<meta property=\"og:description\" content=\"Lan\u010dana priveznica, lan\u010dane priveznice, THIELE, PEWAG, RUD, lanci za dizanje tereta, veriga, kuka za skra\u0107enje, skra\u0107ivanje, lanac, veriga, verige za dvigovanje\" \/>\n<meta property=\"og:url\" content=\"https:\/\/shop.comterra.eu\/en\/p\/thiele-aufhaengegarnituren-high10-twn-1814-din-5688-din-en-1677-4\/\" \/>\n<meta property=\"og:site_name\" content=\"ComTerra\" \/>\n<meta property=\"article:publisher\" content=\"https:\/\/web.facebook.com\/ComTerraEU\" \/>\n<meta property=\"article:modified_time\" content=\"2022-10-27T11:41:38+00:00\" \/>\n<meta property=\"og:image\" content=\"https:\/\/shop.comterra.eu\/wp-content\/uploads\/2021\/09\/Glavna-karika-za-spajanje-garnitura-DIN-5688-1024-X-768_.jpg\" \/>\n\t<meta property=\"og:image:width\" content=\"1024\" \/>\n\t<meta property=\"og:image:height\" content=\"768\" \/>\n\t<meta property=\"og:image:type\" content=\"image\/jpeg\" \/>\n<meta name=\"twitter:card\" content=\"summary_large_image\" \/>\n<meta name=\"twitter:label1\" content=\"Est. reading time\" \/>\n\t<meta name=\"twitter:data1\" content=\"1 minute\" \/>\n<script type=\"application\/ld+json\" class=\"yoast-schema-graph\">{\"@context\":\"https:\/\/schema.org\",\"@graph\":[{\"@type\":\"WebPage\",\"@id\":\"https:\/\/shop.comterra.eu\/p\/thiele-aufhaengegarnituren-high10-twn-1814-din-5688-din-en-1677-4\/\",\"url\":\"https:\/\/shop.comterra.eu\/p\/thiele-aufhaengegarnituren-high10-twn-1814-din-5688-din-en-1677-4\/\",\"name\":\"THIELE Aufh\u00e4ngegarnituren HIGH10 TWN 1814 DIN 5688 DIN EN 1677-4 - ComTerra\",\"isPartOf\":{\"@id\":\"https:\/\/shop.comterra.eu\/#website\"},\"datePublished\":\"2021-09-30T08:44:05+00:00\",\"dateModified\":\"2022-10-27T11:41:38+00:00\",\"description\":\"Lan\u010dana priveznica, lan\u010dane priveznice, THIELE, PEWAG, RUD, lanci za dizanje tereta, veriga, kuka za skra\u0107enje, skra\u0107ivanje, lanac, veriga, verige za dvigovanje\",\"breadcrumb\":{\"@id\":\"https:\/\/shop.comterra.eu\/p\/thiele-aufhaengegarnituren-high10-twn-1814-din-5688-din-en-1677-4\/#breadcrumb\"},\"inLanguage\":\"en-US\",\"potentialAction\":[{\"@type\":\"ReadAction\",\"target\":[\"https:\/\/shop.comterra.eu\/p\/thiele-aufhaengegarnituren-high10-twn-1814-din-5688-din-en-1677-4\/\"]}]},{\"@type\":\"BreadcrumbList\",\"@id\":\"https:\/\/shop.comterra.eu\/p\/thiele-aufhaengegarnituren-high10-twn-1814-din-5688-din-en-1677-4\/#breadcrumb\",\"itemListElement\":[{\"@type\":\"ListItem\",\"position\":1,\"name\":\"ComTerra SHOP &#8211; Willkommen\",\"item\":\"https:\/\/shop.comterra.eu\/\"},{\"@type\":\"ListItem\",\"position\":2,\"name\":\"THIELE Aufh\u00e4ngegarnituren HIGH10 TWN 1814 DIN 5688 DIN EN 1677-4\"}]},{\"@type\":\"WebSite\",\"@id\":\"https:\/\/shop.comterra.eu\/#website\",\"url\":\"https:\/\/shop.comterra.eu\/\",\"name\":\"ComTerra\",\"description\":\"\",\"publisher\":{\"@id\":\"https:\/\/shop.comterra.eu\/#organization\"},\"potentialAction\":[{\"@type\":\"SearchAction\",\"target\":{\"@type\":\"EntryPoint\",\"urlTemplate\":\"https:\/\/shop.comterra.eu\/?s={search_term_string}\"},\"query-input\":\"required name=search_term_string\"}],\"inLanguage\":\"en-US\"},{\"@type\":\"Organization\",\"@id\":\"https:\/\/shop.comterra.eu\/#organization\",\"name\":\"ComTerra\",\"url\":\"https:\/\/shop.comterra.eu\/\",\"logo\":{\"@type\":\"ImageObject\",\"inLanguage\":\"en-US\",\"@id\":\"https:\/\/shop.comterra.eu\/#\/schema\/logo\/image\/\",\"url\":\"https:\/\/shop.comterra.eu\/wp-content\/uploads\/2019\/12\/cropped-logo.png\",\"contentUrl\":\"https:\/\/shop.comterra.eu\/wp-content\/uploads\/2019\/12\/cropped-logo.png\",\"width\":379,\"height\":89,\"caption\":\"ComTerra\"},\"image\":{\"@id\":\"https:\/\/shop.comterra.eu\/#\/schema\/logo\/image\/\"},\"sameAs\":[\"https:\/\/www.youtube.com\/channel\/UCn4vG_rMnFID5Hg_ooZKieg\",\"https:\/\/web.facebook.com\/ComTerraEU\"]}]}<\/script>\n<!-- \/ Yoast SEO plugin. -->","yoast_head_json":{"title":"THIELE Aufh\u00e4ngegarnituren HIGH10 TWN 1814 DIN 5688 DIN EN 1677-4 - ComTerra","description":"Lan\u010dana priveznica, lan\u010dane priveznice, THIELE, PEWAG, RUD, lanci za dizanje tereta, veriga, kuka za skra\u0107enje, skra\u0107ivanje, lanac, veriga, verige za dvigovanje","robots":{"index":"noindex","follow":"follow","max-snippet":"max-snippet:-1","max-image-preview":"max-image-preview:large","max-video-preview":"max-video-preview:-1"},"og_locale":"en_US","og_type":"article","og_title":"THIELE Aufh\u00e4ngegarnituren HIGH10 TWN 1814 DIN 5688 DIN EN 1677-4 - ComTerra","og_description":"Lan\u010dana priveznica, lan\u010dane priveznice, THIELE, PEWAG, RUD, lanci za dizanje tereta, veriga, kuka za skra\u0107enje, skra\u0107ivanje, lanac, veriga, verige za dvigovanje","og_url":"https:\/\/shop.comterra.eu\/en\/p\/thiele-aufhaengegarnituren-high10-twn-1814-din-5688-din-en-1677-4\/","og_site_name":"ComTerra","article_publisher":"https:\/\/web.facebook.com\/ComTerraEU","article_modified_time":"2022-10-27T11:41:38+00:00","og_image":[{"width":1024,"height":768,"url":"https:\/\/shop.comterra.eu\/wp-content\/uploads\/2021\/09\/Glavna-karika-za-spajanje-garnitura-DIN-5688-1024-X-768_.jpg","type":"image\/jpeg"}],"twitter_card":"summary_large_image","twitter_misc":{"Est. reading time":"1 minute"},"schema":{"@context":"https:\/\/schema.org","@graph":[{"@type":"WebPage","@id":"https:\/\/shop.comterra.eu\/p\/thiele-aufhaengegarnituren-high10-twn-1814-din-5688-din-en-1677-4\/","url":"https:\/\/shop.comterra.eu\/p\/thiele-aufhaengegarnituren-high10-twn-1814-din-5688-din-en-1677-4\/","name":"THIELE Aufh\u00e4ngegarnituren HIGH10 TWN 1814 DIN 5688 DIN EN 1677-4 - ComTerra","isPartOf":{"@id":"https:\/\/shop.comterra.eu\/#website"},"datePublished":"2021-09-30T08:44:05+00:00","dateModified":"2022-10-27T11:41:38+00:00","description":"Lan\u010dana priveznica, lan\u010dane priveznice, THIELE, PEWAG, RUD, lanci za dizanje tereta, veriga, kuka za skra\u0107enje, skra\u0107ivanje, lanac, veriga, verige za dvigovanje","breadcrumb":{"@id":"https:\/\/shop.comterra.eu\/p\/thiele-aufhaengegarnituren-high10-twn-1814-din-5688-din-en-1677-4\/#breadcrumb"},"inLanguage":"en-US","potentialAction":[{"@type":"ReadAction","target":["https:\/\/shop.comterra.eu\/p\/thiele-aufhaengegarnituren-high10-twn-1814-din-5688-din-en-1677-4\/"]}]},{"@type":"BreadcrumbList","@id":"https:\/\/shop.comterra.eu\/p\/thiele-aufhaengegarnituren-high10-twn-1814-din-5688-din-en-1677-4\/#breadcrumb","itemListElement":[{"@type":"ListItem","position":1,"name":"ComTerra SHOP &#8211; Willkommen","item":"https:\/\/shop.comterra.eu\/"},{"@type":"ListItem","position":2,"name":"THIELE Aufh\u00e4ngegarnituren HIGH10 TWN 1814 DIN 5688 DIN EN 1677-4"}]},{"@type":"WebSite","@id":"https:\/\/shop.comterra.eu\/#website","url":"https:\/\/shop.comterra.eu\/","name":"ComTerra","description":"","publisher":{"@id":"https:\/\/shop.comterra.eu\/#organization"},"potentialAction":[{"@type":"SearchAction","target":{"@type":"EntryPoint","urlTemplate":"https:\/\/shop.comterra.eu\/?s={search_term_string}"},"query-input":"required name=search_term_string"}],"inLanguage":"en-US"},{"@type":"Organization","@id":"https:\/\/shop.comterra.eu\/#organization","name":"ComTerra","url":"https:\/\/shop.comterra.eu\/","logo":{"@type":"ImageObject","inLanguage":"en-US","@id":"https:\/\/shop.comterra.eu\/#\/schema\/logo\/image\/","url":"https:\/\/shop.comterra.eu\/wp-content\/uploads\/2019\/12\/cropped-logo.png","contentUrl":"https:\/\/shop.comterra.eu\/wp-content\/uploads\/2019\/12\/cropped-logo.png","width":379,"height":89,"caption":"ComTerra"},"image":{"@id":"https:\/\/shop.comterra.eu\/#\/schema\/logo\/image\/"},"sameAs":["https:\/\/www.youtube.com\/channel\/UCn4vG_rMnFID5Hg_ooZKieg","https:\/\/web.facebook.com\/ComTerraEU"]}]}},"_links":{"self":[{"href":"https:\/\/shop.comterra.eu\/en\/wp-json\/wp\/v2\/product\/6104"}],"collection":[{"href":"https:\/\/shop.comterra.eu\/en\/wp-json\/wp\/v2\/product"}],"about":[{"href":"https:\/\/shop.comterra.eu\/en\/wp-json\/wp\/v2\/types\/product"}],"wp:featuredmedia":[{"embeddable":true,"href":"https:\/\/shop.comterra.eu\/en\/wp-json\/wp\/v2\/media\/6291"}],"wp:attachment":[{"href":"https:\/\/shop.comterra.eu\/en\/wp-json\/wp\/v2\/media?parent=6104"}],"wp:term":[{"taxonomy":"product_cat","embeddable":true,"href":"https:\/\/shop.comterra.eu\/en\/wp-json\/wp\/v2\/product_cat?post=6104"},{"taxonomy":"product_tag","embeddable":true,"href":"https:\/\/shop.comterra.eu\/en\/wp-json\/wp\/v2\/product_tag?post=6104"}],"curies":[{"name":"wp","href":"https:\/\/api.w.org\/{rel}","templated":true}]}}