{"id":5503,"date":"2021-09-17T09:38:29","date_gmt":"2021-09-17T09:38:29","guid":{"rendered":"https:\/\/shop.comterra.eu\/?post_type=product&#038;p=5503"},"modified":"2022-11-04T11:31:28","modified_gmt":"2022-11-04T11:31:28","slug":"putzmeister-busche-zum-schweissen-gehaertet-und-verchromt-269119-004","status":"publish","type":"product","link":"https:\/\/shop.comterra.eu\/en\/p\/putzmeister-busche-zum-schweissen-gehaertet-und-verchromt-269119-004\/","title":{"rendered":"Putzmeister Busche zum Schwei\u00dfen &#8211; geh\u00e4rtet und verchromt 269119.004"},"content":{"rendered":"<p>Catalogue number \/ Katalo\u0161ki br. 269119.004<br \/>\nTe\u017eina 1,83 kg<br \/>\n269119.004<\/p>\n<p>Used in concrete pumps with concrete mixers.<br \/>\nBoccola a saldare albero 0000447912 temprata e cromata<\/p>","protected":false},"excerpt":{"rendered":"<p>Hardened and chromed bushing for weld shaft<br \/>\n269119.004 &#8211; 1,83 kg<\/p>","protected":false},"featured_media":5504,"template":"","meta":[],"product_cat":[662,663],"product_tag":[],"yoast_head":"<!-- This site is optimized with the Yoast SEO plugin v20.0 - https:\/\/yoast.com\/wordpress\/plugins\/seo\/ -->\n<title>Putzmeister Busche zum Schwei\u00dfen - geh\u00e4rtet und verchromt 269119.004 - ComTerra<\/title>\n<meta name=\"description\" content=\"\u010cahura, rezervni dijelovi, spare parts, rezervni dijelovi za betonske pumpe\" \/>\n<meta name=\"robots\" content=\"noindex, follow, max-snippet:-1, max-image-preview:large, max-video-preview:-1\" \/>\n<meta property=\"og:locale\" content=\"en_US\" \/>\n<meta property=\"og:type\" content=\"article\" \/>\n<meta property=\"og:title\" content=\"Putzmeister Busche zum Schwei\u00dfen - geh\u00e4rtet und verchromt 269119.004 - ComTerra\" \/>\n<meta property=\"og:description\" content=\"\u010cahura, rezervni dijelovi, spare parts, rezervni dijelovi za betonske pumpe\" \/>\n<meta property=\"og:url\" content=\"https:\/\/shop.comterra.eu\/en\/p\/putzmeister-busche-zum-schweissen-gehaertet-und-verchromt-269119-004\/\" \/>\n<meta property=\"og:site_name\" content=\"ComTerra\" \/>\n<meta property=\"article:publisher\" content=\"https:\/\/web.facebook.com\/ComTerraEU\" \/>\n<meta property=\"article:modified_time\" content=\"2022-11-04T11:31:28+00:00\" \/>\n<meta property=\"og:image\" content=\"https:\/\/shop.comterra.eu\/wp-content\/uploads\/2021\/09\/Cahura-za-zavarivanje-kromirana-1024-X-768.jpg\" \/>\n\t<meta property=\"og:image:width\" content=\"1024\" \/>\n\t<meta property=\"og:image:height\" content=\"768\" \/>\n\t<meta property=\"og:image:type\" content=\"image\/jpeg\" \/>\n<meta name=\"twitter:card\" content=\"summary_large_image\" \/>\n<meta name=\"twitter:label1\" content=\"Est. reading time\" \/>\n\t<meta name=\"twitter:data1\" content=\"1 minute\" \/>\n<script type=\"application\/ld+json\" class=\"yoast-schema-graph\">{\"@context\":\"https:\/\/schema.org\",\"@graph\":[{\"@type\":\"WebPage\",\"@id\":\"https:\/\/shop.comterra.eu\/p\/putzmeister-busche-zum-schweissen-gehaertet-und-verchromt-269119-004\/\",\"url\":\"https:\/\/shop.comterra.eu\/p\/putzmeister-busche-zum-schweissen-gehaertet-und-verchromt-269119-004\/\",\"name\":\"Putzmeister Busche zum Schwei\u00dfen - geh\u00e4rtet und verchromt 269119.004 - ComTerra\",\"isPartOf\":{\"@id\":\"https:\/\/shop.comterra.eu\/#website\"},\"datePublished\":\"2021-09-17T09:38:29+00:00\",\"dateModified\":\"2022-11-04T11:31:28+00:00\",\"description\":\"\u010cahura, rezervni dijelovi, spare parts, rezervni dijelovi za betonske pumpe\",\"breadcrumb\":{\"@id\":\"https:\/\/shop.comterra.eu\/p\/putzmeister-busche-zum-schweissen-gehaertet-und-verchromt-269119-004\/#breadcrumb\"},\"inLanguage\":\"en-US\",\"potentialAction\":[{\"@type\":\"ReadAction\",\"target\":[\"https:\/\/shop.comterra.eu\/p\/putzmeister-busche-zum-schweissen-gehaertet-und-verchromt-269119-004\/\"]}]},{\"@type\":\"BreadcrumbList\",\"@id\":\"https:\/\/shop.comterra.eu\/p\/putzmeister-busche-zum-schweissen-gehaertet-und-verchromt-269119-004\/#breadcrumb\",\"itemListElement\":[{\"@type\":\"ListItem\",\"position\":1,\"name\":\"ComTerra SHOP &#8211; Willkommen\",\"item\":\"https:\/\/shop.comterra.eu\/\"},{\"@type\":\"ListItem\",\"position\":2,\"name\":\"Putzmeister Busche zum Schwei\u00dfen &#8211; geh\u00e4rtet und verchromt 269119.004\"}]},{\"@type\":\"WebSite\",\"@id\":\"https:\/\/shop.comterra.eu\/#website\",\"url\":\"https:\/\/shop.comterra.eu\/\",\"name\":\"ComTerra\",\"description\":\"\",\"publisher\":{\"@id\":\"https:\/\/shop.comterra.eu\/#organization\"},\"potentialAction\":[{\"@type\":\"SearchAction\",\"target\":{\"@type\":\"EntryPoint\",\"urlTemplate\":\"https:\/\/shop.comterra.eu\/?s={search_term_string}\"},\"query-input\":\"required name=search_term_string\"}],\"inLanguage\":\"en-US\"},{\"@type\":\"Organization\",\"@id\":\"https:\/\/shop.comterra.eu\/#organization\",\"name\":\"ComTerra\",\"url\":\"https:\/\/shop.comterra.eu\/\",\"logo\":{\"@type\":\"ImageObject\",\"inLanguage\":\"en-US\",\"@id\":\"https:\/\/shop.comterra.eu\/#\/schema\/logo\/image\/\",\"url\":\"https:\/\/shop.comterra.eu\/wp-content\/uploads\/2019\/12\/cropped-logo.png\",\"contentUrl\":\"https:\/\/shop.comterra.eu\/wp-content\/uploads\/2019\/12\/cropped-logo.png\",\"width\":379,\"height\":89,\"caption\":\"ComTerra\"},\"image\":{\"@id\":\"https:\/\/shop.comterra.eu\/#\/schema\/logo\/image\/\"},\"sameAs\":[\"https:\/\/www.youtube.com\/channel\/UCn4vG_rMnFID5Hg_ooZKieg\",\"https:\/\/web.facebook.com\/ComTerraEU\"]}]}<\/script>\n<!-- \/ Yoast SEO plugin. -->","yoast_head_json":{"title":"Putzmeister Busche zum Schwei\u00dfen - geh\u00e4rtet und verchromt 269119.004 - ComTerra","description":"\u010cahura, rezervni dijelovi, spare parts, rezervni dijelovi za betonske pumpe","robots":{"index":"noindex","follow":"follow","max-snippet":"max-snippet:-1","max-image-preview":"max-image-preview:large","max-video-preview":"max-video-preview:-1"},"og_locale":"en_US","og_type":"article","og_title":"Putzmeister Busche zum Schwei\u00dfen - geh\u00e4rtet und verchromt 269119.004 - ComTerra","og_description":"\u010cahura, rezervni dijelovi, spare parts, rezervni dijelovi za betonske pumpe","og_url":"https:\/\/shop.comterra.eu\/en\/p\/putzmeister-busche-zum-schweissen-gehaertet-und-verchromt-269119-004\/","og_site_name":"ComTerra","article_publisher":"https:\/\/web.facebook.com\/ComTerraEU","article_modified_time":"2022-11-04T11:31:28+00:00","og_image":[{"width":1024,"height":768,"url":"https:\/\/shop.comterra.eu\/wp-content\/uploads\/2021\/09\/Cahura-za-zavarivanje-kromirana-1024-X-768.jpg","type":"image\/jpeg"}],"twitter_card":"summary_large_image","twitter_misc":{"Est. reading time":"1 minute"},"schema":{"@context":"https:\/\/schema.org","@graph":[{"@type":"WebPage","@id":"https:\/\/shop.comterra.eu\/p\/putzmeister-busche-zum-schweissen-gehaertet-und-verchromt-269119-004\/","url":"https:\/\/shop.comterra.eu\/p\/putzmeister-busche-zum-schweissen-gehaertet-und-verchromt-269119-004\/","name":"Putzmeister Busche zum Schwei\u00dfen - geh\u00e4rtet und verchromt 269119.004 - ComTerra","isPartOf":{"@id":"https:\/\/shop.comterra.eu\/#website"},"datePublished":"2021-09-17T09:38:29+00:00","dateModified":"2022-11-04T11:31:28+00:00","description":"\u010cahura, rezervni dijelovi, spare parts, rezervni dijelovi za betonske pumpe","breadcrumb":{"@id":"https:\/\/shop.comterra.eu\/p\/putzmeister-busche-zum-schweissen-gehaertet-und-verchromt-269119-004\/#breadcrumb"},"inLanguage":"en-US","potentialAction":[{"@type":"ReadAction","target":["https:\/\/shop.comterra.eu\/p\/putzmeister-busche-zum-schweissen-gehaertet-und-verchromt-269119-004\/"]}]},{"@type":"BreadcrumbList","@id":"https:\/\/shop.comterra.eu\/p\/putzmeister-busche-zum-schweissen-gehaertet-und-verchromt-269119-004\/#breadcrumb","itemListElement":[{"@type":"ListItem","position":1,"name":"ComTerra SHOP &#8211; Willkommen","item":"https:\/\/shop.comterra.eu\/"},{"@type":"ListItem","position":2,"name":"Putzmeister Busche zum Schwei\u00dfen &#8211; geh\u00e4rtet und verchromt 269119.004"}]},{"@type":"WebSite","@id":"https:\/\/shop.comterra.eu\/#website","url":"https:\/\/shop.comterra.eu\/","name":"ComTerra","description":"","publisher":{"@id":"https:\/\/shop.comterra.eu\/#organization"},"potentialAction":[{"@type":"SearchAction","target":{"@type":"EntryPoint","urlTemplate":"https:\/\/shop.comterra.eu\/?s={search_term_string}"},"query-input":"required name=search_term_string"}],"inLanguage":"en-US"},{"@type":"Organization","@id":"https:\/\/shop.comterra.eu\/#organization","name":"ComTerra","url":"https:\/\/shop.comterra.eu\/","logo":{"@type":"ImageObject","inLanguage":"en-US","@id":"https:\/\/shop.comterra.eu\/#\/schema\/logo\/image\/","url":"https:\/\/shop.comterra.eu\/wp-content\/uploads\/2019\/12\/cropped-logo.png","contentUrl":"https:\/\/shop.comterra.eu\/wp-content\/uploads\/2019\/12\/cropped-logo.png","width":379,"height":89,"caption":"ComTerra"},"image":{"@id":"https:\/\/shop.comterra.eu\/#\/schema\/logo\/image\/"},"sameAs":["https:\/\/www.youtube.com\/channel\/UCn4vG_rMnFID5Hg_ooZKieg","https:\/\/web.facebook.com\/ComTerraEU"]}]}},"_links":{"self":[{"href":"https:\/\/shop.comterra.eu\/en\/wp-json\/wp\/v2\/product\/5503"}],"collection":[{"href":"https:\/\/shop.comterra.eu\/en\/wp-json\/wp\/v2\/product"}],"about":[{"href":"https:\/\/shop.comterra.eu\/en\/wp-json\/wp\/v2\/types\/product"}],"wp:featuredmedia":[{"embeddable":true,"href":"https:\/\/shop.comterra.eu\/en\/wp-json\/wp\/v2\/media\/5504"}],"wp:attachment":[{"href":"https:\/\/shop.comterra.eu\/en\/wp-json\/wp\/v2\/media?parent=5503"}],"wp:term":[{"taxonomy":"product_cat","embeddable":true,"href":"https:\/\/shop.comterra.eu\/en\/wp-json\/wp\/v2\/product_cat?post=5503"},{"taxonomy":"product_tag","embeddable":true,"href":"https:\/\/shop.comterra.eu\/en\/wp-json\/wp\/v2\/product_tag?post=5503"}],"curies":[{"name":"wp","href":"https:\/\/api.w.org\/{rel}","templated":true}]}}