{"id":534,"date":"2019-10-20T19:17:52","date_gmt":"2019-10-20T19:17:52","guid":{"rendered":"https:\/\/www.katalog.comterra.hr\/?post_type=product&#038;p=534"},"modified":"2022-10-27T13:22:28","modified_gmt":"2022-10-27T13:22:28","slug":"anschweisshaken-am-loeffel-des-baggers-1-15-t","status":"publish","type":"product","link":"https:\/\/shop.comterra.eu\/en\/p\/anschweisshaken-am-loeffel-des-baggers-1-15-t\/","title":{"rendered":"Anschwei\u00dfhaken am L\u00f6ffel des Baggers 1-15 t"},"content":{"rendered":"<p><span class=\"sx-regular\"><strong>Materijal:<\/strong><br \/>\nVisoko legirani \u010delik<br \/>\n<\/span><span class=\"sx-regular\"><strong>Povr\u0161ina:<\/strong><br \/>\n<\/span><span class=\"sx-regular\">Crveno lakirana<br \/>\n<strong>Oznaka:<\/strong><br \/>\nBr. \/ CE \/ \u0160ar\u017ea<br \/>\n<\/span><span class=\"sx-regular\"><strong>Certifikati:<\/strong><br \/>\nIspitni certifikat sukladno 3.1 prema DIN EN 10204<br \/>\n<\/span><\/p>\n<table width=\"268\">\n<tbody>\n<tr>\n<td width=\"77\">Br.Artikla<\/td>\n<td width=\"58\">veli\u010dina<\/td>\n<td width=\"59\">WLL (T)<\/td>\n<td width=\"39\">b<\/td>\n<td width=\"35\">c<\/td>\n<\/tr>\n<tr>\n<td>32700001<\/td>\n<td data-index-map=\"attr45\">6<\/td>\n<td data-index-map=\"attr100\">1,12<\/td>\n<td data-index-map=\"attr10\">78<\/td>\n<td data-index-map=\"attr18\">64<\/td>\n<\/tr>\n<tr data-artikel-nr=\"32700002\" data-artikel-nr-title=\"Artikel-Nr.:\" data-vpe-title=\"VPE\" data-gewicht-title=\"Gewicht (kg\/100 Stk.)\" data-stock-color=\"green\">\n<td data-id=\"art-nr\">32700002<\/td>\n<td data-index-map=\"attr45\">8<\/td>\n<td data-index-map=\"attr100\">2,00<\/td>\n<td data-index-map=\"attr10\">92<\/td>\n<td data-index-map=\"attr18\">67<\/td>\n<\/tr>\n<tr data-artikel-nr=\"32700003\" data-artikel-nr-title=\"Artikel-Nr.:\" data-vpe-title=\"VPE\" data-gewicht-title=\"Gewicht (kg\/100 Stk.)\" data-stock-color=\"green\">\n<td data-id=\"art-nr\">32700003<\/td>\n<td data-index-map=\"attr45\">10<\/td>\n<td data-index-map=\"attr100\">3,00<\/td>\n<td data-index-map=\"attr10\">106<\/td>\n<td data-index-map=\"attr18\">74<\/td>\n<\/tr>\n<tr data-artikel-nr=\"32700005\" data-artikel-nr-title=\"Artikel-Nr.:\" data-vpe-title=\"VPE\" data-gewicht-title=\"Gewicht (kg\/100 Stk.)\" data-stock-color=\"green\">\n<td data-id=\"art-nr\">32700005<\/td>\n<td data-index-map=\"attr45\">13<\/td>\n<td data-index-map=\"attr100\">5,00<\/td>\n<td data-index-map=\"attr10\">133<\/td>\n<td data-index-map=\"attr18\">94<\/td>\n<\/tr>\n<tr data-artikel-nr=\"32700008\" data-artikel-nr-title=\"Artikel-Nr.:\" data-vpe-title=\"VPE\" data-gewicht-title=\"Gewicht (kg\/100 Stk.)\" data-stock-color=\"orange\">\n<td data-id=\"art-nr\">32700008<\/td>\n<td data-index-map=\"attr45\">16<\/td>\n<td data-index-map=\"attr100\">8,00<\/td>\n<td data-index-map=\"attr10\">149<\/td>\n<td data-index-map=\"attr18\">94<\/td>\n<\/tr>\n<tr data-artikel-nr=\"32700010\" data-artikel-nr-title=\"Artikel-Nr.:\" data-vpe-title=\"VPE\" data-gewicht-title=\"Gewicht (kg\/100 Stk.)\" data-stock-color=\"green\">\n<td data-id=\"art-nr\">32700010<\/td>\n<td data-index-map=\"attr45\">18<\/td>\n<td data-index-map=\"attr100\">10,00<\/td>\n<td data-index-map=\"attr10\">170<\/td>\n<td data-index-map=\"attr18\">135<\/td>\n<\/tr>\n<\/tbody>\n<\/table>\n<p><span class=\"sx-regular\">\u00a0<\/span><\/p>","protected":false},"excerpt":{"rendered":"<p>Materijal: Visoko legirani \u010delik Povr\u0161ina: Crveno lakirana Oznaka: Br. \/ CE \/ \u0160ar\u017ea Certifikati: Ispitni certifikat sukladno 3.1 prema DIN EN 10204 Br.Artikla veli\u010dina WLL (T) b c 32700001 6 1,12 78 64 32700002 8 2,00 92 67 32700003 10 3,00 106 74 32700005 13 5,00 133 94 32700008 16 8,00 149 94 32700010 18 [&hellip;]<\/p>","protected":false},"featured_media":15863,"template":"","meta":[],"product_cat":[70,23],"product_tag":[943,944,945,946,947,942],"yoast_head":"<!-- This site is optimized with the Yoast SEO plugin v20.0 - https:\/\/yoast.com\/wordpress\/plugins\/seo\/ -->\n<title>Anschwei\u00dfhaken am L\u00f6ffel des Baggers 1-15 t - ComTerra<\/title>\n<meta name=\"description\" content=\"Kuka za ka\u0161iku, kuka za korpu, kuka za navarivanje, kuka za dizanje tereta, kuka za bager, kuka za kombinirku, kuka za stroj, kauka za varenje na stroj\" \/>\n<meta name=\"robots\" content=\"noindex, follow, max-snippet:-1, max-image-preview:large, max-video-preview:-1\" \/>\n<meta property=\"og:locale\" content=\"en_US\" \/>\n<meta property=\"og:type\" content=\"article\" \/>\n<meta property=\"og:title\" content=\"Anschwei\u00dfhaken am L\u00f6ffel des Baggers 1-15 t - ComTerra\" \/>\n<meta property=\"og:description\" content=\"Kuka za ka\u0161iku, kuka za korpu, kuka za navarivanje, kuka za dizanje tereta, kuka za bager, kuka za kombinirku, kuka za stroj, kauka za varenje na stroj\" \/>\n<meta property=\"og:url\" content=\"https:\/\/shop.comterra.eu\/en\/p\/anschweisshaken-am-loeffel-des-baggers-1-15-t\/\" \/>\n<meta property=\"og:site_name\" content=\"ComTerra\" \/>\n<meta property=\"article:publisher\" content=\"https:\/\/web.facebook.com\/ComTerraEU\" \/>\n<meta property=\"article:modified_time\" content=\"2022-10-27T13:22:28+00:00\" \/>\n<meta property=\"og:image\" content=\"https:\/\/shop.comterra.eu\/wp-content\/uploads\/2022\/06\/Kuka-navarivanje-na-korpu-1-15t.jpg\" \/>\n\t<meta property=\"og:image:width\" content=\"800\" \/>\n\t<meta property=\"og:image:height\" content=\"600\" \/>\n\t<meta property=\"og:image:type\" content=\"image\/jpeg\" \/>\n<meta name=\"twitter:card\" content=\"summary_large_image\" \/>\n<script type=\"application\/ld+json\" class=\"yoast-schema-graph\">{\"@context\":\"https:\/\/schema.org\",\"@graph\":[{\"@type\":\"WebPage\",\"@id\":\"https:\/\/shop.comterra.eu\/p\/anschweisshaken-am-loeffel-des-baggers-1-15-t\/\",\"url\":\"https:\/\/shop.comterra.eu\/p\/anschweisshaken-am-loeffel-des-baggers-1-15-t\/\",\"name\":\"Anschwei\u00dfhaken am L\u00f6ffel des Baggers 1-15 t - ComTerra\",\"isPartOf\":{\"@id\":\"https:\/\/shop.comterra.eu\/#website\"},\"datePublished\":\"2019-10-20T19:17:52+00:00\",\"dateModified\":\"2022-10-27T13:22:28+00:00\",\"description\":\"Kuka za ka\u0161iku, kuka za korpu, kuka za navarivanje, kuka za dizanje tereta, kuka za bager, kuka za kombinirku, kuka za stroj, kauka za varenje na stroj\",\"breadcrumb\":{\"@id\":\"https:\/\/shop.comterra.eu\/p\/anschweisshaken-am-loeffel-des-baggers-1-15-t\/#breadcrumb\"},\"inLanguage\":\"en-US\",\"potentialAction\":[{\"@type\":\"ReadAction\",\"target\":[\"https:\/\/shop.comterra.eu\/p\/anschweisshaken-am-loeffel-des-baggers-1-15-t\/\"]}]},{\"@type\":\"BreadcrumbList\",\"@id\":\"https:\/\/shop.comterra.eu\/p\/anschweisshaken-am-loeffel-des-baggers-1-15-t\/#breadcrumb\",\"itemListElement\":[{\"@type\":\"ListItem\",\"position\":1,\"name\":\"ComTerra SHOP &#8211; Willkommen\",\"item\":\"https:\/\/shop.comterra.eu\/\"},{\"@type\":\"ListItem\",\"position\":2,\"name\":\"Anschwei\u00dfhaken am L\u00f6ffel des Baggers 1-15 t\"}]},{\"@type\":\"WebSite\",\"@id\":\"https:\/\/shop.comterra.eu\/#website\",\"url\":\"https:\/\/shop.comterra.eu\/\",\"name\":\"ComTerra\",\"description\":\"\",\"publisher\":{\"@id\":\"https:\/\/shop.comterra.eu\/#organization\"},\"potentialAction\":[{\"@type\":\"SearchAction\",\"target\":{\"@type\":\"EntryPoint\",\"urlTemplate\":\"https:\/\/shop.comterra.eu\/?s={search_term_string}\"},\"query-input\":\"required name=search_term_string\"}],\"inLanguage\":\"en-US\"},{\"@type\":\"Organization\",\"@id\":\"https:\/\/shop.comterra.eu\/#organization\",\"name\":\"ComTerra\",\"url\":\"https:\/\/shop.comterra.eu\/\",\"logo\":{\"@type\":\"ImageObject\",\"inLanguage\":\"en-US\",\"@id\":\"https:\/\/shop.comterra.eu\/#\/schema\/logo\/image\/\",\"url\":\"https:\/\/shop.comterra.eu\/wp-content\/uploads\/2019\/12\/cropped-logo.png\",\"contentUrl\":\"https:\/\/shop.comterra.eu\/wp-content\/uploads\/2019\/12\/cropped-logo.png\",\"width\":379,\"height\":89,\"caption\":\"ComTerra\"},\"image\":{\"@id\":\"https:\/\/shop.comterra.eu\/#\/schema\/logo\/image\/\"},\"sameAs\":[\"https:\/\/www.youtube.com\/channel\/UCn4vG_rMnFID5Hg_ooZKieg\",\"https:\/\/web.facebook.com\/ComTerraEU\"]}]}<\/script>\n<!-- \/ Yoast SEO plugin. -->","yoast_head_json":{"title":"Anschwei\u00dfhaken am L\u00f6ffel des Baggers 1-15 t - ComTerra","description":"Kuka za ka\u0161iku, kuka za korpu, kuka za navarivanje, kuka za dizanje tereta, kuka za bager, kuka za kombinirku, kuka za stroj, kauka za varenje na stroj","robots":{"index":"noindex","follow":"follow","max-snippet":"max-snippet:-1","max-image-preview":"max-image-preview:large","max-video-preview":"max-video-preview:-1"},"og_locale":"en_US","og_type":"article","og_title":"Anschwei\u00dfhaken am L\u00f6ffel des Baggers 1-15 t - ComTerra","og_description":"Kuka za ka\u0161iku, kuka za korpu, kuka za navarivanje, kuka za dizanje tereta, kuka za bager, kuka za kombinirku, kuka za stroj, kauka za varenje na stroj","og_url":"https:\/\/shop.comterra.eu\/en\/p\/anschweisshaken-am-loeffel-des-baggers-1-15-t\/","og_site_name":"ComTerra","article_publisher":"https:\/\/web.facebook.com\/ComTerraEU","article_modified_time":"2022-10-27T13:22:28+00:00","og_image":[{"width":800,"height":600,"url":"https:\/\/shop.comterra.eu\/wp-content\/uploads\/2022\/06\/Kuka-navarivanje-na-korpu-1-15t.jpg","type":"image\/jpeg"}],"twitter_card":"summary_large_image","schema":{"@context":"https:\/\/schema.org","@graph":[{"@type":"WebPage","@id":"https:\/\/shop.comterra.eu\/p\/anschweisshaken-am-loeffel-des-baggers-1-15-t\/","url":"https:\/\/shop.comterra.eu\/p\/anschweisshaken-am-loeffel-des-baggers-1-15-t\/","name":"Anschwei\u00dfhaken am L\u00f6ffel des Baggers 1-15 t - ComTerra","isPartOf":{"@id":"https:\/\/shop.comterra.eu\/#website"},"datePublished":"2019-10-20T19:17:52+00:00","dateModified":"2022-10-27T13:22:28+00:00","description":"Kuka za ka\u0161iku, kuka za korpu, kuka za navarivanje, kuka za dizanje tereta, kuka za bager, kuka za kombinirku, kuka za stroj, kauka za varenje na stroj","breadcrumb":{"@id":"https:\/\/shop.comterra.eu\/p\/anschweisshaken-am-loeffel-des-baggers-1-15-t\/#breadcrumb"},"inLanguage":"en-US","potentialAction":[{"@type":"ReadAction","target":["https:\/\/shop.comterra.eu\/p\/anschweisshaken-am-loeffel-des-baggers-1-15-t\/"]}]},{"@type":"BreadcrumbList","@id":"https:\/\/shop.comterra.eu\/p\/anschweisshaken-am-loeffel-des-baggers-1-15-t\/#breadcrumb","itemListElement":[{"@type":"ListItem","position":1,"name":"ComTerra SHOP &#8211; Willkommen","item":"https:\/\/shop.comterra.eu\/"},{"@type":"ListItem","position":2,"name":"Anschwei\u00dfhaken am L\u00f6ffel des Baggers 1-15 t"}]},{"@type":"WebSite","@id":"https:\/\/shop.comterra.eu\/#website","url":"https:\/\/shop.comterra.eu\/","name":"ComTerra","description":"","publisher":{"@id":"https:\/\/shop.comterra.eu\/#organization"},"potentialAction":[{"@type":"SearchAction","target":{"@type":"EntryPoint","urlTemplate":"https:\/\/shop.comterra.eu\/?s={search_term_string}"},"query-input":"required name=search_term_string"}],"inLanguage":"en-US"},{"@type":"Organization","@id":"https:\/\/shop.comterra.eu\/#organization","name":"ComTerra","url":"https:\/\/shop.comterra.eu\/","logo":{"@type":"ImageObject","inLanguage":"en-US","@id":"https:\/\/shop.comterra.eu\/#\/schema\/logo\/image\/","url":"https:\/\/shop.comterra.eu\/wp-content\/uploads\/2019\/12\/cropped-logo.png","contentUrl":"https:\/\/shop.comterra.eu\/wp-content\/uploads\/2019\/12\/cropped-logo.png","width":379,"height":89,"caption":"ComTerra"},"image":{"@id":"https:\/\/shop.comterra.eu\/#\/schema\/logo\/image\/"},"sameAs":["https:\/\/www.youtube.com\/channel\/UCn4vG_rMnFID5Hg_ooZKieg","https:\/\/web.facebook.com\/ComTerraEU"]}]}},"_links":{"self":[{"href":"https:\/\/shop.comterra.eu\/en\/wp-json\/wp\/v2\/product\/534"}],"collection":[{"href":"https:\/\/shop.comterra.eu\/en\/wp-json\/wp\/v2\/product"}],"about":[{"href":"https:\/\/shop.comterra.eu\/en\/wp-json\/wp\/v2\/types\/product"}],"wp:featuredmedia":[{"embeddable":true,"href":"https:\/\/shop.comterra.eu\/en\/wp-json\/wp\/v2\/media\/15863"}],"wp:attachment":[{"href":"https:\/\/shop.comterra.eu\/en\/wp-json\/wp\/v2\/media?parent=534"}],"wp:term":[{"taxonomy":"product_cat","embeddable":true,"href":"https:\/\/shop.comterra.eu\/en\/wp-json\/wp\/v2\/product_cat?post=534"},{"taxonomy":"product_tag","embeddable":true,"href":"https:\/\/shop.comterra.eu\/en\/wp-json\/wp\/v2\/product_tag?post=534"}],"curies":[{"name":"wp","href":"https:\/\/api.w.org\/{rel}","templated":true}]}}