{"id":5252,"date":"2021-09-08T09:33:29","date_gmt":"2021-09-08T09:33:29","guid":{"rendered":"https:\/\/shop.comterra.eu\/?post_type=product&#038;p=5252"},"modified":"2022-10-28T10:11:36","modified_gmt":"2022-10-28T10:11:36","slug":"volvo-deckel-bb65w-bb80w-bb125w","status":"publish","type":"product","link":"https:\/\/shop.comterra.eu\/en\/p\/volvo-deckel-bb65w-bb80w-bb125w\/","title":{"rendered":"VOLVO deckel BB65W\/BB80W\/BB125W"},"content":{"rendered":"<p>Prednosti Volvo DRP ESCO:<\/p>\n<ul>\n<li>Tanji profil za lak\u0161e prodiranje<\/li>\n<li>Vi\u0161e materijala otpornog na abraziju za du\u017ei \u017eivotni vijek<\/li>\n<li>Visoka tvrdo\u0107a zuba ESCO legura<\/li>\n<li>Direktna zamjena za OEM volvo zube<\/li>\n<li>Top-klasa ESCO odlivaka<\/li>\n<\/ul>\n<p><strong>GPE <\/strong>General Purpose, univerzalna upotreba<br \/>\n<strong>BAGERI: EC\/EW210C, EC\/EW140C, ECR145C, EW145B, EC\/EW160C, EC\/EW180C<br \/>\nUTOVARIVA\u010cI:\u00a0 L110E\/G, L120G, L150G, L180G<\/strong><\/p>\n<table width=\"276\">\n<tbody>\n<tr>\n<td width=\"87\">Opcije<\/td>\n<td width=\"109\"><strong>A<\/strong><br \/>\nDu\u017eina<br \/>\nmm<\/td>\n<td width=\"80\"><strong>B<\/strong><br \/>\n\u0160irina<br \/>\nmm<\/td>\n<td width=\"80\"><strong>C<\/strong><br \/>\nDebljina<br \/>\nmm<\/td>\n<td width=\"80\"><strong>Te\u017eina<\/strong><\/td>\n<td width=\"80\"><strong>OEM<\/strong><\/td>\n<\/tr>\n<tr>\n<td width=\"87\">BB65W<\/td>\n<td width=\"109\">146<\/td>\n<td width=\"80\">176<\/td>\n<td width=\"87\">66<\/td>\n<td width=\"109\">4.0<\/td>\n<td width=\"80\">VOE 14595197<\/td>\n<\/tr>\n<tr>\n<td width=\"87\">BB80W<\/td>\n<td width=\"109\">147<\/td>\n<td width=\"80\">186<\/td>\n<td width=\"87\">73<\/td>\n<td width=\"109\">4.7<\/td>\n<td width=\"80\">VOE 14595198<\/td>\n<\/tr>\n<tr>\n<td width=\"87\">BB125W<\/td>\n<td width=\"109\">178<\/td>\n<td width=\"80\">223<\/td>\n<td width=\"87\">81<\/td>\n<td width=\"109\">8.0<\/td>\n<td width=\"80\">VOE 14595199<\/td>\n<\/tr>\n<\/tbody>\n<\/table>","protected":false},"excerpt":{"rendered":"<p>VOLVO kapa BB65W\/BB80W\/BB125W<\/p>","protected":false},"featured_media":5247,"template":"","meta":[],"product_cat":[538,42],"product_tag":[],"yoast_head":"<!-- This site is optimized with the Yoast SEO plugin v20.0 - https:\/\/yoast.com\/wordpress\/plugins\/seo\/ -->\n<title>VOLVO deckel BB65W\/BB80W\/BB125W - ComTerra VOLVO deckel BB65W\/BB80W\/BB125W<\/title>\n<meta name=\"description\" content=\"ESCO zub za Volvo, Volvo zubi, GPE, AMRE, PPE, ARXE, AML, AMRL, zubi za Volvo, Volvo sistem, VOE, 15GPE, 20GPE, 30GPE, 40GPE, 55GPE, 65ARXE, VOE 14595197, VOE 14595198, VOE 14595199\" \/>\n<meta name=\"robots\" content=\"noindex, follow, max-snippet:-1, max-image-preview:large, max-video-preview:-1\" \/>\n<meta property=\"og:locale\" content=\"en_US\" \/>\n<meta property=\"og:type\" content=\"article\" \/>\n<meta property=\"og:title\" content=\"VOLVO deckel BB65W\/BB80W\/BB125W - ComTerra VOLVO deckel BB65W\/BB80W\/BB125W\" \/>\n<meta property=\"og:description\" content=\"ESCO zub za Volvo, Volvo zubi, GPE, AMRE, PPE, ARXE, AML, AMRL, zubi za Volvo, Volvo sistem, VOE, 15GPE, 20GPE, 30GPE, 40GPE, 55GPE, 65ARXE, VOE 14595197, VOE 14595198, VOE 14595199\" \/>\n<meta property=\"og:url\" content=\"https:\/\/shop.comterra.eu\/en\/p\/volvo-deckel-bb65w-bb80w-bb125w\/\" \/>\n<meta property=\"og:site_name\" content=\"ComTerra\" \/>\n<meta property=\"article:publisher\" content=\"https:\/\/web.facebook.com\/ComTerraEU\" \/>\n<meta property=\"article:modified_time\" content=\"2022-10-28T10:11:36+00:00\" \/>\n<meta property=\"og:image\" content=\"https:\/\/shop.comterra.eu\/wp-content\/uploads\/2020\/11\/BB65W-1024-X-768.jpg\" \/>\n\t<meta property=\"og:image:width\" content=\"1024\" \/>\n\t<meta property=\"og:image:height\" content=\"768\" \/>\n\t<meta property=\"og:image:type\" content=\"image\/jpeg\" \/>\n<meta name=\"twitter:card\" content=\"summary_large_image\" \/>\n<meta name=\"twitter:label1\" content=\"Est. reading time\" \/>\n\t<meta name=\"twitter:data1\" content=\"1 minute\" \/>\n<script type=\"application\/ld+json\" class=\"yoast-schema-graph\">{\"@context\":\"https:\/\/schema.org\",\"@graph\":[{\"@type\":\"WebPage\",\"@id\":\"https:\/\/shop.comterra.eu\/p\/volvo-deckel-bb65w-bb80w-bb125w\/\",\"url\":\"https:\/\/shop.comterra.eu\/p\/volvo-deckel-bb65w-bb80w-bb125w\/\",\"name\":\"VOLVO deckel BB65W\/BB80W\/BB125W - ComTerra VOLVO deckel BB65W\/BB80W\/BB125W\",\"isPartOf\":{\"@id\":\"https:\/\/shop.comterra.eu\/#website\"},\"datePublished\":\"2021-09-08T09:33:29+00:00\",\"dateModified\":\"2022-10-28T10:11:36+00:00\",\"description\":\"ESCO zub za Volvo, Volvo zubi, GPE, AMRE, PPE, ARXE, AML, AMRL, zubi za Volvo, Volvo sistem, VOE, 15GPE, 20GPE, 30GPE, 40GPE, 55GPE, 65ARXE, VOE 14595197, VOE 14595198, VOE 14595199\",\"breadcrumb\":{\"@id\":\"https:\/\/shop.comterra.eu\/p\/volvo-deckel-bb65w-bb80w-bb125w\/#breadcrumb\"},\"inLanguage\":\"en-US\",\"potentialAction\":[{\"@type\":\"ReadAction\",\"target\":[\"https:\/\/shop.comterra.eu\/p\/volvo-deckel-bb65w-bb80w-bb125w\/\"]}]},{\"@type\":\"BreadcrumbList\",\"@id\":\"https:\/\/shop.comterra.eu\/p\/volvo-deckel-bb65w-bb80w-bb125w\/#breadcrumb\",\"itemListElement\":[{\"@type\":\"ListItem\",\"position\":1,\"name\":\"ComTerra SHOP &#8211; Willkommen\",\"item\":\"https:\/\/shop.comterra.eu\/\"},{\"@type\":\"ListItem\",\"position\":2,\"name\":\"VOLVO deckel BB65W\/BB80W\/BB125W\"}]},{\"@type\":\"WebSite\",\"@id\":\"https:\/\/shop.comterra.eu\/#website\",\"url\":\"https:\/\/shop.comterra.eu\/\",\"name\":\"ComTerra\",\"description\":\"\",\"publisher\":{\"@id\":\"https:\/\/shop.comterra.eu\/#organization\"},\"potentialAction\":[{\"@type\":\"SearchAction\",\"target\":{\"@type\":\"EntryPoint\",\"urlTemplate\":\"https:\/\/shop.comterra.eu\/?s={search_term_string}\"},\"query-input\":\"required name=search_term_string\"}],\"inLanguage\":\"en-US\"},{\"@type\":\"Organization\",\"@id\":\"https:\/\/shop.comterra.eu\/#organization\",\"name\":\"ComTerra\",\"url\":\"https:\/\/shop.comterra.eu\/\",\"logo\":{\"@type\":\"ImageObject\",\"inLanguage\":\"en-US\",\"@id\":\"https:\/\/shop.comterra.eu\/#\/schema\/logo\/image\/\",\"url\":\"https:\/\/shop.comterra.eu\/wp-content\/uploads\/2019\/12\/cropped-logo.png\",\"contentUrl\":\"https:\/\/shop.comterra.eu\/wp-content\/uploads\/2019\/12\/cropped-logo.png\",\"width\":379,\"height\":89,\"caption\":\"ComTerra\"},\"image\":{\"@id\":\"https:\/\/shop.comterra.eu\/#\/schema\/logo\/image\/\"},\"sameAs\":[\"https:\/\/www.youtube.com\/channel\/UCn4vG_rMnFID5Hg_ooZKieg\",\"https:\/\/web.facebook.com\/ComTerraEU\"]}]}<\/script>\n<!-- \/ Yoast SEO plugin. -->","yoast_head_json":{"title":"VOLVO deckel BB65W\/BB80W\/BB125W - ComTerra VOLVO deckel BB65W\/BB80W\/BB125W","description":"ESCO zub za Volvo, Volvo zubi, GPE, AMRE, PPE, ARXE, AML, AMRL, zubi za Volvo, Volvo sistem, VOE, 15GPE, 20GPE, 30GPE, 40GPE, 55GPE, 65ARXE, VOE 14595197, VOE 14595198, VOE 14595199","robots":{"index":"noindex","follow":"follow","max-snippet":"max-snippet:-1","max-image-preview":"max-image-preview:large","max-video-preview":"max-video-preview:-1"},"og_locale":"en_US","og_type":"article","og_title":"VOLVO deckel BB65W\/BB80W\/BB125W - ComTerra VOLVO deckel BB65W\/BB80W\/BB125W","og_description":"ESCO zub za Volvo, Volvo zubi, GPE, AMRE, PPE, ARXE, AML, AMRL, zubi za Volvo, Volvo sistem, VOE, 15GPE, 20GPE, 30GPE, 40GPE, 55GPE, 65ARXE, VOE 14595197, VOE 14595198, VOE 14595199","og_url":"https:\/\/shop.comterra.eu\/en\/p\/volvo-deckel-bb65w-bb80w-bb125w\/","og_site_name":"ComTerra","article_publisher":"https:\/\/web.facebook.com\/ComTerraEU","article_modified_time":"2022-10-28T10:11:36+00:00","og_image":[{"width":1024,"height":768,"url":"https:\/\/shop.comterra.eu\/wp-content\/uploads\/2020\/11\/BB65W-1024-X-768.jpg","type":"image\/jpeg"}],"twitter_card":"summary_large_image","twitter_misc":{"Est. reading time":"1 minute"},"schema":{"@context":"https:\/\/schema.org","@graph":[{"@type":"WebPage","@id":"https:\/\/shop.comterra.eu\/p\/volvo-deckel-bb65w-bb80w-bb125w\/","url":"https:\/\/shop.comterra.eu\/p\/volvo-deckel-bb65w-bb80w-bb125w\/","name":"VOLVO deckel BB65W\/BB80W\/BB125W - ComTerra VOLVO deckel BB65W\/BB80W\/BB125W","isPartOf":{"@id":"https:\/\/shop.comterra.eu\/#website"},"datePublished":"2021-09-08T09:33:29+00:00","dateModified":"2022-10-28T10:11:36+00:00","description":"ESCO zub za Volvo, Volvo zubi, GPE, AMRE, PPE, ARXE, AML, AMRL, zubi za Volvo, Volvo sistem, VOE, 15GPE, 20GPE, 30GPE, 40GPE, 55GPE, 65ARXE, VOE 14595197, VOE 14595198, VOE 14595199","breadcrumb":{"@id":"https:\/\/shop.comterra.eu\/p\/volvo-deckel-bb65w-bb80w-bb125w\/#breadcrumb"},"inLanguage":"en-US","potentialAction":[{"@type":"ReadAction","target":["https:\/\/shop.comterra.eu\/p\/volvo-deckel-bb65w-bb80w-bb125w\/"]}]},{"@type":"BreadcrumbList","@id":"https:\/\/shop.comterra.eu\/p\/volvo-deckel-bb65w-bb80w-bb125w\/#breadcrumb","itemListElement":[{"@type":"ListItem","position":1,"name":"ComTerra SHOP &#8211; Willkommen","item":"https:\/\/shop.comterra.eu\/"},{"@type":"ListItem","position":2,"name":"VOLVO deckel BB65W\/BB80W\/BB125W"}]},{"@type":"WebSite","@id":"https:\/\/shop.comterra.eu\/#website","url":"https:\/\/shop.comterra.eu\/","name":"ComTerra","description":"","publisher":{"@id":"https:\/\/shop.comterra.eu\/#organization"},"potentialAction":[{"@type":"SearchAction","target":{"@type":"EntryPoint","urlTemplate":"https:\/\/shop.comterra.eu\/?s={search_term_string}"},"query-input":"required name=search_term_string"}],"inLanguage":"en-US"},{"@type":"Organization","@id":"https:\/\/shop.comterra.eu\/#organization","name":"ComTerra","url":"https:\/\/shop.comterra.eu\/","logo":{"@type":"ImageObject","inLanguage":"en-US","@id":"https:\/\/shop.comterra.eu\/#\/schema\/logo\/image\/","url":"https:\/\/shop.comterra.eu\/wp-content\/uploads\/2019\/12\/cropped-logo.png","contentUrl":"https:\/\/shop.comterra.eu\/wp-content\/uploads\/2019\/12\/cropped-logo.png","width":379,"height":89,"caption":"ComTerra"},"image":{"@id":"https:\/\/shop.comterra.eu\/#\/schema\/logo\/image\/"},"sameAs":["https:\/\/www.youtube.com\/channel\/UCn4vG_rMnFID5Hg_ooZKieg","https:\/\/web.facebook.com\/ComTerraEU"]}]}},"_links":{"self":[{"href":"https:\/\/shop.comterra.eu\/en\/wp-json\/wp\/v2\/product\/5252"}],"collection":[{"href":"https:\/\/shop.comterra.eu\/en\/wp-json\/wp\/v2\/product"}],"about":[{"href":"https:\/\/shop.comterra.eu\/en\/wp-json\/wp\/v2\/types\/product"}],"wp:featuredmedia":[{"embeddable":true,"href":"https:\/\/shop.comterra.eu\/en\/wp-json\/wp\/v2\/media\/5247"}],"wp:attachment":[{"href":"https:\/\/shop.comterra.eu\/en\/wp-json\/wp\/v2\/media?parent=5252"}],"wp:term":[{"taxonomy":"product_cat","embeddable":true,"href":"https:\/\/shop.comterra.eu\/en\/wp-json\/wp\/v2\/product_cat?post=5252"},{"taxonomy":"product_tag","embeddable":true,"href":"https:\/\/shop.comterra.eu\/en\/wp-json\/wp\/v2\/product_tag?post=5252"}],"curies":[{"name":"wp","href":"https:\/\/api.w.org\/{rel}","templated":true}]}}