{"id":5118,"date":"2021-09-02T10:50:47","date_gmt":"2021-09-02T10:50:47","guid":{"rendered":"https:\/\/shop.comterra.eu\/?post_type=product&#038;p=5118"},"modified":"2022-10-27T12:02:02","modified_gmt":"2022-10-27T12:02:02","slug":"krings-rohrgreifer-rg2500-tragkraft-25-t","status":"publish","type":"product","link":"https:\/\/shop.comterra.eu\/en\/p\/krings-rohrgreifer-rg2500-tragkraft-25-t\/","title":{"rendered":"Krings Rohrgreifer RG2500 &#8211; Tragkraft 2,5 t"},"content":{"rendered":"<p>Samostalno otvaraju\u0107i i zatvaraju\u0107i KRINGS grajferi za cijevi su dugogodi\u0161nje provjerene naprave za siguran i ekonomi\u010dan transport i polaganje cijevi svih vrsta.<\/p>\n<p>Princip oba raspolo\u017eiva modela temelji se na najjednostavnijem principu rada preko automatskog primanja. Hvataljke se nakon primitka tereta sa jednostavnim osigura\u010dem blokiraju. Potpuna obuhvatna blokada sprije\u010dava nenamjerno oslobo\u0111enje tereta i doprinosi k dodatnoj sigurnosti.<\/p>\n<p>Namjena grajfera GZ 2,5 t je samo za transport betonskih cijevi. Transport cijevi od drugih materijala, kao \u0161to je azbestni cement, pvc ili sli\u010dno, mo\u017ee uzrokovati lomljenje cijevi. Za glinene cijevi ili kamene proizvode potrebna je posebna oprema.<\/p>\n<table>\n<tbody>\n<tr>\n<td><strong>Grajfer za cijevi, tip hvataljki<\/strong><\/td>\n<td><strong>Vanjski promjer cijeva<br \/>\n<\/strong><\/td>\n<\/tr>\n<tr>\n<td><strong>RK I \/ RG2500, tip hvataljki 50<br \/>\n<\/strong><\/td>\n<td>275 mm &#8211; 650 mm<\/td>\n<\/tr>\n<tr>\n<td><strong>RK I \/ RG2500, tip hvataljki 80<\/strong><\/td>\n<td>580 mm &#8211; 950 mm<\/td>\n<\/tr>\n<\/tbody>\n<\/table>","protected":false},"excerpt":{"rendered":"<p>Nosivost 2,5 tone, RG2500 &#8211; tip hvataljki 50, RG2500 &#8211; tip hvataljki 80<\/p>","protected":false},"featured_media":5146,"template":"","meta":[],"product_cat":[684,23],"product_tag":[],"yoast_head":"<!-- This site is optimized with the Yoast SEO plugin v20.0 - https:\/\/yoast.com\/wordpress\/plugins\/seo\/ -->\n<title>Krings Rohrgreifer RG2500 - Tragkraft 2,5 t - ComTerra<\/title>\n<meta name=\"description\" content=\"Hvataljke za betonske cijevi, grajfer za transport, transport materijala, transport azbestnog cementa i pvc, hvataljke za te\u0161ki teret, 2.5tone\" \/>\n<meta name=\"robots\" content=\"noindex, follow, max-snippet:-1, max-image-preview:large, max-video-preview:-1\" \/>\n<meta property=\"og:locale\" content=\"en_US\" \/>\n<meta property=\"og:type\" content=\"article\" \/>\n<meta property=\"og:title\" content=\"Krings Rohrgreifer RG2500 - Tragkraft 2,5 t - ComTerra\" \/>\n<meta property=\"og:description\" content=\"Hvataljke za betonske cijevi, grajfer za transport, transport materijala, transport azbestnog cementa i pvc, hvataljke za te\u0161ki teret, 2.5tone\" \/>\n<meta property=\"og:url\" content=\"https:\/\/shop.comterra.eu\/en\/p\/krings-rohrgreifer-rg2500-tragkraft-25-t\/\" \/>\n<meta property=\"og:site_name\" content=\"ComTerra\" \/>\n<meta property=\"article:publisher\" content=\"https:\/\/web.facebook.com\/ComTerraEU\" \/>\n<meta property=\"article:modified_time\" content=\"2022-10-27T12:02:02+00:00\" \/>\n<meta property=\"og:image\" content=\"https:\/\/shop.comterra.eu\/wp-content\/uploads\/2021\/09\/Grajferi_1024-X-768.jpg\" \/>\n\t<meta property=\"og:image:width\" content=\"1024\" \/>\n\t<meta property=\"og:image:height\" content=\"768\" \/>\n\t<meta property=\"og:image:type\" content=\"image\/jpeg\" \/>\n<meta name=\"twitter:card\" content=\"summary_large_image\" \/>\n<meta name=\"twitter:label1\" content=\"Est. reading time\" \/>\n\t<meta name=\"twitter:data1\" content=\"1 minute\" \/>\n<script type=\"application\/ld+json\" class=\"yoast-schema-graph\">{\"@context\":\"https:\/\/schema.org\",\"@graph\":[{\"@type\":\"WebPage\",\"@id\":\"https:\/\/shop.comterra.eu\/p\/krings-rohrgreifer-rg2500-tragkraft-25-t\/\",\"url\":\"https:\/\/shop.comterra.eu\/p\/krings-rohrgreifer-rg2500-tragkraft-25-t\/\",\"name\":\"Krings Rohrgreifer RG2500 - Tragkraft 2,5 t - ComTerra\",\"isPartOf\":{\"@id\":\"https:\/\/shop.comterra.eu\/#website\"},\"datePublished\":\"2021-09-02T10:50:47+00:00\",\"dateModified\":\"2022-10-27T12:02:02+00:00\",\"description\":\"Hvataljke za betonske cijevi, grajfer za transport, transport materijala, transport azbestnog cementa i pvc, hvataljke za te\u0161ki teret, 2.5tone\",\"breadcrumb\":{\"@id\":\"https:\/\/shop.comterra.eu\/p\/krings-rohrgreifer-rg2500-tragkraft-25-t\/#breadcrumb\"},\"inLanguage\":\"en-US\",\"potentialAction\":[{\"@type\":\"ReadAction\",\"target\":[\"https:\/\/shop.comterra.eu\/p\/krings-rohrgreifer-rg2500-tragkraft-25-t\/\"]}]},{\"@type\":\"BreadcrumbList\",\"@id\":\"https:\/\/shop.comterra.eu\/p\/krings-rohrgreifer-rg2500-tragkraft-25-t\/#breadcrumb\",\"itemListElement\":[{\"@type\":\"ListItem\",\"position\":1,\"name\":\"ComTerra SHOP &#8211; Willkommen\",\"item\":\"https:\/\/shop.comterra.eu\/\"},{\"@type\":\"ListItem\",\"position\":2,\"name\":\"Krings Rohrgreifer RG2500 &#8211; Tragkraft 2,5 t\"}]},{\"@type\":\"WebSite\",\"@id\":\"https:\/\/shop.comterra.eu\/#website\",\"url\":\"https:\/\/shop.comterra.eu\/\",\"name\":\"ComTerra\",\"description\":\"\",\"publisher\":{\"@id\":\"https:\/\/shop.comterra.eu\/#organization\"},\"potentialAction\":[{\"@type\":\"SearchAction\",\"target\":{\"@type\":\"EntryPoint\",\"urlTemplate\":\"https:\/\/shop.comterra.eu\/?s={search_term_string}\"},\"query-input\":\"required name=search_term_string\"}],\"inLanguage\":\"en-US\"},{\"@type\":\"Organization\",\"@id\":\"https:\/\/shop.comterra.eu\/#organization\",\"name\":\"ComTerra\",\"url\":\"https:\/\/shop.comterra.eu\/\",\"logo\":{\"@type\":\"ImageObject\",\"inLanguage\":\"en-US\",\"@id\":\"https:\/\/shop.comterra.eu\/#\/schema\/logo\/image\/\",\"url\":\"https:\/\/shop.comterra.eu\/wp-content\/uploads\/2019\/12\/cropped-logo.png\",\"contentUrl\":\"https:\/\/shop.comterra.eu\/wp-content\/uploads\/2019\/12\/cropped-logo.png\",\"width\":379,\"height\":89,\"caption\":\"ComTerra\"},\"image\":{\"@id\":\"https:\/\/shop.comterra.eu\/#\/schema\/logo\/image\/\"},\"sameAs\":[\"https:\/\/www.youtube.com\/channel\/UCn4vG_rMnFID5Hg_ooZKieg\",\"https:\/\/web.facebook.com\/ComTerraEU\"]}]}<\/script>\n<!-- \/ Yoast SEO plugin. -->","yoast_head_json":{"title":"Krings Rohrgreifer RG2500 - Tragkraft 2,5 t - ComTerra","description":"Hvataljke za betonske cijevi, grajfer za transport, transport materijala, transport azbestnog cementa i pvc, hvataljke za te\u0161ki teret, 2.5tone","robots":{"index":"noindex","follow":"follow","max-snippet":"max-snippet:-1","max-image-preview":"max-image-preview:large","max-video-preview":"max-video-preview:-1"},"og_locale":"en_US","og_type":"article","og_title":"Krings Rohrgreifer RG2500 - Tragkraft 2,5 t - ComTerra","og_description":"Hvataljke za betonske cijevi, grajfer za transport, transport materijala, transport azbestnog cementa i pvc, hvataljke za te\u0161ki teret, 2.5tone","og_url":"https:\/\/shop.comterra.eu\/en\/p\/krings-rohrgreifer-rg2500-tragkraft-25-t\/","og_site_name":"ComTerra","article_publisher":"https:\/\/web.facebook.com\/ComTerraEU","article_modified_time":"2022-10-27T12:02:02+00:00","og_image":[{"width":1024,"height":768,"url":"https:\/\/shop.comterra.eu\/wp-content\/uploads\/2021\/09\/Grajferi_1024-X-768.jpg","type":"image\/jpeg"}],"twitter_card":"summary_large_image","twitter_misc":{"Est. reading time":"1 minute"},"schema":{"@context":"https:\/\/schema.org","@graph":[{"@type":"WebPage","@id":"https:\/\/shop.comterra.eu\/p\/krings-rohrgreifer-rg2500-tragkraft-25-t\/","url":"https:\/\/shop.comterra.eu\/p\/krings-rohrgreifer-rg2500-tragkraft-25-t\/","name":"Krings Rohrgreifer RG2500 - Tragkraft 2,5 t - ComTerra","isPartOf":{"@id":"https:\/\/shop.comterra.eu\/#website"},"datePublished":"2021-09-02T10:50:47+00:00","dateModified":"2022-10-27T12:02:02+00:00","description":"Hvataljke za betonske cijevi, grajfer za transport, transport materijala, transport azbestnog cementa i pvc, hvataljke za te\u0161ki teret, 2.5tone","breadcrumb":{"@id":"https:\/\/shop.comterra.eu\/p\/krings-rohrgreifer-rg2500-tragkraft-25-t\/#breadcrumb"},"inLanguage":"en-US","potentialAction":[{"@type":"ReadAction","target":["https:\/\/shop.comterra.eu\/p\/krings-rohrgreifer-rg2500-tragkraft-25-t\/"]}]},{"@type":"BreadcrumbList","@id":"https:\/\/shop.comterra.eu\/p\/krings-rohrgreifer-rg2500-tragkraft-25-t\/#breadcrumb","itemListElement":[{"@type":"ListItem","position":1,"name":"ComTerra SHOP &#8211; Willkommen","item":"https:\/\/shop.comterra.eu\/"},{"@type":"ListItem","position":2,"name":"Krings Rohrgreifer RG2500 &#8211; Tragkraft 2,5 t"}]},{"@type":"WebSite","@id":"https:\/\/shop.comterra.eu\/#website","url":"https:\/\/shop.comterra.eu\/","name":"ComTerra","description":"","publisher":{"@id":"https:\/\/shop.comterra.eu\/#organization"},"potentialAction":[{"@type":"SearchAction","target":{"@type":"EntryPoint","urlTemplate":"https:\/\/shop.comterra.eu\/?s={search_term_string}"},"query-input":"required name=search_term_string"}],"inLanguage":"en-US"},{"@type":"Organization","@id":"https:\/\/shop.comterra.eu\/#organization","name":"ComTerra","url":"https:\/\/shop.comterra.eu\/","logo":{"@type":"ImageObject","inLanguage":"en-US","@id":"https:\/\/shop.comterra.eu\/#\/schema\/logo\/image\/","url":"https:\/\/shop.comterra.eu\/wp-content\/uploads\/2019\/12\/cropped-logo.png","contentUrl":"https:\/\/shop.comterra.eu\/wp-content\/uploads\/2019\/12\/cropped-logo.png","width":379,"height":89,"caption":"ComTerra"},"image":{"@id":"https:\/\/shop.comterra.eu\/#\/schema\/logo\/image\/"},"sameAs":["https:\/\/www.youtube.com\/channel\/UCn4vG_rMnFID5Hg_ooZKieg","https:\/\/web.facebook.com\/ComTerraEU"]}]}},"_links":{"self":[{"href":"https:\/\/shop.comterra.eu\/en\/wp-json\/wp\/v2\/product\/5118"}],"collection":[{"href":"https:\/\/shop.comterra.eu\/en\/wp-json\/wp\/v2\/product"}],"about":[{"href":"https:\/\/shop.comterra.eu\/en\/wp-json\/wp\/v2\/types\/product"}],"wp:featuredmedia":[{"embeddable":true,"href":"https:\/\/shop.comterra.eu\/en\/wp-json\/wp\/v2\/media\/5146"}],"wp:attachment":[{"href":"https:\/\/shop.comterra.eu\/en\/wp-json\/wp\/v2\/media?parent=5118"}],"wp:term":[{"taxonomy":"product_cat","embeddable":true,"href":"https:\/\/shop.comterra.eu\/en\/wp-json\/wp\/v2\/product_cat?post=5118"},{"taxonomy":"product_tag","embeddable":true,"href":"https:\/\/shop.comterra.eu\/en\/wp-json\/wp\/v2\/product_tag?post=5118"}],"curies":[{"name":"wp","href":"https:\/\/api.w.org\/{rel}","templated":true}]}}