{"id":4169,"date":"2021-08-24T08:37:49","date_gmt":"2021-08-24T08:37:49","guid":{"rendered":"https:\/\/shop.comterra.eu\/?post_type=product&#038;p=4169"},"modified":"2022-12-14T13:31:34","modified_gmt":"2022-12-14T13:31:34","slug":"aussengewindekupplungen-mit-bohrungen-fuer-sicherungsclips","status":"publish","type":"product","link":"https:\/\/shop.comterra.eu\/en\/p\/aussengewindekupplungen-mit-bohrungen-fuer-sicherungsclips\/","title":{"rendered":"Au\u1e9eengewindekupplungen mit Bohrungen f\u00fcr Sicherungsclips"},"content":{"rendered":"<p>Razmak izme\u0111u u\u0161ica 41 mm<br \/>\nGumena brtva otporna na ulje<br \/>\nRadni tlak 10 bara<\/p>\n<table>\n<tbody>\n<tr>\n<td width=\"107\">\n<p style=\"text-align: center;\"><strong>Br.Art:<\/strong><\/p>\n<\/td>\n<td style=\"text-align: center;\" width=\"107\"><strong>Dimenzije crijeva:<\/strong><\/td>\n<td style=\"text-align: center;\" width=\"107\"><strong>SW<\/strong><\/td>\n<td style=\"text-align: center;\" width=\"107\"><strong>b<\/strong><\/p>\n<p><strong>mm<\/strong><\/td>\n<td style=\"text-align: center;\" width=\"107\"><strong>h<\/strong><\/p>\n<p><strong>mm<\/strong><\/td>\n<td width=\"107\">\n<p style=\"text-align: center;\"><strong>Te\u017eina:<\/strong><\/p>\n<\/td>\n<\/tr>\n<tr>\n<td width=\"107\">\n<p style=\"text-align: center;\"><strong>1710<\/strong><\/p>\n<\/td>\n<td style=\"text-align: center;\" width=\"107\"><strong>NPT 3\/8\u201c<\/strong><\/td>\n<td style=\"text-align: center;\" width=\"107\">29<\/td>\n<td style=\"text-align: center;\" width=\"107\">62<\/td>\n<td style=\"text-align: center;\" width=\"107\">64<\/td>\n<td width=\"107\">\n<p style=\"text-align: center;\">182 g<\/p>\n<\/td>\n<\/tr>\n<tr>\n<td width=\"107\">\n<p style=\"text-align: center;\"><strong>1711<\/strong><\/p>\n<\/td>\n<td style=\"text-align: center;\" width=\"107\"><strong>NPT 1\/2\u201c<\/strong><\/td>\n<td style=\"text-align: center;\" width=\"107\">29<\/td>\n<td style=\"text-align: center;\" width=\"107\">62<\/td>\n<td style=\"text-align: center;\" width=\"107\">64<\/td>\n<td width=\"107\">\n<p style=\"text-align: center;\">194 g<\/p>\n<\/td>\n<\/tr>\n<tr>\n<td width=\"107\">\n<p style=\"text-align: center;\"><strong>1712<\/strong><\/p>\n<\/td>\n<td style=\"text-align: center;\" width=\"107\"><strong>NPT 3\/4\u201c<\/strong><\/td>\n<td style=\"text-align: center;\" width=\"107\">34<\/td>\n<td style=\"text-align: center;\" width=\"107\">62<\/td>\n<td style=\"text-align: center;\" width=\"107\">70<\/td>\n<td width=\"107\">\n<p style=\"text-align: center;\">217 g<\/p>\n<\/td>\n<\/tr>\n<tr>\n<td width=\"107\">\n<p style=\"text-align: center;\"><strong>1713<\/strong><\/p>\n<\/td>\n<td style=\"text-align: center;\" width=\"107\"><strong>NPT 1\u201c<\/strong><\/td>\n<td style=\"text-align: center;\" width=\"107\">38<\/td>\n<td style=\"text-align: center;\" width=\"107\">62<\/td>\n<td style=\"text-align: center;\" width=\"107\">73<\/td>\n<td width=\"107\">\n<p style=\"text-align: center;\">249 g<\/p>\n<\/td>\n<\/tr>\n<\/tbody>\n<\/table>","protected":false},"excerpt":{"rendered":"<p>Od pocin\u010danog gusa (US), sa rupama za pinove<\/p>","protected":false},"featured_media":4174,"template":"","meta":[],"product_cat":[608],"product_tag":[],"yoast_head":"<!-- This site is optimized with the Yoast SEO plugin v20.0 - https:\/\/yoast.com\/wordpress\/plugins\/seo\/ -->\n<title>Au\u1e9eengewindekupplungen mit Bohrungen f\u00fcr Sicherungsclips - ComTerra<\/title>\n<meta name=\"description\" content=\"Spojnica za crijevo, spojnica za pneumatsko crijevo, spojnica za zrak\" \/>\n<meta name=\"robots\" content=\"noindex, follow, max-snippet:-1, max-image-preview:large, max-video-preview:-1\" \/>\n<meta property=\"og:locale\" content=\"en_US\" \/>\n<meta property=\"og:type\" content=\"article\" \/>\n<meta property=\"og:title\" content=\"Au\u1e9eengewindekupplungen mit Bohrungen f\u00fcr Sicherungsclips - ComTerra\" \/>\n<meta property=\"og:description\" content=\"Spojnica za crijevo, spojnica za pneumatsko crijevo, spojnica za zrak\" \/>\n<meta property=\"og:url\" content=\"https:\/\/shop.comterra.eu\/en\/p\/aussengewindekupplungen-mit-bohrungen-fuer-sicherungsclips\/\" \/>\n<meta property=\"og:site_name\" content=\"ComTerra\" \/>\n<meta property=\"article:publisher\" content=\"https:\/\/web.facebook.com\/ComTerraEU\" \/>\n<meta property=\"article:modified_time\" content=\"2022-12-14T13:31:34+00:00\" \/>\n<meta property=\"og:image\" content=\"https:\/\/shop.comterra.eu\/wp-content\/uploads\/2021\/08\/Muska-Kandasta-spojnica-US-sa-rupama-za-pricvrsne-igle-1024-X-768.jpg\" \/>\n\t<meta property=\"og:image:width\" content=\"1024\" \/>\n\t<meta property=\"og:image:height\" content=\"768\" \/>\n\t<meta property=\"og:image:type\" content=\"image\/jpeg\" \/>\n<meta name=\"twitter:card\" content=\"summary_large_image\" \/>\n<meta name=\"twitter:label1\" content=\"Est. reading time\" \/>\n\t<meta name=\"twitter:data1\" content=\"1 minute\" \/>\n<script type=\"application\/ld+json\" class=\"yoast-schema-graph\">{\"@context\":\"https:\/\/schema.org\",\"@graph\":[{\"@type\":\"WebPage\",\"@id\":\"https:\/\/shop.comterra.eu\/p\/aussengewindekupplungen-mit-bohrungen-fuer-sicherungsclips\/\",\"url\":\"https:\/\/shop.comterra.eu\/p\/aussengewindekupplungen-mit-bohrungen-fuer-sicherungsclips\/\",\"name\":\"Au\u1e9eengewindekupplungen mit Bohrungen f\u00fcr Sicherungsclips - ComTerra\",\"isPartOf\":{\"@id\":\"https:\/\/shop.comterra.eu\/#website\"},\"datePublished\":\"2021-08-24T08:37:49+00:00\",\"dateModified\":\"2022-12-14T13:31:34+00:00\",\"description\":\"Spojnica za crijevo, spojnica za pneumatsko crijevo, spojnica za zrak\",\"breadcrumb\":{\"@id\":\"https:\/\/shop.comterra.eu\/p\/aussengewindekupplungen-mit-bohrungen-fuer-sicherungsclips\/#breadcrumb\"},\"inLanguage\":\"en-US\",\"potentialAction\":[{\"@type\":\"ReadAction\",\"target\":[\"https:\/\/shop.comterra.eu\/p\/aussengewindekupplungen-mit-bohrungen-fuer-sicherungsclips\/\"]}]},{\"@type\":\"BreadcrumbList\",\"@id\":\"https:\/\/shop.comterra.eu\/p\/aussengewindekupplungen-mit-bohrungen-fuer-sicherungsclips\/#breadcrumb\",\"itemListElement\":[{\"@type\":\"ListItem\",\"position\":1,\"name\":\"ComTerra SHOP &#8211; Willkommen\",\"item\":\"https:\/\/shop.comterra.eu\/\"},{\"@type\":\"ListItem\",\"position\":2,\"name\":\"Au\u1e9eengewindekupplungen mit Bohrungen f\u00fcr Sicherungsclips\"}]},{\"@type\":\"WebSite\",\"@id\":\"https:\/\/shop.comterra.eu\/#website\",\"url\":\"https:\/\/shop.comterra.eu\/\",\"name\":\"ComTerra\",\"description\":\"\",\"publisher\":{\"@id\":\"https:\/\/shop.comterra.eu\/#organization\"},\"potentialAction\":[{\"@type\":\"SearchAction\",\"target\":{\"@type\":\"EntryPoint\",\"urlTemplate\":\"https:\/\/shop.comterra.eu\/?s={search_term_string}\"},\"query-input\":\"required name=search_term_string\"}],\"inLanguage\":\"en-US\"},{\"@type\":\"Organization\",\"@id\":\"https:\/\/shop.comterra.eu\/#organization\",\"name\":\"ComTerra\",\"url\":\"https:\/\/shop.comterra.eu\/\",\"logo\":{\"@type\":\"ImageObject\",\"inLanguage\":\"en-US\",\"@id\":\"https:\/\/shop.comterra.eu\/#\/schema\/logo\/image\/\",\"url\":\"https:\/\/shop.comterra.eu\/wp-content\/uploads\/2019\/12\/cropped-logo.png\",\"contentUrl\":\"https:\/\/shop.comterra.eu\/wp-content\/uploads\/2019\/12\/cropped-logo.png\",\"width\":379,\"height\":89,\"caption\":\"ComTerra\"},\"image\":{\"@id\":\"https:\/\/shop.comterra.eu\/#\/schema\/logo\/image\/\"},\"sameAs\":[\"https:\/\/www.youtube.com\/channel\/UCn4vG_rMnFID5Hg_ooZKieg\",\"https:\/\/web.facebook.com\/ComTerraEU\"]}]}<\/script>\n<!-- \/ Yoast SEO plugin. -->","yoast_head_json":{"title":"Au\u1e9eengewindekupplungen mit Bohrungen f\u00fcr Sicherungsclips - ComTerra","description":"Spojnica za crijevo, spojnica za pneumatsko crijevo, spojnica za zrak","robots":{"index":"noindex","follow":"follow","max-snippet":"max-snippet:-1","max-image-preview":"max-image-preview:large","max-video-preview":"max-video-preview:-1"},"og_locale":"en_US","og_type":"article","og_title":"Au\u1e9eengewindekupplungen mit Bohrungen f\u00fcr Sicherungsclips - ComTerra","og_description":"Spojnica za crijevo, spojnica za pneumatsko crijevo, spojnica za zrak","og_url":"https:\/\/shop.comterra.eu\/en\/p\/aussengewindekupplungen-mit-bohrungen-fuer-sicherungsclips\/","og_site_name":"ComTerra","article_publisher":"https:\/\/web.facebook.com\/ComTerraEU","article_modified_time":"2022-12-14T13:31:34+00:00","og_image":[{"width":1024,"height":768,"url":"https:\/\/shop.comterra.eu\/wp-content\/uploads\/2021\/08\/Muska-Kandasta-spojnica-US-sa-rupama-za-pricvrsne-igle-1024-X-768.jpg","type":"image\/jpeg"}],"twitter_card":"summary_large_image","twitter_misc":{"Est. reading time":"1 minute"},"schema":{"@context":"https:\/\/schema.org","@graph":[{"@type":"WebPage","@id":"https:\/\/shop.comterra.eu\/p\/aussengewindekupplungen-mit-bohrungen-fuer-sicherungsclips\/","url":"https:\/\/shop.comterra.eu\/p\/aussengewindekupplungen-mit-bohrungen-fuer-sicherungsclips\/","name":"Au\u1e9eengewindekupplungen mit Bohrungen f\u00fcr Sicherungsclips - ComTerra","isPartOf":{"@id":"https:\/\/shop.comterra.eu\/#website"},"datePublished":"2021-08-24T08:37:49+00:00","dateModified":"2022-12-14T13:31:34+00:00","description":"Spojnica za crijevo, spojnica za pneumatsko crijevo, spojnica za zrak","breadcrumb":{"@id":"https:\/\/shop.comterra.eu\/p\/aussengewindekupplungen-mit-bohrungen-fuer-sicherungsclips\/#breadcrumb"},"inLanguage":"en-US","potentialAction":[{"@type":"ReadAction","target":["https:\/\/shop.comterra.eu\/p\/aussengewindekupplungen-mit-bohrungen-fuer-sicherungsclips\/"]}]},{"@type":"BreadcrumbList","@id":"https:\/\/shop.comterra.eu\/p\/aussengewindekupplungen-mit-bohrungen-fuer-sicherungsclips\/#breadcrumb","itemListElement":[{"@type":"ListItem","position":1,"name":"ComTerra SHOP &#8211; Willkommen","item":"https:\/\/shop.comterra.eu\/"},{"@type":"ListItem","position":2,"name":"Au\u1e9eengewindekupplungen mit Bohrungen f\u00fcr Sicherungsclips"}]},{"@type":"WebSite","@id":"https:\/\/shop.comterra.eu\/#website","url":"https:\/\/shop.comterra.eu\/","name":"ComTerra","description":"","publisher":{"@id":"https:\/\/shop.comterra.eu\/#organization"},"potentialAction":[{"@type":"SearchAction","target":{"@type":"EntryPoint","urlTemplate":"https:\/\/shop.comterra.eu\/?s={search_term_string}"},"query-input":"required name=search_term_string"}],"inLanguage":"en-US"},{"@type":"Organization","@id":"https:\/\/shop.comterra.eu\/#organization","name":"ComTerra","url":"https:\/\/shop.comterra.eu\/","logo":{"@type":"ImageObject","inLanguage":"en-US","@id":"https:\/\/shop.comterra.eu\/#\/schema\/logo\/image\/","url":"https:\/\/shop.comterra.eu\/wp-content\/uploads\/2019\/12\/cropped-logo.png","contentUrl":"https:\/\/shop.comterra.eu\/wp-content\/uploads\/2019\/12\/cropped-logo.png","width":379,"height":89,"caption":"ComTerra"},"image":{"@id":"https:\/\/shop.comterra.eu\/#\/schema\/logo\/image\/"},"sameAs":["https:\/\/www.youtube.com\/channel\/UCn4vG_rMnFID5Hg_ooZKieg","https:\/\/web.facebook.com\/ComTerraEU"]}]}},"_links":{"self":[{"href":"https:\/\/shop.comterra.eu\/en\/wp-json\/wp\/v2\/product\/4169"}],"collection":[{"href":"https:\/\/shop.comterra.eu\/en\/wp-json\/wp\/v2\/product"}],"about":[{"href":"https:\/\/shop.comterra.eu\/en\/wp-json\/wp\/v2\/types\/product"}],"wp:featuredmedia":[{"embeddable":true,"href":"https:\/\/shop.comterra.eu\/en\/wp-json\/wp\/v2\/media\/4174"}],"wp:attachment":[{"href":"https:\/\/shop.comterra.eu\/en\/wp-json\/wp\/v2\/media?parent=4169"}],"wp:term":[{"taxonomy":"product_cat","embeddable":true,"href":"https:\/\/shop.comterra.eu\/en\/wp-json\/wp\/v2\/product_cat?post=4169"},{"taxonomy":"product_tag","embeddable":true,"href":"https:\/\/shop.comterra.eu\/en\/wp-json\/wp\/v2\/product_tag?post=4169"}],"curies":[{"name":"wp","href":"https:\/\/api.w.org\/{rel}","templated":true}]}}