{"id":3898,"date":"2021-08-18T13:49:41","date_gmt":"2021-08-18T13:49:41","guid":{"rendered":"https:\/\/shop.comterra.eu\/?post_type=product&#038;p=3898"},"modified":"2022-12-14T14:36:32","modified_gmt":"2022-12-14T14:36:32","slug":"mantex-hochdruckschlauch-rot-dn51-dn75","status":"publish","type":"product","link":"https:\/\/shop.comterra.eu\/en\/p\/mantex-hochdruckschlauch-rot-dn51-dn75\/","title":{"rendered":"Mantex Hochdruckschlauch rot DN51-DN75"},"content":{"rendered":"<div class=\"gmail_default\">\n<div>\n<table style=\"height: auto\" width=\"auto\">\n<tbody>\n<tr>\n<td style=\"text-align: center\" colspan=\"10\" width=\"194\" data-index-map=\"attr18\"><span style=\"color: #000000\">Tehni\u010dki podaci<\/span><\/td>\n<\/tr>\n<tr>\n<td style=\"text-align: center\" colspan=\"2\"><span style=\"color: #000000\">Unutarnji promjer<\/span><\/td>\n<td style=\"text-align: center\" colspan=\"1\"><span style=\"color: #000000\">Debljina stijenke<\/span><\/td>\n<td style=\"text-align: center\" colspan=\"1\"><span style=\"color: #000000\">Te\u017eina<\/span><\/td>\n<td style=\"text-align: center\" colspan=\"1\"><span style=\"color: #000000\">Radni tlak \/max.<\/span><\/td>\n<td style=\"text-align: center\" colspan=\"1\"><span style=\"color: #000000\">Prekidna sila<\/span><\/td>\n<\/tr>\n<tr>\n<td style=\"text-align: center\"><span style=\"color: #000000\">Cola<\/span><\/td>\n<td style=\"text-align: center\"><span style=\"color: #000000\">mm<\/span><\/td>\n<td style=\"text-align: center\"><span style=\"color: #000000\">mm<\/span><\/td>\n<td style=\"text-align: center\"><span style=\"color: #000000\">Kg \/ m<\/span><\/td>\n<td style=\"text-align: center\"><span style=\"color: #000000\">Bar<\/span><\/td>\n<td style=\"text-align: center\"><span style=\"color: #000000\">Tona<\/span><\/td>\n<\/tr>\n<tr>\n<td style=\"text-align: center\"><span style=\"color: #000000\">2<\/span><\/td>\n<td style=\"text-align: center\"><span style=\"color: #000000\">51.0<\/span><\/td>\n<td style=\"text-align: center\"><span style=\"color: #000000\">4.4<\/span><\/td>\n<td style=\"text-align: center\"><span style=\"color: #000000\">0.82<\/span><\/td>\n<td style=\"text-align: center\"><span style=\"color: #000000\">44\/175<\/span><\/td>\n<td style=\"text-align: center\"><span style=\"color: #000000\">14.3<\/span><\/td>\n<\/tr>\n<tr>\n<td style=\"text-align: center\">3<\/td>\n<td style=\"text-align: center\"><span style=\"color: #000000\">75.0<\/span><\/td>\n<td style=\"text-align: center\"><span style=\"color: #000000\">4.5<\/span><\/td>\n<td style=\"text-align: center\"><span style=\"color: #000000\">1.24<\/span><\/td>\n<td style=\"text-align: center\"><span style=\"color: #000000\">44\/110<\/span><\/td>\n<td style=\"text-align: center\"><span style=\"color: #000000\">21.0<\/span><\/td>\n<\/tr>\n<\/tbody>\n<\/table>\n<\/div>\n<ul>\n<li><span style=\"color: #000000\"><strong>Mantex HP crijevo &#8211; svjetski poznato plosnato crijevo dizajnirano za komprimirani zrak i rad pod visokim pritiskom uz malu te\u017einu crijeva koje je jednostavno i lako koristiti i spremati<\/strong><\/span><\/li>\n<\/ul>\n<p><strong><em>KARAKTERISTIKE<\/em><\/strong><\/p>\n<ul>\n<li>Lagano, ali robusno i izdr\u017eljivo crijevo<\/li>\n<li>Mala te\u017eina crijeva i rad pod visokim pritiskom omogu\u0107uje jednostavno kori\u0161tenje i \u010destu uporabu<\/li>\n<li>Crijevo se ne raste\u017ee pri povla\u010denju, te s obzirom na dabljinu stijenke mo\u017ee raditi pod velikim pritiskom<\/li>\n<li>Izvrsna otpornost na habanje<\/li>\n<li>Dupli sloj sa TPU unutarnjim \/ vanjskim slojem<\/li>\n<\/ul>\n<p><strong><em>DIZAJN<\/em><\/strong><\/p>\n<ul>\n<li>Dupli sloj osigurava rad pod ve\u0107im pritiskom, otpornost na probijanje i fleksibilnost crijeva<\/li>\n<li>Tkanina visoke \u010dvrsto\u010de prekrivena je i oblo\u017eena termoplasti\u010dnim poliuretanom (TPU)\u00a0 otpornim na habanje i ulje<\/li>\n<\/ul>\n<p><strong><em>PREDNOSTI<\/em><\/strong><\/p>\n<ul>\n<li>Dokazana kvaliteta mnogobrojnim kori\u0161tenjem i odli\u010dnim rezultatima sa terena<\/li>\n<li>Du\u017eina do 40 metara<\/li>\n<li>Visoki radni tlak 44 BAR<\/li>\n<li>Mala te\u017eina crijeva<\/li>\n<li>Velika fleksibilnost<\/li>\n<li>Jednostavno rukovanje, te mala te\u017eina u usporedbi sa klasi\u010dnim crijevima<\/li>\n<li>Crijevo mo\u017ee raditi na temperaturi od -50\u00b0C do +75\u00b0C<\/li>\n<li>Povremena upotreba do +80\u00b0C<\/li>\n<\/ul>\n<\/div>","protected":false},"excerpt":{"rendered":"<p>Mantex crijevo, visokotla\u010dno HP &#8211; crveno DN51-DN75<\/p>","protected":false},"featured_media":3949,"template":"","meta":[],"product_cat":[607,29],"product_tag":[],"yoast_head":"<!-- This site is optimized with the Yoast SEO plugin v20.0 - https:\/\/yoast.com\/wordpress\/plugins\/seo\/ -->\n<title>Mantex Hochdruckschlauch rot DN51-DN75 - ComTerra<\/title>\n<meta name=\"description\" content=\"Pneumatsko crijevo, crijevo za komprimirani zrak, Atlas Copco, Ingersoll Rand, crijevo za kompresor, plosnato crijevo, Compair, Kaesser,\" \/>\n<meta name=\"robots\" content=\"noindex, follow, max-snippet:-1, max-image-preview:large, max-video-preview:-1\" \/>\n<meta property=\"og:locale\" content=\"en_US\" \/>\n<meta property=\"og:type\" content=\"article\" \/>\n<meta property=\"og:title\" content=\"Mantex Hochdruckschlauch rot DN51-DN75 - ComTerra\" \/>\n<meta property=\"og:description\" content=\"Pneumatsko crijevo, crijevo za komprimirani zrak, Atlas Copco, Ingersoll Rand, crijevo za kompresor, plosnato crijevo, Compair, Kaesser,\" \/>\n<meta property=\"og:url\" content=\"https:\/\/shop.comterra.eu\/en\/p\/mantex-hochdruckschlauch-rot-dn51-dn75\/\" \/>\n<meta property=\"og:site_name\" content=\"ComTerra\" \/>\n<meta property=\"article:publisher\" content=\"https:\/\/web.facebook.com\/ComTerraEU\" \/>\n<meta property=\"article:modified_time\" content=\"2022-12-14T14:36:32+00:00\" \/>\n<meta property=\"og:image\" content=\"https:\/\/shop.comterra.eu\/wp-content\/uploads\/2021\/08\/mantex-crijeva-hp-crveno-comterra.jpg\" \/>\n\t<meta property=\"og:image:width\" content=\"1024\" \/>\n\t<meta property=\"og:image:height\" content=\"768\" \/>\n\t<meta property=\"og:image:type\" content=\"image\/jpeg\" \/>\n<meta name=\"twitter:card\" content=\"summary_large_image\" \/>\n<meta name=\"twitter:label1\" content=\"Est. reading time\" \/>\n\t<meta name=\"twitter:data1\" content=\"1 minute\" \/>\n<script type=\"application\/ld+json\" class=\"yoast-schema-graph\">{\"@context\":\"https:\/\/schema.org\",\"@graph\":[{\"@type\":\"WebPage\",\"@id\":\"https:\/\/shop.comterra.eu\/p\/mantex-hochdruckschlauch-rot-dn51-dn75\/\",\"url\":\"https:\/\/shop.comterra.eu\/p\/mantex-hochdruckschlauch-rot-dn51-dn75\/\",\"name\":\"Mantex Hochdruckschlauch rot DN51-DN75 - ComTerra\",\"isPartOf\":{\"@id\":\"https:\/\/shop.comterra.eu\/#website\"},\"datePublished\":\"2021-08-18T13:49:41+00:00\",\"dateModified\":\"2022-12-14T14:36:32+00:00\",\"description\":\"Pneumatsko crijevo, crijevo za komprimirani zrak, Atlas Copco, Ingersoll Rand, crijevo za kompresor, plosnato crijevo, Compair, Kaesser,\",\"breadcrumb\":{\"@id\":\"https:\/\/shop.comterra.eu\/p\/mantex-hochdruckschlauch-rot-dn51-dn75\/#breadcrumb\"},\"inLanguage\":\"en-US\",\"potentialAction\":[{\"@type\":\"ReadAction\",\"target\":[\"https:\/\/shop.comterra.eu\/p\/mantex-hochdruckschlauch-rot-dn51-dn75\/\"]}]},{\"@type\":\"BreadcrumbList\",\"@id\":\"https:\/\/shop.comterra.eu\/p\/mantex-hochdruckschlauch-rot-dn51-dn75\/#breadcrumb\",\"itemListElement\":[{\"@type\":\"ListItem\",\"position\":1,\"name\":\"ComTerra SHOP &#8211; Willkommen\",\"item\":\"https:\/\/shop.comterra.eu\/\"},{\"@type\":\"ListItem\",\"position\":2,\"name\":\"Mantex Hochdruckschlauch rot DN51-DN75\"}]},{\"@type\":\"WebSite\",\"@id\":\"https:\/\/shop.comterra.eu\/#website\",\"url\":\"https:\/\/shop.comterra.eu\/\",\"name\":\"ComTerra\",\"description\":\"\",\"publisher\":{\"@id\":\"https:\/\/shop.comterra.eu\/#organization\"},\"potentialAction\":[{\"@type\":\"SearchAction\",\"target\":{\"@type\":\"EntryPoint\",\"urlTemplate\":\"https:\/\/shop.comterra.eu\/?s={search_term_string}\"},\"query-input\":\"required name=search_term_string\"}],\"inLanguage\":\"en-US\"},{\"@type\":\"Organization\",\"@id\":\"https:\/\/shop.comterra.eu\/#organization\",\"name\":\"ComTerra\",\"url\":\"https:\/\/shop.comterra.eu\/\",\"logo\":{\"@type\":\"ImageObject\",\"inLanguage\":\"en-US\",\"@id\":\"https:\/\/shop.comterra.eu\/#\/schema\/logo\/image\/\",\"url\":\"https:\/\/shop.comterra.eu\/wp-content\/uploads\/2019\/12\/cropped-logo.png\",\"contentUrl\":\"https:\/\/shop.comterra.eu\/wp-content\/uploads\/2019\/12\/cropped-logo.png\",\"width\":379,\"height\":89,\"caption\":\"ComTerra\"},\"image\":{\"@id\":\"https:\/\/shop.comterra.eu\/#\/schema\/logo\/image\/\"},\"sameAs\":[\"https:\/\/www.youtube.com\/channel\/UCn4vG_rMnFID5Hg_ooZKieg\",\"https:\/\/web.facebook.com\/ComTerraEU\"]}]}<\/script>\n<!-- \/ Yoast SEO plugin. -->","yoast_head_json":{"title":"Mantex Hochdruckschlauch rot DN51-DN75 - ComTerra","description":"Pneumatsko crijevo, crijevo za komprimirani zrak, Atlas Copco, Ingersoll Rand, crijevo za kompresor, plosnato crijevo, Compair, Kaesser,","robots":{"index":"noindex","follow":"follow","max-snippet":"max-snippet:-1","max-image-preview":"max-image-preview:large","max-video-preview":"max-video-preview:-1"},"og_locale":"en_US","og_type":"article","og_title":"Mantex Hochdruckschlauch rot DN51-DN75 - ComTerra","og_description":"Pneumatsko crijevo, crijevo za komprimirani zrak, Atlas Copco, Ingersoll Rand, crijevo za kompresor, plosnato crijevo, Compair, Kaesser,","og_url":"https:\/\/shop.comterra.eu\/en\/p\/mantex-hochdruckschlauch-rot-dn51-dn75\/","og_site_name":"ComTerra","article_publisher":"https:\/\/web.facebook.com\/ComTerraEU","article_modified_time":"2022-12-14T14:36:32+00:00","og_image":[{"width":1024,"height":768,"url":"https:\/\/shop.comterra.eu\/wp-content\/uploads\/2021\/08\/mantex-crijeva-hp-crveno-comterra.jpg","type":"image\/jpeg"}],"twitter_card":"summary_large_image","twitter_misc":{"Est. reading time":"1 minute"},"schema":{"@context":"https:\/\/schema.org","@graph":[{"@type":"WebPage","@id":"https:\/\/shop.comterra.eu\/p\/mantex-hochdruckschlauch-rot-dn51-dn75\/","url":"https:\/\/shop.comterra.eu\/p\/mantex-hochdruckschlauch-rot-dn51-dn75\/","name":"Mantex Hochdruckschlauch rot DN51-DN75 - ComTerra","isPartOf":{"@id":"https:\/\/shop.comterra.eu\/#website"},"datePublished":"2021-08-18T13:49:41+00:00","dateModified":"2022-12-14T14:36:32+00:00","description":"Pneumatsko crijevo, crijevo za komprimirani zrak, Atlas Copco, Ingersoll Rand, crijevo za kompresor, plosnato crijevo, Compair, Kaesser,","breadcrumb":{"@id":"https:\/\/shop.comterra.eu\/p\/mantex-hochdruckschlauch-rot-dn51-dn75\/#breadcrumb"},"inLanguage":"en-US","potentialAction":[{"@type":"ReadAction","target":["https:\/\/shop.comterra.eu\/p\/mantex-hochdruckschlauch-rot-dn51-dn75\/"]}]},{"@type":"BreadcrumbList","@id":"https:\/\/shop.comterra.eu\/p\/mantex-hochdruckschlauch-rot-dn51-dn75\/#breadcrumb","itemListElement":[{"@type":"ListItem","position":1,"name":"ComTerra SHOP &#8211; Willkommen","item":"https:\/\/shop.comterra.eu\/"},{"@type":"ListItem","position":2,"name":"Mantex Hochdruckschlauch rot DN51-DN75"}]},{"@type":"WebSite","@id":"https:\/\/shop.comterra.eu\/#website","url":"https:\/\/shop.comterra.eu\/","name":"ComTerra","description":"","publisher":{"@id":"https:\/\/shop.comterra.eu\/#organization"},"potentialAction":[{"@type":"SearchAction","target":{"@type":"EntryPoint","urlTemplate":"https:\/\/shop.comterra.eu\/?s={search_term_string}"},"query-input":"required name=search_term_string"}],"inLanguage":"en-US"},{"@type":"Organization","@id":"https:\/\/shop.comterra.eu\/#organization","name":"ComTerra","url":"https:\/\/shop.comterra.eu\/","logo":{"@type":"ImageObject","inLanguage":"en-US","@id":"https:\/\/shop.comterra.eu\/#\/schema\/logo\/image\/","url":"https:\/\/shop.comterra.eu\/wp-content\/uploads\/2019\/12\/cropped-logo.png","contentUrl":"https:\/\/shop.comterra.eu\/wp-content\/uploads\/2019\/12\/cropped-logo.png","width":379,"height":89,"caption":"ComTerra"},"image":{"@id":"https:\/\/shop.comterra.eu\/#\/schema\/logo\/image\/"},"sameAs":["https:\/\/www.youtube.com\/channel\/UCn4vG_rMnFID5Hg_ooZKieg","https:\/\/web.facebook.com\/ComTerraEU"]}]}},"_links":{"self":[{"href":"https:\/\/shop.comterra.eu\/en\/wp-json\/wp\/v2\/product\/3898"}],"collection":[{"href":"https:\/\/shop.comterra.eu\/en\/wp-json\/wp\/v2\/product"}],"about":[{"href":"https:\/\/shop.comterra.eu\/en\/wp-json\/wp\/v2\/types\/product"}],"wp:featuredmedia":[{"embeddable":true,"href":"https:\/\/shop.comterra.eu\/en\/wp-json\/wp\/v2\/media\/3949"}],"wp:attachment":[{"href":"https:\/\/shop.comterra.eu\/en\/wp-json\/wp\/v2\/media?parent=3898"}],"wp:term":[{"taxonomy":"product_cat","embeddable":true,"href":"https:\/\/shop.comterra.eu\/en\/wp-json\/wp\/v2\/product_cat?post=3898"},{"taxonomy":"product_tag","embeddable":true,"href":"https:\/\/shop.comterra.eu\/en\/wp-json\/wp\/v2\/product_tag?post=3898"}],"curies":[{"name":"wp","href":"https:\/\/api.w.org\/{rel}","templated":true}]}}