{"id":3653,"date":"2021-05-18T06:53:10","date_gmt":"2021-05-18T06:53:10","guid":{"rendered":"https:\/\/shop.comterra.eu\/?post_type=product&#038;p=3653"},"modified":"2022-11-04T14:02:50","modified_gmt":"2022-11-04T14:02:50","slug":"krings-verbau-ausruestung-grundbox-ks60-3500x1600","status":"publish","type":"product","link":"https:\/\/shop.comterra.eu\/en\/p\/krings-verbau-ausruestung-grundbox-ks60-3500x1600\/","title":{"rendered":"Krings Verbau Ausr\u00fcstung Grundbox KS60 3500\u00d71600"},"content":{"rendered":"<div>\n<div>\n<div>Unutar svoje skupine, jaki KRINGS KS 60 box je dizajniran za velika optere\u0107enja, malu te\u017einu kao i visoki standard sigurnosti. Ove osobine \u010dine ovu laganu oplatu idealnu za otvoren teren kao i za unutar-gradske rovne aplikacije.<\/div>\n<p>Zahvaljuju\u0107i maloj te\u017eini, oplate su prikladne za rukovanje sa malim bagerima do 13 tona te\u017eine.<\/p>\n<\/div>\n<div>Opremljene su \u010dvrstim razuporama, koje mogu biti pode\u0161avane na \u017eeljene rovne \u0161irine kao i brzo mijenjane (osigurane bolcnima i sigurnosnim osigura\u010dem). Kop\u010de na \u010detiri kutna stupa pojednostavljuju rukovanje ovim tipom oplate.<\/div>\n<div>Razupore su kompatibilne sa razuporama KS 100 i mogu uz pomo\u0107 adaptera biti kori\u0161tene i za KVL box oplate.<\/div>\n<div>Teret se prenosi preko opru\u017enog mehanizma izme\u0111u razupora i plo\u010da oplate.<\/div>\n<\/div>\n<div><\/div>\n<h4><strong>NA VI\u0160E KOMADA DOATANI RABAT, POPUST!<\/strong><br \/>\nMogu\u0107nost najma, rentanja, otkup kroz najam, leasing.<br \/>\nVeliki izbor kori\u0161tene, rabljene kanalne oplate!<\/h4>\n<table class=\"woocommerce-product-attributes shop_attributes\">\n<tbody>\n<tr class=\"woocommerce-product-attributes-item woocommerce-product-attributes-item--attribute_du%c5%beina-modula-box-a\">\n<th class=\"woocommerce-product-attributes-item__label\"><strong>Du\u017eina modula \/ box-a<\/strong><\/th>\n<td class=\"woocommerce-product-attributes-item__value\">3,5m<\/td>\n<\/tr>\n<tr class=\"woocommerce-product-attributes-item woocommerce-product-attributes-item--attribute_visina-box-a\">\n<th class=\"woocommerce-product-attributes-item__label\"><strong>Visina box-a:<\/strong><\/th>\n<td class=\"woocommerce-product-attributes-item__value\">1,6m<\/td>\n<\/tr>\n<tr class=\"woocommerce-product-attributes-item woocommerce-product-attributes-item--attribute_%c5%a1irina-box-a-kvl\">\n<th class=\"woocommerce-product-attributes-item__label\"><strong>\u0160irina box-a KVL:<\/strong><\/th>\n<td class=\"woocommerce-product-attributes-item__value\">0,81 \u2013 1,01m sa razuporom 98\u00d7550<br \/>\n0,98 \u2013 1,32m sa razuporom 98\u00d7700<br \/>\n+ nastavci 300mm, 500,, 1000mm, 1500mm<\/td>\n<\/tr>\n<tr class=\"woocommerce-product-attributes-item woocommerce-product-attributes-item--attribute_te%c5%beina\">\n<th class=\"woocommerce-product-attributes-item__label\"><strong>Te\u017eina:<\/strong><\/th>\n<td class=\"woocommerce-product-attributes-item__value\">1100kg<\/td>\n<\/tr>\n<\/tbody>\n<\/table>","protected":false},"excerpt":{"rendered":"<p>KRINGS KS60 3500x1600x60mm<br \/>\n\u0160irina kanala od 0,8-1,3 (do 4,5m) uz nadoplatu<\/p>","protected":false},"featured_media":3641,"template":"","meta":[],"product_cat":[619],"product_tag":[],"yoast_head":"<!-- This site is optimized with the Yoast SEO plugin v20.0 - https:\/\/yoast.com\/wordpress\/plugins\/seo\/ -->\n<title>Krings Verbau Ausr\u00fcstung Grundbox KS60 3500\u00d71600 - ComTerra<\/title>\n<meta name=\"description\" content=\"KS100, Kanalna oplata, Krings kanalna oplata, osnovni box\" \/>\n<meta name=\"robots\" content=\"noindex, follow, max-snippet:-1, max-image-preview:large, max-video-preview:-1\" \/>\n<meta property=\"og:locale\" content=\"en_US\" \/>\n<meta property=\"og:type\" content=\"article\" \/>\n<meta property=\"og:title\" content=\"Krings Verbau Ausr\u00fcstung Grundbox KS60 3500\u00d71600 - ComTerra\" \/>\n<meta property=\"og:description\" content=\"KS100, Kanalna oplata, Krings kanalna oplata, osnovni box\" \/>\n<meta property=\"og:url\" content=\"https:\/\/shop.comterra.eu\/en\/p\/krings-verbau-ausruestung-grundbox-ks60-3500x1600\/\" \/>\n<meta property=\"og:site_name\" content=\"ComTerra\" \/>\n<meta property=\"article:publisher\" content=\"https:\/\/web.facebook.com\/ComTerraEU\" \/>\n<meta property=\"article:modified_time\" content=\"2022-11-04T14:02:50+00:00\" \/>\n<meta property=\"og:image\" content=\"https:\/\/shop.comterra.eu\/wp-content\/uploads\/2021\/05\/KS60_011krings_kanalna_oplata.jpg\" \/>\n\t<meta property=\"og:image:width\" content=\"1522\" \/>\n\t<meta property=\"og:image:height\" content=\"1171\" \/>\n\t<meta property=\"og:image:type\" content=\"image\/jpeg\" \/>\n<meta name=\"twitter:card\" content=\"summary_large_image\" \/>\n<meta name=\"twitter:label1\" content=\"Est. reading time\" \/>\n\t<meta name=\"twitter:data1\" content=\"1 minute\" \/>\n<script type=\"application\/ld+json\" class=\"yoast-schema-graph\">{\"@context\":\"https:\/\/schema.org\",\"@graph\":[{\"@type\":\"WebPage\",\"@id\":\"https:\/\/shop.comterra.eu\/p\/krings-verbau-ausruestung-grundbox-ks60-3500x1600\/\",\"url\":\"https:\/\/shop.comterra.eu\/p\/krings-verbau-ausruestung-grundbox-ks60-3500x1600\/\",\"name\":\"Krings Verbau Ausr\u00fcstung Grundbox KS60 3500\u00d71600 - ComTerra\",\"isPartOf\":{\"@id\":\"https:\/\/shop.comterra.eu\/#website\"},\"datePublished\":\"2021-05-18T06:53:10+00:00\",\"dateModified\":\"2022-11-04T14:02:50+00:00\",\"description\":\"KS100, Kanalna oplata, Krings kanalna oplata, osnovni box\",\"breadcrumb\":{\"@id\":\"https:\/\/shop.comterra.eu\/p\/krings-verbau-ausruestung-grundbox-ks60-3500x1600\/#breadcrumb\"},\"inLanguage\":\"en-US\",\"potentialAction\":[{\"@type\":\"ReadAction\",\"target\":[\"https:\/\/shop.comterra.eu\/p\/krings-verbau-ausruestung-grundbox-ks60-3500x1600\/\"]}]},{\"@type\":\"BreadcrumbList\",\"@id\":\"https:\/\/shop.comterra.eu\/p\/krings-verbau-ausruestung-grundbox-ks60-3500x1600\/#breadcrumb\",\"itemListElement\":[{\"@type\":\"ListItem\",\"position\":1,\"name\":\"ComTerra SHOP &#8211; Willkommen\",\"item\":\"https:\/\/shop.comterra.eu\/\"},{\"@type\":\"ListItem\",\"position\":2,\"name\":\"Krings Verbau Ausr\u00fcstung Grundbox KS60 3500\u00d71600\"}]},{\"@type\":\"WebSite\",\"@id\":\"https:\/\/shop.comterra.eu\/#website\",\"url\":\"https:\/\/shop.comterra.eu\/\",\"name\":\"ComTerra\",\"description\":\"\",\"publisher\":{\"@id\":\"https:\/\/shop.comterra.eu\/#organization\"},\"potentialAction\":[{\"@type\":\"SearchAction\",\"target\":{\"@type\":\"EntryPoint\",\"urlTemplate\":\"https:\/\/shop.comterra.eu\/?s={search_term_string}\"},\"query-input\":\"required name=search_term_string\"}],\"inLanguage\":\"en-US\"},{\"@type\":\"Organization\",\"@id\":\"https:\/\/shop.comterra.eu\/#organization\",\"name\":\"ComTerra\",\"url\":\"https:\/\/shop.comterra.eu\/\",\"logo\":{\"@type\":\"ImageObject\",\"inLanguage\":\"en-US\",\"@id\":\"https:\/\/shop.comterra.eu\/#\/schema\/logo\/image\/\",\"url\":\"https:\/\/shop.comterra.eu\/wp-content\/uploads\/2019\/12\/cropped-logo.png\",\"contentUrl\":\"https:\/\/shop.comterra.eu\/wp-content\/uploads\/2019\/12\/cropped-logo.png\",\"width\":379,\"height\":89,\"caption\":\"ComTerra\"},\"image\":{\"@id\":\"https:\/\/shop.comterra.eu\/#\/schema\/logo\/image\/\"},\"sameAs\":[\"https:\/\/www.youtube.com\/channel\/UCn4vG_rMnFID5Hg_ooZKieg\",\"https:\/\/web.facebook.com\/ComTerraEU\"]}]}<\/script>\n<!-- \/ Yoast SEO plugin. -->","yoast_head_json":{"title":"Krings Verbau Ausr\u00fcstung Grundbox KS60 3500\u00d71600 - ComTerra","description":"KS100, Kanalna oplata, Krings kanalna oplata, osnovni box","robots":{"index":"noindex","follow":"follow","max-snippet":"max-snippet:-1","max-image-preview":"max-image-preview:large","max-video-preview":"max-video-preview:-1"},"og_locale":"en_US","og_type":"article","og_title":"Krings Verbau Ausr\u00fcstung Grundbox KS60 3500\u00d71600 - ComTerra","og_description":"KS100, Kanalna oplata, Krings kanalna oplata, osnovni box","og_url":"https:\/\/shop.comterra.eu\/en\/p\/krings-verbau-ausruestung-grundbox-ks60-3500x1600\/","og_site_name":"ComTerra","article_publisher":"https:\/\/web.facebook.com\/ComTerraEU","article_modified_time":"2022-11-04T14:02:50+00:00","og_image":[{"width":1522,"height":1171,"url":"https:\/\/shop.comterra.eu\/wp-content\/uploads\/2021\/05\/KS60_011krings_kanalna_oplata.jpg","type":"image\/jpeg"}],"twitter_card":"summary_large_image","twitter_misc":{"Est. reading time":"1 minute"},"schema":{"@context":"https:\/\/schema.org","@graph":[{"@type":"WebPage","@id":"https:\/\/shop.comterra.eu\/p\/krings-verbau-ausruestung-grundbox-ks60-3500x1600\/","url":"https:\/\/shop.comterra.eu\/p\/krings-verbau-ausruestung-grundbox-ks60-3500x1600\/","name":"Krings Verbau Ausr\u00fcstung Grundbox KS60 3500\u00d71600 - ComTerra","isPartOf":{"@id":"https:\/\/shop.comterra.eu\/#website"},"datePublished":"2021-05-18T06:53:10+00:00","dateModified":"2022-11-04T14:02:50+00:00","description":"KS100, Kanalna oplata, Krings kanalna oplata, osnovni box","breadcrumb":{"@id":"https:\/\/shop.comterra.eu\/p\/krings-verbau-ausruestung-grundbox-ks60-3500x1600\/#breadcrumb"},"inLanguage":"en-US","potentialAction":[{"@type":"ReadAction","target":["https:\/\/shop.comterra.eu\/p\/krings-verbau-ausruestung-grundbox-ks60-3500x1600\/"]}]},{"@type":"BreadcrumbList","@id":"https:\/\/shop.comterra.eu\/p\/krings-verbau-ausruestung-grundbox-ks60-3500x1600\/#breadcrumb","itemListElement":[{"@type":"ListItem","position":1,"name":"ComTerra SHOP &#8211; Willkommen","item":"https:\/\/shop.comterra.eu\/"},{"@type":"ListItem","position":2,"name":"Krings Verbau Ausr\u00fcstung Grundbox KS60 3500\u00d71600"}]},{"@type":"WebSite","@id":"https:\/\/shop.comterra.eu\/#website","url":"https:\/\/shop.comterra.eu\/","name":"ComTerra","description":"","publisher":{"@id":"https:\/\/shop.comterra.eu\/#organization"},"potentialAction":[{"@type":"SearchAction","target":{"@type":"EntryPoint","urlTemplate":"https:\/\/shop.comterra.eu\/?s={search_term_string}"},"query-input":"required name=search_term_string"}],"inLanguage":"en-US"},{"@type":"Organization","@id":"https:\/\/shop.comterra.eu\/#organization","name":"ComTerra","url":"https:\/\/shop.comterra.eu\/","logo":{"@type":"ImageObject","inLanguage":"en-US","@id":"https:\/\/shop.comterra.eu\/#\/schema\/logo\/image\/","url":"https:\/\/shop.comterra.eu\/wp-content\/uploads\/2019\/12\/cropped-logo.png","contentUrl":"https:\/\/shop.comterra.eu\/wp-content\/uploads\/2019\/12\/cropped-logo.png","width":379,"height":89,"caption":"ComTerra"},"image":{"@id":"https:\/\/shop.comterra.eu\/#\/schema\/logo\/image\/"},"sameAs":["https:\/\/www.youtube.com\/channel\/UCn4vG_rMnFID5Hg_ooZKieg","https:\/\/web.facebook.com\/ComTerraEU"]}]}},"_links":{"self":[{"href":"https:\/\/shop.comterra.eu\/en\/wp-json\/wp\/v2\/product\/3653"}],"collection":[{"href":"https:\/\/shop.comterra.eu\/en\/wp-json\/wp\/v2\/product"}],"about":[{"href":"https:\/\/shop.comterra.eu\/en\/wp-json\/wp\/v2\/types\/product"}],"wp:featuredmedia":[{"embeddable":true,"href":"https:\/\/shop.comterra.eu\/en\/wp-json\/wp\/v2\/media\/3641"}],"wp:attachment":[{"href":"https:\/\/shop.comterra.eu\/en\/wp-json\/wp\/v2\/media?parent=3653"}],"wp:term":[{"taxonomy":"product_cat","embeddable":true,"href":"https:\/\/shop.comterra.eu\/en\/wp-json\/wp\/v2\/product_cat?post=3653"},{"taxonomy":"product_tag","embeddable":true,"href":"https:\/\/shop.comterra.eu\/en\/wp-json\/wp\/v2\/product_tag?post=3653"}],"curies":[{"name":"wp","href":"https:\/\/api.w.org\/{rel}","templated":true}]}}