{"id":3560,"date":"2021-05-12T11:53:35","date_gmt":"2021-05-12T11:53:35","guid":{"rendered":"https:\/\/shop.comterra.eu\/?post_type=product&#038;p=3560"},"modified":"2022-11-04T14:07:11","modified_gmt":"2022-11-04T14:07:11","slug":"mobile-baugleise","status":"publish","type":"product","link":"https:\/\/shop.comterra.eu\/en\/p\/mobile-baugleise\/","title":{"rendered":"Mobile Baugleise"},"content":{"rendered":"<h4><strong>PLASTI\u010cNE GRA\u0110EVINSKE STAZE<\/strong><\/h4>\n<h4><strong>LAGANO RJE\u0160ENJE ZA VELIKE TE\u017dINE<\/strong><\/h4>\n<p>Na\u0161e plasti\u010dne gra\u0111evinske staze imaju malu te\u017einu i veliku nosivost. Lako se postavljaju, osiguravaju optimalnu raspodjelu te\u017eine i mogu se koristiti na skoro bilo kojoj povr\u0161ini.<br \/>\nNa\u0161e plasti\u010dne gra\u0111evinske staze su zaista lagane, \u0161to pridonosi niskim transportnim tro\u0161kovima i tro\u0161kovima postavljanja. Upravo to ih \u0107ini posebno jeftinim rje\u0161enjem za \u0161irok raspon aplikacija. Za gradili\u0161ta, za pro\u0161irenje postoje\u0107ih cesta ili pove\u0107avanje skladi\u0161nih prostora, ali isto tako su pogodne za upotrebu dizalica ili sastavljnje platformi za vjetroelektrane, prijenosnih vodova\/pruga ili fotonaponskih sustava.<br \/>\nIzra\u0111ene od posebno dizajniranih geotekstilnih podloga, na\u0161e gra\u0111evinske staze pru\u017eaju izvrsnu za\u0161titu osjetljivih povr\u0161ina kao \u0161to su prirodni kamen ili betonski tlakovci.<\/p>\n<p>Tehni\u010dki podaci:<br \/>\nMaterijal: Polietilen visoke gusto\u0107e<br \/>\nDimenzije: 3.000 \u00d7 2.500 \u00d7 38 mm<br \/>\nTe\u017eina: 290 kg svaka plo\u010da<br \/>\nPovr\u0161ina: Profilirana na obje strane<br \/>\nNosivost: Pribli\u017eno 160\u00a0 tona\/m\u00b2 (ovisno o uvjetima na zemlji)<br \/>\nTransport:\u00a075 plo\u010da po kamionu<\/p>\n<p>Tehni\u010dki podaci za \u010deli\u010dne gra\u0111evinske staze TKI:<br \/>\nMaterijal: Polietilen visoke gusto\u0107e<br \/>\nDimenzije: 3.400 \u00d7 2.380 \u00d7 120 mm<br \/>\nTe\u017eina: 890kg svaka plo\u010da<br \/>\nPovr\u0161ina: Profilirana sa jedne strane, mogu\u0107nost prelaza sa \u010deli\u010dnim gusjenicama<br \/>\nNosivost: Pribli\u017eno 12\u00a0 tona\/osovina (ovisno o uvjetima na zemlji)<br \/>\nTransport:\u00a025 plo\u010da po kamionu<\/p>\n<p>&nbsp;<\/p>\n<p>&nbsp;<\/p>","protected":false},"excerpt":{"rendered":"<p>PLASTI\u010cNE GRA\u0110EVINSKE STAZE LAGANO RJE\u0160ENJE ZA VELIKE TE\u017dINE Na\u0161e plasti\u010dne gra\u0111evinske staze imaju malu te\u017einu i veliku nosivost. Lako se postavljaju, osiguravaju optimalnu raspodjelu te\u017eine i mogu se koristiti na skoro bilo kojoj povr\u0161ini. Na\u0161e plasti\u010dne gra\u0111evinske staze su zaista lagane, \u0161to pridonosi niskim transportnim tro\u0161kovima i tro\u0161kovima postavljanja. Upravo to ih \u0107ini posebno jeftinim [&hellip;]<\/p>","protected":false},"featured_media":3559,"template":"","meta":[],"product_cat":[622],"product_tag":[],"yoast_head":"<!-- This site is optimized with the Yoast SEO plugin v20.0 - https:\/\/yoast.com\/wordpress\/plugins\/seo\/ -->\n<title>Mobile Baugleise - ComTerra<\/title>\n<meta name=\"robots\" content=\"noindex, follow, max-snippet:-1, max-image-preview:large, max-video-preview:-1\" \/>\n<meta property=\"og:locale\" content=\"en_US\" \/>\n<meta property=\"og:type\" content=\"article\" \/>\n<meta property=\"og:title\" content=\"Mobile Baugleise - ComTerra\" \/>\n<meta property=\"og:description\" content=\"PLASTI\u010cNE GRA\u0110EVINSKE STAZE LAGANO RJE\u0160ENJE ZA VELIKE TE\u017dINE Na\u0161e plasti\u010dne gra\u0111evinske staze imaju malu te\u017einu i veliku nosivost. Lako se postavljaju, osiguravaju optimalnu raspodjelu te\u017eine i mogu se koristiti na skoro bilo kojoj povr\u0161ini. Na\u0161e plasti\u010dne gra\u0111evinske staze su zaista lagane, \u0161to pridonosi niskim transportnim tro\u0161kovima i tro\u0161kovima postavljanja. Upravo to ih \u0107ini posebno jeftinim [&hellip;]\" \/>\n<meta property=\"og:url\" content=\"https:\/\/shop.comterra.eu\/en\/p\/mobile-baugleise\/\" \/>\n<meta property=\"og:site_name\" content=\"ComTerra\" \/>\n<meta property=\"article:publisher\" content=\"https:\/\/web.facebook.com\/ComTerraEU\" \/>\n<meta property=\"article:modified_time\" content=\"2022-11-04T14:07:11+00:00\" \/>\n<meta property=\"og:image\" content=\"https:\/\/shop.comterra.eu\/wp-content\/uploads\/2021\/05\/gradevisnke_staze_plasticne25_201901082116.jpg\" \/>\n\t<meta property=\"og:image:width\" content=\"1795\" \/>\n\t<meta property=\"og:image:height\" content=\"1116\" \/>\n\t<meta property=\"og:image:type\" content=\"image\/jpeg\" \/>\n<meta name=\"twitter:card\" content=\"summary_large_image\" \/>\n<meta name=\"twitter:label1\" content=\"Est. reading time\" \/>\n\t<meta name=\"twitter:data1\" content=\"1 minute\" \/>\n<script type=\"application\/ld+json\" class=\"yoast-schema-graph\">{\"@context\":\"https:\/\/schema.org\",\"@graph\":[{\"@type\":\"WebPage\",\"@id\":\"https:\/\/shop.comterra.eu\/p\/mobile-baugleise\/\",\"url\":\"https:\/\/shop.comterra.eu\/p\/mobile-baugleise\/\",\"name\":\"Mobile Baugleise - ComTerra\",\"isPartOf\":{\"@id\":\"https:\/\/shop.comterra.eu\/#website\"},\"datePublished\":\"2021-05-12T11:53:35+00:00\",\"dateModified\":\"2022-11-04T14:07:11+00:00\",\"breadcrumb\":{\"@id\":\"https:\/\/shop.comterra.eu\/p\/mobile-baugleise\/#breadcrumb\"},\"inLanguage\":\"en-US\",\"potentialAction\":[{\"@type\":\"ReadAction\",\"target\":[\"https:\/\/shop.comterra.eu\/p\/mobile-baugleise\/\"]}]},{\"@type\":\"BreadcrumbList\",\"@id\":\"https:\/\/shop.comterra.eu\/p\/mobile-baugleise\/#breadcrumb\",\"itemListElement\":[{\"@type\":\"ListItem\",\"position\":1,\"name\":\"ComTerra SHOP &#8211; Willkommen\",\"item\":\"https:\/\/shop.comterra.eu\/\"},{\"@type\":\"ListItem\",\"position\":2,\"name\":\"Mobile Baugleise\"}]},{\"@type\":\"WebSite\",\"@id\":\"https:\/\/shop.comterra.eu\/#website\",\"url\":\"https:\/\/shop.comterra.eu\/\",\"name\":\"ComTerra\",\"description\":\"\",\"publisher\":{\"@id\":\"https:\/\/shop.comterra.eu\/#organization\"},\"potentialAction\":[{\"@type\":\"SearchAction\",\"target\":{\"@type\":\"EntryPoint\",\"urlTemplate\":\"https:\/\/shop.comterra.eu\/?s={search_term_string}\"},\"query-input\":\"required name=search_term_string\"}],\"inLanguage\":\"en-US\"},{\"@type\":\"Organization\",\"@id\":\"https:\/\/shop.comterra.eu\/#organization\",\"name\":\"ComTerra\",\"url\":\"https:\/\/shop.comterra.eu\/\",\"logo\":{\"@type\":\"ImageObject\",\"inLanguage\":\"en-US\",\"@id\":\"https:\/\/shop.comterra.eu\/#\/schema\/logo\/image\/\",\"url\":\"https:\/\/shop.comterra.eu\/wp-content\/uploads\/2019\/12\/cropped-logo.png\",\"contentUrl\":\"https:\/\/shop.comterra.eu\/wp-content\/uploads\/2019\/12\/cropped-logo.png\",\"width\":379,\"height\":89,\"caption\":\"ComTerra\"},\"image\":{\"@id\":\"https:\/\/shop.comterra.eu\/#\/schema\/logo\/image\/\"},\"sameAs\":[\"https:\/\/www.youtube.com\/channel\/UCn4vG_rMnFID5Hg_ooZKieg\",\"https:\/\/web.facebook.com\/ComTerraEU\"]}]}<\/script>\n<!-- \/ Yoast SEO plugin. -->","yoast_head_json":{"title":"Mobile Baugleise - ComTerra","robots":{"index":"noindex","follow":"follow","max-snippet":"max-snippet:-1","max-image-preview":"max-image-preview:large","max-video-preview":"max-video-preview:-1"},"og_locale":"en_US","og_type":"article","og_title":"Mobile Baugleise - ComTerra","og_description":"PLASTI\u010cNE GRA\u0110EVINSKE STAZE LAGANO RJE\u0160ENJE ZA VELIKE TE\u017dINE Na\u0161e plasti\u010dne gra\u0111evinske staze imaju malu te\u017einu i veliku nosivost. Lako se postavljaju, osiguravaju optimalnu raspodjelu te\u017eine i mogu se koristiti na skoro bilo kojoj povr\u0161ini. Na\u0161e plasti\u010dne gra\u0111evinske staze su zaista lagane, \u0161to pridonosi niskim transportnim tro\u0161kovima i tro\u0161kovima postavljanja. Upravo to ih \u0107ini posebno jeftinim [&hellip;]","og_url":"https:\/\/shop.comterra.eu\/en\/p\/mobile-baugleise\/","og_site_name":"ComTerra","article_publisher":"https:\/\/web.facebook.com\/ComTerraEU","article_modified_time":"2022-11-04T14:07:11+00:00","og_image":[{"width":1795,"height":1116,"url":"https:\/\/shop.comterra.eu\/wp-content\/uploads\/2021\/05\/gradevisnke_staze_plasticne25_201901082116.jpg","type":"image\/jpeg"}],"twitter_card":"summary_large_image","twitter_misc":{"Est. reading time":"1 minute"},"schema":{"@context":"https:\/\/schema.org","@graph":[{"@type":"WebPage","@id":"https:\/\/shop.comterra.eu\/p\/mobile-baugleise\/","url":"https:\/\/shop.comterra.eu\/p\/mobile-baugleise\/","name":"Mobile Baugleise - ComTerra","isPartOf":{"@id":"https:\/\/shop.comterra.eu\/#website"},"datePublished":"2021-05-12T11:53:35+00:00","dateModified":"2022-11-04T14:07:11+00:00","breadcrumb":{"@id":"https:\/\/shop.comterra.eu\/p\/mobile-baugleise\/#breadcrumb"},"inLanguage":"en-US","potentialAction":[{"@type":"ReadAction","target":["https:\/\/shop.comterra.eu\/p\/mobile-baugleise\/"]}]},{"@type":"BreadcrumbList","@id":"https:\/\/shop.comterra.eu\/p\/mobile-baugleise\/#breadcrumb","itemListElement":[{"@type":"ListItem","position":1,"name":"ComTerra SHOP &#8211; Willkommen","item":"https:\/\/shop.comterra.eu\/"},{"@type":"ListItem","position":2,"name":"Mobile Baugleise"}]},{"@type":"WebSite","@id":"https:\/\/shop.comterra.eu\/#website","url":"https:\/\/shop.comterra.eu\/","name":"ComTerra","description":"","publisher":{"@id":"https:\/\/shop.comterra.eu\/#organization"},"potentialAction":[{"@type":"SearchAction","target":{"@type":"EntryPoint","urlTemplate":"https:\/\/shop.comterra.eu\/?s={search_term_string}"},"query-input":"required name=search_term_string"}],"inLanguage":"en-US"},{"@type":"Organization","@id":"https:\/\/shop.comterra.eu\/#organization","name":"ComTerra","url":"https:\/\/shop.comterra.eu\/","logo":{"@type":"ImageObject","inLanguage":"en-US","@id":"https:\/\/shop.comterra.eu\/#\/schema\/logo\/image\/","url":"https:\/\/shop.comterra.eu\/wp-content\/uploads\/2019\/12\/cropped-logo.png","contentUrl":"https:\/\/shop.comterra.eu\/wp-content\/uploads\/2019\/12\/cropped-logo.png","width":379,"height":89,"caption":"ComTerra"},"image":{"@id":"https:\/\/shop.comterra.eu\/#\/schema\/logo\/image\/"},"sameAs":["https:\/\/www.youtube.com\/channel\/UCn4vG_rMnFID5Hg_ooZKieg","https:\/\/web.facebook.com\/ComTerraEU"]}]}},"_links":{"self":[{"href":"https:\/\/shop.comterra.eu\/en\/wp-json\/wp\/v2\/product\/3560"}],"collection":[{"href":"https:\/\/shop.comterra.eu\/en\/wp-json\/wp\/v2\/product"}],"about":[{"href":"https:\/\/shop.comterra.eu\/en\/wp-json\/wp\/v2\/types\/product"}],"wp:featuredmedia":[{"embeddable":true,"href":"https:\/\/shop.comterra.eu\/en\/wp-json\/wp\/v2\/media\/3559"}],"wp:attachment":[{"href":"https:\/\/shop.comterra.eu\/en\/wp-json\/wp\/v2\/media?parent=3560"}],"wp:term":[{"taxonomy":"product_cat","embeddable":true,"href":"https:\/\/shop.comterra.eu\/en\/wp-json\/wp\/v2\/product_cat?post=3560"},{"taxonomy":"product_tag","embeddable":true,"href":"https:\/\/shop.comterra.eu\/en\/wp-json\/wp\/v2\/product_tag?post=3560"}],"curies":[{"name":"wp","href":"https:\/\/api.w.org\/{rel}","templated":true}]}}