{"id":3232,"date":"2021-02-04T13:53:43","date_gmt":"2021-02-04T13:53:43","guid":{"rendered":"https:\/\/shop.comterra.eu\/?post_type=product&#038;p=3232"},"modified":"2022-10-27T12:15:26","modified_gmt":"2022-10-27T12:15:26","slug":"anschlagkette-gk8-4-strang-7mm","status":"publish","type":"product","link":"https:\/\/shop.comterra.eu\/en\/p\/anschlagkette-gk8-4-strang-7mm\/","title":{"rendered":"Anschlagkette GK8 4-Strang 7mm"},"content":{"rendered":"<p>Lan\u010dana priveznica izra\u0111ena sukladno DIN EN 818-1,2,4,6 sastavljene od:<\/p>\n<ul>\n<li>THIELE Lanac klase G80 dimenzija 7x21mm EN818-2, du\u017eina po \u017eelji<\/li>\n<li>THIELE Kuka za direktnu monta\u017eu OctaStar, 4x<\/li>\n<li>THIELE V spojnica G80, 4x<\/li>\n<li>Garnitura za vje\u0161anje tereta<\/li>\n<li>THIELE atestna plo\u010dica sukladno EN818-4<\/li>\n<\/ul>\n<p>Dodatne zna\u010dajke<\/p>\n<ul>\n<li>faktor sigurnosti: 4:1<\/li>\n<li>Ukupna nosivost\u00a0 0-45\u00b0 \/ 0-60\u00b0\u00a0 \u00a0=\u00a0 3,15T\/2,24T<\/li>\n<li>Te\u017eina:<\/li>\n<li>lanac i svi elementi ozna\u010deni razredom G80<\/li>\n<li>obavezno uskla\u0111eni sa nosivo\u0161\u0107u lanca i razredom lanca<\/li>\n<li>deklarirana nosivost ne smije se prekora\u010divati, te vrijedi za upotrebu do -40\u00b0C &#8211; 200\u00b0C<\/li>\n<li>zabranjeno je koristiti o\u0161te\u0107ene elemente i lanac<\/li>\n<li>Po \u017eelji izra\u0111ujemo rezli\u010dite i du\u017eine zavr\u0161etaka priveznica<\/li>\n<li>Uz isporuku izra\u0111ujemo EN certifikat o kvaliteti \/ sukladnosti HRN EN 1677-2<\/li>\n<\/ul>","protected":false},"excerpt":{"rendered":"<p>Nosivost: 3.150kg<\/p>","protected":false},"featured_media":3317,"template":"","meta":[],"product_cat":[61,23],"product_tag":[],"yoast_head":"<!-- This site is optimized with the Yoast SEO plugin v20.0 - https:\/\/yoast.com\/wordpress\/plugins\/seo\/ -->\n<title>Anschlagkette GK8 4-Strang 7mm - ComTerra<\/title>\n<meta name=\"description\" content=\"Lan\u010dana priveznica, lan\u010dane priveznice, THIELE, PEWAG, RUD, lanci za dizanje tereta, veriga, kuka za skra\u0107enje, skra\u0107ivanje, lanac, veriga, verige za dvigovanje\" \/>\n<meta name=\"robots\" content=\"noindex, follow, max-snippet:-1, max-image-preview:large, max-video-preview:-1\" \/>\n<meta property=\"og:locale\" content=\"en_US\" \/>\n<meta property=\"og:type\" content=\"article\" \/>\n<meta property=\"og:title\" content=\"Anschlagkette GK8 4-Strang 7mm - ComTerra\" \/>\n<meta property=\"og:description\" content=\"Lan\u010dana priveznica, lan\u010dane priveznice, THIELE, PEWAG, RUD, lanci za dizanje tereta, veriga, kuka za skra\u0107enje, skra\u0107ivanje, lanac, veriga, verige za dvigovanje\" \/>\n<meta property=\"og:url\" content=\"https:\/\/shop.comterra.eu\/en\/p\/anschlagkette-gk8-4-strang-7mm\/\" \/>\n<meta property=\"og:site_name\" content=\"ComTerra\" \/>\n<meta property=\"article:publisher\" content=\"https:\/\/web.facebook.com\/ComTerraEU\" \/>\n<meta property=\"article:modified_time\" content=\"2022-10-27T12:15:26+00:00\" \/>\n<meta property=\"og:image\" content=\"https:\/\/shop.comterra.eu\/wp-content\/uploads\/2021\/02\/Cetverokraka_g80.jpg\" \/>\n\t<meta property=\"og:image:width\" content=\"1124\" \/>\n\t<meta property=\"og:image:height\" content=\"863\" \/>\n\t<meta property=\"og:image:type\" content=\"image\/jpeg\" \/>\n<meta name=\"twitter:card\" content=\"summary_large_image\" \/>\n<meta name=\"twitter:label1\" content=\"Est. reading time\" \/>\n\t<meta name=\"twitter:data1\" content=\"1 minute\" \/>\n<script type=\"application\/ld+json\" class=\"yoast-schema-graph\">{\"@context\":\"https:\/\/schema.org\",\"@graph\":[{\"@type\":\"WebPage\",\"@id\":\"https:\/\/shop.comterra.eu\/p\/anschlagkette-gk8-4-strang-7mm\/\",\"url\":\"https:\/\/shop.comterra.eu\/p\/anschlagkette-gk8-4-strang-7mm\/\",\"name\":\"Anschlagkette GK8 4-Strang 7mm - ComTerra\",\"isPartOf\":{\"@id\":\"https:\/\/shop.comterra.eu\/#website\"},\"datePublished\":\"2021-02-04T13:53:43+00:00\",\"dateModified\":\"2022-10-27T12:15:26+00:00\",\"description\":\"Lan\u010dana priveznica, lan\u010dane priveznice, THIELE, PEWAG, RUD, lanci za dizanje tereta, veriga, kuka za skra\u0107enje, skra\u0107ivanje, lanac, veriga, verige za dvigovanje\",\"breadcrumb\":{\"@id\":\"https:\/\/shop.comterra.eu\/p\/anschlagkette-gk8-4-strang-7mm\/#breadcrumb\"},\"inLanguage\":\"en-US\",\"potentialAction\":[{\"@type\":\"ReadAction\",\"target\":[\"https:\/\/shop.comterra.eu\/p\/anschlagkette-gk8-4-strang-7mm\/\"]}]},{\"@type\":\"BreadcrumbList\",\"@id\":\"https:\/\/shop.comterra.eu\/p\/anschlagkette-gk8-4-strang-7mm\/#breadcrumb\",\"itemListElement\":[{\"@type\":\"ListItem\",\"position\":1,\"name\":\"ComTerra SHOP &#8211; Willkommen\",\"item\":\"https:\/\/shop.comterra.eu\/\"},{\"@type\":\"ListItem\",\"position\":2,\"name\":\"Anschlagkette GK8 4-Strang 7mm\"}]},{\"@type\":\"WebSite\",\"@id\":\"https:\/\/shop.comterra.eu\/#website\",\"url\":\"https:\/\/shop.comterra.eu\/\",\"name\":\"ComTerra\",\"description\":\"\",\"publisher\":{\"@id\":\"https:\/\/shop.comterra.eu\/#organization\"},\"potentialAction\":[{\"@type\":\"SearchAction\",\"target\":{\"@type\":\"EntryPoint\",\"urlTemplate\":\"https:\/\/shop.comterra.eu\/?s={search_term_string}\"},\"query-input\":\"required name=search_term_string\"}],\"inLanguage\":\"en-US\"},{\"@type\":\"Organization\",\"@id\":\"https:\/\/shop.comterra.eu\/#organization\",\"name\":\"ComTerra\",\"url\":\"https:\/\/shop.comterra.eu\/\",\"logo\":{\"@type\":\"ImageObject\",\"inLanguage\":\"en-US\",\"@id\":\"https:\/\/shop.comterra.eu\/#\/schema\/logo\/image\/\",\"url\":\"https:\/\/shop.comterra.eu\/wp-content\/uploads\/2019\/12\/cropped-logo.png\",\"contentUrl\":\"https:\/\/shop.comterra.eu\/wp-content\/uploads\/2019\/12\/cropped-logo.png\",\"width\":379,\"height\":89,\"caption\":\"ComTerra\"},\"image\":{\"@id\":\"https:\/\/shop.comterra.eu\/#\/schema\/logo\/image\/\"},\"sameAs\":[\"https:\/\/www.youtube.com\/channel\/UCn4vG_rMnFID5Hg_ooZKieg\",\"https:\/\/web.facebook.com\/ComTerraEU\"]}]}<\/script>\n<!-- \/ Yoast SEO plugin. -->","yoast_head_json":{"title":"Anschlagkette GK8 4-Strang 7mm - ComTerra","description":"Lan\u010dana priveznica, lan\u010dane priveznice, THIELE, PEWAG, RUD, lanci za dizanje tereta, veriga, kuka za skra\u0107enje, skra\u0107ivanje, lanac, veriga, verige za dvigovanje","robots":{"index":"noindex","follow":"follow","max-snippet":"max-snippet:-1","max-image-preview":"max-image-preview:large","max-video-preview":"max-video-preview:-1"},"og_locale":"en_US","og_type":"article","og_title":"Anschlagkette GK8 4-Strang 7mm - ComTerra","og_description":"Lan\u010dana priveznica, lan\u010dane priveznice, THIELE, PEWAG, RUD, lanci za dizanje tereta, veriga, kuka za skra\u0107enje, skra\u0107ivanje, lanac, veriga, verige za dvigovanje","og_url":"https:\/\/shop.comterra.eu\/en\/p\/anschlagkette-gk8-4-strang-7mm\/","og_site_name":"ComTerra","article_publisher":"https:\/\/web.facebook.com\/ComTerraEU","article_modified_time":"2022-10-27T12:15:26+00:00","og_image":[{"width":1124,"height":863,"url":"https:\/\/shop.comterra.eu\/wp-content\/uploads\/2021\/02\/Cetverokraka_g80.jpg","type":"image\/jpeg"}],"twitter_card":"summary_large_image","twitter_misc":{"Est. reading time":"1 minute"},"schema":{"@context":"https:\/\/schema.org","@graph":[{"@type":"WebPage","@id":"https:\/\/shop.comterra.eu\/p\/anschlagkette-gk8-4-strang-7mm\/","url":"https:\/\/shop.comterra.eu\/p\/anschlagkette-gk8-4-strang-7mm\/","name":"Anschlagkette GK8 4-Strang 7mm - ComTerra","isPartOf":{"@id":"https:\/\/shop.comterra.eu\/#website"},"datePublished":"2021-02-04T13:53:43+00:00","dateModified":"2022-10-27T12:15:26+00:00","description":"Lan\u010dana priveznica, lan\u010dane priveznice, THIELE, PEWAG, RUD, lanci za dizanje tereta, veriga, kuka za skra\u0107enje, skra\u0107ivanje, lanac, veriga, verige za dvigovanje","breadcrumb":{"@id":"https:\/\/shop.comterra.eu\/p\/anschlagkette-gk8-4-strang-7mm\/#breadcrumb"},"inLanguage":"en-US","potentialAction":[{"@type":"ReadAction","target":["https:\/\/shop.comterra.eu\/p\/anschlagkette-gk8-4-strang-7mm\/"]}]},{"@type":"BreadcrumbList","@id":"https:\/\/shop.comterra.eu\/p\/anschlagkette-gk8-4-strang-7mm\/#breadcrumb","itemListElement":[{"@type":"ListItem","position":1,"name":"ComTerra SHOP &#8211; Willkommen","item":"https:\/\/shop.comterra.eu\/"},{"@type":"ListItem","position":2,"name":"Anschlagkette GK8 4-Strang 7mm"}]},{"@type":"WebSite","@id":"https:\/\/shop.comterra.eu\/#website","url":"https:\/\/shop.comterra.eu\/","name":"ComTerra","description":"","publisher":{"@id":"https:\/\/shop.comterra.eu\/#organization"},"potentialAction":[{"@type":"SearchAction","target":{"@type":"EntryPoint","urlTemplate":"https:\/\/shop.comterra.eu\/?s={search_term_string}"},"query-input":"required name=search_term_string"}],"inLanguage":"en-US"},{"@type":"Organization","@id":"https:\/\/shop.comterra.eu\/#organization","name":"ComTerra","url":"https:\/\/shop.comterra.eu\/","logo":{"@type":"ImageObject","inLanguage":"en-US","@id":"https:\/\/shop.comterra.eu\/#\/schema\/logo\/image\/","url":"https:\/\/shop.comterra.eu\/wp-content\/uploads\/2019\/12\/cropped-logo.png","contentUrl":"https:\/\/shop.comterra.eu\/wp-content\/uploads\/2019\/12\/cropped-logo.png","width":379,"height":89,"caption":"ComTerra"},"image":{"@id":"https:\/\/shop.comterra.eu\/#\/schema\/logo\/image\/"},"sameAs":["https:\/\/www.youtube.com\/channel\/UCn4vG_rMnFID5Hg_ooZKieg","https:\/\/web.facebook.com\/ComTerraEU"]}]}},"_links":{"self":[{"href":"https:\/\/shop.comterra.eu\/en\/wp-json\/wp\/v2\/product\/3232"}],"collection":[{"href":"https:\/\/shop.comterra.eu\/en\/wp-json\/wp\/v2\/product"}],"about":[{"href":"https:\/\/shop.comterra.eu\/en\/wp-json\/wp\/v2\/types\/product"}],"wp:featuredmedia":[{"embeddable":true,"href":"https:\/\/shop.comterra.eu\/en\/wp-json\/wp\/v2\/media\/3317"}],"wp:attachment":[{"href":"https:\/\/shop.comterra.eu\/en\/wp-json\/wp\/v2\/media?parent=3232"}],"wp:term":[{"taxonomy":"product_cat","embeddable":true,"href":"https:\/\/shop.comterra.eu\/en\/wp-json\/wp\/v2\/product_cat?post=3232"},{"taxonomy":"product_tag","embeddable":true,"href":"https:\/\/shop.comterra.eu\/en\/wp-json\/wp\/v2\/product_tag?post=3232"}],"curies":[{"name":"wp","href":"https:\/\/api.w.org\/{rel}","templated":true}]}}