{"id":3214,"date":"2021-01-29T08:53:35","date_gmt":"2021-01-29T08:53:35","guid":{"rendered":"https:\/\/shop.comterra.eu\/?post_type=product&#038;p=3214"},"modified":"2022-11-04T14:09:12","modified_gmt":"2022-11-04T14:09:12","slug":"pneumatische-stampfhaemmer-pk3","status":"publish","type":"product","link":"https:\/\/shop.comterra.eu\/en\/p\/pneumatische-stampfhaemmer-pk3\/","title":{"rendered":"Pneumatische Stampfh\u00e4mmer PK 3"},"content":{"rendered":"<p><strong>KARAKTERISTIKE<\/strong><\/p>\n<p>Pneumatski nabija\u010di PERMON koriste se za pre\u0161anje formiraju\u0107ih materijala, posebice u tehnologiji ljevaonica i na mjestima za pre\u0161anje rastresitih materijala. To uklju\u010duje ljevaoni\u010dki pijesak u valjcima, nuklearni, veliki kalupi za lijevanje, npr. pritiskom na vatrootporne obloge u visokim pe\u0107ima.<\/p>\n<p>Pneumatski nabija\u010d PK 3 osobito je prikladan za radove na malim povr\u0161inama, npr. nabijanje malih jezgri, itd. Tako\u0111er se koristi u gra\u0111evinarstvu i raznim radovima koji zahtijevaju zbijanje materijala.<\/p>\n<ul>\n<li><strong>JEDNOSTAVNA KONTROLA<\/strong><\/li>\n<li><strong>DUGOTRAJNA POUZDANOST U RAD<\/strong><\/li>\n<li><strong>VI\u0160ENAMJENSKA UPOTREBA <\/strong><\/li>\n<li><strong>JEDNOSTAVNO RUKOVANJE I ODR\u017dAVANJE <\/strong><\/li>\n<li><strong>OTPORAN MATERIJAL <\/strong><\/li>\n<li><strong>SMANJEN NIVO VIBRACIJA PRENOSIVIH NA RUKOVATELJA <\/strong><\/li>\n<\/ul>\n<table>\n<tbody>\n<tr>\n<td width=\"128\">Tip<\/td>\n<td width=\"128\">Te\u017eina<\/td>\n<td width=\"128\">Promjer klipa<\/td>\n<td width=\"128\">Potro\u0161nja zraka<\/td>\n<\/tr>\n<tr>\n<td width=\"128\">PK 3<\/td>\n<td width=\"128\">6,1 kg<\/td>\n<td width=\"128\">o=25 mm<\/td>\n<td width=\"128\">0,3 m<sup>3<\/sup>\/min<\/td>\n<\/tr>\n<\/tbody>\n<\/table>","protected":false},"excerpt":{"rendered":"<p>KARAKTERISTIKE Pneumatski nabija\u010di PERMON koriste se za pre\u0161anje formiraju\u0107ih materijala, posebice u tehnologiji ljevaonica i na mjestima za pre\u0161anje rastresitih materijala. To uklju\u010duje ljevaoni\u010dki pijesak u valjcima, nuklearni, veliki kalupi za lijevanje, npr. pritiskom na vatrootporne obloge u visokim pe\u0107ima. Pneumatski nabija\u010d PK 3 osobito je prikladan za radove na malim povr\u0161inama, npr. nabijanje malih [&hellip;]<\/p>","protected":false},"featured_media":1964,"template":"","meta":[],"product_cat":[294],"product_tag":[],"yoast_head":"<!-- This site is optimized with the Yoast SEO plugin v20.0 - https:\/\/yoast.com\/wordpress\/plugins\/seo\/ -->\n<title>Pneumatische Stampfh\u00e4mmer PK 3 - ComTerra<\/title>\n<meta name=\"robots\" content=\"noindex, follow, max-snippet:-1, max-image-preview:large, max-video-preview:-1\" \/>\n<meta property=\"og:locale\" content=\"en_US\" \/>\n<meta property=\"og:type\" content=\"article\" \/>\n<meta property=\"og:title\" content=\"Pneumatische Stampfh\u00e4mmer PK 3 - ComTerra\" \/>\n<meta property=\"og:description\" content=\"KARAKTERISTIKE Pneumatski nabija\u010di PERMON koriste se za pre\u0161anje formiraju\u0107ih materijala, posebice u tehnologiji ljevaonica i na mjestima za pre\u0161anje rastresitih materijala. To uklju\u010duje ljevaoni\u010dki pijesak u valjcima, nuklearni, veliki kalupi za lijevanje, npr. pritiskom na vatrootporne obloge u visokim pe\u0107ima. Pneumatski nabija\u010d PK 3 osobito je prikladan za radove na malim povr\u0161inama, npr. nabijanje malih [&hellip;]\" \/>\n<meta property=\"og:url\" content=\"https:\/\/shop.comterra.eu\/en\/p\/pneumatische-stampfhaemmer-pk3\/\" \/>\n<meta property=\"og:site_name\" content=\"ComTerra\" \/>\n<meta property=\"article:publisher\" content=\"https:\/\/web.facebook.com\/ComTerraEU\" \/>\n<meta property=\"article:modified_time\" content=\"2022-11-04T14:09:12+00:00\" \/>\n<meta property=\"og:image\" content=\"https:\/\/shop.comterra.eu\/wp-content\/uploads\/2020\/07\/pk-3.jpg\" \/>\n\t<meta property=\"og:image:width\" content=\"1240\" \/>\n\t<meta property=\"og:image:height\" content=\"1754\" \/>\n\t<meta property=\"og:image:type\" content=\"image\/jpeg\" \/>\n<meta name=\"twitter:card\" content=\"summary_large_image\" \/>\n<meta name=\"twitter:label1\" content=\"Est. reading time\" \/>\n\t<meta name=\"twitter:data1\" content=\"1 minute\" \/>\n<script type=\"application\/ld+json\" class=\"yoast-schema-graph\">{\"@context\":\"https:\/\/schema.org\",\"@graph\":[{\"@type\":\"WebPage\",\"@id\":\"https:\/\/shop.comterra.eu\/p\/pneumatische-stampfhaemmer-pk3\/\",\"url\":\"https:\/\/shop.comterra.eu\/p\/pneumatische-stampfhaemmer-pk3\/\",\"name\":\"Pneumatische Stampfh\u00e4mmer PK 3 - ComTerra\",\"isPartOf\":{\"@id\":\"https:\/\/shop.comterra.eu\/#website\"},\"datePublished\":\"2021-01-29T08:53:35+00:00\",\"dateModified\":\"2022-11-04T14:09:12+00:00\",\"breadcrumb\":{\"@id\":\"https:\/\/shop.comterra.eu\/p\/pneumatische-stampfhaemmer-pk3\/#breadcrumb\"},\"inLanguage\":\"en-US\",\"potentialAction\":[{\"@type\":\"ReadAction\",\"target\":[\"https:\/\/shop.comterra.eu\/p\/pneumatische-stampfhaemmer-pk3\/\"]}]},{\"@type\":\"BreadcrumbList\",\"@id\":\"https:\/\/shop.comterra.eu\/p\/pneumatische-stampfhaemmer-pk3\/#breadcrumb\",\"itemListElement\":[{\"@type\":\"ListItem\",\"position\":1,\"name\":\"ComTerra SHOP &#8211; Willkommen\",\"item\":\"https:\/\/shop.comterra.eu\/\"},{\"@type\":\"ListItem\",\"position\":2,\"name\":\"Pneumatische Stampfh\u00e4mmer PK 3\"}]},{\"@type\":\"WebSite\",\"@id\":\"https:\/\/shop.comterra.eu\/#website\",\"url\":\"https:\/\/shop.comterra.eu\/\",\"name\":\"ComTerra\",\"description\":\"\",\"publisher\":{\"@id\":\"https:\/\/shop.comterra.eu\/#organization\"},\"potentialAction\":[{\"@type\":\"SearchAction\",\"target\":{\"@type\":\"EntryPoint\",\"urlTemplate\":\"https:\/\/shop.comterra.eu\/?s={search_term_string}\"},\"query-input\":\"required name=search_term_string\"}],\"inLanguage\":\"en-US\"},{\"@type\":\"Organization\",\"@id\":\"https:\/\/shop.comterra.eu\/#organization\",\"name\":\"ComTerra\",\"url\":\"https:\/\/shop.comterra.eu\/\",\"logo\":{\"@type\":\"ImageObject\",\"inLanguage\":\"en-US\",\"@id\":\"https:\/\/shop.comterra.eu\/#\/schema\/logo\/image\/\",\"url\":\"https:\/\/shop.comterra.eu\/wp-content\/uploads\/2019\/12\/cropped-logo.png\",\"contentUrl\":\"https:\/\/shop.comterra.eu\/wp-content\/uploads\/2019\/12\/cropped-logo.png\",\"width\":379,\"height\":89,\"caption\":\"ComTerra\"},\"image\":{\"@id\":\"https:\/\/shop.comterra.eu\/#\/schema\/logo\/image\/\"},\"sameAs\":[\"https:\/\/www.youtube.com\/channel\/UCn4vG_rMnFID5Hg_ooZKieg\",\"https:\/\/web.facebook.com\/ComTerraEU\"]}]}<\/script>\n<!-- \/ Yoast SEO plugin. -->","yoast_head_json":{"title":"Pneumatische Stampfh\u00e4mmer PK 3 - ComTerra","robots":{"index":"noindex","follow":"follow","max-snippet":"max-snippet:-1","max-image-preview":"max-image-preview:large","max-video-preview":"max-video-preview:-1"},"og_locale":"en_US","og_type":"article","og_title":"Pneumatische Stampfh\u00e4mmer PK 3 - ComTerra","og_description":"KARAKTERISTIKE Pneumatski nabija\u010di PERMON koriste se za pre\u0161anje formiraju\u0107ih materijala, posebice u tehnologiji ljevaonica i na mjestima za pre\u0161anje rastresitih materijala. To uklju\u010duje ljevaoni\u010dki pijesak u valjcima, nuklearni, veliki kalupi za lijevanje, npr. pritiskom na vatrootporne obloge u visokim pe\u0107ima. Pneumatski nabija\u010d PK 3 osobito je prikladan za radove na malim povr\u0161inama, npr. nabijanje malih [&hellip;]","og_url":"https:\/\/shop.comterra.eu\/en\/p\/pneumatische-stampfhaemmer-pk3\/","og_site_name":"ComTerra","article_publisher":"https:\/\/web.facebook.com\/ComTerraEU","article_modified_time":"2022-11-04T14:09:12+00:00","og_image":[{"width":1240,"height":1754,"url":"https:\/\/shop.comterra.eu\/wp-content\/uploads\/2020\/07\/pk-3.jpg","type":"image\/jpeg"}],"twitter_card":"summary_large_image","twitter_misc":{"Est. reading time":"1 minute"},"schema":{"@context":"https:\/\/schema.org","@graph":[{"@type":"WebPage","@id":"https:\/\/shop.comterra.eu\/p\/pneumatische-stampfhaemmer-pk3\/","url":"https:\/\/shop.comterra.eu\/p\/pneumatische-stampfhaemmer-pk3\/","name":"Pneumatische Stampfh\u00e4mmer PK 3 - ComTerra","isPartOf":{"@id":"https:\/\/shop.comterra.eu\/#website"},"datePublished":"2021-01-29T08:53:35+00:00","dateModified":"2022-11-04T14:09:12+00:00","breadcrumb":{"@id":"https:\/\/shop.comterra.eu\/p\/pneumatische-stampfhaemmer-pk3\/#breadcrumb"},"inLanguage":"en-US","potentialAction":[{"@type":"ReadAction","target":["https:\/\/shop.comterra.eu\/p\/pneumatische-stampfhaemmer-pk3\/"]}]},{"@type":"BreadcrumbList","@id":"https:\/\/shop.comterra.eu\/p\/pneumatische-stampfhaemmer-pk3\/#breadcrumb","itemListElement":[{"@type":"ListItem","position":1,"name":"ComTerra SHOP &#8211; Willkommen","item":"https:\/\/shop.comterra.eu\/"},{"@type":"ListItem","position":2,"name":"Pneumatische Stampfh\u00e4mmer PK 3"}]},{"@type":"WebSite","@id":"https:\/\/shop.comterra.eu\/#website","url":"https:\/\/shop.comterra.eu\/","name":"ComTerra","description":"","publisher":{"@id":"https:\/\/shop.comterra.eu\/#organization"},"potentialAction":[{"@type":"SearchAction","target":{"@type":"EntryPoint","urlTemplate":"https:\/\/shop.comterra.eu\/?s={search_term_string}"},"query-input":"required name=search_term_string"}],"inLanguage":"en-US"},{"@type":"Organization","@id":"https:\/\/shop.comterra.eu\/#organization","name":"ComTerra","url":"https:\/\/shop.comterra.eu\/","logo":{"@type":"ImageObject","inLanguage":"en-US","@id":"https:\/\/shop.comterra.eu\/#\/schema\/logo\/image\/","url":"https:\/\/shop.comterra.eu\/wp-content\/uploads\/2019\/12\/cropped-logo.png","contentUrl":"https:\/\/shop.comterra.eu\/wp-content\/uploads\/2019\/12\/cropped-logo.png","width":379,"height":89,"caption":"ComTerra"},"image":{"@id":"https:\/\/shop.comterra.eu\/#\/schema\/logo\/image\/"},"sameAs":["https:\/\/www.youtube.com\/channel\/UCn4vG_rMnFID5Hg_ooZKieg","https:\/\/web.facebook.com\/ComTerraEU"]}]}},"_links":{"self":[{"href":"https:\/\/shop.comterra.eu\/en\/wp-json\/wp\/v2\/product\/3214"}],"collection":[{"href":"https:\/\/shop.comterra.eu\/en\/wp-json\/wp\/v2\/product"}],"about":[{"href":"https:\/\/shop.comterra.eu\/en\/wp-json\/wp\/v2\/types\/product"}],"wp:featuredmedia":[{"embeddable":true,"href":"https:\/\/shop.comterra.eu\/en\/wp-json\/wp\/v2\/media\/1964"}],"wp:attachment":[{"href":"https:\/\/shop.comterra.eu\/en\/wp-json\/wp\/v2\/media?parent=3214"}],"wp:term":[{"taxonomy":"product_cat","embeddable":true,"href":"https:\/\/shop.comterra.eu\/en\/wp-json\/wp\/v2\/product_cat?post=3214"},{"taxonomy":"product_tag","embeddable":true,"href":"https:\/\/shop.comterra.eu\/en\/wp-json\/wp\/v2\/product_tag?post=3214"}],"curies":[{"name":"wp","href":"https:\/\/api.w.org\/{rel}","templated":true}]}}