{"id":3170,"date":"2021-01-19T08:59:34","date_gmt":"2021-01-19T08:59:34","guid":{"rendered":"https:\/\/shop.comterra.eu\/?post_type=product&#038;p=3170"},"modified":"2022-10-28T10:27:52","modified_gmt":"2022-10-28T10:27:52","slug":"hyundai-zahn-r290","status":"publish","type":"product","link":"https:\/\/shop.comterra.eu\/en\/p\/hyundai-zahn-r290\/","title":{"rendered":"Zahn Hyundai R290-61N8-31310"},"content":{"rendered":"<p>Zamjenski zub za Hyundai bagere.<br \/>\nModel bagera Hyundai: R290<\/p>\n<table style=\"border-collapse: collapse; width: 635px; height: 243px;\" border=\"0\" width=\"260\" cellspacing=\"0\" cellpadding=\"0\">\n<tbody>\n<tr style=\"height: 14.3pt;\">\n<td class=\"xl65\" style=\"height: 14.3pt; width: 49pt;\" width=\"65\" height=\"19\"><strong>Veli\u010dina<\/strong><\/td>\n<td class=\"xl65\" style=\"width: 49pt;\" width=\"65\"><strong>Te\u017eina (kg)<\/strong><\/td>\n<td class=\"xl65\" style=\"width: 49pt;\" width=\"65\"><strong>A (mm)<\/strong><\/td>\n<td class=\"xl65\" style=\"width: 49pt;\" width=\"65\"><strong>B (mm)<\/strong><\/td>\n<\/tr>\n<tr style=\"height: 14.3pt;\">\n<td class=\"xl66\" style=\"height: 14.3pt; width: 49pt;\" width=\"65\" height=\"19\">R290<\/td>\n<td class=\"xl66\" style=\"width: 49pt;\" width=\"65\">8,5<\/td>\n<td class=\"xl66\" style=\"width: 49pt;\" width=\"65\">300<\/td>\n<td class=\"xl66\" style=\"width: 49pt;\" width=\"65\">117<\/td>\n<\/tr>\n<tr style=\"height: 14.3pt;\">\n<td class=\"xl64\" style=\"height: 14.3pt; width: 49pt;\" width=\"65\" height=\"19\"><strong>OEM<\/strong><\/td>\n<td class=\"xl64\" style=\"width: 49pt;\" width=\"65\"><strong>PIN<\/strong><\/td>\n<td class=\"xl64\" style=\"width: 49pt;\" width=\"65\"><strong>Osigura\u010d<\/strong><\/td>\n<td class=\"xl64\" style=\"width: 49pt;\" width=\"65\"><\/td>\n<\/tr>\n<tr style=\"height: 28.55pt;\">\n<td class=\"xl64\" style=\"height: 28.55pt; width: 49pt;\" width=\"65\" height=\"38\">61N8-31310<\/td>\n<td class=\"xl63\" style=\"width: 49pt;\" width=\"65\">E262 &#8211; 5004<\/td>\n<td class=\"xl63\" style=\"width: 49pt;\" width=\"65\">61E5 &#8211; 11150<\/td>\n<td class=\"xl64\" style=\"width: 49pt;\" width=\"65\"><\/td>\n<\/tr>\n<\/tbody>\n<\/table>","protected":false},"excerpt":{"rendered":"<p>Zamjenski zub za Hyundai bagere. Model bagera Hyundai: R290 Veli\u010dina Te\u017eina (kg) A (mm) B (mm) R290 8,5 300 117 OEM PIN Osigura\u010d 61N8-31310 E262 &#8211; 5004 61E5 &#8211; 11150<\/p>","protected":false},"featured_media":3163,"template":"","meta":[],"product_cat":[42,576],"product_tag":[],"yoast_head":"<!-- This site is optimized with the Yoast SEO plugin v20.0 - https:\/\/yoast.com\/wordpress\/plugins\/seo\/ -->\n<title>Zahn Hyundai R290-61N8-31310 - ComTerra<\/title>\n<meta name=\"description\" content=\"Zub za hyundai 61N8-31310 , zahnspitze hyundai 61N8-31310 , tooth for hyundai 61N8-31310, Hyundai 61N831310\" \/>\n<meta name=\"robots\" content=\"noindex, follow, max-snippet:-1, max-image-preview:large, max-video-preview:-1\" \/>\n<meta property=\"og:locale\" content=\"en_US\" \/>\n<meta property=\"og:type\" content=\"article\" \/>\n<meta property=\"og:title\" content=\"Zahn Hyundai R290-61N8-31310 - ComTerra\" \/>\n<meta property=\"og:description\" content=\"Zub za hyundai 61N8-31310 , zahnspitze hyundai 61N8-31310 , tooth for hyundai 61N8-31310, Hyundai 61N831310\" \/>\n<meta property=\"og:url\" content=\"https:\/\/shop.comterra.eu\/en\/p\/hyundai-zahn-r290\/\" \/>\n<meta property=\"og:site_name\" content=\"ComTerra\" \/>\n<meta property=\"article:publisher\" content=\"https:\/\/web.facebook.com\/ComTerraEU\" \/>\n<meta property=\"article:modified_time\" content=\"2022-10-28T10:27:52+00:00\" \/>\n<meta property=\"og:image\" content=\"https:\/\/shop.comterra.eu\/wp-content\/uploads\/2021\/01\/HYUNDAIR290_61N8-31310.jpg\" \/>\n\t<meta property=\"og:image:width\" content=\"1210\" \/>\n\t<meta property=\"og:image:height\" content=\"908\" \/>\n\t<meta property=\"og:image:type\" content=\"image\/jpeg\" \/>\n<meta name=\"twitter:card\" content=\"summary_large_image\" \/>\n<meta name=\"twitter:label1\" content=\"Est. reading time\" \/>\n\t<meta name=\"twitter:data1\" content=\"1 minute\" \/>\n<script type=\"application\/ld+json\" class=\"yoast-schema-graph\">{\"@context\":\"https:\/\/schema.org\",\"@graph\":[{\"@type\":\"WebPage\",\"@id\":\"https:\/\/shop.comterra.eu\/p\/hyundai-zahn-r290\/\",\"url\":\"https:\/\/shop.comterra.eu\/p\/hyundai-zahn-r290\/\",\"name\":\"Zahn Hyundai R290-61N8-31310 - ComTerra\",\"isPartOf\":{\"@id\":\"https:\/\/shop.comterra.eu\/#website\"},\"datePublished\":\"2021-01-19T08:59:34+00:00\",\"dateModified\":\"2022-10-28T10:27:52+00:00\",\"description\":\"Zub za hyundai 61N8-31310 , zahnspitze hyundai 61N8-31310 , tooth for hyundai 61N8-31310, Hyundai 61N831310\",\"breadcrumb\":{\"@id\":\"https:\/\/shop.comterra.eu\/p\/hyundai-zahn-r290\/#breadcrumb\"},\"inLanguage\":\"en-US\",\"potentialAction\":[{\"@type\":\"ReadAction\",\"target\":[\"https:\/\/shop.comterra.eu\/p\/hyundai-zahn-r290\/\"]}]},{\"@type\":\"BreadcrumbList\",\"@id\":\"https:\/\/shop.comterra.eu\/p\/hyundai-zahn-r290\/#breadcrumb\",\"itemListElement\":[{\"@type\":\"ListItem\",\"position\":1,\"name\":\"ComTerra SHOP &#8211; Willkommen\",\"item\":\"https:\/\/shop.comterra.eu\/\"},{\"@type\":\"ListItem\",\"position\":2,\"name\":\"Zahn Hyundai R290-61N8-31310\"}]},{\"@type\":\"WebSite\",\"@id\":\"https:\/\/shop.comterra.eu\/#website\",\"url\":\"https:\/\/shop.comterra.eu\/\",\"name\":\"ComTerra\",\"description\":\"\",\"publisher\":{\"@id\":\"https:\/\/shop.comterra.eu\/#organization\"},\"potentialAction\":[{\"@type\":\"SearchAction\",\"target\":{\"@type\":\"EntryPoint\",\"urlTemplate\":\"https:\/\/shop.comterra.eu\/?s={search_term_string}\"},\"query-input\":\"required name=search_term_string\"}],\"inLanguage\":\"en-US\"},{\"@type\":\"Organization\",\"@id\":\"https:\/\/shop.comterra.eu\/#organization\",\"name\":\"ComTerra\",\"url\":\"https:\/\/shop.comterra.eu\/\",\"logo\":{\"@type\":\"ImageObject\",\"inLanguage\":\"en-US\",\"@id\":\"https:\/\/shop.comterra.eu\/#\/schema\/logo\/image\/\",\"url\":\"https:\/\/shop.comterra.eu\/wp-content\/uploads\/2019\/12\/cropped-logo.png\",\"contentUrl\":\"https:\/\/shop.comterra.eu\/wp-content\/uploads\/2019\/12\/cropped-logo.png\",\"width\":379,\"height\":89,\"caption\":\"ComTerra\"},\"image\":{\"@id\":\"https:\/\/shop.comterra.eu\/#\/schema\/logo\/image\/\"},\"sameAs\":[\"https:\/\/www.youtube.com\/channel\/UCn4vG_rMnFID5Hg_ooZKieg\",\"https:\/\/web.facebook.com\/ComTerraEU\"]}]}<\/script>\n<!-- \/ Yoast SEO plugin. -->","yoast_head_json":{"title":"Zahn Hyundai R290-61N8-31310 - ComTerra","description":"Zub za hyundai 61N8-31310 , zahnspitze hyundai 61N8-31310 , tooth for hyundai 61N8-31310, Hyundai 61N831310","robots":{"index":"noindex","follow":"follow","max-snippet":"max-snippet:-1","max-image-preview":"max-image-preview:large","max-video-preview":"max-video-preview:-1"},"og_locale":"en_US","og_type":"article","og_title":"Zahn Hyundai R290-61N8-31310 - ComTerra","og_description":"Zub za hyundai 61N8-31310 , zahnspitze hyundai 61N8-31310 , tooth for hyundai 61N8-31310, Hyundai 61N831310","og_url":"https:\/\/shop.comterra.eu\/en\/p\/hyundai-zahn-r290\/","og_site_name":"ComTerra","article_publisher":"https:\/\/web.facebook.com\/ComTerraEU","article_modified_time":"2022-10-28T10:27:52+00:00","og_image":[{"width":1210,"height":908,"url":"https:\/\/shop.comterra.eu\/wp-content\/uploads\/2021\/01\/HYUNDAIR290_61N8-31310.jpg","type":"image\/jpeg"}],"twitter_card":"summary_large_image","twitter_misc":{"Est. reading time":"1 minute"},"schema":{"@context":"https:\/\/schema.org","@graph":[{"@type":"WebPage","@id":"https:\/\/shop.comterra.eu\/p\/hyundai-zahn-r290\/","url":"https:\/\/shop.comterra.eu\/p\/hyundai-zahn-r290\/","name":"Zahn Hyundai R290-61N8-31310 - ComTerra","isPartOf":{"@id":"https:\/\/shop.comterra.eu\/#website"},"datePublished":"2021-01-19T08:59:34+00:00","dateModified":"2022-10-28T10:27:52+00:00","description":"Zub za hyundai 61N8-31310 , zahnspitze hyundai 61N8-31310 , tooth for hyundai 61N8-31310, Hyundai 61N831310","breadcrumb":{"@id":"https:\/\/shop.comterra.eu\/p\/hyundai-zahn-r290\/#breadcrumb"},"inLanguage":"en-US","potentialAction":[{"@type":"ReadAction","target":["https:\/\/shop.comterra.eu\/p\/hyundai-zahn-r290\/"]}]},{"@type":"BreadcrumbList","@id":"https:\/\/shop.comterra.eu\/p\/hyundai-zahn-r290\/#breadcrumb","itemListElement":[{"@type":"ListItem","position":1,"name":"ComTerra SHOP &#8211; Willkommen","item":"https:\/\/shop.comterra.eu\/"},{"@type":"ListItem","position":2,"name":"Zahn Hyundai R290-61N8-31310"}]},{"@type":"WebSite","@id":"https:\/\/shop.comterra.eu\/#website","url":"https:\/\/shop.comterra.eu\/","name":"ComTerra","description":"","publisher":{"@id":"https:\/\/shop.comterra.eu\/#organization"},"potentialAction":[{"@type":"SearchAction","target":{"@type":"EntryPoint","urlTemplate":"https:\/\/shop.comterra.eu\/?s={search_term_string}"},"query-input":"required name=search_term_string"}],"inLanguage":"en-US"},{"@type":"Organization","@id":"https:\/\/shop.comterra.eu\/#organization","name":"ComTerra","url":"https:\/\/shop.comterra.eu\/","logo":{"@type":"ImageObject","inLanguage":"en-US","@id":"https:\/\/shop.comterra.eu\/#\/schema\/logo\/image\/","url":"https:\/\/shop.comterra.eu\/wp-content\/uploads\/2019\/12\/cropped-logo.png","contentUrl":"https:\/\/shop.comterra.eu\/wp-content\/uploads\/2019\/12\/cropped-logo.png","width":379,"height":89,"caption":"ComTerra"},"image":{"@id":"https:\/\/shop.comterra.eu\/#\/schema\/logo\/image\/"},"sameAs":["https:\/\/www.youtube.com\/channel\/UCn4vG_rMnFID5Hg_ooZKieg","https:\/\/web.facebook.com\/ComTerraEU"]}]}},"_links":{"self":[{"href":"https:\/\/shop.comterra.eu\/en\/wp-json\/wp\/v2\/product\/3170"}],"collection":[{"href":"https:\/\/shop.comterra.eu\/en\/wp-json\/wp\/v2\/product"}],"about":[{"href":"https:\/\/shop.comterra.eu\/en\/wp-json\/wp\/v2\/types\/product"}],"wp:featuredmedia":[{"embeddable":true,"href":"https:\/\/shop.comterra.eu\/en\/wp-json\/wp\/v2\/media\/3163"}],"wp:attachment":[{"href":"https:\/\/shop.comterra.eu\/en\/wp-json\/wp\/v2\/media?parent=3170"}],"wp:term":[{"taxonomy":"product_cat","embeddable":true,"href":"https:\/\/shop.comterra.eu\/en\/wp-json\/wp\/v2\/product_cat?post=3170"},{"taxonomy":"product_tag","embeddable":true,"href":"https:\/\/shop.comterra.eu\/en\/wp-json\/wp\/v2\/product_tag?post=3170"}],"curies":[{"name":"wp","href":"https:\/\/api.w.org\/{rel}","templated":true}]}}