{"id":3108,"date":"2021-01-14T08:40:24","date_gmt":"2021-01-14T08:40:24","guid":{"rendered":"https:\/\/shop.comterra.eu\/?post_type=product&#038;p=3108"},"modified":"2022-11-04T14:18:32","modified_gmt":"2022-11-04T14:18:32","slug":"terrax-bohrstange-r25-22x108-l760mm-terrax-bohrkronen-imlochhammer-r25-35mm","status":"publish","type":"product","link":"https:\/\/shop.comterra.eu\/en\/p\/terrax-bohrstange-r25-22x108-l760mm-terrax-bohrkronen-imlochhammer-r25-35mm\/","title":{"rendered":"TERRAX Bohrstange R25 22&#215;108  l=760mm + TERRAX  Bohrkronen Imlochhammer R25 35mm"},"content":{"rendered":"<p>TERRAX \u0161ipka za bu\u0161enje R25 , 22&#215;108 + TERRAX kruna za bu\u0161enje R25 35mm<\/p>\n<p>Du\u017eina : 760mm<\/p>\n<p>Te\u017eina \u0161ipke: 2,9 kg\/kom<\/p>\n<p>Te\u017eina krune: 0,4 kg\/kom<\/p>","protected":false},"excerpt":{"rendered":"<p>TERRAX \u0161ipka za bu\u0161enje R25 , 22&#215;108 + TERRAX kruna za bu\u0161enje R25 35mm Du\u017eina : 760mm Te\u017eina \u0161ipke: 2,9 kg\/kom Te\u017eina krune: 0,4 kg\/kom<\/p>","protected":false},"featured_media":3072,"template":"","meta":[],"product_cat":[568],"product_tag":[],"yoast_head":"<!-- This site is optimized with the Yoast SEO plugin v20.0 - https:\/\/yoast.com\/wordpress\/plugins\/seo\/ -->\n<title>TERRAX Bohrstange R25 22x108 l=760mm + TERRAX Bohrkronen Imlochhammer R25 35mm - ComTerra<\/title>\n<meta name=\"description\" content=\"\u0160ipka za bu\u0161enje R25, \u0161tamp R25, trapanj R25, kruna R25, kruna za monoblok, Drill bit R25, buttonbid R25, Bohrkrone R25, shankrod R25, Bohrgestange R25\" \/>\n<meta name=\"robots\" content=\"noindex, follow, max-snippet:-1, max-image-preview:large, max-video-preview:-1\" \/>\n<meta property=\"og:locale\" content=\"en_US\" \/>\n<meta property=\"og:type\" content=\"article\" \/>\n<meta property=\"og:title\" content=\"TERRAX Bohrstange R25 22x108 l=760mm + TERRAX Bohrkronen Imlochhammer R25 35mm - ComTerra\" \/>\n<meta property=\"og:description\" content=\"\u0160ipka za bu\u0161enje R25, \u0161tamp R25, trapanj R25, kruna R25, kruna za monoblok, Drill bit R25, buttonbid R25, Bohrkrone R25, shankrod R25, Bohrgestange R25\" \/>\n<meta property=\"og:url\" content=\"https:\/\/shop.comterra.eu\/en\/p\/terrax-bohrstange-r25-22x108-l760mm-terrax-bohrkronen-imlochhammer-r25-35mm\/\" \/>\n<meta property=\"og:site_name\" content=\"ComTerra\" \/>\n<meta property=\"article:publisher\" content=\"https:\/\/web.facebook.com\/ComTerraEU\" \/>\n<meta property=\"article:modified_time\" content=\"2022-11-04T14:18:32+00:00\" \/>\n<meta property=\"og:image\" content=\"https:\/\/shop.comterra.eu\/wp-content\/uploads\/2021\/01\/R25_stamp_Kruna-31_35_41_45mm-2.jpg\" \/>\n\t<meta property=\"og:image:width\" content=\"1600\" \/>\n\t<meta property=\"og:image:height\" content=\"1200\" \/>\n\t<meta property=\"og:image:type\" content=\"image\/jpeg\" \/>\n<meta name=\"twitter:card\" content=\"summary_large_image\" \/>\n<script type=\"application\/ld+json\" class=\"yoast-schema-graph\">{\"@context\":\"https:\/\/schema.org\",\"@graph\":[{\"@type\":\"WebPage\",\"@id\":\"https:\/\/shop.comterra.eu\/p\/terrax-bohrstange-r25-22x108-l760mm-terrax-bohrkronen-imlochhammer-r25-35mm\/\",\"url\":\"https:\/\/shop.comterra.eu\/p\/terrax-bohrstange-r25-22x108-l760mm-terrax-bohrkronen-imlochhammer-r25-35mm\/\",\"name\":\"TERRAX Bohrstange R25 22x108 l=760mm + TERRAX Bohrkronen Imlochhammer R25 35mm - ComTerra\",\"isPartOf\":{\"@id\":\"https:\/\/shop.comterra.eu\/#website\"},\"datePublished\":\"2021-01-14T08:40:24+00:00\",\"dateModified\":\"2022-11-04T14:18:32+00:00\",\"description\":\"\u0160ipka za bu\u0161enje R25, \u0161tamp R25, trapanj R25, kruna R25, kruna za monoblok, Drill bit R25, buttonbid R25, Bohrkrone R25, shankrod R25, Bohrgestange R25\",\"breadcrumb\":{\"@id\":\"https:\/\/shop.comterra.eu\/p\/terrax-bohrstange-r25-22x108-l760mm-terrax-bohrkronen-imlochhammer-r25-35mm\/#breadcrumb\"},\"inLanguage\":\"en-US\",\"potentialAction\":[{\"@type\":\"ReadAction\",\"target\":[\"https:\/\/shop.comterra.eu\/p\/terrax-bohrstange-r25-22x108-l760mm-terrax-bohrkronen-imlochhammer-r25-35mm\/\"]}]},{\"@type\":\"BreadcrumbList\",\"@id\":\"https:\/\/shop.comterra.eu\/p\/terrax-bohrstange-r25-22x108-l760mm-terrax-bohrkronen-imlochhammer-r25-35mm\/#breadcrumb\",\"itemListElement\":[{\"@type\":\"ListItem\",\"position\":1,\"name\":\"ComTerra SHOP &#8211; Willkommen\",\"item\":\"https:\/\/shop.comterra.eu\/\"},{\"@type\":\"ListItem\",\"position\":2,\"name\":\"TERRAX Bohrstange R25 22&#215;108 l=760mm + TERRAX Bohrkronen Imlochhammer R25 35mm\"}]},{\"@type\":\"WebSite\",\"@id\":\"https:\/\/shop.comterra.eu\/#website\",\"url\":\"https:\/\/shop.comterra.eu\/\",\"name\":\"ComTerra\",\"description\":\"\",\"publisher\":{\"@id\":\"https:\/\/shop.comterra.eu\/#organization\"},\"potentialAction\":[{\"@type\":\"SearchAction\",\"target\":{\"@type\":\"EntryPoint\",\"urlTemplate\":\"https:\/\/shop.comterra.eu\/?s={search_term_string}\"},\"query-input\":\"required name=search_term_string\"}],\"inLanguage\":\"en-US\"},{\"@type\":\"Organization\",\"@id\":\"https:\/\/shop.comterra.eu\/#organization\",\"name\":\"ComTerra\",\"url\":\"https:\/\/shop.comterra.eu\/\",\"logo\":{\"@type\":\"ImageObject\",\"inLanguage\":\"en-US\",\"@id\":\"https:\/\/shop.comterra.eu\/#\/schema\/logo\/image\/\",\"url\":\"https:\/\/shop.comterra.eu\/wp-content\/uploads\/2019\/12\/cropped-logo.png\",\"contentUrl\":\"https:\/\/shop.comterra.eu\/wp-content\/uploads\/2019\/12\/cropped-logo.png\",\"width\":379,\"height\":89,\"caption\":\"ComTerra\"},\"image\":{\"@id\":\"https:\/\/shop.comterra.eu\/#\/schema\/logo\/image\/\"},\"sameAs\":[\"https:\/\/www.youtube.com\/channel\/UCn4vG_rMnFID5Hg_ooZKieg\",\"https:\/\/web.facebook.com\/ComTerraEU\"]}]}<\/script>\n<!-- \/ Yoast SEO plugin. -->","yoast_head_json":{"title":"TERRAX Bohrstange R25 22x108 l=760mm + TERRAX Bohrkronen Imlochhammer R25 35mm - ComTerra","description":"\u0160ipka za bu\u0161enje R25, \u0161tamp R25, trapanj R25, kruna R25, kruna za monoblok, Drill bit R25, buttonbid R25, Bohrkrone R25, shankrod R25, Bohrgestange R25","robots":{"index":"noindex","follow":"follow","max-snippet":"max-snippet:-1","max-image-preview":"max-image-preview:large","max-video-preview":"max-video-preview:-1"},"og_locale":"en_US","og_type":"article","og_title":"TERRAX Bohrstange R25 22x108 l=760mm + TERRAX Bohrkronen Imlochhammer R25 35mm - ComTerra","og_description":"\u0160ipka za bu\u0161enje R25, \u0161tamp R25, trapanj R25, kruna R25, kruna za monoblok, Drill bit R25, buttonbid R25, Bohrkrone R25, shankrod R25, Bohrgestange R25","og_url":"https:\/\/shop.comterra.eu\/en\/p\/terrax-bohrstange-r25-22x108-l760mm-terrax-bohrkronen-imlochhammer-r25-35mm\/","og_site_name":"ComTerra","article_publisher":"https:\/\/web.facebook.com\/ComTerraEU","article_modified_time":"2022-11-04T14:18:32+00:00","og_image":[{"width":1600,"height":1200,"url":"https:\/\/shop.comterra.eu\/wp-content\/uploads\/2021\/01\/R25_stamp_Kruna-31_35_41_45mm-2.jpg","type":"image\/jpeg"}],"twitter_card":"summary_large_image","schema":{"@context":"https:\/\/schema.org","@graph":[{"@type":"WebPage","@id":"https:\/\/shop.comterra.eu\/p\/terrax-bohrstange-r25-22x108-l760mm-terrax-bohrkronen-imlochhammer-r25-35mm\/","url":"https:\/\/shop.comterra.eu\/p\/terrax-bohrstange-r25-22x108-l760mm-terrax-bohrkronen-imlochhammer-r25-35mm\/","name":"TERRAX Bohrstange R25 22x108 l=760mm + TERRAX Bohrkronen Imlochhammer R25 35mm - ComTerra","isPartOf":{"@id":"https:\/\/shop.comterra.eu\/#website"},"datePublished":"2021-01-14T08:40:24+00:00","dateModified":"2022-11-04T14:18:32+00:00","description":"\u0160ipka za bu\u0161enje R25, \u0161tamp R25, trapanj R25, kruna R25, kruna za monoblok, Drill bit R25, buttonbid R25, Bohrkrone R25, shankrod R25, Bohrgestange R25","breadcrumb":{"@id":"https:\/\/shop.comterra.eu\/p\/terrax-bohrstange-r25-22x108-l760mm-terrax-bohrkronen-imlochhammer-r25-35mm\/#breadcrumb"},"inLanguage":"en-US","potentialAction":[{"@type":"ReadAction","target":["https:\/\/shop.comterra.eu\/p\/terrax-bohrstange-r25-22x108-l760mm-terrax-bohrkronen-imlochhammer-r25-35mm\/"]}]},{"@type":"BreadcrumbList","@id":"https:\/\/shop.comterra.eu\/p\/terrax-bohrstange-r25-22x108-l760mm-terrax-bohrkronen-imlochhammer-r25-35mm\/#breadcrumb","itemListElement":[{"@type":"ListItem","position":1,"name":"ComTerra SHOP &#8211; Willkommen","item":"https:\/\/shop.comterra.eu\/"},{"@type":"ListItem","position":2,"name":"TERRAX Bohrstange R25 22&#215;108 l=760mm + TERRAX Bohrkronen Imlochhammer R25 35mm"}]},{"@type":"WebSite","@id":"https:\/\/shop.comterra.eu\/#website","url":"https:\/\/shop.comterra.eu\/","name":"ComTerra","description":"","publisher":{"@id":"https:\/\/shop.comterra.eu\/#organization"},"potentialAction":[{"@type":"SearchAction","target":{"@type":"EntryPoint","urlTemplate":"https:\/\/shop.comterra.eu\/?s={search_term_string}"},"query-input":"required name=search_term_string"}],"inLanguage":"en-US"},{"@type":"Organization","@id":"https:\/\/shop.comterra.eu\/#organization","name":"ComTerra","url":"https:\/\/shop.comterra.eu\/","logo":{"@type":"ImageObject","inLanguage":"en-US","@id":"https:\/\/shop.comterra.eu\/#\/schema\/logo\/image\/","url":"https:\/\/shop.comterra.eu\/wp-content\/uploads\/2019\/12\/cropped-logo.png","contentUrl":"https:\/\/shop.comterra.eu\/wp-content\/uploads\/2019\/12\/cropped-logo.png","width":379,"height":89,"caption":"ComTerra"},"image":{"@id":"https:\/\/shop.comterra.eu\/#\/schema\/logo\/image\/"},"sameAs":["https:\/\/www.youtube.com\/channel\/UCn4vG_rMnFID5Hg_ooZKieg","https:\/\/web.facebook.com\/ComTerraEU"]}]}},"_links":{"self":[{"href":"https:\/\/shop.comterra.eu\/en\/wp-json\/wp\/v2\/product\/3108"}],"collection":[{"href":"https:\/\/shop.comterra.eu\/en\/wp-json\/wp\/v2\/product"}],"about":[{"href":"https:\/\/shop.comterra.eu\/en\/wp-json\/wp\/v2\/types\/product"}],"wp:featuredmedia":[{"embeddable":true,"href":"https:\/\/shop.comterra.eu\/en\/wp-json\/wp\/v2\/media\/3072"}],"wp:attachment":[{"href":"https:\/\/shop.comterra.eu\/en\/wp-json\/wp\/v2\/media?parent=3108"}],"wp:term":[{"taxonomy":"product_cat","embeddable":true,"href":"https:\/\/shop.comterra.eu\/en\/wp-json\/wp\/v2\/product_cat?post=3108"},{"taxonomy":"product_tag","embeddable":true,"href":"https:\/\/shop.comterra.eu\/en\/wp-json\/wp\/v2\/product_tag?post=3108"}],"curies":[{"name":"wp","href":"https:\/\/api.w.org\/{rel}","templated":true}]}}