{"id":2793,"date":"2020-11-17T07:41:40","date_gmt":"2020-11-17T07:41:40","guid":{"rendered":"https:\/\/shop.comterra.eu\/?post_type=product&#038;p=2793"},"modified":"2022-11-04T14:32:05","modified_gmt":"2022-11-04T14:32:05","slug":"pneumatische-erdrakete-hp160pv","status":"publish","type":"product","link":"https:\/\/shop.comterra.eu\/en\/p\/pneumatische-erdrakete-hp160pv\/","title":{"rendered":"Pneumatische Erdrakete HP160PV"},"content":{"rendered":"<p>Udarna igla za bu\u0161enje HP160PL sa pasivnom glavom i pneumatskim upravljanjem<br \/>\nUdarna igla za bu\u0161enje HP160L sa pasivnom glavom i repnim adapterom za direktnu vu\u010du<br \/>\nPneumatska raketa tip HP160L \/ 160V sa mugu\u0107no\u0161\u0107u hoda unatrag<br \/>\n12 mjeseci garancija \/ 24 mjeseci na klip rakete<br \/>\nNON TEFLON TECHNOLOGY &#8211; Tehnologija bez teflona = jeftino odr\u017eavanje<br \/>\n<strong>OPIS PROIZVODA<\/strong><\/p>\n<p><strong>PRIMJENA<\/strong><br \/>\nInstalacija od \u00d8125mm cijevi izravno u prvoj operaciji<br \/>\nInstalacija do \u00d8160mm plasti\u010dnih cijevi izravno u prvoj operaciji<br \/>\nInstalacija od \u00d8160-250mm plasti\u010dnih cijevi izravno u drugoj operaciji<br \/>\nInstalacija od \u00d890mm-125mm plasti\u010dnih korugiranih cijevi izravno u prvoj operaciji<br \/>\nInstalacija vlaknastih kabela, struje i plinovoda, kanalizacije, vodovoda,<br \/>\nRu\u010dna instalacija od \u00d850-110mm plasti\u010dnih cijevi<br \/>\nPobijanje od \u00d8100mm, \u00d8159mm, \u00d8219mm, \u00d8273mm \u010deli\u010dnih cijev sa upotrebom konusa<br \/>\nPobijanje od \u00d880mm -406mm \u010deli\u010dnih cijevi<\/p>\n<p><strong>DODATNE INFORMACIJE<\/strong><br \/>\nHP160L Je univerzalni ure\u0111aj koji omogu\u0107uje instalaciju plasti\u010dnih cijevi i pobijanje \u010deli\u010dnih cijevi. Raspon rada je \u0161irok zahvaljuju\u0107i sposobnosti rada s ekspanderima i visokom u\u010dinkovito\u0161\u0107u pobijanja cijevi. Korisnici HP160L tako\u0111er isti\u010du visoku u\u010dinkovitost piercinga na vla\u017enom tlu. Loop kabel instaliran na stra\u017enjoj strani rakete omogu\u0107ava izravnu instalaciju cijevi pomo\u0107u \u010deli\u010dnog u\u017eeta i zatezne plo\u010de.<br \/>\nNa\u010din unatrag primjenjuje se povla\u010denjem crijeva za dovod zraka ili promjenom polo\u017eaja ventila ugra\u0111enog u pneumatsko upravlja\u010dko mjesto (&#8222;P&#8220; verzije). Kupnja ove rakete predla\u017ee npr. Optere\u0107enje: 50% cjelokupnog vremena provedenog na instalaciji plasti\u010dnih cijevi u rasponu fi125mm-250 mm i ne vi\u0161e od 50% cijevi pobijanja cijevi. Ako nema PE cijevi manjih od 160 mm, predla\u017eemo da koristite HP160V mol.<br \/>\n&#8211; Simbol &#8222;V&#8220; zna\u010di ne-demonta\u017eno pro\u0161irenje na stra\u017enjem dijelu rakete od \u00d8200 mm. Omogu\u0107uje probijanje rupa za ugradnju cijevi \u00d8160 mm neposredno iza krtice.<\/p>\n<p>Glavne prednosti HP160L su:<br \/>\n-jednostavno lansiranje u tlo<br \/>\n-meki po\u010detak<br \/>\n-djelotvoran i jednostavan rad s ekspanderima<br \/>\n-visoka to\u010dnost<\/p>\n<p><strong>TEHNI\u010cKI PODACI<\/strong><br \/>\nPreporu\u010deno kori\u0161tenje \u2013PE instalacija cijevi \u00d8 [mm] &#8211; 125-250<br \/>\nPreporu\u010deno kori\u0161tenje- pobijanje \u010deli\u0107nih cijevi \u00d8[mm]- 159-406<br \/>\nMogu\u0107nost kori\u0161tenja \u2013 instalacija plasti\u010dnih cijevi \u00d8[mm]- 125-160<br \/>\npromjer [mm]- 160 160\/200mm (HP160V)<br \/>\ndu\u017eina (mm] &#8211; 2050<br \/>\nte\u017eina[kg]- 190 \/ 214<br \/>\nfrekvencija udara [Hz] &#8211; 4,1<br \/>\ndu\u017eina bu\u0161enja [m] &#8211; \u226450m -20m<br \/>\npreporu\u010dena duljina pobijanja \u00d8273mm cijevi- \u226420<br \/>\npro\u0161irenje u drugoj operaciji [mm]- 190, 200, 220, 275<br \/>\nPotro\u0161nja zraka [m\/min]- 5,3\/4,8<br \/>\nNominalni pritisak [bar] &#8211; 4,0-7,0<\/p>\n<p><strong>Additional equipment<\/strong><br \/>\nAdapter za povla\u010denje cijevi(mrkva) -\u00d832-50mm, \u00d863-75mm, \u00d890mm, \u00d8110<br \/>\nEkspanderi<br \/>\nPrirubna plo\u010da 130\/300mm 130\/200mm 90\/200mm<br \/>\nPneumatsko upravljanje<br \/>\nU\u017ee za povla\u010denje 25m<br \/>\nCrijevo za dovod zraka- \u00be\u201c<br \/>\nNauljiva\u010d 4l<br \/>\nAlat za navo\u0111enje- kretoskop<\/p>","protected":false},"excerpt":{"rendered":"<p>Pneumatska raketa za bu\u0161enje HP160PV<br \/>\nL=160mm \/ V=200mm<\/p>","protected":false},"featured_media":16002,"template":"","meta":[],"product_cat":[49,24],"product_tag":[949,981,984,985,986,948],"yoast_head":"<!-- This site is optimized with the Yoast SEO plugin v20.0 - https:\/\/yoast.com\/wordpress\/plugins\/seo\/ -->\n<title>Pneumatische Erdrakete HP160PV - ComTerra<\/title>\n<meta name=\"description\" content=\"Raketa za bu\u0161enje HP55 HP70 HP45 HP75 HP95 HP135 HP160 HP155, udarna igla za bu\u0161enje, \u010deki\u0107 za pobijanje \u010deli\u010dnih cijevi, pnaumatic mole, ramming hammer\" \/>\n<meta name=\"robots\" content=\"noindex, follow, max-snippet:-1, max-image-preview:large, max-video-preview:-1\" \/>\n<meta property=\"og:locale\" content=\"en_US\" \/>\n<meta property=\"og:type\" content=\"article\" \/>\n<meta property=\"og:title\" content=\"Pneumatische Erdrakete HP160PV - ComTerra\" \/>\n<meta property=\"og:description\" content=\"Raketa za bu\u0161enje HP55 HP70 HP45 HP75 HP95 HP135 HP160 HP155, udarna igla za bu\u0161enje, \u010deki\u0107 za pobijanje \u010deli\u010dnih cijevi, pnaumatic mole, ramming hammer\" \/>\n<meta property=\"og:url\" content=\"https:\/\/shop.comterra.eu\/en\/p\/pneumatische-erdrakete-hp160pv\/\" \/>\n<meta property=\"og:site_name\" content=\"ComTerra\" \/>\n<meta property=\"article:publisher\" content=\"https:\/\/web.facebook.com\/ComTerraEU\" \/>\n<meta property=\"article:modified_time\" content=\"2022-11-04T14:32:05+00:00\" \/>\n<meta property=\"og:image\" content=\"https:\/\/shop.comterra.eu\/wp-content\/uploads\/2022\/06\/HP135M.jpg\" \/>\n\t<meta property=\"og:image:width\" content=\"1029\" \/>\n\t<meta property=\"og:image:height\" content=\"816\" \/>\n\t<meta property=\"og:image:type\" content=\"image\/jpeg\" \/>\n<meta name=\"twitter:card\" content=\"summary_large_image\" \/>\n<meta name=\"twitter:label1\" content=\"Est. reading time\" \/>\n\t<meta name=\"twitter:data1\" content=\"2 minutes\" \/>\n<script type=\"application\/ld+json\" class=\"yoast-schema-graph\">{\"@context\":\"https:\/\/schema.org\",\"@graph\":[{\"@type\":\"WebPage\",\"@id\":\"https:\/\/shop.comterra.eu\/p\/pneumatische-erdrakete-hp160pv\/\",\"url\":\"https:\/\/shop.comterra.eu\/p\/pneumatische-erdrakete-hp160pv\/\",\"name\":\"Pneumatische Erdrakete HP160PV - ComTerra\",\"isPartOf\":{\"@id\":\"https:\/\/shop.comterra.eu\/#website\"},\"datePublished\":\"2020-11-17T07:41:40+00:00\",\"dateModified\":\"2022-11-04T14:32:05+00:00\",\"description\":\"Raketa za bu\u0161enje HP55 HP70 HP45 HP75 HP95 HP135 HP160 HP155, udarna igla za bu\u0161enje, \u010deki\u0107 za pobijanje \u010deli\u010dnih cijevi, pnaumatic mole, ramming hammer\",\"breadcrumb\":{\"@id\":\"https:\/\/shop.comterra.eu\/p\/pneumatische-erdrakete-hp160pv\/#breadcrumb\"},\"inLanguage\":\"en-US\",\"potentialAction\":[{\"@type\":\"ReadAction\",\"target\":[\"https:\/\/shop.comterra.eu\/p\/pneumatische-erdrakete-hp160pv\/\"]}]},{\"@type\":\"BreadcrumbList\",\"@id\":\"https:\/\/shop.comterra.eu\/p\/pneumatische-erdrakete-hp160pv\/#breadcrumb\",\"itemListElement\":[{\"@type\":\"ListItem\",\"position\":1,\"name\":\"ComTerra SHOP &#8211; Willkommen\",\"item\":\"https:\/\/shop.comterra.eu\/\"},{\"@type\":\"ListItem\",\"position\":2,\"name\":\"Pneumatische Erdrakete HP160PV\"}]},{\"@type\":\"WebSite\",\"@id\":\"https:\/\/shop.comterra.eu\/#website\",\"url\":\"https:\/\/shop.comterra.eu\/\",\"name\":\"ComTerra\",\"description\":\"\",\"publisher\":{\"@id\":\"https:\/\/shop.comterra.eu\/#organization\"},\"potentialAction\":[{\"@type\":\"SearchAction\",\"target\":{\"@type\":\"EntryPoint\",\"urlTemplate\":\"https:\/\/shop.comterra.eu\/?s={search_term_string}\"},\"query-input\":\"required name=search_term_string\"}],\"inLanguage\":\"en-US\"},{\"@type\":\"Organization\",\"@id\":\"https:\/\/shop.comterra.eu\/#organization\",\"name\":\"ComTerra\",\"url\":\"https:\/\/shop.comterra.eu\/\",\"logo\":{\"@type\":\"ImageObject\",\"inLanguage\":\"en-US\",\"@id\":\"https:\/\/shop.comterra.eu\/#\/schema\/logo\/image\/\",\"url\":\"https:\/\/shop.comterra.eu\/wp-content\/uploads\/2019\/12\/cropped-logo.png\",\"contentUrl\":\"https:\/\/shop.comterra.eu\/wp-content\/uploads\/2019\/12\/cropped-logo.png\",\"width\":379,\"height\":89,\"caption\":\"ComTerra\"},\"image\":{\"@id\":\"https:\/\/shop.comterra.eu\/#\/schema\/logo\/image\/\"},\"sameAs\":[\"https:\/\/www.youtube.com\/channel\/UCn4vG_rMnFID5Hg_ooZKieg\",\"https:\/\/web.facebook.com\/ComTerraEU\"]}]}<\/script>\n<!-- \/ Yoast SEO plugin. -->","yoast_head_json":{"title":"Pneumatische Erdrakete HP160PV - ComTerra","description":"Raketa za bu\u0161enje HP55 HP70 HP45 HP75 HP95 HP135 HP160 HP155, udarna igla za bu\u0161enje, \u010deki\u0107 za pobijanje \u010deli\u010dnih cijevi, pnaumatic mole, ramming hammer","robots":{"index":"noindex","follow":"follow","max-snippet":"max-snippet:-1","max-image-preview":"max-image-preview:large","max-video-preview":"max-video-preview:-1"},"og_locale":"en_US","og_type":"article","og_title":"Pneumatische Erdrakete HP160PV - ComTerra","og_description":"Raketa za bu\u0161enje HP55 HP70 HP45 HP75 HP95 HP135 HP160 HP155, udarna igla za bu\u0161enje, \u010deki\u0107 za pobijanje \u010deli\u010dnih cijevi, pnaumatic mole, ramming hammer","og_url":"https:\/\/shop.comterra.eu\/en\/p\/pneumatische-erdrakete-hp160pv\/","og_site_name":"ComTerra","article_publisher":"https:\/\/web.facebook.com\/ComTerraEU","article_modified_time":"2022-11-04T14:32:05+00:00","og_image":[{"width":1029,"height":816,"url":"https:\/\/shop.comterra.eu\/wp-content\/uploads\/2022\/06\/HP135M.jpg","type":"image\/jpeg"}],"twitter_card":"summary_large_image","twitter_misc":{"Est. reading time":"2 minutes"},"schema":{"@context":"https:\/\/schema.org","@graph":[{"@type":"WebPage","@id":"https:\/\/shop.comterra.eu\/p\/pneumatische-erdrakete-hp160pv\/","url":"https:\/\/shop.comterra.eu\/p\/pneumatische-erdrakete-hp160pv\/","name":"Pneumatische Erdrakete HP160PV - ComTerra","isPartOf":{"@id":"https:\/\/shop.comterra.eu\/#website"},"datePublished":"2020-11-17T07:41:40+00:00","dateModified":"2022-11-04T14:32:05+00:00","description":"Raketa za bu\u0161enje HP55 HP70 HP45 HP75 HP95 HP135 HP160 HP155, udarna igla za bu\u0161enje, \u010deki\u0107 za pobijanje \u010deli\u010dnih cijevi, pnaumatic mole, ramming hammer","breadcrumb":{"@id":"https:\/\/shop.comterra.eu\/p\/pneumatische-erdrakete-hp160pv\/#breadcrumb"},"inLanguage":"en-US","potentialAction":[{"@type":"ReadAction","target":["https:\/\/shop.comterra.eu\/p\/pneumatische-erdrakete-hp160pv\/"]}]},{"@type":"BreadcrumbList","@id":"https:\/\/shop.comterra.eu\/p\/pneumatische-erdrakete-hp160pv\/#breadcrumb","itemListElement":[{"@type":"ListItem","position":1,"name":"ComTerra SHOP &#8211; Willkommen","item":"https:\/\/shop.comterra.eu\/"},{"@type":"ListItem","position":2,"name":"Pneumatische Erdrakete HP160PV"}]},{"@type":"WebSite","@id":"https:\/\/shop.comterra.eu\/#website","url":"https:\/\/shop.comterra.eu\/","name":"ComTerra","description":"","publisher":{"@id":"https:\/\/shop.comterra.eu\/#organization"},"potentialAction":[{"@type":"SearchAction","target":{"@type":"EntryPoint","urlTemplate":"https:\/\/shop.comterra.eu\/?s={search_term_string}"},"query-input":"required name=search_term_string"}],"inLanguage":"en-US"},{"@type":"Organization","@id":"https:\/\/shop.comterra.eu\/#organization","name":"ComTerra","url":"https:\/\/shop.comterra.eu\/","logo":{"@type":"ImageObject","inLanguage":"en-US","@id":"https:\/\/shop.comterra.eu\/#\/schema\/logo\/image\/","url":"https:\/\/shop.comterra.eu\/wp-content\/uploads\/2019\/12\/cropped-logo.png","contentUrl":"https:\/\/shop.comterra.eu\/wp-content\/uploads\/2019\/12\/cropped-logo.png","width":379,"height":89,"caption":"ComTerra"},"image":{"@id":"https:\/\/shop.comterra.eu\/#\/schema\/logo\/image\/"},"sameAs":["https:\/\/www.youtube.com\/channel\/UCn4vG_rMnFID5Hg_ooZKieg","https:\/\/web.facebook.com\/ComTerraEU"]}]}},"_links":{"self":[{"href":"https:\/\/shop.comterra.eu\/en\/wp-json\/wp\/v2\/product\/2793"}],"collection":[{"href":"https:\/\/shop.comterra.eu\/en\/wp-json\/wp\/v2\/product"}],"about":[{"href":"https:\/\/shop.comterra.eu\/en\/wp-json\/wp\/v2\/types\/product"}],"wp:featuredmedia":[{"embeddable":true,"href":"https:\/\/shop.comterra.eu\/en\/wp-json\/wp\/v2\/media\/16002"}],"wp:attachment":[{"href":"https:\/\/shop.comterra.eu\/en\/wp-json\/wp\/v2\/media?parent=2793"}],"wp:term":[{"taxonomy":"product_cat","embeddable":true,"href":"https:\/\/shop.comterra.eu\/en\/wp-json\/wp\/v2\/product_cat?post=2793"},{"taxonomy":"product_tag","embeddable":true,"href":"https:\/\/shop.comterra.eu\/en\/wp-json\/wp\/v2\/product_tag?post=2793"}],"curies":[{"name":"wp","href":"https:\/\/api.w.org\/{rel}","templated":true}]}}