{"id":2790,"date":"2020-11-17T07:33:50","date_gmt":"2020-11-17T07:33:50","guid":{"rendered":"https:\/\/shop.comterra.eu\/?post_type=product&#038;p=2790"},"modified":"2022-11-04T14:32:27","modified_gmt":"2022-11-04T14:32:27","slug":"pneumatische-erdrakete-hp135pw","status":"publish","type":"product","link":"https:\/\/shop.comterra.eu\/en\/p\/pneumatische-erdrakete-hp135pw\/","title":{"rendered":"Pneumatische Erdrakete HP135PW"},"content":{"rendered":"<p>Udarna igla za bu\u0161enje HP135V\/P sa pasivnom glavom<br \/>\nUdarna igla za bu\u0161enje HP135W\/P sa pasivnom glavom<br \/>\nPneumatska raketa tip HP135 sa mugu\u0107no\u0161\u0107u hoda unatrag<br \/>\n12 mjeseci garancija \/ 24 mjeseci na klip rakete<br \/>\nNON TEFLON TECHNOLOGY &#8211; Tehnologija bez teflona = jeftino odr\u017eavanje<br \/>\n<strong>OPIS PROIZVODA<\/strong><\/p>\n<p><strong>PRIMJENA<\/strong><br \/>\nInstalacija od \u00d8140mm cijevi izravno u prvoj operaciji<br \/>\nInstalacija od \u00d8160mm plasti\u010dnih cijevi izravno u prvoj operaciji<br \/>\nInstalacija od \u00d8260mm plasti\u010dnih cijevi izravno u drugoj operaciji<br \/>\nInstalacija od \u00d890mm-160mm plasti\u010dnih korugiranih cijevi izravno u prvoj operaciji<br \/>\nInstalacija vlaknastih kabela, struje i plinovoda, kanalizacije, vodovoda,<br \/>\nRu\u010dna instalacija od \u00d850-160mm plasti\u010dnih cijevi<br \/>\nPobijanje od \u00d8100mm, \u00d8159mm, \u00d8219mm, \u00d8273mm, \u00d8324mm \u010deli\u010dnih cijev sa upotrebom konusa<br \/>\nPobijanje od \u00d880mm -324mm \u010deli\u010dnih cijevi<\/p>\n<p><strong>DODATNE INFORMACIJE<\/strong><br \/>\nHP135 je osnovna ina\u010dica alata za probijanje jednostavnog dizajna za probijanje i ru\u010dno postavljanje cijevi pomo\u0107u namjenskog adaptera ili mehani\u010dki pomo\u0107u \u010deli\u010dnog konopa i zatezne plo\u010de (verzija M). Ova oprema omogu\u0107uje provla\u010denje cijevi \u00d8110mm ili \u00d8125mm izravno iza rakete u prvoj operaciji. Izvla\u010denje cijevi promjera \u00d8140 mm i ve\u0107e mogu\u0107e je u drugom radu s upotrebom ekspandera.<br \/>\nKrtica HP135 tako\u0111er je opremljena sa u\u017eetom za vu\u010du koja omogu\u0107ava provla\u010denje cijevi \u00d8110 mm direktno iza rakete.<\/p>\n<p>HP135 je \u010deki\u0107 s pove\u0107anom masom klipa do 50 kg (jedini smo proizvo\u0111a\u010d koji je postigao takvu te\u017einu). Alat ima zna\u010dajnu inerciju koje pozitivno utje\u010du na performanse u vla\u017enom tlu u kojem mo\u017ee do\u0107i do efekta oticanja. HP135 igla je vrlo precizna raketa sa sna\u017enim hodom.<br \/>\nDodatne prednosti:<br \/>\n&#8211; jednostavno kretanje u zemlju<br \/>\n&#8211; mekani po\u010detak \u201esoft start\u201c<br \/>\n&#8211; ve\u0107a u\u010dinkovitost pri radu s ekspanderom u vla\u017enim (elasti\u010dnim) glinama<br \/>\n&#8211; velika snaga hoda u rikverc<br \/>\n&#8211; vrlo pozitivna radna karakteristika<br \/>\n&#8211; u\u010dinkovit i lagan rad s ekspanderima<br \/>\nObrnuti na\u010din rada primjenjuje se povla\u010denjem crijeva za dovod zraka ili promjenom polo\u017eaja ventila ugra\u0111enog u pneumatsku upravlja\u010dku stanicu (verzije &#8222;P&#8220;).<\/p>\n<p>HP135 igla je dostupna u nekoliko verzija, ovisno o namjeni ure\u0111aja:<br \/>\n<strong>&#8211; Simbol &#8222;V&#8220;<\/strong> zna\u010di ne demonta\u017eno pro\u0161irenje na stra\u017enjem dijelu tijela \u00d8155-170 mm (ovisno o izboru korisnika). Omogu\u0107uje probijanje rupa za instalaciju cijevi od 140 mm neposredno iza krtice u prvoj operaciji.<br \/>\n<strong>&#8211; Znak &#8222;W&#8220;<\/strong> zna\u010di ne demonta\u017eno pro\u0161irenje u stra\u017enjem dijelu tijela \u00d8200 mm. Omogu\u0107uje probijanje rupa za ugradnju cijevi \u00d8160 mm neposredno iza igle u prvoj operaciji<\/p>\n<p><strong>TEHNI\u010cKI PODACI<\/strong><br \/>\nPreporu\u010deno kori\u0161tenje \u2013instalacija cijevi \u00d8 [mm] &#8211; (HP135V)125-140mm (HP135W) 140-160mm<br \/>\nMogu\u0107nost kori\u0161tenja \u2013 instalacija plasti\u010dnih cijevi koriste\u0107i ekspander \u00d8[mm) 25-200mm<br \/>\nMogu\u0107nost kori\u0161tenja \u2013 pobijanje \u010deli\u010dnih cijevi \u00d8[mm) 80-324mm<br \/>\npromjer [mm]-135\/165 (V) 135\/200 (W)<br \/>\ndu\u017eina (mm] &#8211; 1880mm<br \/>\nte\u017eina[kg]- 140 \/ 159 kg<br \/>\nfrekvencija udara [Hz] &#8211; 5,5<br \/>\ndu\u017eina bu\u0161enja [m] &#8211; \u226420<br \/>\nPotro\u0161nja zraka [m\/min]- 3,2\/2,8<br \/>\nRadni pritisak: 5,0-7,0 bar<\/p>\n<p><strong>Additional equipment<\/strong><br \/>\nAdapter za povla\u010denje cijevi(mrkva) -\u00d832-50mm, \u00d863-75mm<br \/>\nEkspanderi<br \/>\nPrirubna plo\u010da 130\/200mm 130\/200mm 90\/200mm<br \/>\nPneumatsko upravljanje<br \/>\nU\u017ee za povla\u010denje 25m<br \/>\nCrijevo za dovod zraka- \u00be\u201c<br \/>\nNauljiva\u010d 4l<br \/>\nAlat za navo\u0111enje- kretoskop<\/p>","protected":false},"excerpt":{"rendered":"<p>Pneumatska raketa za bu\u0161enje HP135PW<br \/>\nV=165mm\/W=200mm sa pneumatskim upravljanjem P<\/p>","protected":false},"featured_media":16006,"template":"","meta":[],"product_cat":[49,24],"product_tag":[948,949,981,984,985,986],"yoast_head":"<!-- This site is optimized with the Yoast SEO plugin v20.0 - https:\/\/yoast.com\/wordpress\/plugins\/seo\/ -->\n<title>Pneumatische Erdrakete HP135PW - ComTerra<\/title>\n<meta name=\"description\" content=\"Raketa za bu\u0161enje HP55 HP70 HP45 HP75 HP95 HP135 HP160 HP155, udarna igla za bu\u0161enje, \u010deki\u0107 za pobijanje \u010deli\u010dnih cijevi, pnaumatic mole, ramming hammer\" \/>\n<meta name=\"robots\" content=\"noindex, follow, max-snippet:-1, max-image-preview:large, max-video-preview:-1\" \/>\n<meta property=\"og:locale\" content=\"en_US\" \/>\n<meta property=\"og:type\" content=\"article\" \/>\n<meta property=\"og:title\" content=\"Pneumatische Erdrakete HP135PW - ComTerra\" \/>\n<meta property=\"og:description\" content=\"Raketa za bu\u0161enje HP55 HP70 HP45 HP75 HP95 HP135 HP160 HP155, udarna igla za bu\u0161enje, \u010deki\u0107 za pobijanje \u010deli\u010dnih cijevi, pnaumatic mole, ramming hammer\" \/>\n<meta property=\"og:url\" content=\"https:\/\/shop.comterra.eu\/en\/p\/pneumatische-erdrakete-hp135pw\/\" \/>\n<meta property=\"og:site_name\" content=\"ComTerra\" \/>\n<meta property=\"article:publisher\" content=\"https:\/\/web.facebook.com\/ComTerraEU\" \/>\n<meta property=\"article:modified_time\" content=\"2022-11-04T14:32:27+00:00\" \/>\n<meta property=\"og:image\" content=\"https:\/\/shop.comterra.eu\/wp-content\/uploads\/2022\/06\/IMG_4722.jpg\" \/>\n\t<meta property=\"og:image:width\" content=\"1294\" \/>\n\t<meta property=\"og:image:height\" content=\"923\" \/>\n\t<meta property=\"og:image:type\" content=\"image\/jpeg\" \/>\n<meta name=\"twitter:card\" content=\"summary_large_image\" \/>\n<meta name=\"twitter:label1\" content=\"Est. reading time\" \/>\n\t<meta name=\"twitter:data1\" content=\"3 minutes\" \/>\n<script type=\"application\/ld+json\" class=\"yoast-schema-graph\">{\"@context\":\"https:\/\/schema.org\",\"@graph\":[{\"@type\":\"WebPage\",\"@id\":\"https:\/\/shop.comterra.eu\/p\/pneumatische-erdrakete-hp135pw\/\",\"url\":\"https:\/\/shop.comterra.eu\/p\/pneumatische-erdrakete-hp135pw\/\",\"name\":\"Pneumatische Erdrakete HP135PW - ComTerra\",\"isPartOf\":{\"@id\":\"https:\/\/shop.comterra.eu\/#website\"},\"datePublished\":\"2020-11-17T07:33:50+00:00\",\"dateModified\":\"2022-11-04T14:32:27+00:00\",\"description\":\"Raketa za bu\u0161enje HP55 HP70 HP45 HP75 HP95 HP135 HP160 HP155, udarna igla za bu\u0161enje, \u010deki\u0107 za pobijanje \u010deli\u010dnih cijevi, pnaumatic mole, ramming hammer\",\"breadcrumb\":{\"@id\":\"https:\/\/shop.comterra.eu\/p\/pneumatische-erdrakete-hp135pw\/#breadcrumb\"},\"inLanguage\":\"en-US\",\"potentialAction\":[{\"@type\":\"ReadAction\",\"target\":[\"https:\/\/shop.comterra.eu\/p\/pneumatische-erdrakete-hp135pw\/\"]}]},{\"@type\":\"BreadcrumbList\",\"@id\":\"https:\/\/shop.comterra.eu\/p\/pneumatische-erdrakete-hp135pw\/#breadcrumb\",\"itemListElement\":[{\"@type\":\"ListItem\",\"position\":1,\"name\":\"ComTerra SHOP &#8211; Willkommen\",\"item\":\"https:\/\/shop.comterra.eu\/\"},{\"@type\":\"ListItem\",\"position\":2,\"name\":\"Pneumatische Erdrakete HP135PW\"}]},{\"@type\":\"WebSite\",\"@id\":\"https:\/\/shop.comterra.eu\/#website\",\"url\":\"https:\/\/shop.comterra.eu\/\",\"name\":\"ComTerra\",\"description\":\"\",\"publisher\":{\"@id\":\"https:\/\/shop.comterra.eu\/#organization\"},\"potentialAction\":[{\"@type\":\"SearchAction\",\"target\":{\"@type\":\"EntryPoint\",\"urlTemplate\":\"https:\/\/shop.comterra.eu\/?s={search_term_string}\"},\"query-input\":\"required name=search_term_string\"}],\"inLanguage\":\"en-US\"},{\"@type\":\"Organization\",\"@id\":\"https:\/\/shop.comterra.eu\/#organization\",\"name\":\"ComTerra\",\"url\":\"https:\/\/shop.comterra.eu\/\",\"logo\":{\"@type\":\"ImageObject\",\"inLanguage\":\"en-US\",\"@id\":\"https:\/\/shop.comterra.eu\/#\/schema\/logo\/image\/\",\"url\":\"https:\/\/shop.comterra.eu\/wp-content\/uploads\/2019\/12\/cropped-logo.png\",\"contentUrl\":\"https:\/\/shop.comterra.eu\/wp-content\/uploads\/2019\/12\/cropped-logo.png\",\"width\":379,\"height\":89,\"caption\":\"ComTerra\"},\"image\":{\"@id\":\"https:\/\/shop.comterra.eu\/#\/schema\/logo\/image\/\"},\"sameAs\":[\"https:\/\/www.youtube.com\/channel\/UCn4vG_rMnFID5Hg_ooZKieg\",\"https:\/\/web.facebook.com\/ComTerraEU\"]}]}<\/script>\n<!-- \/ Yoast SEO plugin. -->","yoast_head_json":{"title":"Pneumatische Erdrakete HP135PW - ComTerra","description":"Raketa za bu\u0161enje HP55 HP70 HP45 HP75 HP95 HP135 HP160 HP155, udarna igla za bu\u0161enje, \u010deki\u0107 za pobijanje \u010deli\u010dnih cijevi, pnaumatic mole, ramming hammer","robots":{"index":"noindex","follow":"follow","max-snippet":"max-snippet:-1","max-image-preview":"max-image-preview:large","max-video-preview":"max-video-preview:-1"},"og_locale":"en_US","og_type":"article","og_title":"Pneumatische Erdrakete HP135PW - ComTerra","og_description":"Raketa za bu\u0161enje HP55 HP70 HP45 HP75 HP95 HP135 HP160 HP155, udarna igla za bu\u0161enje, \u010deki\u0107 za pobijanje \u010deli\u010dnih cijevi, pnaumatic mole, ramming hammer","og_url":"https:\/\/shop.comterra.eu\/en\/p\/pneumatische-erdrakete-hp135pw\/","og_site_name":"ComTerra","article_publisher":"https:\/\/web.facebook.com\/ComTerraEU","article_modified_time":"2022-11-04T14:32:27+00:00","og_image":[{"width":1294,"height":923,"url":"https:\/\/shop.comterra.eu\/wp-content\/uploads\/2022\/06\/IMG_4722.jpg","type":"image\/jpeg"}],"twitter_card":"summary_large_image","twitter_misc":{"Est. reading time":"3 minutes"},"schema":{"@context":"https:\/\/schema.org","@graph":[{"@type":"WebPage","@id":"https:\/\/shop.comterra.eu\/p\/pneumatische-erdrakete-hp135pw\/","url":"https:\/\/shop.comterra.eu\/p\/pneumatische-erdrakete-hp135pw\/","name":"Pneumatische Erdrakete HP135PW - ComTerra","isPartOf":{"@id":"https:\/\/shop.comterra.eu\/#website"},"datePublished":"2020-11-17T07:33:50+00:00","dateModified":"2022-11-04T14:32:27+00:00","description":"Raketa za bu\u0161enje HP55 HP70 HP45 HP75 HP95 HP135 HP160 HP155, udarna igla za bu\u0161enje, \u010deki\u0107 za pobijanje \u010deli\u010dnih cijevi, pnaumatic mole, ramming hammer","breadcrumb":{"@id":"https:\/\/shop.comterra.eu\/p\/pneumatische-erdrakete-hp135pw\/#breadcrumb"},"inLanguage":"en-US","potentialAction":[{"@type":"ReadAction","target":["https:\/\/shop.comterra.eu\/p\/pneumatische-erdrakete-hp135pw\/"]}]},{"@type":"BreadcrumbList","@id":"https:\/\/shop.comterra.eu\/p\/pneumatische-erdrakete-hp135pw\/#breadcrumb","itemListElement":[{"@type":"ListItem","position":1,"name":"ComTerra SHOP &#8211; Willkommen","item":"https:\/\/shop.comterra.eu\/"},{"@type":"ListItem","position":2,"name":"Pneumatische Erdrakete HP135PW"}]},{"@type":"WebSite","@id":"https:\/\/shop.comterra.eu\/#website","url":"https:\/\/shop.comterra.eu\/","name":"ComTerra","description":"","publisher":{"@id":"https:\/\/shop.comterra.eu\/#organization"},"potentialAction":[{"@type":"SearchAction","target":{"@type":"EntryPoint","urlTemplate":"https:\/\/shop.comterra.eu\/?s={search_term_string}"},"query-input":"required name=search_term_string"}],"inLanguage":"en-US"},{"@type":"Organization","@id":"https:\/\/shop.comterra.eu\/#organization","name":"ComTerra","url":"https:\/\/shop.comterra.eu\/","logo":{"@type":"ImageObject","inLanguage":"en-US","@id":"https:\/\/shop.comterra.eu\/#\/schema\/logo\/image\/","url":"https:\/\/shop.comterra.eu\/wp-content\/uploads\/2019\/12\/cropped-logo.png","contentUrl":"https:\/\/shop.comterra.eu\/wp-content\/uploads\/2019\/12\/cropped-logo.png","width":379,"height":89,"caption":"ComTerra"},"image":{"@id":"https:\/\/shop.comterra.eu\/#\/schema\/logo\/image\/"},"sameAs":["https:\/\/www.youtube.com\/channel\/UCn4vG_rMnFID5Hg_ooZKieg","https:\/\/web.facebook.com\/ComTerraEU"]}]}},"_links":{"self":[{"href":"https:\/\/shop.comterra.eu\/en\/wp-json\/wp\/v2\/product\/2790"}],"collection":[{"href":"https:\/\/shop.comterra.eu\/en\/wp-json\/wp\/v2\/product"}],"about":[{"href":"https:\/\/shop.comterra.eu\/en\/wp-json\/wp\/v2\/types\/product"}],"wp:featuredmedia":[{"embeddable":true,"href":"https:\/\/shop.comterra.eu\/en\/wp-json\/wp\/v2\/media\/16006"}],"wp:attachment":[{"href":"https:\/\/shop.comterra.eu\/en\/wp-json\/wp\/v2\/media?parent=2790"}],"wp:term":[{"taxonomy":"product_cat","embeddable":true,"href":"https:\/\/shop.comterra.eu\/en\/wp-json\/wp\/v2\/product_cat?post=2790"},{"taxonomy":"product_tag","embeddable":true,"href":"https:\/\/shop.comterra.eu\/en\/wp-json\/wp\/v2\/product_tag?post=2790"}],"curies":[{"name":"wp","href":"https:\/\/api.w.org\/{rel}","templated":true}]}}