{"id":2776,"date":"2020-11-16T11:37:12","date_gmt":"2020-11-16T11:37:12","guid":{"rendered":"https:\/\/shop.comterra.eu\/?post_type=product&#038;p=2776"},"modified":"2022-11-04T14:33:49","modified_gmt":"2022-11-04T14:33:49","slug":"pneumatische-erdrakete-hp-95p","status":"publish","type":"product","link":"https:\/\/shop.comterra.eu\/en\/p\/pneumatische-erdrakete-hp-95p\/","title":{"rendered":"Pneumatische Erdrakete HP95P"},"content":{"rendered":"<p>Udarna igla za bu\u0161enje HP95 sa pasivnom glavom<br \/>\nUdarna igla za bu\u0161enje HP95M sa pasivnom glavom i rapnim adapterom za direktnu vu\u010du<br \/>\nPneumatska raketa tip HP95 \/M sa mugu\u0107no\u0161\u0107u hoda unatrag<br \/>\n12 mjeseci garancija \/ 24 mjeseci na klip rakete<br \/>\nNON TEFLON TECHNOLOGY &#8211; Tehnologija bez teflona = jeftino odr\u017eavanje<br \/>\n<strong>OPIS PROIZVODA<\/strong><\/p>\n<p><strong>PRIMJENA<\/strong><br \/>\nRu\u010dna instalacija od \u00d8125mm plasti\u010dnih cijevi<br \/>\nRu\u010dna instalacija od \u00d825-75mm plasti\u010dnih cijevi<br \/>\nRu\u010dna instalacija od \u00d890mm plasti\u010dnih cijevi<br \/>\nInstalacija korugiranih cijevi \u00d8110mm u drugoj izvedbi<br \/>\nInstalacija vlaknastih kabela, struje i plinovoda<br \/>\nInstalacija od \u00d8110mm plasti\u010dnih cijevi u drugoj izvedbi<br \/>\nMini piloti od \u00d8100mm \u010deli\u010dnih cijevi<br \/>\nPobijanje od \u00d8100mm,\u00d8159mm \u010deli\u010dnih cijev sa upotrebom konusa<br \/>\nPobijanje od \u00d880mm \u010deli\u010dnih cijevi<\/p>\n<p><strong>DODATNE INFORMACIJE<\/strong><br \/>\nHP95 je osnovna ina\u010dica bu\u0161e\u0107eg alata s najjednostavnijim dizajnom izgra\u0111enim za probijanje i ru\u010dno postavljanje cijevi pomo\u0107u adaptera ili mehani\u010dki pomo\u0107u \u010deli\u010dnog u\u017eeta i naponske plo\u010de. Ova oprema omogu\u0107uje postavljanje 110mm i ve\u0107ih cijevi u drugoj operaciji pomo\u0107u ekspandera. HP95 raketa tako\u0111er mo\u017ee biti opremljena petljom za vu\u010du koja omogu\u0107uje povla\u010denje \u00d875mm cijevi pomo\u0107u utora-provrta u obrnutom na\u010dinu rada.<br \/>\nSnaga HP95 ima zna\u010dajnu inerciju koja pozitivno utje\u010de na performanse u vla\u017enim tlima<\/p>\n<p>HP95 igla je dostupna u nekoliko verzija, ovisno o namjeni ure\u0111aja:<br \/>\n<strong>&#8211; Simbol &#8222;M&#8220;<\/strong> ozna\u010dava rep rakete sa dvostrukim krajem. Dvojna matica nazvana jo\u0161 kao vu\u010dni utor omogu\u0107ava izravno povla\u010denje cijevi od \u00d875 mm u prstenastom pogonu ili \u00d890 mm s ugra\u0111enim ve\u0107im rukavom. Ostale karakteristike identi\u010dne su standardnom HP95 raketi.<br \/>\n<strong>&#8211; Simbol &#8222;P&#8220;<\/strong> ozna\u010dava krticu sa pneumatskim upravljanjem obrnutim na\u010dinom rada. Ova vrsta upravljanja dostupna je za sve gore navedene verzije HP95 mola i zahtijeva pneumatsku upravlja\u010dku stanicu<\/p>\n<p><strong>TEHNI\u010cKI PODACI<\/strong><br \/>\nPreporu\u010deno kori\u0161tenje \u2013instalacija cijevi \u00d8 [mm] &#8211; 63-75<br \/>\nMogu\u0107nost kori\u0161tenja \u2013 instalacija plasti\u010dnih cijevi koriste\u0107i ekspander \u00d8[mm) 25-140<br \/>\npromjer [mm]-95<br \/>\ndu\u017eina (mm] &#8211; 1515<br \/>\nte\u017eina[kg]- 54<br \/>\nfrekvencija udara [Hz] &#8211; 5,5<br \/>\ndu\u017eina bu\u0161enja [m] &#8211; \u226420<br \/>\nPotro\u0161nja zraka [m\/min]- 2,3<\/p>\n<p><strong>Additional equipment<\/strong><br \/>\nAdapter za povla\u010denje cijevi(mrkva) -\u00d832-50mm, \u00d863-75mm<br \/>\nNauljiva\u010d 1,3l<br \/>\nEkspanderi<br \/>\nCrijevo za dovod zraka- \u00be\u201c<br \/>\nNauljiva\u010d 4l<br \/>\nAlat za navo\u0111enje- kretoskop<\/p>","protected":false},"excerpt":{"rendered":"<p>Pneumatska raketa za bu\u0161enje HP 95P<br \/>\n95mm sa adapterom za vu\u010du<\/p>","protected":false},"featured_media":15987,"template":"","meta":[],"product_cat":[49,24],"product_tag":[948,949,981,984,985,986],"yoast_head":"<!-- This site is optimized with the Yoast SEO plugin v20.0 - https:\/\/yoast.com\/wordpress\/plugins\/seo\/ -->\n<title>Pneumatische Erdrakete HP95P - ComTerra<\/title>\n<meta name=\"description\" content=\"Raketa za bu\u0161enje HP95 udarna igla za bu\u0161enje, \u010deki\u0107 za pobijanje \u010deli\u010dnih cijevi, pnaumatic mole, ramming hammer, essig, grundomat, grundoram, terra rakete\" \/>\n<meta name=\"robots\" content=\"noindex, follow, max-snippet:-1, max-image-preview:large, max-video-preview:-1\" \/>\n<meta property=\"og:locale\" content=\"en_US\" \/>\n<meta property=\"og:type\" content=\"article\" \/>\n<meta property=\"og:title\" content=\"Pneumatische Erdrakete HP95P - ComTerra\" \/>\n<meta property=\"og:description\" content=\"Raketa za bu\u0161enje HP95 udarna igla za bu\u0161enje, \u010deki\u0107 za pobijanje \u010deli\u010dnih cijevi, pnaumatic mole, ramming hammer, essig, grundomat, grundoram, terra rakete\" \/>\n<meta property=\"og:url\" content=\"https:\/\/shop.comterra.eu\/en\/p\/pneumatische-erdrakete-hp-95p\/\" \/>\n<meta property=\"og:site_name\" content=\"ComTerra\" \/>\n<meta property=\"article:publisher\" content=\"https:\/\/web.facebook.com\/ComTerraEU\" \/>\n<meta property=\"article:modified_time\" content=\"2022-11-04T14:33:49+00:00\" \/>\n<meta property=\"og:image\" content=\"https:\/\/shop.comterra.eu\/wp-content\/uploads\/2022\/06\/Raketa_HP_95.jpg\" \/>\n\t<meta property=\"og:image:width\" content=\"973\" \/>\n\t<meta property=\"og:image:height\" content=\"1049\" \/>\n\t<meta property=\"og:image:type\" content=\"image\/jpeg\" \/>\n<meta name=\"twitter:card\" content=\"summary_large_image\" \/>\n<meta name=\"twitter:label1\" content=\"Est. reading time\" \/>\n\t<meta name=\"twitter:data1\" content=\"2 minutes\" \/>\n<script type=\"application\/ld+json\" class=\"yoast-schema-graph\">{\"@context\":\"https:\/\/schema.org\",\"@graph\":[{\"@type\":\"WebPage\",\"@id\":\"https:\/\/shop.comterra.eu\/p\/pneumatische-erdrakete-hp-95p\/\",\"url\":\"https:\/\/shop.comterra.eu\/p\/pneumatische-erdrakete-hp-95p\/\",\"name\":\"Pneumatische Erdrakete HP95P - ComTerra\",\"isPartOf\":{\"@id\":\"https:\/\/shop.comterra.eu\/#website\"},\"datePublished\":\"2020-11-16T11:37:12+00:00\",\"dateModified\":\"2022-11-04T14:33:49+00:00\",\"description\":\"Raketa za bu\u0161enje HP95 udarna igla za bu\u0161enje, \u010deki\u0107 za pobijanje \u010deli\u010dnih cijevi, pnaumatic mole, ramming hammer, essig, grundomat, grundoram, terra rakete\",\"breadcrumb\":{\"@id\":\"https:\/\/shop.comterra.eu\/p\/pneumatische-erdrakete-hp-95p\/#breadcrumb\"},\"inLanguage\":\"en-US\",\"potentialAction\":[{\"@type\":\"ReadAction\",\"target\":[\"https:\/\/shop.comterra.eu\/p\/pneumatische-erdrakete-hp-95p\/\"]}]},{\"@type\":\"BreadcrumbList\",\"@id\":\"https:\/\/shop.comterra.eu\/p\/pneumatische-erdrakete-hp-95p\/#breadcrumb\",\"itemListElement\":[{\"@type\":\"ListItem\",\"position\":1,\"name\":\"ComTerra SHOP &#8211; Willkommen\",\"item\":\"https:\/\/shop.comterra.eu\/\"},{\"@type\":\"ListItem\",\"position\":2,\"name\":\"Pneumatische Erdrakete HP95P\"}]},{\"@type\":\"WebSite\",\"@id\":\"https:\/\/shop.comterra.eu\/#website\",\"url\":\"https:\/\/shop.comterra.eu\/\",\"name\":\"ComTerra\",\"description\":\"\",\"publisher\":{\"@id\":\"https:\/\/shop.comterra.eu\/#organization\"},\"potentialAction\":[{\"@type\":\"SearchAction\",\"target\":{\"@type\":\"EntryPoint\",\"urlTemplate\":\"https:\/\/shop.comterra.eu\/?s={search_term_string}\"},\"query-input\":\"required name=search_term_string\"}],\"inLanguage\":\"en-US\"},{\"@type\":\"Organization\",\"@id\":\"https:\/\/shop.comterra.eu\/#organization\",\"name\":\"ComTerra\",\"url\":\"https:\/\/shop.comterra.eu\/\",\"logo\":{\"@type\":\"ImageObject\",\"inLanguage\":\"en-US\",\"@id\":\"https:\/\/shop.comterra.eu\/#\/schema\/logo\/image\/\",\"url\":\"https:\/\/shop.comterra.eu\/wp-content\/uploads\/2019\/12\/cropped-logo.png\",\"contentUrl\":\"https:\/\/shop.comterra.eu\/wp-content\/uploads\/2019\/12\/cropped-logo.png\",\"width\":379,\"height\":89,\"caption\":\"ComTerra\"},\"image\":{\"@id\":\"https:\/\/shop.comterra.eu\/#\/schema\/logo\/image\/\"},\"sameAs\":[\"https:\/\/www.youtube.com\/channel\/UCn4vG_rMnFID5Hg_ooZKieg\",\"https:\/\/web.facebook.com\/ComTerraEU\"]}]}<\/script>\n<!-- \/ Yoast SEO plugin. -->","yoast_head_json":{"title":"Pneumatische Erdrakete HP95P - ComTerra","description":"Raketa za bu\u0161enje HP95 udarna igla za bu\u0161enje, \u010deki\u0107 za pobijanje \u010deli\u010dnih cijevi, pnaumatic mole, ramming hammer, essig, grundomat, grundoram, terra rakete","robots":{"index":"noindex","follow":"follow","max-snippet":"max-snippet:-1","max-image-preview":"max-image-preview:large","max-video-preview":"max-video-preview:-1"},"og_locale":"en_US","og_type":"article","og_title":"Pneumatische Erdrakete HP95P - ComTerra","og_description":"Raketa za bu\u0161enje HP95 udarna igla za bu\u0161enje, \u010deki\u0107 za pobijanje \u010deli\u010dnih cijevi, pnaumatic mole, ramming hammer, essig, grundomat, grundoram, terra rakete","og_url":"https:\/\/shop.comterra.eu\/en\/p\/pneumatische-erdrakete-hp-95p\/","og_site_name":"ComTerra","article_publisher":"https:\/\/web.facebook.com\/ComTerraEU","article_modified_time":"2022-11-04T14:33:49+00:00","og_image":[{"width":973,"height":1049,"url":"https:\/\/shop.comterra.eu\/wp-content\/uploads\/2022\/06\/Raketa_HP_95.jpg","type":"image\/jpeg"}],"twitter_card":"summary_large_image","twitter_misc":{"Est. reading time":"2 minutes"},"schema":{"@context":"https:\/\/schema.org","@graph":[{"@type":"WebPage","@id":"https:\/\/shop.comterra.eu\/p\/pneumatische-erdrakete-hp-95p\/","url":"https:\/\/shop.comterra.eu\/p\/pneumatische-erdrakete-hp-95p\/","name":"Pneumatische Erdrakete HP95P - ComTerra","isPartOf":{"@id":"https:\/\/shop.comterra.eu\/#website"},"datePublished":"2020-11-16T11:37:12+00:00","dateModified":"2022-11-04T14:33:49+00:00","description":"Raketa za bu\u0161enje HP95 udarna igla za bu\u0161enje, \u010deki\u0107 za pobijanje \u010deli\u010dnih cijevi, pnaumatic mole, ramming hammer, essig, grundomat, grundoram, terra rakete","breadcrumb":{"@id":"https:\/\/shop.comterra.eu\/p\/pneumatische-erdrakete-hp-95p\/#breadcrumb"},"inLanguage":"en-US","potentialAction":[{"@type":"ReadAction","target":["https:\/\/shop.comterra.eu\/p\/pneumatische-erdrakete-hp-95p\/"]}]},{"@type":"BreadcrumbList","@id":"https:\/\/shop.comterra.eu\/p\/pneumatische-erdrakete-hp-95p\/#breadcrumb","itemListElement":[{"@type":"ListItem","position":1,"name":"ComTerra SHOP &#8211; Willkommen","item":"https:\/\/shop.comterra.eu\/"},{"@type":"ListItem","position":2,"name":"Pneumatische Erdrakete HP95P"}]},{"@type":"WebSite","@id":"https:\/\/shop.comterra.eu\/#website","url":"https:\/\/shop.comterra.eu\/","name":"ComTerra","description":"","publisher":{"@id":"https:\/\/shop.comterra.eu\/#organization"},"potentialAction":[{"@type":"SearchAction","target":{"@type":"EntryPoint","urlTemplate":"https:\/\/shop.comterra.eu\/?s={search_term_string}"},"query-input":"required name=search_term_string"}],"inLanguage":"en-US"},{"@type":"Organization","@id":"https:\/\/shop.comterra.eu\/#organization","name":"ComTerra","url":"https:\/\/shop.comterra.eu\/","logo":{"@type":"ImageObject","inLanguage":"en-US","@id":"https:\/\/shop.comterra.eu\/#\/schema\/logo\/image\/","url":"https:\/\/shop.comterra.eu\/wp-content\/uploads\/2019\/12\/cropped-logo.png","contentUrl":"https:\/\/shop.comterra.eu\/wp-content\/uploads\/2019\/12\/cropped-logo.png","width":379,"height":89,"caption":"ComTerra"},"image":{"@id":"https:\/\/shop.comterra.eu\/#\/schema\/logo\/image\/"},"sameAs":["https:\/\/www.youtube.com\/channel\/UCn4vG_rMnFID5Hg_ooZKieg","https:\/\/web.facebook.com\/ComTerraEU"]}]}},"_links":{"self":[{"href":"https:\/\/shop.comterra.eu\/en\/wp-json\/wp\/v2\/product\/2776"}],"collection":[{"href":"https:\/\/shop.comterra.eu\/en\/wp-json\/wp\/v2\/product"}],"about":[{"href":"https:\/\/shop.comterra.eu\/en\/wp-json\/wp\/v2\/types\/product"}],"wp:featuredmedia":[{"embeddable":true,"href":"https:\/\/shop.comterra.eu\/en\/wp-json\/wp\/v2\/media\/15987"}],"wp:attachment":[{"href":"https:\/\/shop.comterra.eu\/en\/wp-json\/wp\/v2\/media?parent=2776"}],"wp:term":[{"taxonomy":"product_cat","embeddable":true,"href":"https:\/\/shop.comterra.eu\/en\/wp-json\/wp\/v2\/product_cat?post=2776"},{"taxonomy":"product_tag","embeddable":true,"href":"https:\/\/shop.comterra.eu\/en\/wp-json\/wp\/v2\/product_tag?post=2776"}],"curies":[{"name":"wp","href":"https:\/\/api.w.org\/{rel}","templated":true}]}}