{"id":2766,"date":"2020-11-13T08:17:20","date_gmt":"2020-11-13T08:17:20","guid":{"rendered":"https:\/\/shop.comterra.eu\/?post_type=product&#038;p=2766"},"modified":"2022-11-04T14:45:24","modified_gmt":"2022-11-04T14:45:24","slug":"asphaltschneider-hex-25x108-geschmiedet-140x115-325bc","status":"publish","type":"product","link":"https:\/\/shop.comterra.eu\/en\/p\/asphaltschneider-hex-25x108-geschmiedet-140x115-325bc\/","title":{"rendered":"Asphaltschneider HEX 25&#215;108 geschmiedet 140&#215;115 325BC"},"content":{"rendered":"<p>Sjeka\u010d za pneumatski \u010deki\u0107<br \/>\nSjeka\u010d za elektro i hidruli\u010dni \u010deki\u0107<br \/>\nSjeka\u010d \u0161irine 50 &#8211; 125mm<br \/>\nL=450-600 mm<br \/>\nHEX 19&#215;50<br \/>\nHEX 22&#215;83<br \/>\nHEX 22&#215;108<br \/>\n<strong>HEX 25&#215;108<\/strong><br \/>\nHEX 28&#215;160<br \/>\nHEX 32&#215;160<\/p>","protected":false},"excerpt":{"rendered":"<p>Sjeka\u010d HEX za pneumatske i elektro \u010deki\u0107e HEX 25&#215;108 kovano 140&#215;115 325BC<\/p>","protected":false},"featured_media":15881,"template":"","meta":[],"product_cat":[739,28],"product_tag":[],"yoast_head":"<!-- This site is optimized with the Yoast SEO plugin v20.0 - https:\/\/yoast.com\/wordpress\/plugins\/seo\/ -->\n<title>Asphaltschneider HEX 25x108 geschmiedet 140x115 325BC - ComTerra<\/title>\n<meta name=\"description\" content=\"Sjeka\u010d za pneumatski, hidrauli\u010dni i elektri\u010dni \u010deki\u0107, Sjeka\u010d HEX, dlijeto HEX, \u0161pica HEX\" \/>\n<meta name=\"robots\" content=\"noindex, follow, max-snippet:-1, max-image-preview:large, max-video-preview:-1\" \/>\n<meta property=\"og:locale\" content=\"en_US\" \/>\n<meta property=\"og:type\" content=\"article\" \/>\n<meta property=\"og:title\" content=\"Asphaltschneider HEX 25x108 geschmiedet 140x115 325BC - ComTerra\" \/>\n<meta property=\"og:description\" content=\"Sjeka\u010d za pneumatski, hidrauli\u010dni i elektri\u010dni \u010deki\u0107, Sjeka\u010d HEX, dlijeto HEX, \u0161pica HEX\" \/>\n<meta property=\"og:url\" content=\"https:\/\/shop.comterra.eu\/en\/p\/asphaltschneider-hex-25x108-geschmiedet-140x115-325bc\/\" \/>\n<meta property=\"og:site_name\" content=\"ComTerra\" \/>\n<meta property=\"article:publisher\" content=\"https:\/\/web.facebook.com\/ComTerraEU\" \/>\n<meta property=\"article:modified_time\" content=\"2022-11-04T14:45:24+00:00\" \/>\n<meta property=\"og:image\" content=\"https:\/\/shop.comterra.eu\/wp-content\/uploads\/2022\/06\/Sjekac_HEXIMG_6808.jpg\" \/>\n\t<meta property=\"og:image:width\" content=\"1092\" \/>\n\t<meta property=\"og:image:height\" content=\"685\" \/>\n\t<meta property=\"og:image:type\" content=\"image\/jpeg\" \/>\n<meta name=\"twitter:card\" content=\"summary_large_image\" \/>\n<script type=\"application\/ld+json\" class=\"yoast-schema-graph\">{\"@context\":\"https:\/\/schema.org\",\"@graph\":[{\"@type\":\"WebPage\",\"@id\":\"https:\/\/shop.comterra.eu\/p\/asphaltschneider-hex-25x108-geschmiedet-140x115-325bc\/\",\"url\":\"https:\/\/shop.comterra.eu\/p\/asphaltschneider-hex-25x108-geschmiedet-140x115-325bc\/\",\"name\":\"Asphaltschneider HEX 25x108 geschmiedet 140x115 325BC - ComTerra\",\"isPartOf\":{\"@id\":\"https:\/\/shop.comterra.eu\/#website\"},\"datePublished\":\"2020-11-13T08:17:20+00:00\",\"dateModified\":\"2022-11-04T14:45:24+00:00\",\"description\":\"Sjeka\u010d za pneumatski, hidrauli\u010dni i elektri\u010dni \u010deki\u0107, Sjeka\u010d HEX, dlijeto HEX, \u0161pica HEX\",\"breadcrumb\":{\"@id\":\"https:\/\/shop.comterra.eu\/p\/asphaltschneider-hex-25x108-geschmiedet-140x115-325bc\/#breadcrumb\"},\"inLanguage\":\"en-US\",\"potentialAction\":[{\"@type\":\"ReadAction\",\"target\":[\"https:\/\/shop.comterra.eu\/p\/asphaltschneider-hex-25x108-geschmiedet-140x115-325bc\/\"]}]},{\"@type\":\"BreadcrumbList\",\"@id\":\"https:\/\/shop.comterra.eu\/p\/asphaltschneider-hex-25x108-geschmiedet-140x115-325bc\/#breadcrumb\",\"itemListElement\":[{\"@type\":\"ListItem\",\"position\":1,\"name\":\"ComTerra SHOP &#8211; Willkommen\",\"item\":\"https:\/\/shop.comterra.eu\/\"},{\"@type\":\"ListItem\",\"position\":2,\"name\":\"Asphaltschneider HEX 25&#215;108 geschmiedet 140&#215;115 325BC\"}]},{\"@type\":\"WebSite\",\"@id\":\"https:\/\/shop.comterra.eu\/#website\",\"url\":\"https:\/\/shop.comterra.eu\/\",\"name\":\"ComTerra\",\"description\":\"\",\"publisher\":{\"@id\":\"https:\/\/shop.comterra.eu\/#organization\"},\"potentialAction\":[{\"@type\":\"SearchAction\",\"target\":{\"@type\":\"EntryPoint\",\"urlTemplate\":\"https:\/\/shop.comterra.eu\/?s={search_term_string}\"},\"query-input\":\"required name=search_term_string\"}],\"inLanguage\":\"en-US\"},{\"@type\":\"Organization\",\"@id\":\"https:\/\/shop.comterra.eu\/#organization\",\"name\":\"ComTerra\",\"url\":\"https:\/\/shop.comterra.eu\/\",\"logo\":{\"@type\":\"ImageObject\",\"inLanguage\":\"en-US\",\"@id\":\"https:\/\/shop.comterra.eu\/#\/schema\/logo\/image\/\",\"url\":\"https:\/\/shop.comterra.eu\/wp-content\/uploads\/2019\/12\/cropped-logo.png\",\"contentUrl\":\"https:\/\/shop.comterra.eu\/wp-content\/uploads\/2019\/12\/cropped-logo.png\",\"width\":379,\"height\":89,\"caption\":\"ComTerra\"},\"image\":{\"@id\":\"https:\/\/shop.comterra.eu\/#\/schema\/logo\/image\/\"},\"sameAs\":[\"https:\/\/www.youtube.com\/channel\/UCn4vG_rMnFID5Hg_ooZKieg\",\"https:\/\/web.facebook.com\/ComTerraEU\"]}]}<\/script>\n<!-- \/ Yoast SEO plugin. -->","yoast_head_json":{"title":"Asphaltschneider HEX 25x108 geschmiedet 140x115 325BC - ComTerra","description":"Sjeka\u010d za pneumatski, hidrauli\u010dni i elektri\u010dni \u010deki\u0107, Sjeka\u010d HEX, dlijeto HEX, \u0161pica HEX","robots":{"index":"noindex","follow":"follow","max-snippet":"max-snippet:-1","max-image-preview":"max-image-preview:large","max-video-preview":"max-video-preview:-1"},"og_locale":"en_US","og_type":"article","og_title":"Asphaltschneider HEX 25x108 geschmiedet 140x115 325BC - ComTerra","og_description":"Sjeka\u010d za pneumatski, hidrauli\u010dni i elektri\u010dni \u010deki\u0107, Sjeka\u010d HEX, dlijeto HEX, \u0161pica HEX","og_url":"https:\/\/shop.comterra.eu\/en\/p\/asphaltschneider-hex-25x108-geschmiedet-140x115-325bc\/","og_site_name":"ComTerra","article_publisher":"https:\/\/web.facebook.com\/ComTerraEU","article_modified_time":"2022-11-04T14:45:24+00:00","og_image":[{"width":1092,"height":685,"url":"https:\/\/shop.comterra.eu\/wp-content\/uploads\/2022\/06\/Sjekac_HEXIMG_6808.jpg","type":"image\/jpeg"}],"twitter_card":"summary_large_image","schema":{"@context":"https:\/\/schema.org","@graph":[{"@type":"WebPage","@id":"https:\/\/shop.comterra.eu\/p\/asphaltschneider-hex-25x108-geschmiedet-140x115-325bc\/","url":"https:\/\/shop.comterra.eu\/p\/asphaltschneider-hex-25x108-geschmiedet-140x115-325bc\/","name":"Asphaltschneider HEX 25x108 geschmiedet 140x115 325BC - ComTerra","isPartOf":{"@id":"https:\/\/shop.comterra.eu\/#website"},"datePublished":"2020-11-13T08:17:20+00:00","dateModified":"2022-11-04T14:45:24+00:00","description":"Sjeka\u010d za pneumatski, hidrauli\u010dni i elektri\u010dni \u010deki\u0107, Sjeka\u010d HEX, dlijeto HEX, \u0161pica HEX","breadcrumb":{"@id":"https:\/\/shop.comterra.eu\/p\/asphaltschneider-hex-25x108-geschmiedet-140x115-325bc\/#breadcrumb"},"inLanguage":"en-US","potentialAction":[{"@type":"ReadAction","target":["https:\/\/shop.comterra.eu\/p\/asphaltschneider-hex-25x108-geschmiedet-140x115-325bc\/"]}]},{"@type":"BreadcrumbList","@id":"https:\/\/shop.comterra.eu\/p\/asphaltschneider-hex-25x108-geschmiedet-140x115-325bc\/#breadcrumb","itemListElement":[{"@type":"ListItem","position":1,"name":"ComTerra SHOP &#8211; Willkommen","item":"https:\/\/shop.comterra.eu\/"},{"@type":"ListItem","position":2,"name":"Asphaltschneider HEX 25&#215;108 geschmiedet 140&#215;115 325BC"}]},{"@type":"WebSite","@id":"https:\/\/shop.comterra.eu\/#website","url":"https:\/\/shop.comterra.eu\/","name":"ComTerra","description":"","publisher":{"@id":"https:\/\/shop.comterra.eu\/#organization"},"potentialAction":[{"@type":"SearchAction","target":{"@type":"EntryPoint","urlTemplate":"https:\/\/shop.comterra.eu\/?s={search_term_string}"},"query-input":"required name=search_term_string"}],"inLanguage":"en-US"},{"@type":"Organization","@id":"https:\/\/shop.comterra.eu\/#organization","name":"ComTerra","url":"https:\/\/shop.comterra.eu\/","logo":{"@type":"ImageObject","inLanguage":"en-US","@id":"https:\/\/shop.comterra.eu\/#\/schema\/logo\/image\/","url":"https:\/\/shop.comterra.eu\/wp-content\/uploads\/2019\/12\/cropped-logo.png","contentUrl":"https:\/\/shop.comterra.eu\/wp-content\/uploads\/2019\/12\/cropped-logo.png","width":379,"height":89,"caption":"ComTerra"},"image":{"@id":"https:\/\/shop.comterra.eu\/#\/schema\/logo\/image\/"},"sameAs":["https:\/\/www.youtube.com\/channel\/UCn4vG_rMnFID5Hg_ooZKieg","https:\/\/web.facebook.com\/ComTerraEU"]}]}},"_links":{"self":[{"href":"https:\/\/shop.comterra.eu\/en\/wp-json\/wp\/v2\/product\/2766"}],"collection":[{"href":"https:\/\/shop.comterra.eu\/en\/wp-json\/wp\/v2\/product"}],"about":[{"href":"https:\/\/shop.comterra.eu\/en\/wp-json\/wp\/v2\/types\/product"}],"wp:featuredmedia":[{"embeddable":true,"href":"https:\/\/shop.comterra.eu\/en\/wp-json\/wp\/v2\/media\/15881"}],"wp:attachment":[{"href":"https:\/\/shop.comterra.eu\/en\/wp-json\/wp\/v2\/media?parent=2766"}],"wp:term":[{"taxonomy":"product_cat","embeddable":true,"href":"https:\/\/shop.comterra.eu\/en\/wp-json\/wp\/v2\/product_cat?post=2766"},{"taxonomy":"product_tag","embeddable":true,"href":"https:\/\/shop.comterra.eu\/en\/wp-json\/wp\/v2\/product_tag?post=2766"}],"curies":[{"name":"wp","href":"https:\/\/api.w.org\/{rel}","templated":true}]}}