{"id":2694,"date":"2020-10-26T09:21:43","date_gmt":"2020-10-26T09:21:43","guid":{"rendered":"https:\/\/shop.comterra.eu\/?post_type=product&#038;p=2694"},"modified":"2022-06-08T09:13:02","modified_gmt":"2022-06-08T09:13:02","slug":"esco-70sv2rx","status":"publish","type":"product","link":"https:\/\/shop.comterra.eu\/en\/p\/esco-70sv2rx\/","title":{"rendered":"ESCO 70SV2RX"},"content":{"rendered":"<p><strong>SV2 prednosti:<\/strong><\/p>\n<ul>\n<li>Tanji profil za lak\u0161e prodiranje<\/li>\n<li>Vi\u0161e materijala otpornog na abraziju za du\u017ei \u017eivotni vijek<\/li>\n<li>Visoka tvdo\u0107a zuba<\/li>\n<li>Samozaklju\u010davaju\u0107i sistem bez upotrebe \u010deki\u0107a<\/li>\n<li>Top-klasa ESCO odlivaka<\/li>\n<\/ul>\n<p><strong>RX \u2013<\/strong> Op\u0107enito se upotrebljavaju za umjerena struganja i prodiranja, o\u0161tar profil.<\/p>\n<p><strong>DODATNI RABAT NA VE\u0106E KOLI\u010cINE, PO\u0160ALJITE UPIT!<\/strong><\/p>\n<table width=\"276\">\n<tbody>\n<tr>\n<td width=\"87\">TIP zuba<\/td>\n<td width=\"109\">65SV2RX<\/td>\n<td width=\"80\"><strong>70SV2RX<\/strong><\/td>\n<\/tr>\n<tr>\n<td width=\"87\">A (mm)<\/td>\n<td width=\"109\">330<\/td>\n<td width=\"80\">371<\/td>\n<\/tr>\n<tr>\n<td width=\"87\">B (mm)<\/td>\n<td width=\"109\">149<\/td>\n<td width=\"80\">175<\/td>\n<\/tr>\n<tr>\n<td width=\"87\">C (mm)<\/td>\n<td width=\"109\">46<\/td>\n<td width=\"80\">48<\/td>\n<\/tr>\n<tr>\n<td width=\"87\">D (mm)<\/td>\n<td width=\"109\">202<\/td>\n<td width=\"80\">230<\/td>\n<\/tr>\n<tr>\n<td width=\"87\">Te\u017eina (kg)<\/td>\n<td width=\"109\">29<\/td>\n<td width=\"80\">42<\/td>\n<\/tr>\n<tr>\n<td width=\"87\">PIN<\/td>\n<td width=\"109\">65SV2PN-C<\/td>\n<td width=\"80\">70SV2PN-C<\/td>\n<\/tr>\n<tr>\n<td width=\"87\">\u0160ifra ESCO<\/td>\n<td width=\"109\">5129208<\/td>\n<td width=\"80\">5128578<\/td>\n<\/tr>\n<\/tbody>\n<\/table>","protected":false},"excerpt":{"rendered":"<p>Zub 70SV2RX<br \/>\nRudarstvo +70t bager<\/p>","protected":false},"featured_media":16142,"template":"","meta":[],"product_cat":[42,171],"product_tag":[1066,910,1067,916,1068,918,922,923,1044,1045,1046,1050,1060,1061,1062,1063,1064,1065],"yoast_head":"<!-- This site is optimized with the Yoast SEO plugin v20.0 - https:\/\/yoast.com\/wordpress\/plugins\/seo\/ -->\n<title>ESCO 70SV2RX - ComTerra ESCO 70SV2RX<\/title>\n<meta name=\"description\" content=\"ESCO 65SV2 70SV2 75SV2 85SV2 Esco zub, esco zub za dreglajn, dragline, bager, Liebherr 9350 9150 9250 bager, ESCO 70SV2RX\" \/>\n<meta name=\"robots\" content=\"noindex, follow, max-snippet:-1, max-image-preview:large, max-video-preview:-1\" \/>\n<meta property=\"og:locale\" content=\"en_US\" \/>\n<meta property=\"og:type\" content=\"article\" \/>\n<meta property=\"og:title\" content=\"ESCO 70SV2RX - ComTerra ESCO 70SV2RX\" \/>\n<meta property=\"og:description\" content=\"ESCO 65SV2 70SV2 75SV2 85SV2 Esco zub, esco zub za dreglajn, dragline, bager, Liebherr 9350 9150 9250 bager, ESCO 70SV2RX\" \/>\n<meta property=\"og:url\" content=\"https:\/\/shop.comterra.eu\/en\/p\/esco-70sv2rx\/\" \/>\n<meta property=\"og:site_name\" content=\"ComTerra\" \/>\n<meta property=\"article:publisher\" content=\"https:\/\/web.facebook.com\/ComTerraEU\" \/>\n<meta property=\"article:modified_time\" content=\"2022-06-08T09:13:02+00:00\" \/>\n<meta property=\"og:image\" content=\"https:\/\/shop.comterra.eu\/wp-content\/uploads\/2020\/05\/SV2_RX.jpg\" \/>\n\t<meta property=\"og:image:width\" content=\"800\" \/>\n\t<meta property=\"og:image:height\" content=\"750\" \/>\n\t<meta property=\"og:image:type\" content=\"image\/jpeg\" \/>\n<meta name=\"twitter:card\" content=\"summary_large_image\" \/>\n<script type=\"application\/ld+json\" class=\"yoast-schema-graph\">{\"@context\":\"https:\/\/schema.org\",\"@graph\":[{\"@type\":\"WebPage\",\"@id\":\"https:\/\/shop.comterra.eu\/p\/esco-70sv2rx\/\",\"url\":\"https:\/\/shop.comterra.eu\/p\/esco-70sv2rx\/\",\"name\":\"ESCO 70SV2RX - ComTerra ESCO 70SV2RX\",\"isPartOf\":{\"@id\":\"https:\/\/shop.comterra.eu\/#website\"},\"datePublished\":\"2020-10-26T09:21:43+00:00\",\"dateModified\":\"2022-06-08T09:13:02+00:00\",\"description\":\"ESCO 65SV2 70SV2 75SV2 85SV2 Esco zub, esco zub za dreglajn, dragline, bager, Liebherr 9350 9150 9250 bager, ESCO 70SV2RX\",\"breadcrumb\":{\"@id\":\"https:\/\/shop.comterra.eu\/p\/esco-70sv2rx\/#breadcrumb\"},\"inLanguage\":\"en-US\",\"potentialAction\":[{\"@type\":\"ReadAction\",\"target\":[\"https:\/\/shop.comterra.eu\/p\/esco-70sv2rx\/\"]}]},{\"@type\":\"BreadcrumbList\",\"@id\":\"https:\/\/shop.comterra.eu\/p\/esco-70sv2rx\/#breadcrumb\",\"itemListElement\":[{\"@type\":\"ListItem\",\"position\":1,\"name\":\"ComTerra SHOP &#8211; Willkommen\",\"item\":\"https:\/\/shop.comterra.eu\/\"},{\"@type\":\"ListItem\",\"position\":2,\"name\":\"ESCO 70SV2RX\"}]},{\"@type\":\"WebSite\",\"@id\":\"https:\/\/shop.comterra.eu\/#website\",\"url\":\"https:\/\/shop.comterra.eu\/\",\"name\":\"ComTerra\",\"description\":\"\",\"publisher\":{\"@id\":\"https:\/\/shop.comterra.eu\/#organization\"},\"potentialAction\":[{\"@type\":\"SearchAction\",\"target\":{\"@type\":\"EntryPoint\",\"urlTemplate\":\"https:\/\/shop.comterra.eu\/?s={search_term_string}\"},\"query-input\":\"required name=search_term_string\"}],\"inLanguage\":\"en-US\"},{\"@type\":\"Organization\",\"@id\":\"https:\/\/shop.comterra.eu\/#organization\",\"name\":\"ComTerra\",\"url\":\"https:\/\/shop.comterra.eu\/\",\"logo\":{\"@type\":\"ImageObject\",\"inLanguage\":\"en-US\",\"@id\":\"https:\/\/shop.comterra.eu\/#\/schema\/logo\/image\/\",\"url\":\"https:\/\/shop.comterra.eu\/wp-content\/uploads\/2019\/12\/cropped-logo.png\",\"contentUrl\":\"https:\/\/shop.comterra.eu\/wp-content\/uploads\/2019\/12\/cropped-logo.png\",\"width\":379,\"height\":89,\"caption\":\"ComTerra\"},\"image\":{\"@id\":\"https:\/\/shop.comterra.eu\/#\/schema\/logo\/image\/\"},\"sameAs\":[\"https:\/\/www.youtube.com\/channel\/UCn4vG_rMnFID5Hg_ooZKieg\",\"https:\/\/web.facebook.com\/ComTerraEU\"]}]}<\/script>\n<!-- \/ Yoast SEO plugin. -->","yoast_head_json":{"title":"ESCO 70SV2RX - ComTerra ESCO 70SV2RX","description":"ESCO 65SV2 70SV2 75SV2 85SV2 Esco zub, esco zub za dreglajn, dragline, bager, Liebherr 9350 9150 9250 bager, ESCO 70SV2RX","robots":{"index":"noindex","follow":"follow","max-snippet":"max-snippet:-1","max-image-preview":"max-image-preview:large","max-video-preview":"max-video-preview:-1"},"og_locale":"en_US","og_type":"article","og_title":"ESCO 70SV2RX - ComTerra ESCO 70SV2RX","og_description":"ESCO 65SV2 70SV2 75SV2 85SV2 Esco zub, esco zub za dreglajn, dragline, bager, Liebherr 9350 9150 9250 bager, ESCO 70SV2RX","og_url":"https:\/\/shop.comterra.eu\/en\/p\/esco-70sv2rx\/","og_site_name":"ComTerra","article_publisher":"https:\/\/web.facebook.com\/ComTerraEU","article_modified_time":"2022-06-08T09:13:02+00:00","og_image":[{"width":800,"height":750,"url":"https:\/\/shop.comterra.eu\/wp-content\/uploads\/2020\/05\/SV2_RX.jpg","type":"image\/jpeg"}],"twitter_card":"summary_large_image","schema":{"@context":"https:\/\/schema.org","@graph":[{"@type":"WebPage","@id":"https:\/\/shop.comterra.eu\/p\/esco-70sv2rx\/","url":"https:\/\/shop.comterra.eu\/p\/esco-70sv2rx\/","name":"ESCO 70SV2RX - ComTerra ESCO 70SV2RX","isPartOf":{"@id":"https:\/\/shop.comterra.eu\/#website"},"datePublished":"2020-10-26T09:21:43+00:00","dateModified":"2022-06-08T09:13:02+00:00","description":"ESCO 65SV2 70SV2 75SV2 85SV2 Esco zub, esco zub za dreglajn, dragline, bager, Liebherr 9350 9150 9250 bager, ESCO 70SV2RX","breadcrumb":{"@id":"https:\/\/shop.comterra.eu\/p\/esco-70sv2rx\/#breadcrumb"},"inLanguage":"en-US","potentialAction":[{"@type":"ReadAction","target":["https:\/\/shop.comterra.eu\/p\/esco-70sv2rx\/"]}]},{"@type":"BreadcrumbList","@id":"https:\/\/shop.comterra.eu\/p\/esco-70sv2rx\/#breadcrumb","itemListElement":[{"@type":"ListItem","position":1,"name":"ComTerra SHOP &#8211; Willkommen","item":"https:\/\/shop.comterra.eu\/"},{"@type":"ListItem","position":2,"name":"ESCO 70SV2RX"}]},{"@type":"WebSite","@id":"https:\/\/shop.comterra.eu\/#website","url":"https:\/\/shop.comterra.eu\/","name":"ComTerra","description":"","publisher":{"@id":"https:\/\/shop.comterra.eu\/#organization"},"potentialAction":[{"@type":"SearchAction","target":{"@type":"EntryPoint","urlTemplate":"https:\/\/shop.comterra.eu\/?s={search_term_string}"},"query-input":"required name=search_term_string"}],"inLanguage":"en-US"},{"@type":"Organization","@id":"https:\/\/shop.comterra.eu\/#organization","name":"ComTerra","url":"https:\/\/shop.comterra.eu\/","logo":{"@type":"ImageObject","inLanguage":"en-US","@id":"https:\/\/shop.comterra.eu\/#\/schema\/logo\/image\/","url":"https:\/\/shop.comterra.eu\/wp-content\/uploads\/2019\/12\/cropped-logo.png","contentUrl":"https:\/\/shop.comterra.eu\/wp-content\/uploads\/2019\/12\/cropped-logo.png","width":379,"height":89,"caption":"ComTerra"},"image":{"@id":"https:\/\/shop.comterra.eu\/#\/schema\/logo\/image\/"},"sameAs":["https:\/\/www.youtube.com\/channel\/UCn4vG_rMnFID5Hg_ooZKieg","https:\/\/web.facebook.com\/ComTerraEU"]}]}},"_links":{"self":[{"href":"https:\/\/shop.comterra.eu\/en\/wp-json\/wp\/v2\/product\/2694"}],"collection":[{"href":"https:\/\/shop.comterra.eu\/en\/wp-json\/wp\/v2\/product"}],"about":[{"href":"https:\/\/shop.comterra.eu\/en\/wp-json\/wp\/v2\/types\/product"}],"wp:featuredmedia":[{"embeddable":true,"href":"https:\/\/shop.comterra.eu\/en\/wp-json\/wp\/v2\/media\/16142"}],"wp:attachment":[{"href":"https:\/\/shop.comterra.eu\/en\/wp-json\/wp\/v2\/media?parent=2694"}],"wp:term":[{"taxonomy":"product_cat","embeddable":true,"href":"https:\/\/shop.comterra.eu\/en\/wp-json\/wp\/v2\/product_cat?post=2694"},{"taxonomy":"product_tag","embeddable":true,"href":"https:\/\/shop.comterra.eu\/en\/wp-json\/wp\/v2\/product_tag?post=2694"}],"curies":[{"name":"wp","href":"https:\/\/api.w.org\/{rel}","templated":true}]}}