{"id":2686,"date":"2020-10-23T12:05:19","date_gmt":"2020-10-23T12:05:19","guid":{"rendered":"https:\/\/shop.comterra.eu\/?post_type=product&#038;p=2686"},"modified":"2022-06-08T09:13:00","modified_gmt":"2022-06-08T09:13:00","slug":"esco-super-v81sd","status":"publish","type":"product","link":"https:\/\/shop.comterra.eu\/en\/p\/esco-super-v81sd\/","title":{"rendered":"ESCO Super V81SD"},"content":{"rendered":"<p><strong>SUPER V\u00ae sistem zuba i adaptera<\/strong><br \/>\nESCO je uveo Super V zubni sistem po\u010detkom 1990-ih koji je brzo postao industrijski standard. Danas snaga Super V sustava, tanki profili kopanja, uski zubi pri\u010dvr\u0161\u010denja i dugi nosa\u010di adaptera jo\u0161 uvijek \u010dine sustav vode\u010dim u svijetu. Super V zubni priklju\u010dci za vi\u0161ekratnu upotrebu i drugi nosivi oblici za svaku primjenu i dalje pru\u017eaju maksimalnu u\u010dinkovitost. Tvrdo\u0107a od 500HB Brunell-a spada u sam vrh patentirane ESCO legure.<\/p>\n<p><strong>SD\/SDX<\/strong> \u2013SD X zub ima oblik dlijeta koji omogu\u0107ava vrlo dobar proboj, ima pove\u0107anu snagu i oblo\u017een je dodatnim metalom protiv habanja.<\/p>\n<p><strong>DODATNI RABAT NA VE\u0106E KOLI\u010cINE, PO\u0160ALJITE UPIT!<\/strong><\/p>\n<table width=\"276\">\n<tbody>\n<tr>\n<td width=\"87\">TIP zuba<\/td>\n<td width=\"109\">Super V71SD<\/td>\n<td width=\"80\"><strong>Super V81SD<\/strong><\/td>\n<\/tr>\n<tr>\n<td width=\"87\">A (mm)<\/td>\n<td width=\"109\">*<\/td>\n<td width=\"80\">*<\/td>\n<\/tr>\n<tr>\n<td width=\"87\">B (mm)<\/td>\n<td width=\"109\">*<\/td>\n<td width=\"80\">*<\/td>\n<\/tr>\n<tr>\n<td width=\"87\">C (mm)<\/td>\n<td width=\"109\">*<\/td>\n<td width=\"80\">*<\/td>\n<\/tr>\n<tr>\n<td width=\"87\">D (mm)<\/td>\n<td width=\"109\">*<\/td>\n<td width=\"80\">*<\/td>\n<\/tr>\n<tr>\n<td width=\"87\">Te\u017eina (kg)<\/td>\n<td width=\"109\">47<\/td>\n<td width=\"80\">77,0<\/td>\n<\/tr>\n<tr>\n<td width=\"87\">PIN<\/td>\n<td width=\"109\">V71PN<\/td>\n<td width=\"80\">V81PN<\/td>\n<\/tr>\n<tr>\n<td width=\"87\">\u0160ifra ESCO<\/td>\n<td width=\"109\">5122747<\/td>\n<td width=\"80\">5127744<\/td>\n<\/tr>\n<\/tbody>\n<\/table>","protected":false},"excerpt":{"rendered":"<p>Super V81SD<br \/>\nbager, rovokopa\u010d<\/p>","protected":false},"featured_media":16136,"template":"","meta":[],"product_cat":[42,170],"product_tag":[922,923,1044,1045,1046,1048,1050,1051,1052,1053,1058,910,1059,911,916,918,920],"yoast_head":"<!-- This site is optimized with the Yoast SEO plugin v20.0 - https:\/\/yoast.com\/wordpress\/plugins\/seo\/ -->\n<title>ESCO Super V81SD - ComTerra<\/title>\n<meta name=\"description\" content=\"ESCO Super V zub, v13 v18 v19 v23 v29 v33 v39 v43 v51 v59 Zub za bager, zubi za bager, Esco zubi za bager, zub za minibager, ESCO Super V81SD\" \/>\n<meta name=\"robots\" content=\"noindex, follow, max-snippet:-1, max-image-preview:large, max-video-preview:-1\" \/>\n<meta property=\"og:locale\" content=\"en_US\" \/>\n<meta property=\"og:type\" content=\"article\" \/>\n<meta property=\"og:title\" content=\"ESCO Super V81SD - ComTerra\" \/>\n<meta property=\"og:description\" content=\"ESCO Super V zub, v13 v18 v19 v23 v29 v33 v39 v43 v51 v59 Zub za bager, zubi za bager, Esco zubi za bager, zub za minibager, ESCO Super V81SD\" \/>\n<meta property=\"og:url\" content=\"https:\/\/shop.comterra.eu\/en\/p\/esco-super-v81sd\/\" \/>\n<meta property=\"og:site_name\" content=\"ComTerra\" \/>\n<meta property=\"article:publisher\" content=\"https:\/\/web.facebook.com\/ComTerraEU\" \/>\n<meta property=\"article:modified_time\" content=\"2022-06-08T09:13:00+00:00\" \/>\n<meta property=\"og:image\" content=\"https:\/\/shop.comterra.eu\/wp-content\/uploads\/2020\/05\/ESuperV_SDX.jpg\" \/>\n\t<meta property=\"og:image:width\" content=\"800\" \/>\n\t<meta property=\"og:image:height\" content=\"750\" \/>\n\t<meta property=\"og:image:type\" content=\"image\/jpeg\" \/>\n<meta name=\"twitter:card\" content=\"summary_large_image\" \/>\n<meta name=\"twitter:label1\" content=\"Est. reading time\" \/>\n\t<meta name=\"twitter:data1\" content=\"1 minute\" \/>\n<script type=\"application\/ld+json\" class=\"yoast-schema-graph\">{\"@context\":\"https:\/\/schema.org\",\"@graph\":[{\"@type\":\"WebPage\",\"@id\":\"https:\/\/shop.comterra.eu\/p\/esco-super-v81sd\/\",\"url\":\"https:\/\/shop.comterra.eu\/p\/esco-super-v81sd\/\",\"name\":\"ESCO Super V81SD - ComTerra\",\"isPartOf\":{\"@id\":\"https:\/\/shop.comterra.eu\/#website\"},\"datePublished\":\"2020-10-23T12:05:19+00:00\",\"dateModified\":\"2022-06-08T09:13:00+00:00\",\"description\":\"ESCO Super V zub, v13 v18 v19 v23 v29 v33 v39 v43 v51 v59 Zub za bager, zubi za bager, Esco zubi za bager, zub za minibager, ESCO Super V81SD\",\"breadcrumb\":{\"@id\":\"https:\/\/shop.comterra.eu\/p\/esco-super-v81sd\/#breadcrumb\"},\"inLanguage\":\"en-US\",\"potentialAction\":[{\"@type\":\"ReadAction\",\"target\":[\"https:\/\/shop.comterra.eu\/p\/esco-super-v81sd\/\"]}]},{\"@type\":\"BreadcrumbList\",\"@id\":\"https:\/\/shop.comterra.eu\/p\/esco-super-v81sd\/#breadcrumb\",\"itemListElement\":[{\"@type\":\"ListItem\",\"position\":1,\"name\":\"ComTerra SHOP &#8211; Willkommen\",\"item\":\"https:\/\/shop.comterra.eu\/\"},{\"@type\":\"ListItem\",\"position\":2,\"name\":\"ESCO Super V81SD\"}]},{\"@type\":\"WebSite\",\"@id\":\"https:\/\/shop.comterra.eu\/#website\",\"url\":\"https:\/\/shop.comterra.eu\/\",\"name\":\"ComTerra\",\"description\":\"\",\"publisher\":{\"@id\":\"https:\/\/shop.comterra.eu\/#organization\"},\"potentialAction\":[{\"@type\":\"SearchAction\",\"target\":{\"@type\":\"EntryPoint\",\"urlTemplate\":\"https:\/\/shop.comterra.eu\/?s={search_term_string}\"},\"query-input\":\"required name=search_term_string\"}],\"inLanguage\":\"en-US\"},{\"@type\":\"Organization\",\"@id\":\"https:\/\/shop.comterra.eu\/#organization\",\"name\":\"ComTerra\",\"url\":\"https:\/\/shop.comterra.eu\/\",\"logo\":{\"@type\":\"ImageObject\",\"inLanguage\":\"en-US\",\"@id\":\"https:\/\/shop.comterra.eu\/#\/schema\/logo\/image\/\",\"url\":\"https:\/\/shop.comterra.eu\/wp-content\/uploads\/2019\/12\/cropped-logo.png\",\"contentUrl\":\"https:\/\/shop.comterra.eu\/wp-content\/uploads\/2019\/12\/cropped-logo.png\",\"width\":379,\"height\":89,\"caption\":\"ComTerra\"},\"image\":{\"@id\":\"https:\/\/shop.comterra.eu\/#\/schema\/logo\/image\/\"},\"sameAs\":[\"https:\/\/www.youtube.com\/channel\/UCn4vG_rMnFID5Hg_ooZKieg\",\"https:\/\/web.facebook.com\/ComTerraEU\"]}]}<\/script>\n<!-- \/ Yoast SEO plugin. -->","yoast_head_json":{"title":"ESCO Super V81SD - ComTerra","description":"ESCO Super V zub, v13 v18 v19 v23 v29 v33 v39 v43 v51 v59 Zub za bager, zubi za bager, Esco zubi za bager, zub za minibager, ESCO Super V81SD","robots":{"index":"noindex","follow":"follow","max-snippet":"max-snippet:-1","max-image-preview":"max-image-preview:large","max-video-preview":"max-video-preview:-1"},"og_locale":"en_US","og_type":"article","og_title":"ESCO Super V81SD - ComTerra","og_description":"ESCO Super V zub, v13 v18 v19 v23 v29 v33 v39 v43 v51 v59 Zub za bager, zubi za bager, Esco zubi za bager, zub za minibager, ESCO Super V81SD","og_url":"https:\/\/shop.comterra.eu\/en\/p\/esco-super-v81sd\/","og_site_name":"ComTerra","article_publisher":"https:\/\/web.facebook.com\/ComTerraEU","article_modified_time":"2022-06-08T09:13:00+00:00","og_image":[{"width":800,"height":750,"url":"https:\/\/shop.comterra.eu\/wp-content\/uploads\/2020\/05\/ESuperV_SDX.jpg","type":"image\/jpeg"}],"twitter_card":"summary_large_image","twitter_misc":{"Est. reading time":"1 minute"},"schema":{"@context":"https:\/\/schema.org","@graph":[{"@type":"WebPage","@id":"https:\/\/shop.comterra.eu\/p\/esco-super-v81sd\/","url":"https:\/\/shop.comterra.eu\/p\/esco-super-v81sd\/","name":"ESCO Super V81SD - ComTerra","isPartOf":{"@id":"https:\/\/shop.comterra.eu\/#website"},"datePublished":"2020-10-23T12:05:19+00:00","dateModified":"2022-06-08T09:13:00+00:00","description":"ESCO Super V zub, v13 v18 v19 v23 v29 v33 v39 v43 v51 v59 Zub za bager, zubi za bager, Esco zubi za bager, zub za minibager, ESCO Super V81SD","breadcrumb":{"@id":"https:\/\/shop.comterra.eu\/p\/esco-super-v81sd\/#breadcrumb"},"inLanguage":"en-US","potentialAction":[{"@type":"ReadAction","target":["https:\/\/shop.comterra.eu\/p\/esco-super-v81sd\/"]}]},{"@type":"BreadcrumbList","@id":"https:\/\/shop.comterra.eu\/p\/esco-super-v81sd\/#breadcrumb","itemListElement":[{"@type":"ListItem","position":1,"name":"ComTerra SHOP &#8211; Willkommen","item":"https:\/\/shop.comterra.eu\/"},{"@type":"ListItem","position":2,"name":"ESCO Super V81SD"}]},{"@type":"WebSite","@id":"https:\/\/shop.comterra.eu\/#website","url":"https:\/\/shop.comterra.eu\/","name":"ComTerra","description":"","publisher":{"@id":"https:\/\/shop.comterra.eu\/#organization"},"potentialAction":[{"@type":"SearchAction","target":{"@type":"EntryPoint","urlTemplate":"https:\/\/shop.comterra.eu\/?s={search_term_string}"},"query-input":"required name=search_term_string"}],"inLanguage":"en-US"},{"@type":"Organization","@id":"https:\/\/shop.comterra.eu\/#organization","name":"ComTerra","url":"https:\/\/shop.comterra.eu\/","logo":{"@type":"ImageObject","inLanguage":"en-US","@id":"https:\/\/shop.comterra.eu\/#\/schema\/logo\/image\/","url":"https:\/\/shop.comterra.eu\/wp-content\/uploads\/2019\/12\/cropped-logo.png","contentUrl":"https:\/\/shop.comterra.eu\/wp-content\/uploads\/2019\/12\/cropped-logo.png","width":379,"height":89,"caption":"ComTerra"},"image":{"@id":"https:\/\/shop.comterra.eu\/#\/schema\/logo\/image\/"},"sameAs":["https:\/\/www.youtube.com\/channel\/UCn4vG_rMnFID5Hg_ooZKieg","https:\/\/web.facebook.com\/ComTerraEU"]}]}},"_links":{"self":[{"href":"https:\/\/shop.comterra.eu\/en\/wp-json\/wp\/v2\/product\/2686"}],"collection":[{"href":"https:\/\/shop.comterra.eu\/en\/wp-json\/wp\/v2\/product"}],"about":[{"href":"https:\/\/shop.comterra.eu\/en\/wp-json\/wp\/v2\/types\/product"}],"wp:featuredmedia":[{"embeddable":true,"href":"https:\/\/shop.comterra.eu\/en\/wp-json\/wp\/v2\/media\/16136"}],"wp:attachment":[{"href":"https:\/\/shop.comterra.eu\/en\/wp-json\/wp\/v2\/media?parent=2686"}],"wp:term":[{"taxonomy":"product_cat","embeddable":true,"href":"https:\/\/shop.comterra.eu\/en\/wp-json\/wp\/v2\/product_cat?post=2686"},{"taxonomy":"product_tag","embeddable":true,"href":"https:\/\/shop.comterra.eu\/en\/wp-json\/wp\/v2\/product_tag?post=2686"}],"curies":[{"name":"wp","href":"https:\/\/api.w.org\/{rel}","templated":true}]}}