{"id":2582,"date":"2020-10-16T12:52:13","date_gmt":"2020-10-16T12:52:13","guid":{"rendered":"https:\/\/shop.comterra.eu\/?post_type=product&#038;p=2582"},"modified":"2022-10-28T10:53:45","modified_gmt":"2022-10-28T10:53:45","slug":"esco-ultralok-zahn-u45a","status":"publish","type":"product","link":"https:\/\/shop.comterra.eu\/en\/p\/esco-ultralok-zahn-u45a\/","title":{"rendered":"ESCO Ultralok ZahnU45A"},"content":{"rendered":"<p><strong>Ultralok\u00ae sistem zuba i adaptera<\/strong><br \/>\n<strong>Du\u017ei radni vijek<\/strong><br \/>\n&#8211; U prosjeku 15% vi\u0161e korisnog habaju\u0107eg metala nego konkurencija<br \/>\n&#8211; Te\u017ee i ja\u010de \u010deli\u010dne legure od konkurentskog sistema tvrdo\u0107a 550HB, Brunell<br \/>\n&#8211; Pove\u0107an rad poma\u017ee u pove\u0107anju \u017eivotnog vijeka zuba<br \/>\n<strong>Bolja pouzdanost<\/strong><br \/>\n&#8211; 10% bolji izgled profila nego konkurencija<br \/>\n&#8211; Sigurna i lagana monta\u017ea<br \/>\n&#8211; Dokazani materijali i postupak monta\u017ea<br \/>\n&#8211; Zaklju\u010davanje je u smanjenom polo\u017eaju tro\u0161enja<br \/>\n<strong>Smanjeni tro\u0161kovi rada<\/strong><br \/>\n&#8211; Pobolj\u0161ani radni vijek zna\u010di manje u\u010destalih izmjena<br \/>\n&#8211; Integrirana brava za zaklju\u010davanje<br \/>\n<strong>Ultralok A oblik zuba = abrazija je <\/strong>dizajniran za optimalno tro\u0161enje na utovariva\u010dima koji rade u ekstremnim uvjetima. Sa oklopljenim vrhom i gornjom profiliranom plo\u010dom osigurava se izvrstan utovar korpe. Oplata na dnu osigurava maksimalni vijek habanja i manje \u0161anse za o\u0161te\u0107enje guma.<\/p>\n<p><strong>DODATNI RABAT NA VE\u0106E KOLI\u010cINE! PO\u0160ALJITE UPIT!<\/strong><\/p>\n<table width=\"276\">\n<tbody>\n<tr>\n<td width=\"87\">TIP zuba<\/td>\n<td width=\"109\">Ultralok U40A<\/td>\n<td width=\"80\"><strong>Ultralok U45A<\/strong><\/td>\n<\/tr>\n<tr>\n<td width=\"87\">A (mm)<\/td>\n<td width=\"109\">314<\/td>\n<td width=\"80\">351<\/td>\n<\/tr>\n<tr>\n<td width=\"87\">B (mm)<\/td>\n<td width=\"109\">78<\/td>\n<td width=\"80\">87<\/td>\n<\/tr>\n<tr>\n<td width=\"87\">C (mm)<\/td>\n<td width=\"109\">15<\/td>\n<td width=\"80\">19<\/td>\n<\/tr>\n<tr>\n<td width=\"87\">D (mm)<\/td>\n<td width=\"109\">134<\/td>\n<td width=\"80\">149<\/td>\n<\/tr>\n<tr>\n<td width=\"87\">Te\u017eina (kg)<\/td>\n<td width=\"109\">17,0<\/td>\n<td width=\"80\">22,8<\/td>\n<\/tr>\n<tr>\n<td width=\"87\">PIN<\/td>\n<td width=\"109\">U40L-BOX<\/td>\n<td width=\"80\">U45L-BOX<\/td>\n<\/tr>\n<tr>\n<td width=\"87\">\u0160ifra ESCO<\/td>\n<td width=\"109\">4237686<\/td>\n<td width=\"80\">4237682<\/td>\n<\/tr>\n<\/tbody>\n<\/table>","protected":false},"excerpt":{"rendered":"<p>Utovariva\u010d<\/p>","protected":false},"featured_media":16118,"template":"","meta":[],"product_cat":[42,169],"product_tag":[1046,1048,1050,1051,1052,1053,1055,910,911,916,918,920,922,923,1044,1045],"yoast_head":"<!-- This site is optimized with the Yoast SEO plugin v20.0 - https:\/\/yoast.com\/wordpress\/plugins\/seo\/ -->\n<title>ESCO Ultralok ZahnU45A - ComTerra<\/title>\n<meta name=\"description\" content=\"ESCO Ultralok zub, U20, U25, U30, U35, U40, U45, U55, U60 Zub za bager, zubi za bager, Esco zubi za bager, ESCO Ultralok U45A\" \/>\n<meta name=\"robots\" content=\"noindex, follow, max-snippet:-1, max-image-preview:large, max-video-preview:-1\" \/>\n<meta property=\"og:locale\" content=\"en_US\" \/>\n<meta property=\"og:type\" content=\"article\" \/>\n<meta property=\"og:title\" content=\"ESCO Ultralok ZahnU45A - ComTerra\" \/>\n<meta property=\"og:description\" content=\"ESCO Ultralok zub, U20, U25, U30, U35, U40, U45, U55, U60 Zub za bager, zubi za bager, Esco zubi za bager, ESCO Ultralok U45A\" \/>\n<meta property=\"og:url\" content=\"https:\/\/shop.comterra.eu\/en\/p\/esco-ultralok-zahn-u45a\/\" \/>\n<meta property=\"og:site_name\" content=\"ComTerra\" \/>\n<meta property=\"article:publisher\" content=\"https:\/\/web.facebook.com\/ComTerraEU\" \/>\n<meta property=\"article:modified_time\" content=\"2022-10-28T10:53:45+00:00\" \/>\n<meta property=\"og:image\" content=\"https:\/\/shop.comterra.eu\/wp-content\/uploads\/2022\/06\/Zubi-za-korpu-Ultralok-U20A.jpg\" \/>\n\t<meta property=\"og:image:width\" content=\"1024\" \/>\n\t<meta property=\"og:image:height\" content=\"768\" \/>\n\t<meta property=\"og:image:type\" content=\"image\/jpeg\" \/>\n<meta name=\"twitter:card\" content=\"summary_large_image\" \/>\n<meta name=\"twitter:label1\" content=\"Est. reading time\" \/>\n\t<meta name=\"twitter:data1\" content=\"1 minute\" \/>\n<script type=\"application\/ld+json\" class=\"yoast-schema-graph\">{\"@context\":\"https:\/\/schema.org\",\"@graph\":[{\"@type\":\"WebPage\",\"@id\":\"https:\/\/shop.comterra.eu\/p\/esco-ultralok-zahn-u45a\/\",\"url\":\"https:\/\/shop.comterra.eu\/p\/esco-ultralok-zahn-u45a\/\",\"name\":\"ESCO Ultralok ZahnU45A - ComTerra\",\"isPartOf\":{\"@id\":\"https:\/\/shop.comterra.eu\/#website\"},\"datePublished\":\"2020-10-16T12:52:13+00:00\",\"dateModified\":\"2022-10-28T10:53:45+00:00\",\"description\":\"ESCO Ultralok zub, U20, U25, U30, U35, U40, U45, U55, U60 Zub za bager, zubi za bager, Esco zubi za bager, ESCO Ultralok U45A\",\"breadcrumb\":{\"@id\":\"https:\/\/shop.comterra.eu\/p\/esco-ultralok-zahn-u45a\/#breadcrumb\"},\"inLanguage\":\"en-US\",\"potentialAction\":[{\"@type\":\"ReadAction\",\"target\":[\"https:\/\/shop.comterra.eu\/p\/esco-ultralok-zahn-u45a\/\"]}]},{\"@type\":\"BreadcrumbList\",\"@id\":\"https:\/\/shop.comterra.eu\/p\/esco-ultralok-zahn-u45a\/#breadcrumb\",\"itemListElement\":[{\"@type\":\"ListItem\",\"position\":1,\"name\":\"ComTerra SHOP &#8211; Willkommen\",\"item\":\"https:\/\/shop.comterra.eu\/\"},{\"@type\":\"ListItem\",\"position\":2,\"name\":\"ESCO Ultralok ZahnU45A\"}]},{\"@type\":\"WebSite\",\"@id\":\"https:\/\/shop.comterra.eu\/#website\",\"url\":\"https:\/\/shop.comterra.eu\/\",\"name\":\"ComTerra\",\"description\":\"\",\"publisher\":{\"@id\":\"https:\/\/shop.comterra.eu\/#organization\"},\"potentialAction\":[{\"@type\":\"SearchAction\",\"target\":{\"@type\":\"EntryPoint\",\"urlTemplate\":\"https:\/\/shop.comterra.eu\/?s={search_term_string}\"},\"query-input\":\"required name=search_term_string\"}],\"inLanguage\":\"en-US\"},{\"@type\":\"Organization\",\"@id\":\"https:\/\/shop.comterra.eu\/#organization\",\"name\":\"ComTerra\",\"url\":\"https:\/\/shop.comterra.eu\/\",\"logo\":{\"@type\":\"ImageObject\",\"inLanguage\":\"en-US\",\"@id\":\"https:\/\/shop.comterra.eu\/#\/schema\/logo\/image\/\",\"url\":\"https:\/\/shop.comterra.eu\/wp-content\/uploads\/2019\/12\/cropped-logo.png\",\"contentUrl\":\"https:\/\/shop.comterra.eu\/wp-content\/uploads\/2019\/12\/cropped-logo.png\",\"width\":379,\"height\":89,\"caption\":\"ComTerra\"},\"image\":{\"@id\":\"https:\/\/shop.comterra.eu\/#\/schema\/logo\/image\/\"},\"sameAs\":[\"https:\/\/www.youtube.com\/channel\/UCn4vG_rMnFID5Hg_ooZKieg\",\"https:\/\/web.facebook.com\/ComTerraEU\"]}]}<\/script>\n<!-- \/ Yoast SEO plugin. -->","yoast_head_json":{"title":"ESCO Ultralok ZahnU45A - ComTerra","description":"ESCO Ultralok zub, U20, U25, U30, U35, U40, U45, U55, U60 Zub za bager, zubi za bager, Esco zubi za bager, ESCO Ultralok U45A","robots":{"index":"noindex","follow":"follow","max-snippet":"max-snippet:-1","max-image-preview":"max-image-preview:large","max-video-preview":"max-video-preview:-1"},"og_locale":"en_US","og_type":"article","og_title":"ESCO Ultralok ZahnU45A - ComTerra","og_description":"ESCO Ultralok zub, U20, U25, U30, U35, U40, U45, U55, U60 Zub za bager, zubi za bager, Esco zubi za bager, ESCO Ultralok U45A","og_url":"https:\/\/shop.comterra.eu\/en\/p\/esco-ultralok-zahn-u45a\/","og_site_name":"ComTerra","article_publisher":"https:\/\/web.facebook.com\/ComTerraEU","article_modified_time":"2022-10-28T10:53:45+00:00","og_image":[{"width":1024,"height":768,"url":"https:\/\/shop.comterra.eu\/wp-content\/uploads\/2022\/06\/Zubi-za-korpu-Ultralok-U20A.jpg","type":"image\/jpeg"}],"twitter_card":"summary_large_image","twitter_misc":{"Est. reading time":"1 minute"},"schema":{"@context":"https:\/\/schema.org","@graph":[{"@type":"WebPage","@id":"https:\/\/shop.comterra.eu\/p\/esco-ultralok-zahn-u45a\/","url":"https:\/\/shop.comterra.eu\/p\/esco-ultralok-zahn-u45a\/","name":"ESCO Ultralok ZahnU45A - ComTerra","isPartOf":{"@id":"https:\/\/shop.comterra.eu\/#website"},"datePublished":"2020-10-16T12:52:13+00:00","dateModified":"2022-10-28T10:53:45+00:00","description":"ESCO Ultralok zub, U20, U25, U30, U35, U40, U45, U55, U60 Zub za bager, zubi za bager, Esco zubi za bager, ESCO Ultralok U45A","breadcrumb":{"@id":"https:\/\/shop.comterra.eu\/p\/esco-ultralok-zahn-u45a\/#breadcrumb"},"inLanguage":"en-US","potentialAction":[{"@type":"ReadAction","target":["https:\/\/shop.comterra.eu\/p\/esco-ultralok-zahn-u45a\/"]}]},{"@type":"BreadcrumbList","@id":"https:\/\/shop.comterra.eu\/p\/esco-ultralok-zahn-u45a\/#breadcrumb","itemListElement":[{"@type":"ListItem","position":1,"name":"ComTerra SHOP &#8211; Willkommen","item":"https:\/\/shop.comterra.eu\/"},{"@type":"ListItem","position":2,"name":"ESCO Ultralok ZahnU45A"}]},{"@type":"WebSite","@id":"https:\/\/shop.comterra.eu\/#website","url":"https:\/\/shop.comterra.eu\/","name":"ComTerra","description":"","publisher":{"@id":"https:\/\/shop.comterra.eu\/#organization"},"potentialAction":[{"@type":"SearchAction","target":{"@type":"EntryPoint","urlTemplate":"https:\/\/shop.comterra.eu\/?s={search_term_string}"},"query-input":"required name=search_term_string"}],"inLanguage":"en-US"},{"@type":"Organization","@id":"https:\/\/shop.comterra.eu\/#organization","name":"ComTerra","url":"https:\/\/shop.comterra.eu\/","logo":{"@type":"ImageObject","inLanguage":"en-US","@id":"https:\/\/shop.comterra.eu\/#\/schema\/logo\/image\/","url":"https:\/\/shop.comterra.eu\/wp-content\/uploads\/2019\/12\/cropped-logo.png","contentUrl":"https:\/\/shop.comterra.eu\/wp-content\/uploads\/2019\/12\/cropped-logo.png","width":379,"height":89,"caption":"ComTerra"},"image":{"@id":"https:\/\/shop.comterra.eu\/#\/schema\/logo\/image\/"},"sameAs":["https:\/\/www.youtube.com\/channel\/UCn4vG_rMnFID5Hg_ooZKieg","https:\/\/web.facebook.com\/ComTerraEU"]}]}},"_links":{"self":[{"href":"https:\/\/shop.comterra.eu\/en\/wp-json\/wp\/v2\/product\/2582"}],"collection":[{"href":"https:\/\/shop.comterra.eu\/en\/wp-json\/wp\/v2\/product"}],"about":[{"href":"https:\/\/shop.comterra.eu\/en\/wp-json\/wp\/v2\/types\/product"}],"wp:featuredmedia":[{"embeddable":true,"href":"https:\/\/shop.comterra.eu\/en\/wp-json\/wp\/v2\/media\/16118"}],"wp:attachment":[{"href":"https:\/\/shop.comterra.eu\/en\/wp-json\/wp\/v2\/media?parent=2582"}],"wp:term":[{"taxonomy":"product_cat","embeddable":true,"href":"https:\/\/shop.comterra.eu\/en\/wp-json\/wp\/v2\/product_cat?post=2582"},{"taxonomy":"product_tag","embeddable":true,"href":"https:\/\/shop.comterra.eu\/en\/wp-json\/wp\/v2\/product_tag?post=2582"}],"curies":[{"name":"wp","href":"https:\/\/api.w.org\/{rel}","templated":true}]}}