{"id":2540,"date":"2020-10-14T22:57:53","date_gmt":"2020-10-14T22:57:53","guid":{"rendered":"https:\/\/shop.comterra.eu\/?post_type=product&#038;p=2540"},"modified":"2022-10-28T10:57:33","modified_gmt":"2022-10-28T10:57:33","slug":"volvo-zahn-20gpe","status":"publish","type":"product","link":"https:\/\/shop.comterra.eu\/en\/p\/volvo-zahn-20gpe\/","title":{"rendered":"VOLVO Zahn 20GPE VOE14523655"},"content":{"rendered":"<p>Prednosti Volvo DRP ESCO:<\/p>\n<ul>\n<li>Tanji profil za lak\u0161e prodiranje<\/li>\n<li>Vi\u0161e materijala otpornog na abraziju za du\u017ei \u017eivotni vijek<\/li>\n<li>Visoka tvrdo\u0107a zuba ESCO legura<\/li>\n<li>Direktna zamjena za OEM volvo zube<\/li>\n<li>Top-klasa ESCO odlivaka<\/li>\n<\/ul>\n<p><strong>GPE <\/strong>General Purpose, univerzalna upotreba<br \/>\n<strong>BAGERI: EC\/EW210C, EC\/EW140C, ECR145C, EW145B, EC\/EW160C, EC\/EW180C<br \/>\nUTOVARIVA\u010cI:\u00a0 L110E\/G, L120G, L150G, L180G<\/strong><\/p>\n<table width=\"276\">\n<tbody>\n<tr>\n<td width=\"87\"><strong>TIP zuba<\/strong><\/td>\n<td width=\"109\"><strong>20GPE<\/strong><\/td>\n<td width=\"80\"><\/td>\n<\/tr>\n<tr>\n<td width=\"87\">A (mm)<\/td>\n<td width=\"109\">255,20<\/td>\n<td width=\"80\"><\/td>\n<\/tr>\n<tr>\n<td width=\"87\">B (mm)<\/td>\n<td width=\"109\">90<\/td>\n<td width=\"80\"><\/td>\n<\/tr>\n<tr>\n<td width=\"87\">C (mm)<\/td>\n<td width=\"109\">109<\/td>\n<td width=\"80\"><\/td>\n<\/tr>\n<tr>\n<td width=\"87\">D (mm)<\/td>\n<td width=\"109\">103,2<\/td>\n<td width=\"80\"><\/td>\n<\/tr>\n<tr>\n<td width=\"87\">Te\u017eina (kg)<\/td>\n<td width=\"109\">4,6<\/td>\n<td width=\"80\"><\/td>\n<\/tr>\n<tr>\n<td width=\"87\">PIN \/ Osigura\u010d<\/td>\n<td width=\"109\">BB20P \/ BB15\/20R\u00a0 4309090 \/ VOE 11417146<\/td>\n<td width=\"80\"><\/td>\n<\/tr>\n<tr>\n<td width=\"87\">\u0160ifra ESCO \/ OEM Volvo<\/td>\n<td width=\"109\">4306026 \/ VOE14523655<\/td>\n<td width=\"80\"><\/td>\n<\/tr>\n<\/tbody>\n<\/table>","protected":false},"excerpt":{"rendered":"<p>VOLVO zub 20GPE<\/p>","protected":false},"featured_media":16325,"template":"","meta":[],"product_cat":[538,42],"product_tag":[1343,1345,910,916,918,922,923,1044,1045,1046,1050,1060,1062,1063,1064,1065],"yoast_head":"<!-- This site is optimized with the Yoast SEO plugin v20.0 - https:\/\/yoast.com\/wordpress\/plugins\/seo\/ -->\n<title>VOLVO Zahn 20GPE VOE14523655 - ComTerra VOLVO Zahn 20GPE VOE14523655<\/title>\n<meta name=\"description\" content=\"ESCO zub za Volvo, Volvo zubi, GPE, AMRE, PPE, ARXE, AML, AMRL, zubi za Volvo, Volvo sistem, VOE, 15GPE, 20GPE, 30GPE, 40GPE, 55GPE, 65ARXE\" \/>\n<meta name=\"robots\" content=\"noindex, follow, max-snippet:-1, max-image-preview:large, max-video-preview:-1\" \/>\n<meta property=\"og:locale\" content=\"en_US\" \/>\n<meta property=\"og:type\" content=\"article\" \/>\n<meta property=\"og:title\" content=\"VOLVO Zahn 20GPE VOE14523655 - ComTerra VOLVO Zahn 20GPE VOE14523655\" \/>\n<meta property=\"og:description\" content=\"ESCO zub za Volvo, Volvo zubi, GPE, AMRE, PPE, ARXE, AML, AMRL, zubi za Volvo, Volvo sistem, VOE, 15GPE, 20GPE, 30GPE, 40GPE, 55GPE, 65ARXE\" \/>\n<meta property=\"og:url\" content=\"https:\/\/shop.comterra.eu\/en\/p\/volvo-zahn-20gpe\/\" \/>\n<meta property=\"og:site_name\" content=\"ComTerra\" \/>\n<meta property=\"article:publisher\" content=\"https:\/\/web.facebook.com\/ComTerraEU\" \/>\n<meta property=\"article:modified_time\" content=\"2022-10-28T10:57:33+00:00\" \/>\n<meta property=\"og:image\" content=\"https:\/\/shop.comterra.eu\/wp-content\/uploads\/2022\/06\/BB15GPE_600x600-1024-X-768.jpg\" \/>\n\t<meta property=\"og:image:width\" content=\"1024\" \/>\n\t<meta property=\"og:image:height\" content=\"768\" \/>\n\t<meta property=\"og:image:type\" content=\"image\/jpeg\" \/>\n<meta name=\"twitter:card\" content=\"summary_large_image\" \/>\n<script type=\"application\/ld+json\" class=\"yoast-schema-graph\">{\"@context\":\"https:\/\/schema.org\",\"@graph\":[{\"@type\":\"WebPage\",\"@id\":\"https:\/\/shop.comterra.eu\/p\/volvo-zahn-20gpe\/\",\"url\":\"https:\/\/shop.comterra.eu\/p\/volvo-zahn-20gpe\/\",\"name\":\"VOLVO Zahn 20GPE VOE14523655 - ComTerra VOLVO Zahn 20GPE VOE14523655\",\"isPartOf\":{\"@id\":\"https:\/\/shop.comterra.eu\/#website\"},\"datePublished\":\"2020-10-14T22:57:53+00:00\",\"dateModified\":\"2022-10-28T10:57:33+00:00\",\"description\":\"ESCO zub za Volvo, Volvo zubi, GPE, AMRE, PPE, ARXE, AML, AMRL, zubi za Volvo, Volvo sistem, VOE, 15GPE, 20GPE, 30GPE, 40GPE, 55GPE, 65ARXE\",\"breadcrumb\":{\"@id\":\"https:\/\/shop.comterra.eu\/p\/volvo-zahn-20gpe\/#breadcrumb\"},\"inLanguage\":\"en-US\",\"potentialAction\":[{\"@type\":\"ReadAction\",\"target\":[\"https:\/\/shop.comterra.eu\/p\/volvo-zahn-20gpe\/\"]}]},{\"@type\":\"BreadcrumbList\",\"@id\":\"https:\/\/shop.comterra.eu\/p\/volvo-zahn-20gpe\/#breadcrumb\",\"itemListElement\":[{\"@type\":\"ListItem\",\"position\":1,\"name\":\"ComTerra SHOP &#8211; Willkommen\",\"item\":\"https:\/\/shop.comterra.eu\/\"},{\"@type\":\"ListItem\",\"position\":2,\"name\":\"VOLVO Zahn 20GPE VOE14523655\"}]},{\"@type\":\"WebSite\",\"@id\":\"https:\/\/shop.comterra.eu\/#website\",\"url\":\"https:\/\/shop.comterra.eu\/\",\"name\":\"ComTerra\",\"description\":\"\",\"publisher\":{\"@id\":\"https:\/\/shop.comterra.eu\/#organization\"},\"potentialAction\":[{\"@type\":\"SearchAction\",\"target\":{\"@type\":\"EntryPoint\",\"urlTemplate\":\"https:\/\/shop.comterra.eu\/?s={search_term_string}\"},\"query-input\":\"required name=search_term_string\"}],\"inLanguage\":\"en-US\"},{\"@type\":\"Organization\",\"@id\":\"https:\/\/shop.comterra.eu\/#organization\",\"name\":\"ComTerra\",\"url\":\"https:\/\/shop.comterra.eu\/\",\"logo\":{\"@type\":\"ImageObject\",\"inLanguage\":\"en-US\",\"@id\":\"https:\/\/shop.comterra.eu\/#\/schema\/logo\/image\/\",\"url\":\"https:\/\/shop.comterra.eu\/wp-content\/uploads\/2019\/12\/cropped-logo.png\",\"contentUrl\":\"https:\/\/shop.comterra.eu\/wp-content\/uploads\/2019\/12\/cropped-logo.png\",\"width\":379,\"height\":89,\"caption\":\"ComTerra\"},\"image\":{\"@id\":\"https:\/\/shop.comterra.eu\/#\/schema\/logo\/image\/\"},\"sameAs\":[\"https:\/\/www.youtube.com\/channel\/UCn4vG_rMnFID5Hg_ooZKieg\",\"https:\/\/web.facebook.com\/ComTerraEU\"]}]}<\/script>\n<!-- \/ Yoast SEO plugin. -->","yoast_head_json":{"title":"VOLVO Zahn 20GPE VOE14523655 - ComTerra VOLVO Zahn 20GPE VOE14523655","description":"ESCO zub za Volvo, Volvo zubi, GPE, AMRE, PPE, ARXE, AML, AMRL, zubi za Volvo, Volvo sistem, VOE, 15GPE, 20GPE, 30GPE, 40GPE, 55GPE, 65ARXE","robots":{"index":"noindex","follow":"follow","max-snippet":"max-snippet:-1","max-image-preview":"max-image-preview:large","max-video-preview":"max-video-preview:-1"},"og_locale":"en_US","og_type":"article","og_title":"VOLVO Zahn 20GPE VOE14523655 - ComTerra VOLVO Zahn 20GPE VOE14523655","og_description":"ESCO zub za Volvo, Volvo zubi, GPE, AMRE, PPE, ARXE, AML, AMRL, zubi za Volvo, Volvo sistem, VOE, 15GPE, 20GPE, 30GPE, 40GPE, 55GPE, 65ARXE","og_url":"https:\/\/shop.comterra.eu\/en\/p\/volvo-zahn-20gpe\/","og_site_name":"ComTerra","article_publisher":"https:\/\/web.facebook.com\/ComTerraEU","article_modified_time":"2022-10-28T10:57:33+00:00","og_image":[{"width":1024,"height":768,"url":"https:\/\/shop.comterra.eu\/wp-content\/uploads\/2022\/06\/BB15GPE_600x600-1024-X-768.jpg","type":"image\/jpeg"}],"twitter_card":"summary_large_image","schema":{"@context":"https:\/\/schema.org","@graph":[{"@type":"WebPage","@id":"https:\/\/shop.comterra.eu\/p\/volvo-zahn-20gpe\/","url":"https:\/\/shop.comterra.eu\/p\/volvo-zahn-20gpe\/","name":"VOLVO Zahn 20GPE VOE14523655 - ComTerra VOLVO Zahn 20GPE VOE14523655","isPartOf":{"@id":"https:\/\/shop.comterra.eu\/#website"},"datePublished":"2020-10-14T22:57:53+00:00","dateModified":"2022-10-28T10:57:33+00:00","description":"ESCO zub za Volvo, Volvo zubi, GPE, AMRE, PPE, ARXE, AML, AMRL, zubi za Volvo, Volvo sistem, VOE, 15GPE, 20GPE, 30GPE, 40GPE, 55GPE, 65ARXE","breadcrumb":{"@id":"https:\/\/shop.comterra.eu\/p\/volvo-zahn-20gpe\/#breadcrumb"},"inLanguage":"en-US","potentialAction":[{"@type":"ReadAction","target":["https:\/\/shop.comterra.eu\/p\/volvo-zahn-20gpe\/"]}]},{"@type":"BreadcrumbList","@id":"https:\/\/shop.comterra.eu\/p\/volvo-zahn-20gpe\/#breadcrumb","itemListElement":[{"@type":"ListItem","position":1,"name":"ComTerra SHOP &#8211; Willkommen","item":"https:\/\/shop.comterra.eu\/"},{"@type":"ListItem","position":2,"name":"VOLVO Zahn 20GPE VOE14523655"}]},{"@type":"WebSite","@id":"https:\/\/shop.comterra.eu\/#website","url":"https:\/\/shop.comterra.eu\/","name":"ComTerra","description":"","publisher":{"@id":"https:\/\/shop.comterra.eu\/#organization"},"potentialAction":[{"@type":"SearchAction","target":{"@type":"EntryPoint","urlTemplate":"https:\/\/shop.comterra.eu\/?s={search_term_string}"},"query-input":"required name=search_term_string"}],"inLanguage":"en-US"},{"@type":"Organization","@id":"https:\/\/shop.comterra.eu\/#organization","name":"ComTerra","url":"https:\/\/shop.comterra.eu\/","logo":{"@type":"ImageObject","inLanguage":"en-US","@id":"https:\/\/shop.comterra.eu\/#\/schema\/logo\/image\/","url":"https:\/\/shop.comterra.eu\/wp-content\/uploads\/2019\/12\/cropped-logo.png","contentUrl":"https:\/\/shop.comterra.eu\/wp-content\/uploads\/2019\/12\/cropped-logo.png","width":379,"height":89,"caption":"ComTerra"},"image":{"@id":"https:\/\/shop.comterra.eu\/#\/schema\/logo\/image\/"},"sameAs":["https:\/\/www.youtube.com\/channel\/UCn4vG_rMnFID5Hg_ooZKieg","https:\/\/web.facebook.com\/ComTerraEU"]}]}},"_links":{"self":[{"href":"https:\/\/shop.comterra.eu\/en\/wp-json\/wp\/v2\/product\/2540"}],"collection":[{"href":"https:\/\/shop.comterra.eu\/en\/wp-json\/wp\/v2\/product"}],"about":[{"href":"https:\/\/shop.comterra.eu\/en\/wp-json\/wp\/v2\/types\/product"}],"wp:featuredmedia":[{"embeddable":true,"href":"https:\/\/shop.comterra.eu\/en\/wp-json\/wp\/v2\/media\/16325"}],"wp:attachment":[{"href":"https:\/\/shop.comterra.eu\/en\/wp-json\/wp\/v2\/media?parent=2540"}],"wp:term":[{"taxonomy":"product_cat","embeddable":true,"href":"https:\/\/shop.comterra.eu\/en\/wp-json\/wp\/v2\/product_cat?post=2540"},{"taxonomy":"product_tag","embeddable":true,"href":"https:\/\/shop.comterra.eu\/en\/wp-json\/wp\/v2\/product_tag?post=2540"}],"curies":[{"name":"wp","href":"https:\/\/api.w.org\/{rel}","templated":true}]}}