{"id":2514,"date":"2020-10-14T21:00:49","date_gmt":"2020-10-14T21:00:49","guid":{"rendered":"https:\/\/shop.comterra.eu\/?post_type=product&#038;p=2514"},"modified":"2022-10-27T13:07:35","modified_gmt":"2022-10-27T13:07:35","slug":"zurrketten-gk8-mm-zweiteilig-wll63t","status":"publish","type":"product","link":"https:\/\/shop.comterra.eu\/en\/p\/zurrketten-gk8-mm-zweiteilig-wll63t\/","title":{"rendered":"Zurrketten GK8 mm zweiteilig WLL6,3T"},"content":{"rendered":"<div class=\"gmail_default\">\n<div>\n<table width=\"194\">\n<tbody>\n<tr>\n<td style=\"text-align: center;\" colspan=\"3\" width=\"194\" data-index-map=\"attr18\"><span style=\"color: #000000;\">Lanci za vezanje tereta 2-komponentni sistem \u0160paner G80 <strong>(sa duga\u010dkom ru\u010dkom)<\/strong> + lanac s kukama G80<\/span><\/td>\n<\/tr>\n<tr>\n<td style=\"text-align: center;\"><span style=\"color: #000000;\">Lanac \u00d8 mm<\/span><\/td>\n<td style=\"text-align: center;\"><span style=\"color: #000000;\">Zatezna sila kN<\/span><\/td>\n<td style=\"text-align: center;\"><span style=\"color: #000000;\">Sila zatezanja daN<\/span><\/td>\n<\/tr>\n<tr>\n<td style=\"text-align: center;\"><span style=\"color: #000000;\">6<\/span><\/td>\n<td style=\"text-align: center;\"><span style=\"color: #000000;\">22<\/span><\/td>\n<td style=\"text-align: center;\"><span style=\"color: #000000;\">550<\/span><\/td>\n<\/tr>\n<tr>\n<td style=\"text-align: center;\"><span style=\"color: #000000;\">8<\/span><\/td>\n<td style=\"text-align: center;\"><span style=\"color: #000000;\">40<\/span><\/td>\n<td style=\"text-align: center;\"><span style=\"color: #000000;\">1000<\/span><\/td>\n<\/tr>\n<tr>\n<td style=\"text-align: center;\"><strong><span style=\"color: #000000;\">10<\/span><\/strong><\/td>\n<td style=\"text-align: center;\"><strong><span style=\"color: #000000;\">63<\/span><\/strong><\/td>\n<td style=\"text-align: center;\"><strong><span style=\"color: #000000;\">1575<\/span><\/strong><\/td>\n<\/tr>\n<tr>\n<td style=\"text-align: center;\"><span style=\"color: #000000;\">13<\/span><\/td>\n<td style=\"text-align: center;\"><span style=\"color: #000000;\">106<\/span><\/td>\n<td style=\"text-align: center;\"><span style=\"color: #000000;\">1500<\/span><\/td>\n<\/tr>\n<tr>\n<td style=\"text-align: center;\"><span style=\"color: #000000;\">16<\/span><\/td>\n<td style=\"text-align: center;\"><span style=\"color: #000000;\">160<\/span><\/td>\n<td style=\"text-align: center;\"><span style=\"color: #000000;\">2400<\/span><\/td>\n<\/tr>\n<\/tbody>\n<\/table>\n<\/div>\n<ul>\n<li><span style=\"color: #000000;\"><strong>Komplet lanaca za vezanje THIELE se sastoji od:<\/strong><br \/>\n<\/span><span style=\"color: #000000;\">1 x <strong>THIELE<\/strong> lanac du\u017eine <strong>3,5m<\/strong> ja\u010dina karike <strong>10mm<\/strong><br \/>\n2x kuke za vezanje za lanac 8mm\u00a0 + atestna plo\u010dica<br \/>\n<\/span><span style=\"color: #000000;\">1x \u0160paner za lanac 8mm opremljen sa dvije kuke za skra\u0107ivanje<br \/>\nnosivost sistema\u00a0 <strong>WLL6,3T<\/strong> + atestna plo\u010dica<\/span><\/li>\n<li>Sukladno EN-12195-3<\/li>\n<li>lan\u010dani kompleti za sigurno osiguravanje i vezivanje tereta<\/li>\n<li>precizna prilagodba zatezanja<\/li>\n<li>visokootporni G80 i G100 materijali elemenata <strong>MADE IN GERMANY!<\/strong><\/li>\n<li>duljine lanaca i izbor elemenata prema \u017eelji klijenta<\/li>\n<li>zavr\u0161na obrada: lakirano<\/li>\n<\/ul>\n<p><em><strong>Garancija: 12 mjeseci<\/strong><\/em><br \/>\n<em><strong>Certifikati i atesti po \u017eelji!<\/strong><\/em><br \/>\n<em><strong>R1<br \/>\nNA VE\u0106E KOLI\u010cINE DODATNI RABAT!<\/strong><\/em><\/p>\n<\/div>","protected":false},"excerpt":{"rendered":"<p>Lanac 3,5m + \u0160paner WLL6,3T<\/p>","protected":false},"featured_media":15858,"template":"","meta":[],"product_cat":[63,23],"product_tag":[924,925,926,927,928,1337,1338,1339],"yoast_head":"<!-- This site is optimized with the Yoast SEO plugin v20.0 - https:\/\/yoast.com\/wordpress\/plugins\/seo\/ -->\n<title>Zurrketten GK8 mm zweiteilig WLL6,3T - ComTerra<\/title>\n<meta name=\"description\" content=\"lanci za vezanje tereta, \u0161paneri. \u0161paner za vezanje tereta, \u0161paner za \u0161pananje, lanac za vezanje tereta, lanci za labudicu, lanci za bager\" \/>\n<meta name=\"robots\" content=\"noindex, follow, max-snippet:-1, max-image-preview:large, max-video-preview:-1\" \/>\n<meta property=\"og:locale\" content=\"en_US\" \/>\n<meta property=\"og:type\" content=\"article\" \/>\n<meta property=\"og:title\" content=\"Zurrketten GK8 mm zweiteilig WLL6,3T - ComTerra\" \/>\n<meta property=\"og:description\" content=\"lanci za vezanje tereta, \u0161paneri. \u0161paner za vezanje tereta, \u0161paner za \u0161pananje, lanac za vezanje tereta, lanci za labudicu, lanci za bager\" \/>\n<meta property=\"og:url\" content=\"https:\/\/shop.comterra.eu\/en\/p\/zurrketten-gk8-mm-zweiteilig-wll63t\/\" \/>\n<meta property=\"og:site_name\" content=\"ComTerra\" \/>\n<meta property=\"article:publisher\" content=\"https:\/\/web.facebook.com\/ComTerraEU\" \/>\n<meta property=\"article:modified_time\" content=\"2022-10-27T13:07:35+00:00\" \/>\n<meta property=\"og:image\" content=\"https:\/\/shop.comterra.eu\/wp-content\/uploads\/2022\/06\/Lanci_za_vezanje_l4m10-8IMG_6610.jpg\" \/>\n\t<meta property=\"og:image:width\" content=\"1203\" \/>\n\t<meta property=\"og:image:height\" content=\"735\" \/>\n\t<meta property=\"og:image:type\" content=\"image\/jpeg\" \/>\n<meta name=\"twitter:card\" content=\"summary_large_image\" \/>\n<meta name=\"twitter:label1\" content=\"Est. reading time\" \/>\n\t<meta name=\"twitter:data1\" content=\"1 minute\" \/>\n<script type=\"application\/ld+json\" class=\"yoast-schema-graph\">{\"@context\":\"https:\/\/schema.org\",\"@graph\":[{\"@type\":\"WebPage\",\"@id\":\"https:\/\/shop.comterra.eu\/p\/zurrketten-gk8-mm-zweiteilig-wll63t\/\",\"url\":\"https:\/\/shop.comterra.eu\/p\/zurrketten-gk8-mm-zweiteilig-wll63t\/\",\"name\":\"Zurrketten GK8 mm zweiteilig WLL6,3T - ComTerra\",\"isPartOf\":{\"@id\":\"https:\/\/shop.comterra.eu\/#website\"},\"datePublished\":\"2020-10-14T21:00:49+00:00\",\"dateModified\":\"2022-10-27T13:07:35+00:00\",\"description\":\"lanci za vezanje tereta, \u0161paneri. \u0161paner za vezanje tereta, \u0161paner za \u0161pananje, lanac za vezanje tereta, lanci za labudicu, lanci za bager\",\"breadcrumb\":{\"@id\":\"https:\/\/shop.comterra.eu\/p\/zurrketten-gk8-mm-zweiteilig-wll63t\/#breadcrumb\"},\"inLanguage\":\"en-US\",\"potentialAction\":[{\"@type\":\"ReadAction\",\"target\":[\"https:\/\/shop.comterra.eu\/p\/zurrketten-gk8-mm-zweiteilig-wll63t\/\"]}]},{\"@type\":\"BreadcrumbList\",\"@id\":\"https:\/\/shop.comterra.eu\/p\/zurrketten-gk8-mm-zweiteilig-wll63t\/#breadcrumb\",\"itemListElement\":[{\"@type\":\"ListItem\",\"position\":1,\"name\":\"ComTerra SHOP &#8211; Willkommen\",\"item\":\"https:\/\/shop.comterra.eu\/\"},{\"@type\":\"ListItem\",\"position\":2,\"name\":\"Zurrketten GK8 mm zweiteilig WLL6,3T\"}]},{\"@type\":\"WebSite\",\"@id\":\"https:\/\/shop.comterra.eu\/#website\",\"url\":\"https:\/\/shop.comterra.eu\/\",\"name\":\"ComTerra\",\"description\":\"\",\"publisher\":{\"@id\":\"https:\/\/shop.comterra.eu\/#organization\"},\"potentialAction\":[{\"@type\":\"SearchAction\",\"target\":{\"@type\":\"EntryPoint\",\"urlTemplate\":\"https:\/\/shop.comterra.eu\/?s={search_term_string}\"},\"query-input\":\"required name=search_term_string\"}],\"inLanguage\":\"en-US\"},{\"@type\":\"Organization\",\"@id\":\"https:\/\/shop.comterra.eu\/#organization\",\"name\":\"ComTerra\",\"url\":\"https:\/\/shop.comterra.eu\/\",\"logo\":{\"@type\":\"ImageObject\",\"inLanguage\":\"en-US\",\"@id\":\"https:\/\/shop.comterra.eu\/#\/schema\/logo\/image\/\",\"url\":\"https:\/\/shop.comterra.eu\/wp-content\/uploads\/2019\/12\/cropped-logo.png\",\"contentUrl\":\"https:\/\/shop.comterra.eu\/wp-content\/uploads\/2019\/12\/cropped-logo.png\",\"width\":379,\"height\":89,\"caption\":\"ComTerra\"},\"image\":{\"@id\":\"https:\/\/shop.comterra.eu\/#\/schema\/logo\/image\/\"},\"sameAs\":[\"https:\/\/www.youtube.com\/channel\/UCn4vG_rMnFID5Hg_ooZKieg\",\"https:\/\/web.facebook.com\/ComTerraEU\"]}]}<\/script>\n<!-- \/ Yoast SEO plugin. -->","yoast_head_json":{"title":"Zurrketten GK8 mm zweiteilig WLL6,3T - ComTerra","description":"lanci za vezanje tereta, \u0161paneri. \u0161paner za vezanje tereta, \u0161paner za \u0161pananje, lanac za vezanje tereta, lanci za labudicu, lanci za bager","robots":{"index":"noindex","follow":"follow","max-snippet":"max-snippet:-1","max-image-preview":"max-image-preview:large","max-video-preview":"max-video-preview:-1"},"og_locale":"en_US","og_type":"article","og_title":"Zurrketten GK8 mm zweiteilig WLL6,3T - ComTerra","og_description":"lanci za vezanje tereta, \u0161paneri. \u0161paner za vezanje tereta, \u0161paner za \u0161pananje, lanac za vezanje tereta, lanci za labudicu, lanci za bager","og_url":"https:\/\/shop.comterra.eu\/en\/p\/zurrketten-gk8-mm-zweiteilig-wll63t\/","og_site_name":"ComTerra","article_publisher":"https:\/\/web.facebook.com\/ComTerraEU","article_modified_time":"2022-10-27T13:07:35+00:00","og_image":[{"width":1203,"height":735,"url":"https:\/\/shop.comterra.eu\/wp-content\/uploads\/2022\/06\/Lanci_za_vezanje_l4m10-8IMG_6610.jpg","type":"image\/jpeg"}],"twitter_card":"summary_large_image","twitter_misc":{"Est. reading time":"1 minute"},"schema":{"@context":"https:\/\/schema.org","@graph":[{"@type":"WebPage","@id":"https:\/\/shop.comterra.eu\/p\/zurrketten-gk8-mm-zweiteilig-wll63t\/","url":"https:\/\/shop.comterra.eu\/p\/zurrketten-gk8-mm-zweiteilig-wll63t\/","name":"Zurrketten GK8 mm zweiteilig WLL6,3T - ComTerra","isPartOf":{"@id":"https:\/\/shop.comterra.eu\/#website"},"datePublished":"2020-10-14T21:00:49+00:00","dateModified":"2022-10-27T13:07:35+00:00","description":"lanci za vezanje tereta, \u0161paneri. \u0161paner za vezanje tereta, \u0161paner za \u0161pananje, lanac za vezanje tereta, lanci za labudicu, lanci za bager","breadcrumb":{"@id":"https:\/\/shop.comterra.eu\/p\/zurrketten-gk8-mm-zweiteilig-wll63t\/#breadcrumb"},"inLanguage":"en-US","potentialAction":[{"@type":"ReadAction","target":["https:\/\/shop.comterra.eu\/p\/zurrketten-gk8-mm-zweiteilig-wll63t\/"]}]},{"@type":"BreadcrumbList","@id":"https:\/\/shop.comterra.eu\/p\/zurrketten-gk8-mm-zweiteilig-wll63t\/#breadcrumb","itemListElement":[{"@type":"ListItem","position":1,"name":"ComTerra SHOP &#8211; Willkommen","item":"https:\/\/shop.comterra.eu\/"},{"@type":"ListItem","position":2,"name":"Zurrketten GK8 mm zweiteilig WLL6,3T"}]},{"@type":"WebSite","@id":"https:\/\/shop.comterra.eu\/#website","url":"https:\/\/shop.comterra.eu\/","name":"ComTerra","description":"","publisher":{"@id":"https:\/\/shop.comterra.eu\/#organization"},"potentialAction":[{"@type":"SearchAction","target":{"@type":"EntryPoint","urlTemplate":"https:\/\/shop.comterra.eu\/?s={search_term_string}"},"query-input":"required name=search_term_string"}],"inLanguage":"en-US"},{"@type":"Organization","@id":"https:\/\/shop.comterra.eu\/#organization","name":"ComTerra","url":"https:\/\/shop.comterra.eu\/","logo":{"@type":"ImageObject","inLanguage":"en-US","@id":"https:\/\/shop.comterra.eu\/#\/schema\/logo\/image\/","url":"https:\/\/shop.comterra.eu\/wp-content\/uploads\/2019\/12\/cropped-logo.png","contentUrl":"https:\/\/shop.comterra.eu\/wp-content\/uploads\/2019\/12\/cropped-logo.png","width":379,"height":89,"caption":"ComTerra"},"image":{"@id":"https:\/\/shop.comterra.eu\/#\/schema\/logo\/image\/"},"sameAs":["https:\/\/www.youtube.com\/channel\/UCn4vG_rMnFID5Hg_ooZKieg","https:\/\/web.facebook.com\/ComTerraEU"]}]}},"_links":{"self":[{"href":"https:\/\/shop.comterra.eu\/en\/wp-json\/wp\/v2\/product\/2514"}],"collection":[{"href":"https:\/\/shop.comterra.eu\/en\/wp-json\/wp\/v2\/product"}],"about":[{"href":"https:\/\/shop.comterra.eu\/en\/wp-json\/wp\/v2\/types\/product"}],"wp:featuredmedia":[{"embeddable":true,"href":"https:\/\/shop.comterra.eu\/en\/wp-json\/wp\/v2\/media\/15858"}],"wp:attachment":[{"href":"https:\/\/shop.comterra.eu\/en\/wp-json\/wp\/v2\/media?parent=2514"}],"wp:term":[{"taxonomy":"product_cat","embeddable":true,"href":"https:\/\/shop.comterra.eu\/en\/wp-json\/wp\/v2\/product_cat?post=2514"},{"taxonomy":"product_tag","embeddable":true,"href":"https:\/\/shop.comterra.eu\/en\/wp-json\/wp\/v2\/product_tag?post=2514"}],"curies":[{"name":"wp","href":"https:\/\/api.w.org\/{rel}","templated":true}]}}