{"id":1959,"date":"2020-07-02T08:30:01","date_gmt":"2020-07-02T08:30:01","guid":{"rendered":"https:\/\/shop.comterra.eu\/?post_type=product&#038;p=1959"},"modified":"2022-11-04T14:55:50","modified_gmt":"2022-11-04T14:55:50","slug":"luftlanze-vl-5","status":"publish","type":"product","link":"https:\/\/shop.comterra.eu\/en\/p\/luftlanze-vl-5\/","title":{"rendered":"Luftlanze VL 5"},"content":{"rendered":"<h5><strong>KARAKTERISTIKE<\/strong><\/h5>\n<p>Zra\u010dna lopata koristi se za jednostavno uklanjanje manje \u010dvrstih materijala; uklanjanje i oranje kompaktnog tla, pronala\u017eenje i osloba\u0111anje kabela i vodova, puhanje i \u010di\u0161\u0107enje dilatacijskih spojeva, \u010di\u0161\u0107enje uli\u010dnih kanala, prozra\u010divanje i osloba\u0111anje korijenja stabala, osloba\u0111anje tra\u010dnica i signalnih ure\u0111aja, te za uklanjanje stare \u017ebuke.<\/p>\n<p>Nakon spajanja lopate crijevo, zrak struji u jedinici. Pritisnite upravlja\u010dku polugu kako biste omogu\u0107ili protok zraka u podru\u010dju igle, koja naizmjeni\u010dno otvara i zatvara protok zraka u radnom ciklusu u produ\u017enoj cijevi, a zavr\u0161ava se s izlaznim mlazom gdje zrak ubrzava.<\/p>\n<table width=\"704\">\n<tbody>\n<tr>\n<td width=\"64\">Tip<\/td>\n<td width=\"64\">Te\u017eina<\/td>\n<td width=\"64\">Broj udaraca<\/td>\n<td width=\"64\">Potro\u0161nja zraka<\/td>\n<td width=\"64\">Du\u017eina \u010deki\u0107a<\/td>\n<td width=\"64\">Promjer crijeva<\/td>\n<td width=\"64\">Spojni navoj<\/td>\n<td width=\"64\">Promjer klipa<\/td>\n<td width=\"64\">Hod klipa<\/td>\n<td width=\"64\">Kategorija buke<\/td>\n<td width=\"64\">Kategorija vibracija<\/td>\n<\/tr>\n<tr>\n<td width=\"64\">VL 5<\/td>\n<td width=\"64\">4,5 Kg<\/td>\n<td width=\"64\">145 Hz<\/td>\n<td width=\"64\">2,1 m<sup>3<\/sup>\/min<\/td>\n<td width=\"64\">480 mm<\/td>\n<td width=\"64\">16, 20 mm<\/td>\n<td width=\"64\">RS, G 1\/2<\/td>\n<td width=\"64\">25 mm<\/td>\n<td width=\"64\">5 mm<\/td>\n<td width=\"64\">107 N (dB)<\/td>\n<td width=\"64\">127 dB<\/td>\n<\/tr>\n<\/tbody>\n<\/table>","protected":false},"excerpt":{"rendered":"<p>KARAKTERISTIKE Zra\u010dna lopata koristi se za jednostavno uklanjanje manje \u010dvrstih materijala; uklanjanje i oranje kompaktnog tla, pronala\u017eenje i osloba\u0111anje kabela i vodova, puhanje i \u010di\u0161\u0107enje dilatacijskih spojeva, \u010di\u0161\u0107enje uli\u010dnih kanala, prozra\u010divanje i osloba\u0111anje korijenja stabala, osloba\u0111anje tra\u010dnica i signalnih ure\u0111aja, te za uklanjanje stare \u017ebuke. Nakon spajanja lopate crijevo, zrak struji u jedinici. Pritisnite upravlja\u010dku [&hellip;]<\/p>","protected":false},"featured_media":16291,"template":"","meta":[],"product_cat":[294],"product_tag":[1145,1146,1136,1137,1138,1139,1140,1141,1142,1143,1144],"yoast_head":"<!-- This site is optimized with the Yoast SEO plugin v20.0 - https:\/\/yoast.com\/wordpress\/plugins\/seo\/ -->\n<title>Luftlanze VL 5 - ComTerra<\/title>\n<meta name=\"robots\" content=\"noindex, follow, max-snippet:-1, max-image-preview:large, max-video-preview:-1\" \/>\n<meta property=\"og:locale\" content=\"en_US\" \/>\n<meta property=\"og:type\" content=\"article\" \/>\n<meta property=\"og:title\" content=\"Luftlanze VL 5 - ComTerra\" \/>\n<meta property=\"og:description\" content=\"KARAKTERISTIKE Zra\u010dna lopata koristi se za jednostavno uklanjanje manje \u010dvrstih materijala; uklanjanje i oranje kompaktnog tla, pronala\u017eenje i osloba\u0111anje kabela i vodova, puhanje i \u010di\u0161\u0107enje dilatacijskih spojeva, \u010di\u0161\u0107enje uli\u010dnih kanala, prozra\u010divanje i osloba\u0111anje korijenja stabala, osloba\u0111anje tra\u010dnica i signalnih ure\u0111aja, te za uklanjanje stare \u017ebuke. Nakon spajanja lopate crijevo, zrak struji u jedinici. Pritisnite upravlja\u010dku [&hellip;]\" \/>\n<meta property=\"og:url\" content=\"https:\/\/shop.comterra.eu\/en\/p\/luftlanze-vl-5\/\" \/>\n<meta property=\"og:site_name\" content=\"ComTerra\" \/>\n<meta property=\"article:publisher\" content=\"https:\/\/web.facebook.com\/ComTerraEU\" \/>\n<meta property=\"article:modified_time\" content=\"2022-11-04T14:55:50+00:00\" \/>\n<meta property=\"og:image\" content=\"https:\/\/shop.comterra.eu\/wp-content\/uploads\/2022\/06\/VL-5.jpg\" \/>\n\t<meta property=\"og:image:width\" content=\"1920\" \/>\n\t<meta property=\"og:image:height\" content=\"1179\" \/>\n\t<meta property=\"og:image:type\" content=\"image\/jpeg\" \/>\n<meta name=\"twitter:card\" content=\"summary_large_image\" \/>\n<meta name=\"twitter:label1\" content=\"Est. reading time\" \/>\n\t<meta name=\"twitter:data1\" content=\"1 minute\" \/>\n<script type=\"application\/ld+json\" class=\"yoast-schema-graph\">{\"@context\":\"https:\/\/schema.org\",\"@graph\":[{\"@type\":\"WebPage\",\"@id\":\"https:\/\/shop.comterra.eu\/p\/luftlanze-vl-5\/\",\"url\":\"https:\/\/shop.comterra.eu\/p\/luftlanze-vl-5\/\",\"name\":\"Luftlanze VL 5 - ComTerra\",\"isPartOf\":{\"@id\":\"https:\/\/shop.comterra.eu\/#website\"},\"datePublished\":\"2020-07-02T08:30:01+00:00\",\"dateModified\":\"2022-11-04T14:55:50+00:00\",\"breadcrumb\":{\"@id\":\"https:\/\/shop.comterra.eu\/p\/luftlanze-vl-5\/#breadcrumb\"},\"inLanguage\":\"en-US\",\"potentialAction\":[{\"@type\":\"ReadAction\",\"target\":[\"https:\/\/shop.comterra.eu\/p\/luftlanze-vl-5\/\"]}]},{\"@type\":\"BreadcrumbList\",\"@id\":\"https:\/\/shop.comterra.eu\/p\/luftlanze-vl-5\/#breadcrumb\",\"itemListElement\":[{\"@type\":\"ListItem\",\"position\":1,\"name\":\"ComTerra SHOP &#8211; Willkommen\",\"item\":\"https:\/\/shop.comterra.eu\/\"},{\"@type\":\"ListItem\",\"position\":2,\"name\":\"Luftlanze VL 5\"}]},{\"@type\":\"WebSite\",\"@id\":\"https:\/\/shop.comterra.eu\/#website\",\"url\":\"https:\/\/shop.comterra.eu\/\",\"name\":\"ComTerra\",\"description\":\"\",\"publisher\":{\"@id\":\"https:\/\/shop.comterra.eu\/#organization\"},\"potentialAction\":[{\"@type\":\"SearchAction\",\"target\":{\"@type\":\"EntryPoint\",\"urlTemplate\":\"https:\/\/shop.comterra.eu\/?s={search_term_string}\"},\"query-input\":\"required name=search_term_string\"}],\"inLanguage\":\"en-US\"},{\"@type\":\"Organization\",\"@id\":\"https:\/\/shop.comterra.eu\/#organization\",\"name\":\"ComTerra\",\"url\":\"https:\/\/shop.comterra.eu\/\",\"logo\":{\"@type\":\"ImageObject\",\"inLanguage\":\"en-US\",\"@id\":\"https:\/\/shop.comterra.eu\/#\/schema\/logo\/image\/\",\"url\":\"https:\/\/shop.comterra.eu\/wp-content\/uploads\/2019\/12\/cropped-logo.png\",\"contentUrl\":\"https:\/\/shop.comterra.eu\/wp-content\/uploads\/2019\/12\/cropped-logo.png\",\"width\":379,\"height\":89,\"caption\":\"ComTerra\"},\"image\":{\"@id\":\"https:\/\/shop.comterra.eu\/#\/schema\/logo\/image\/\"},\"sameAs\":[\"https:\/\/www.youtube.com\/channel\/UCn4vG_rMnFID5Hg_ooZKieg\",\"https:\/\/web.facebook.com\/ComTerraEU\"]}]}<\/script>\n<!-- \/ Yoast SEO plugin. -->","yoast_head_json":{"title":"Luftlanze VL 5 - ComTerra","robots":{"index":"noindex","follow":"follow","max-snippet":"max-snippet:-1","max-image-preview":"max-image-preview:large","max-video-preview":"max-video-preview:-1"},"og_locale":"en_US","og_type":"article","og_title":"Luftlanze VL 5 - ComTerra","og_description":"KARAKTERISTIKE Zra\u010dna lopata koristi se za jednostavno uklanjanje manje \u010dvrstih materijala; uklanjanje i oranje kompaktnog tla, pronala\u017eenje i osloba\u0111anje kabela i vodova, puhanje i \u010di\u0161\u0107enje dilatacijskih spojeva, \u010di\u0161\u0107enje uli\u010dnih kanala, prozra\u010divanje i osloba\u0111anje korijenja stabala, osloba\u0111anje tra\u010dnica i signalnih ure\u0111aja, te za uklanjanje stare \u017ebuke. Nakon spajanja lopate crijevo, zrak struji u jedinici. Pritisnite upravlja\u010dku [&hellip;]","og_url":"https:\/\/shop.comterra.eu\/en\/p\/luftlanze-vl-5\/","og_site_name":"ComTerra","article_publisher":"https:\/\/web.facebook.com\/ComTerraEU","article_modified_time":"2022-11-04T14:55:50+00:00","og_image":[{"width":1920,"height":1179,"url":"https:\/\/shop.comterra.eu\/wp-content\/uploads\/2022\/06\/VL-5.jpg","type":"image\/jpeg"}],"twitter_card":"summary_large_image","twitter_misc":{"Est. reading time":"1 minute"},"schema":{"@context":"https:\/\/schema.org","@graph":[{"@type":"WebPage","@id":"https:\/\/shop.comterra.eu\/p\/luftlanze-vl-5\/","url":"https:\/\/shop.comterra.eu\/p\/luftlanze-vl-5\/","name":"Luftlanze VL 5 - ComTerra","isPartOf":{"@id":"https:\/\/shop.comterra.eu\/#website"},"datePublished":"2020-07-02T08:30:01+00:00","dateModified":"2022-11-04T14:55:50+00:00","breadcrumb":{"@id":"https:\/\/shop.comterra.eu\/p\/luftlanze-vl-5\/#breadcrumb"},"inLanguage":"en-US","potentialAction":[{"@type":"ReadAction","target":["https:\/\/shop.comterra.eu\/p\/luftlanze-vl-5\/"]}]},{"@type":"BreadcrumbList","@id":"https:\/\/shop.comterra.eu\/p\/luftlanze-vl-5\/#breadcrumb","itemListElement":[{"@type":"ListItem","position":1,"name":"ComTerra SHOP &#8211; Willkommen","item":"https:\/\/shop.comterra.eu\/"},{"@type":"ListItem","position":2,"name":"Luftlanze VL 5"}]},{"@type":"WebSite","@id":"https:\/\/shop.comterra.eu\/#website","url":"https:\/\/shop.comterra.eu\/","name":"ComTerra","description":"","publisher":{"@id":"https:\/\/shop.comterra.eu\/#organization"},"potentialAction":[{"@type":"SearchAction","target":{"@type":"EntryPoint","urlTemplate":"https:\/\/shop.comterra.eu\/?s={search_term_string}"},"query-input":"required name=search_term_string"}],"inLanguage":"en-US"},{"@type":"Organization","@id":"https:\/\/shop.comterra.eu\/#organization","name":"ComTerra","url":"https:\/\/shop.comterra.eu\/","logo":{"@type":"ImageObject","inLanguage":"en-US","@id":"https:\/\/shop.comterra.eu\/#\/schema\/logo\/image\/","url":"https:\/\/shop.comterra.eu\/wp-content\/uploads\/2019\/12\/cropped-logo.png","contentUrl":"https:\/\/shop.comterra.eu\/wp-content\/uploads\/2019\/12\/cropped-logo.png","width":379,"height":89,"caption":"ComTerra"},"image":{"@id":"https:\/\/shop.comterra.eu\/#\/schema\/logo\/image\/"},"sameAs":["https:\/\/www.youtube.com\/channel\/UCn4vG_rMnFID5Hg_ooZKieg","https:\/\/web.facebook.com\/ComTerraEU"]}]}},"_links":{"self":[{"href":"https:\/\/shop.comterra.eu\/en\/wp-json\/wp\/v2\/product\/1959"}],"collection":[{"href":"https:\/\/shop.comterra.eu\/en\/wp-json\/wp\/v2\/product"}],"about":[{"href":"https:\/\/shop.comterra.eu\/en\/wp-json\/wp\/v2\/types\/product"}],"wp:featuredmedia":[{"embeddable":true,"href":"https:\/\/shop.comterra.eu\/en\/wp-json\/wp\/v2\/media\/16291"}],"wp:attachment":[{"href":"https:\/\/shop.comterra.eu\/en\/wp-json\/wp\/v2\/media?parent=1959"}],"wp:term":[{"taxonomy":"product_cat","embeddable":true,"href":"https:\/\/shop.comterra.eu\/en\/wp-json\/wp\/v2\/product_cat?post=1959"},{"taxonomy":"product_tag","embeddable":true,"href":"https:\/\/shop.comterra.eu\/en\/wp-json\/wp\/v2\/product_tag?post=1959"}],"curies":[{"name":"wp","href":"https:\/\/api.w.org\/{rel}","templated":true}]}}