{"id":1956,"date":"2020-07-02T07:28:12","date_gmt":"2020-07-02T07:28:12","guid":{"rendered":"https:\/\/shop.comterra.eu\/?post_type=product&#038;p=1956"},"modified":"2022-11-04T14:56:37","modified_gmt":"2022-11-04T14:56:37","slug":"bohrstuetzen-vp600","status":"publish","type":"product","link":"https:\/\/shop.comterra.eu\/en\/p\/bohrstuetzen-vp600\/","title":{"rendered":"Bohrst\u00fctzen VP600"},"content":{"rendered":"<p>Pneumatska noga za bu\u0161ilicu, koristi se u kombinaciji sa ru\u010dnim pneumatskim bu\u0161ilicama; npr.: VK19, VK23-5, VK29-5&#8230;<\/p>\n<table width=\"320\">\n<tbody>\n<tr>\n<td width=\"64\">Tip<\/td>\n<td width=\"64\">Te\u017eina<\/td>\n<td width=\"64\">Max. izvla\u010dna du\u017eina<\/td>\n<td width=\"64\">Max. sila potiska<\/td>\n<td width=\"64\">Radni tlak<\/td>\n<\/tr>\n<tr>\n<td width=\"64\"><strong>VP 600<\/strong><\/td>\n<td width=\"64\"><strong>14 kg<\/strong><\/td>\n<td width=\"64\"><strong>600 mm<\/strong><\/td>\n<td width=\"64\"><strong>1000 N<\/strong><\/td>\n<td width=\"64\"><strong>4 &#8211; 6 bar<\/strong><\/td>\n<\/tr>\n<tr>\n<td width=\"64\">VP 800<\/td>\n<td width=\"64\">16 kg<\/td>\n<td width=\"64\">800 mm<\/td>\n<td width=\"64\">1000 N<\/td>\n<td width=\"64\">4 &#8211; 6 bar<\/td>\n<\/tr>\n<tr>\n<td width=\"64\">VP 1000<\/td>\n<td width=\"64\">18 kg<\/td>\n<td width=\"64\">1000 mm<\/td>\n<td width=\"64\">1000 N<\/td>\n<td width=\"64\">4 &#8211; 6 bar<\/td>\n<\/tr>\n<tr>\n<td width=\"64\">VP 1200<\/td>\n<td width=\"64\">19 kg<\/td>\n<td width=\"64\">1200 mm<\/td>\n<td width=\"64\">1000 N<\/td>\n<td width=\"64\">4 &#8211; 6 bar<\/td>\n<\/tr>\n<\/tbody>\n<\/table>","protected":false},"excerpt":{"rendered":"<p>Pneumatska noga za bu\u0161ilicu VP600<\/p>","protected":false},"featured_media":16289,"template":"","meta":[],"product_cat":[294],"product_tag":[1138,1139,1140,1141,1142,1143,1144,1145,1146,1136,1137],"yoast_head":"<!-- This site is optimized with the Yoast SEO plugin v20.0 - https:\/\/yoast.com\/wordpress\/plugins\/seo\/ -->\n<title>Bohrst\u00fctzen VP600 - ComTerra<\/title>\n<meta name=\"description\" content=\"Pneumatska noga za bu\u0161ilicu, koristi se u kombinaciji sa ru\u010dnim pneumatskim bu\u0161ilicama; npr.: VK19, VK23-5, VK29-5...\" \/>\n<meta name=\"robots\" content=\"noindex, follow, max-snippet:-1, max-image-preview:large, max-video-preview:-1\" \/>\n<meta property=\"og:locale\" content=\"en_US\" \/>\n<meta property=\"og:type\" content=\"article\" \/>\n<meta property=\"og:title\" content=\"Bohrst\u00fctzen VP600 - ComTerra\" \/>\n<meta property=\"og:description\" content=\"Pneumatska noga za bu\u0161ilicu, koristi se u kombinaciji sa ru\u010dnim pneumatskim bu\u0161ilicama; npr.: VK19, VK23-5, VK29-5...\" \/>\n<meta property=\"og:url\" content=\"https:\/\/shop.comterra.eu\/en\/p\/bohrstuetzen-vp600\/\" \/>\n<meta property=\"og:site_name\" content=\"ComTerra\" \/>\n<meta property=\"article:publisher\" content=\"https:\/\/web.facebook.com\/ComTerraEU\" \/>\n<meta property=\"article:modified_time\" content=\"2022-11-04T14:56:37+00:00\" \/>\n<meta property=\"og:image\" content=\"https:\/\/shop.comterra.eu\/wp-content\/uploads\/2022\/06\/podpera_pevna-1.jpg\" \/>\n\t<meta property=\"og:image:width\" content=\"1740\" \/>\n\t<meta property=\"og:image:height\" content=\"1754\" \/>\n\t<meta property=\"og:image:type\" content=\"image\/jpeg\" \/>\n<meta name=\"twitter:card\" content=\"summary_large_image\" \/>\n<script type=\"application\/ld+json\" class=\"yoast-schema-graph\">{\"@context\":\"https:\/\/schema.org\",\"@graph\":[{\"@type\":\"WebPage\",\"@id\":\"https:\/\/shop.comterra.eu\/p\/bohrstuetzen-vp600\/\",\"url\":\"https:\/\/shop.comterra.eu\/p\/bohrstuetzen-vp600\/\",\"name\":\"Bohrst\u00fctzen VP600 - ComTerra\",\"isPartOf\":{\"@id\":\"https:\/\/shop.comterra.eu\/#website\"},\"datePublished\":\"2020-07-02T07:28:12+00:00\",\"dateModified\":\"2022-11-04T14:56:37+00:00\",\"description\":\"Pneumatska noga za bu\u0161ilicu, koristi se u kombinaciji sa ru\u010dnim pneumatskim bu\u0161ilicama; npr.: VK19, VK23-5, VK29-5...\",\"breadcrumb\":{\"@id\":\"https:\/\/shop.comterra.eu\/p\/bohrstuetzen-vp600\/#breadcrumb\"},\"inLanguage\":\"en-US\",\"potentialAction\":[{\"@type\":\"ReadAction\",\"target\":[\"https:\/\/shop.comterra.eu\/p\/bohrstuetzen-vp600\/\"]}]},{\"@type\":\"BreadcrumbList\",\"@id\":\"https:\/\/shop.comterra.eu\/p\/bohrstuetzen-vp600\/#breadcrumb\",\"itemListElement\":[{\"@type\":\"ListItem\",\"position\":1,\"name\":\"ComTerra SHOP &#8211; Willkommen\",\"item\":\"https:\/\/shop.comterra.eu\/\"},{\"@type\":\"ListItem\",\"position\":2,\"name\":\"Bohrst\u00fctzen VP600\"}]},{\"@type\":\"WebSite\",\"@id\":\"https:\/\/shop.comterra.eu\/#website\",\"url\":\"https:\/\/shop.comterra.eu\/\",\"name\":\"ComTerra\",\"description\":\"\",\"publisher\":{\"@id\":\"https:\/\/shop.comterra.eu\/#organization\"},\"potentialAction\":[{\"@type\":\"SearchAction\",\"target\":{\"@type\":\"EntryPoint\",\"urlTemplate\":\"https:\/\/shop.comterra.eu\/?s={search_term_string}\"},\"query-input\":\"required name=search_term_string\"}],\"inLanguage\":\"en-US\"},{\"@type\":\"Organization\",\"@id\":\"https:\/\/shop.comterra.eu\/#organization\",\"name\":\"ComTerra\",\"url\":\"https:\/\/shop.comterra.eu\/\",\"logo\":{\"@type\":\"ImageObject\",\"inLanguage\":\"en-US\",\"@id\":\"https:\/\/shop.comterra.eu\/#\/schema\/logo\/image\/\",\"url\":\"https:\/\/shop.comterra.eu\/wp-content\/uploads\/2019\/12\/cropped-logo.png\",\"contentUrl\":\"https:\/\/shop.comterra.eu\/wp-content\/uploads\/2019\/12\/cropped-logo.png\",\"width\":379,\"height\":89,\"caption\":\"ComTerra\"},\"image\":{\"@id\":\"https:\/\/shop.comterra.eu\/#\/schema\/logo\/image\/\"},\"sameAs\":[\"https:\/\/www.youtube.com\/channel\/UCn4vG_rMnFID5Hg_ooZKieg\",\"https:\/\/web.facebook.com\/ComTerraEU\"]}]}<\/script>\n<!-- \/ Yoast SEO plugin. -->","yoast_head_json":{"title":"Bohrst\u00fctzen VP600 - ComTerra","description":"Pneumatska noga za bu\u0161ilicu, koristi se u kombinaciji sa ru\u010dnim pneumatskim bu\u0161ilicama; npr.: VK19, VK23-5, VK29-5...","robots":{"index":"noindex","follow":"follow","max-snippet":"max-snippet:-1","max-image-preview":"max-image-preview:large","max-video-preview":"max-video-preview:-1"},"og_locale":"en_US","og_type":"article","og_title":"Bohrst\u00fctzen VP600 - ComTerra","og_description":"Pneumatska noga za bu\u0161ilicu, koristi se u kombinaciji sa ru\u010dnim pneumatskim bu\u0161ilicama; npr.: VK19, VK23-5, VK29-5...","og_url":"https:\/\/shop.comterra.eu\/en\/p\/bohrstuetzen-vp600\/","og_site_name":"ComTerra","article_publisher":"https:\/\/web.facebook.com\/ComTerraEU","article_modified_time":"2022-11-04T14:56:37+00:00","og_image":[{"width":1740,"height":1754,"url":"https:\/\/shop.comterra.eu\/wp-content\/uploads\/2022\/06\/podpera_pevna-1.jpg","type":"image\/jpeg"}],"twitter_card":"summary_large_image","schema":{"@context":"https:\/\/schema.org","@graph":[{"@type":"WebPage","@id":"https:\/\/shop.comterra.eu\/p\/bohrstuetzen-vp600\/","url":"https:\/\/shop.comterra.eu\/p\/bohrstuetzen-vp600\/","name":"Bohrst\u00fctzen VP600 - ComTerra","isPartOf":{"@id":"https:\/\/shop.comterra.eu\/#website"},"datePublished":"2020-07-02T07:28:12+00:00","dateModified":"2022-11-04T14:56:37+00:00","description":"Pneumatska noga za bu\u0161ilicu, koristi se u kombinaciji sa ru\u010dnim pneumatskim bu\u0161ilicama; npr.: VK19, VK23-5, VK29-5...","breadcrumb":{"@id":"https:\/\/shop.comterra.eu\/p\/bohrstuetzen-vp600\/#breadcrumb"},"inLanguage":"en-US","potentialAction":[{"@type":"ReadAction","target":["https:\/\/shop.comterra.eu\/p\/bohrstuetzen-vp600\/"]}]},{"@type":"BreadcrumbList","@id":"https:\/\/shop.comterra.eu\/p\/bohrstuetzen-vp600\/#breadcrumb","itemListElement":[{"@type":"ListItem","position":1,"name":"ComTerra SHOP &#8211; Willkommen","item":"https:\/\/shop.comterra.eu\/"},{"@type":"ListItem","position":2,"name":"Bohrst\u00fctzen VP600"}]},{"@type":"WebSite","@id":"https:\/\/shop.comterra.eu\/#website","url":"https:\/\/shop.comterra.eu\/","name":"ComTerra","description":"","publisher":{"@id":"https:\/\/shop.comterra.eu\/#organization"},"potentialAction":[{"@type":"SearchAction","target":{"@type":"EntryPoint","urlTemplate":"https:\/\/shop.comterra.eu\/?s={search_term_string}"},"query-input":"required name=search_term_string"}],"inLanguage":"en-US"},{"@type":"Organization","@id":"https:\/\/shop.comterra.eu\/#organization","name":"ComTerra","url":"https:\/\/shop.comterra.eu\/","logo":{"@type":"ImageObject","inLanguage":"en-US","@id":"https:\/\/shop.comterra.eu\/#\/schema\/logo\/image\/","url":"https:\/\/shop.comterra.eu\/wp-content\/uploads\/2019\/12\/cropped-logo.png","contentUrl":"https:\/\/shop.comterra.eu\/wp-content\/uploads\/2019\/12\/cropped-logo.png","width":379,"height":89,"caption":"ComTerra"},"image":{"@id":"https:\/\/shop.comterra.eu\/#\/schema\/logo\/image\/"},"sameAs":["https:\/\/www.youtube.com\/channel\/UCn4vG_rMnFID5Hg_ooZKieg","https:\/\/web.facebook.com\/ComTerraEU"]}]}},"_links":{"self":[{"href":"https:\/\/shop.comterra.eu\/en\/wp-json\/wp\/v2\/product\/1956"}],"collection":[{"href":"https:\/\/shop.comterra.eu\/en\/wp-json\/wp\/v2\/product"}],"about":[{"href":"https:\/\/shop.comterra.eu\/en\/wp-json\/wp\/v2\/types\/product"}],"wp:featuredmedia":[{"embeddable":true,"href":"https:\/\/shop.comterra.eu\/en\/wp-json\/wp\/v2\/media\/16289"}],"wp:attachment":[{"href":"https:\/\/shop.comterra.eu\/en\/wp-json\/wp\/v2\/media?parent=1956"}],"wp:term":[{"taxonomy":"product_cat","embeddable":true,"href":"https:\/\/shop.comterra.eu\/en\/wp-json\/wp\/v2\/product_cat?post=1956"},{"taxonomy":"product_tag","embeddable":true,"href":"https:\/\/shop.comterra.eu\/en\/wp-json\/wp\/v2\/product_tag?post=1956"}],"curies":[{"name":"wp","href":"https:\/\/api.w.org\/{rel}","templated":true}]}}