{"id":1949,"date":"2020-06-26T12:41:12","date_gmt":"2020-06-26T12:41:12","guid":{"rendered":"https:\/\/shop.comterra.eu\/?post_type=product&#038;p=1949"},"modified":"2022-06-08T09:11:08","modified_gmt":"2022-06-08T09:11:08","slug":"sek-4-1ca","status":"publish","type":"product","link":"https:\/\/shop.comterra.eu\/en\/p\/sek-4-1ca\/","title":{"rendered":"SEK 4-1CA"},"content":{"rendered":"<p>Pneumatski \u010deki\u0107i za lomljenje PERMON omogu\u0107uju univerzalnu primjenu. Osobito se primjenjuju u gra\u0111evinarstvu (laki rezovi i ru\u0161enje, urezivanje, \u010di\u0161\u0107enje), ljevaonicama (\u010di\u0161\u0107enje odljevka, rezanje uzdignu\u0107a) i obradi kamena, te u kiparstvu.<\/p>\n<table>\n<tbody>\n<tr>\n<td>\u25cf\u00a0\u00a0\u00a0\u00a0 <strong>VISOKA INTENZITET UDARACA<br \/>\n<\/strong>\u25cf\u00a0\u00a0\u00a0\u00a0 <strong>SMANJENA BUKA<br \/>\n<\/strong>\u25cf\u00a0\u00a0\u00a0\u00a0 <strong>VRLO JEDNOSTAVNO RUKOVANJE<br \/>\n<\/strong>\u25cf\u00a0\u00a0\u00a0\u00a0 <strong>RU\u010cKA ZA JEDNOSTAVAN I SIGURAN RAD<br \/>\n<\/strong>\u25cf\u00a0\u00a0\u00a0\u00a0 <strong>STUPANJSKA REGULACIJA PERFORMANSA I RADA \u010cEKI\u0106A<br \/>\n\u25cf\u00a0 \u00a0 \u00a0VELIKI IZBOR ALATA I DODATAKA<br \/>\n<\/strong><\/td>\n<\/tr>\n<\/tbody>\n<\/table>\n<table width=\"128\">\n<tbody>\n<tr>\n<td width=\"64\">Tip<\/td>\n<td width=\"64\"><strong>SEK 4-1CA<\/strong><\/td>\n<\/tr>\n<tr>\n<td width=\"64\">Te\u017eina<\/td>\n<td width=\"64\">4,5 kg<\/td>\n<\/tr>\n<tr>\n<td width=\"64\">Dimenzije<\/td>\n<td width=\"64\">215 \u00d7 353 mm<\/td>\n<\/tr>\n<tr>\n<td width=\"64\">Potro\u0161nja zraka<\/td>\n<td width=\"64\">0,3 m<sup>3<\/sup>\/min<\/td>\n<\/tr>\n<tr>\n<td width=\"64\">Prihvat alata mm<\/td>\n<td width=\"64\"># 19 \u00d7 50<\/td>\n<\/tr>\n<tr>\n<td width=\"64\">Radni tlak<\/td>\n<td width=\"64\">4 &#8211; 7 bar<\/td>\n<\/tr>\n<tr>\n<td width=\"64\">Navoj<\/td>\n<td width=\"64\">G1\/2\u201c<\/td>\n<\/tr>\n<tr>\n<td width=\"64\">Buka<\/td>\n<td width=\"64\">4 &#8211; 7 bar<\/td>\n<\/tr>\n<tr>\n<td width=\"64\">Vibracije<\/td>\n<td width=\"64\">4 &#8211; 7 bar<\/td>\n<\/tr>\n<\/tbody>\n<\/table>\n<p>&nbsp;<\/p>","protected":false},"excerpt":{"rendered":"<p>SEK 4-1CA<\/p>","protected":false},"featured_media":16283,"template":"","meta":[],"product_cat":[290],"product_tag":[1135,1027,1028,1029,1030,1031,1032,1033,1034,1035,1036,1037,1038,1133,1134],"yoast_head":"<!-- This site is optimized with the Yoast SEO plugin v20.0 - https:\/\/yoast.com\/wordpress\/plugins\/seo\/ -->\n<title>SEK 4-1CA - ComTerra<\/title>\n<meta name=\"robots\" content=\"noindex, follow, max-snippet:-1, max-image-preview:large, max-video-preview:-1\" \/>\n<meta property=\"og:locale\" content=\"en_US\" \/>\n<meta property=\"og:type\" content=\"article\" \/>\n<meta property=\"og:title\" content=\"SEK 4-1CA - ComTerra\" \/>\n<meta property=\"og:description\" content=\"SEK 4-1CA\" \/>\n<meta property=\"og:url\" content=\"https:\/\/shop.comterra.eu\/en\/p\/sek-4-1ca\/\" \/>\n<meta property=\"og:site_name\" content=\"ComTerra\" \/>\n<meta property=\"article:publisher\" content=\"https:\/\/web.facebook.com\/ComTerraEU\" \/>\n<meta property=\"article:modified_time\" content=\"2022-06-08T09:11:08+00:00\" \/>\n<meta property=\"og:image\" content=\"https:\/\/shop.comterra.eu\/wp-content\/uploads\/2020\/06\/sek4-1ca1.jpg\" \/>\n\t<meta property=\"og:image:width\" content=\"2015\" \/>\n\t<meta property=\"og:image:height\" content=\"1920\" \/>\n\t<meta property=\"og:image:type\" content=\"image\/jpeg\" \/>\n<meta name=\"twitter:card\" content=\"summary_large_image\" \/>\n<script type=\"application\/ld+json\" class=\"yoast-schema-graph\">{\"@context\":\"https:\/\/schema.org\",\"@graph\":[{\"@type\":\"WebPage\",\"@id\":\"https:\/\/shop.comterra.eu\/p\/sek-4-1ca\/\",\"url\":\"https:\/\/shop.comterra.eu\/p\/sek-4-1ca\/\",\"name\":\"SEK 4-1CA - ComTerra\",\"isPartOf\":{\"@id\":\"https:\/\/shop.comterra.eu\/#website\"},\"datePublished\":\"2020-06-26T12:41:12+00:00\",\"dateModified\":\"2022-06-08T09:11:08+00:00\",\"breadcrumb\":{\"@id\":\"https:\/\/shop.comterra.eu\/p\/sek-4-1ca\/#breadcrumb\"},\"inLanguage\":\"en-US\",\"potentialAction\":[{\"@type\":\"ReadAction\",\"target\":[\"https:\/\/shop.comterra.eu\/p\/sek-4-1ca\/\"]}]},{\"@type\":\"BreadcrumbList\",\"@id\":\"https:\/\/shop.comterra.eu\/p\/sek-4-1ca\/#breadcrumb\",\"itemListElement\":[{\"@type\":\"ListItem\",\"position\":1,\"name\":\"ComTerra SHOP &#8211; Willkommen\",\"item\":\"https:\/\/shop.comterra.eu\/\"},{\"@type\":\"ListItem\",\"position\":2,\"name\":\"SEK 4-1CA\"}]},{\"@type\":\"WebSite\",\"@id\":\"https:\/\/shop.comterra.eu\/#website\",\"url\":\"https:\/\/shop.comterra.eu\/\",\"name\":\"ComTerra\",\"description\":\"\",\"publisher\":{\"@id\":\"https:\/\/shop.comterra.eu\/#organization\"},\"potentialAction\":[{\"@type\":\"SearchAction\",\"target\":{\"@type\":\"EntryPoint\",\"urlTemplate\":\"https:\/\/shop.comterra.eu\/?s={search_term_string}\"},\"query-input\":\"required name=search_term_string\"}],\"inLanguage\":\"en-US\"},{\"@type\":\"Organization\",\"@id\":\"https:\/\/shop.comterra.eu\/#organization\",\"name\":\"ComTerra\",\"url\":\"https:\/\/shop.comterra.eu\/\",\"logo\":{\"@type\":\"ImageObject\",\"inLanguage\":\"en-US\",\"@id\":\"https:\/\/shop.comterra.eu\/#\/schema\/logo\/image\/\",\"url\":\"https:\/\/shop.comterra.eu\/wp-content\/uploads\/2019\/12\/cropped-logo.png\",\"contentUrl\":\"https:\/\/shop.comterra.eu\/wp-content\/uploads\/2019\/12\/cropped-logo.png\",\"width\":379,\"height\":89,\"caption\":\"ComTerra\"},\"image\":{\"@id\":\"https:\/\/shop.comterra.eu\/#\/schema\/logo\/image\/\"},\"sameAs\":[\"https:\/\/www.youtube.com\/channel\/UCn4vG_rMnFID5Hg_ooZKieg\",\"https:\/\/web.facebook.com\/ComTerraEU\"]}]}<\/script>\n<!-- \/ Yoast SEO plugin. -->","yoast_head_json":{"title":"SEK 4-1CA - ComTerra","robots":{"index":"noindex","follow":"follow","max-snippet":"max-snippet:-1","max-image-preview":"max-image-preview:large","max-video-preview":"max-video-preview:-1"},"og_locale":"en_US","og_type":"article","og_title":"SEK 4-1CA - ComTerra","og_description":"SEK 4-1CA","og_url":"https:\/\/shop.comterra.eu\/en\/p\/sek-4-1ca\/","og_site_name":"ComTerra","article_publisher":"https:\/\/web.facebook.com\/ComTerraEU","article_modified_time":"2022-06-08T09:11:08+00:00","og_image":[{"width":2015,"height":1920,"url":"https:\/\/shop.comterra.eu\/wp-content\/uploads\/2020\/06\/sek4-1ca1.jpg","type":"image\/jpeg"}],"twitter_card":"summary_large_image","schema":{"@context":"https:\/\/schema.org","@graph":[{"@type":"WebPage","@id":"https:\/\/shop.comterra.eu\/p\/sek-4-1ca\/","url":"https:\/\/shop.comterra.eu\/p\/sek-4-1ca\/","name":"SEK 4-1CA - ComTerra","isPartOf":{"@id":"https:\/\/shop.comterra.eu\/#website"},"datePublished":"2020-06-26T12:41:12+00:00","dateModified":"2022-06-08T09:11:08+00:00","breadcrumb":{"@id":"https:\/\/shop.comterra.eu\/p\/sek-4-1ca\/#breadcrumb"},"inLanguage":"en-US","potentialAction":[{"@type":"ReadAction","target":["https:\/\/shop.comterra.eu\/p\/sek-4-1ca\/"]}]},{"@type":"BreadcrumbList","@id":"https:\/\/shop.comterra.eu\/p\/sek-4-1ca\/#breadcrumb","itemListElement":[{"@type":"ListItem","position":1,"name":"ComTerra SHOP &#8211; Willkommen","item":"https:\/\/shop.comterra.eu\/"},{"@type":"ListItem","position":2,"name":"SEK 4-1CA"}]},{"@type":"WebSite","@id":"https:\/\/shop.comterra.eu\/#website","url":"https:\/\/shop.comterra.eu\/","name":"ComTerra","description":"","publisher":{"@id":"https:\/\/shop.comterra.eu\/#organization"},"potentialAction":[{"@type":"SearchAction","target":{"@type":"EntryPoint","urlTemplate":"https:\/\/shop.comterra.eu\/?s={search_term_string}"},"query-input":"required name=search_term_string"}],"inLanguage":"en-US"},{"@type":"Organization","@id":"https:\/\/shop.comterra.eu\/#organization","name":"ComTerra","url":"https:\/\/shop.comterra.eu\/","logo":{"@type":"ImageObject","inLanguage":"en-US","@id":"https:\/\/shop.comterra.eu\/#\/schema\/logo\/image\/","url":"https:\/\/shop.comterra.eu\/wp-content\/uploads\/2019\/12\/cropped-logo.png","contentUrl":"https:\/\/shop.comterra.eu\/wp-content\/uploads\/2019\/12\/cropped-logo.png","width":379,"height":89,"caption":"ComTerra"},"image":{"@id":"https:\/\/shop.comterra.eu\/#\/schema\/logo\/image\/"},"sameAs":["https:\/\/www.youtube.com\/channel\/UCn4vG_rMnFID5Hg_ooZKieg","https:\/\/web.facebook.com\/ComTerraEU"]}]}},"_links":{"self":[{"href":"https:\/\/shop.comterra.eu\/en\/wp-json\/wp\/v2\/product\/1949"}],"collection":[{"href":"https:\/\/shop.comterra.eu\/en\/wp-json\/wp\/v2\/product"}],"about":[{"href":"https:\/\/shop.comterra.eu\/en\/wp-json\/wp\/v2\/types\/product"}],"wp:featuredmedia":[{"embeddable":true,"href":"https:\/\/shop.comterra.eu\/en\/wp-json\/wp\/v2\/media\/16283"}],"wp:attachment":[{"href":"https:\/\/shop.comterra.eu\/en\/wp-json\/wp\/v2\/media?parent=1949"}],"wp:term":[{"taxonomy":"product_cat","embeddable":true,"href":"https:\/\/shop.comterra.eu\/en\/wp-json\/wp\/v2\/product_cat?post=1949"},{"taxonomy":"product_tag","embeddable":true,"href":"https:\/\/shop.comterra.eu\/en\/wp-json\/wp\/v2\/product_tag?post=1949"}],"curies":[{"name":"wp","href":"https:\/\/api.w.org\/{rel}","templated":true}]}}