{"id":1925,"date":"2020-06-23T08:52:49","date_gmt":"2020-06-23T08:52:49","guid":{"rendered":"https:\/\/shop.comterra.eu\/?post_type=product&#038;p=1925"},"modified":"2022-11-04T14:57:54","modified_gmt":"2022-11-04T14:57:54","slug":"stecker-zum-entfernen-von-erde-durchmesser-o159-o219-o273-o324-o355-o406-o508mm-o610mm-625mm-o711mm-o813mm-o1016mm","status":"publish","type":"product","link":"https:\/\/shop.comterra.eu\/en\/p\/stecker-zum-entfernen-von-erde-durchmesser-o159-o219-o273-o324-o355-o406-o508mm-o610mm-625mm-o711mm-o813mm-o1016mm\/","title":{"rendered":"Stecker zum Entfernen von Erde &#8211; Durchmesser \u00d8159, \u00d8219, \u00d8273, \u00d8324, \u00d8355, \u00d8406, \u00d8508mm, \u00d8610mm, 625mm, \u00d8711mm, \u00d8813mm, \u00d81016mm"},"content":{"rendered":"<p>\u010cep za uklanjane zemlje, dodatak za pneumatske rakete, promjeri \u010depa \u00d8159, \u00d8219, \u00d8273, \u00d8324, \u00d8355, \u00d8406, \u00d8508mm, \u00d8610mm, 625mm, \u00d8711mm, \u00d8813mm, \u00d81016mm<\/p>","protected":false},"excerpt":{"rendered":"<p>\u010cep za uklanjane zemlje, dodatak za pneumatske rakete, promjeri \u010depa \u00d8159, \u00d8219, \u00d8273, \u00d8324, \u00d8355, \u00d8406, \u00d8508mm, \u00d8610mm, 625mm, \u00d8711mm, \u00d8813mm, \u00d81016mm<\/p>","protected":false},"featured_media":16279,"template":"","meta":[],"product_cat":[52],"product_tag":[1129,982,1130,984,1131,1103,1132,1104,1105,1106,1107,1108,1109,1110,1111,1112,1125,1126,1127],"yoast_head":"<!-- This site is optimized with the Yoast SEO plugin v20.0 - https:\/\/yoast.com\/wordpress\/plugins\/seo\/ -->\n<title>Stecker zum Entfernen von Erde - Durchmesser \u00d8159, \u00d8219, \u00d8273, \u00d8324, \u00d8355, \u00d8406, \u00d8508mm, \u00d8610mm, 625mm, \u00d8711mm, \u00d8813mm, \u00d81016mm - ComTerra<\/title>\n<meta name=\"robots\" content=\"noindex, follow, max-snippet:-1, max-image-preview:large, max-video-preview:-1\" \/>\n<meta property=\"og:locale\" content=\"en_US\" \/>\n<meta property=\"og:type\" content=\"article\" \/>\n<meta property=\"og:title\" content=\"Stecker zum Entfernen von Erde - Durchmesser \u00d8159, \u00d8219, \u00d8273, \u00d8324, \u00d8355, \u00d8406, \u00d8508mm, \u00d8610mm, 625mm, \u00d8711mm, \u00d8813mm, \u00d81016mm - ComTerra\" \/>\n<meta property=\"og:description\" content=\"\u010cep za uklanjane zemlje, dodatak za pneumatske rakete, promjeri \u010depa \u00d8159, \u00d8219, \u00d8273, \u00d8324, \u00d8355, \u00d8406, \u00d8508mm, \u00d8610mm, 625mm, \u00d8711mm, \u00d8813mm, \u00d81016mm\" \/>\n<meta property=\"og:url\" content=\"https:\/\/shop.comterra.eu\/en\/p\/stecker-zum-entfernen-von-erde-durchmesser-o159-o219-o273-o324-o355-o406-o508mm-o610mm-625mm-o711mm-o813mm-o1016mm\/\" \/>\n<meta property=\"og:site_name\" content=\"ComTerra\" \/>\n<meta property=\"article:publisher\" content=\"https:\/\/web.facebook.com\/ComTerraEU\" \/>\n<meta property=\"article:modified_time\" content=\"2022-11-04T14:57:54+00:00\" \/>\n<meta property=\"og:image\" content=\"https:\/\/shop.comterra.eu\/wp-content\/uploads\/2022\/06\/soil-remover-e1591692161231-150x150-1.png\" \/>\n\t<meta property=\"og:image:width\" content=\"150\" \/>\n\t<meta property=\"og:image:height\" content=\"150\" \/>\n\t<meta property=\"og:image:type\" content=\"image\/png\" \/>\n<meta name=\"twitter:card\" content=\"summary_large_image\" \/>\n<script type=\"application\/ld+json\" class=\"yoast-schema-graph\">{\"@context\":\"https:\/\/schema.org\",\"@graph\":[{\"@type\":\"WebPage\",\"@id\":\"https:\/\/shop.comterra.eu\/p\/stecker-zum-entfernen-von-erde-durchmesser-o159-o219-o273-o324-o355-o406-o508mm-o610mm-625mm-o711mm-o813mm-o1016mm\/\",\"url\":\"https:\/\/shop.comterra.eu\/p\/stecker-zum-entfernen-von-erde-durchmesser-o159-o219-o273-o324-o355-o406-o508mm-o610mm-625mm-o711mm-o813mm-o1016mm\/\",\"name\":\"Stecker zum Entfernen von Erde - Durchmesser \u00d8159, \u00d8219, \u00d8273, \u00d8324, \u00d8355, \u00d8406, \u00d8508mm, \u00d8610mm, 625mm, \u00d8711mm, \u00d8813mm, \u00d81016mm - ComTerra\",\"isPartOf\":{\"@id\":\"https:\/\/shop.comterra.eu\/#website\"},\"datePublished\":\"2020-06-23T08:52:49+00:00\",\"dateModified\":\"2022-11-04T14:57:54+00:00\",\"breadcrumb\":{\"@id\":\"https:\/\/shop.comterra.eu\/p\/stecker-zum-entfernen-von-erde-durchmesser-o159-o219-o273-o324-o355-o406-o508mm-o610mm-625mm-o711mm-o813mm-o1016mm\/#breadcrumb\"},\"inLanguage\":\"en-US\",\"potentialAction\":[{\"@type\":\"ReadAction\",\"target\":[\"https:\/\/shop.comterra.eu\/p\/stecker-zum-entfernen-von-erde-durchmesser-o159-o219-o273-o324-o355-o406-o508mm-o610mm-625mm-o711mm-o813mm-o1016mm\/\"]}]},{\"@type\":\"BreadcrumbList\",\"@id\":\"https:\/\/shop.comterra.eu\/p\/stecker-zum-entfernen-von-erde-durchmesser-o159-o219-o273-o324-o355-o406-o508mm-o610mm-625mm-o711mm-o813mm-o1016mm\/#breadcrumb\",\"itemListElement\":[{\"@type\":\"ListItem\",\"position\":1,\"name\":\"ComTerra SHOP &#8211; Willkommen\",\"item\":\"https:\/\/shop.comterra.eu\/\"},{\"@type\":\"ListItem\",\"position\":2,\"name\":\"Stecker zum Entfernen von Erde &#8211; Durchmesser \u00d8159, \u00d8219, \u00d8273, \u00d8324, \u00d8355, \u00d8406, \u00d8508mm, \u00d8610mm, 625mm, \u00d8711mm, \u00d8813mm, \u00d81016mm\"}]},{\"@type\":\"WebSite\",\"@id\":\"https:\/\/shop.comterra.eu\/#website\",\"url\":\"https:\/\/shop.comterra.eu\/\",\"name\":\"ComTerra\",\"description\":\"\",\"publisher\":{\"@id\":\"https:\/\/shop.comterra.eu\/#organization\"},\"potentialAction\":[{\"@type\":\"SearchAction\",\"target\":{\"@type\":\"EntryPoint\",\"urlTemplate\":\"https:\/\/shop.comterra.eu\/?s={search_term_string}\"},\"query-input\":\"required name=search_term_string\"}],\"inLanguage\":\"en-US\"},{\"@type\":\"Organization\",\"@id\":\"https:\/\/shop.comterra.eu\/#organization\",\"name\":\"ComTerra\",\"url\":\"https:\/\/shop.comterra.eu\/\",\"logo\":{\"@type\":\"ImageObject\",\"inLanguage\":\"en-US\",\"@id\":\"https:\/\/shop.comterra.eu\/#\/schema\/logo\/image\/\",\"url\":\"https:\/\/shop.comterra.eu\/wp-content\/uploads\/2019\/12\/cropped-logo.png\",\"contentUrl\":\"https:\/\/shop.comterra.eu\/wp-content\/uploads\/2019\/12\/cropped-logo.png\",\"width\":379,\"height\":89,\"caption\":\"ComTerra\"},\"image\":{\"@id\":\"https:\/\/shop.comterra.eu\/#\/schema\/logo\/image\/\"},\"sameAs\":[\"https:\/\/www.youtube.com\/channel\/UCn4vG_rMnFID5Hg_ooZKieg\",\"https:\/\/web.facebook.com\/ComTerraEU\"]}]}<\/script>\n<!-- \/ Yoast SEO plugin. -->","yoast_head_json":{"title":"Stecker zum Entfernen von Erde - Durchmesser \u00d8159, \u00d8219, \u00d8273, \u00d8324, \u00d8355, \u00d8406, \u00d8508mm, \u00d8610mm, 625mm, \u00d8711mm, \u00d8813mm, \u00d81016mm - ComTerra","robots":{"index":"noindex","follow":"follow","max-snippet":"max-snippet:-1","max-image-preview":"max-image-preview:large","max-video-preview":"max-video-preview:-1"},"og_locale":"en_US","og_type":"article","og_title":"Stecker zum Entfernen von Erde - Durchmesser \u00d8159, \u00d8219, \u00d8273, \u00d8324, \u00d8355, \u00d8406, \u00d8508mm, \u00d8610mm, 625mm, \u00d8711mm, \u00d8813mm, \u00d81016mm - ComTerra","og_description":"\u010cep za uklanjane zemlje, dodatak za pneumatske rakete, promjeri \u010depa \u00d8159, \u00d8219, \u00d8273, \u00d8324, \u00d8355, \u00d8406, \u00d8508mm, \u00d8610mm, 625mm, \u00d8711mm, \u00d8813mm, \u00d81016mm","og_url":"https:\/\/shop.comterra.eu\/en\/p\/stecker-zum-entfernen-von-erde-durchmesser-o159-o219-o273-o324-o355-o406-o508mm-o610mm-625mm-o711mm-o813mm-o1016mm\/","og_site_name":"ComTerra","article_publisher":"https:\/\/web.facebook.com\/ComTerraEU","article_modified_time":"2022-11-04T14:57:54+00:00","og_image":[{"width":150,"height":150,"url":"https:\/\/shop.comterra.eu\/wp-content\/uploads\/2022\/06\/soil-remover-e1591692161231-150x150-1.png","type":"image\/png"}],"twitter_card":"summary_large_image","schema":{"@context":"https:\/\/schema.org","@graph":[{"@type":"WebPage","@id":"https:\/\/shop.comterra.eu\/p\/stecker-zum-entfernen-von-erde-durchmesser-o159-o219-o273-o324-o355-o406-o508mm-o610mm-625mm-o711mm-o813mm-o1016mm\/","url":"https:\/\/shop.comterra.eu\/p\/stecker-zum-entfernen-von-erde-durchmesser-o159-o219-o273-o324-o355-o406-o508mm-o610mm-625mm-o711mm-o813mm-o1016mm\/","name":"Stecker zum Entfernen von Erde - Durchmesser \u00d8159, \u00d8219, \u00d8273, \u00d8324, \u00d8355, \u00d8406, \u00d8508mm, \u00d8610mm, 625mm, \u00d8711mm, \u00d8813mm, \u00d81016mm - ComTerra","isPartOf":{"@id":"https:\/\/shop.comterra.eu\/#website"},"datePublished":"2020-06-23T08:52:49+00:00","dateModified":"2022-11-04T14:57:54+00:00","breadcrumb":{"@id":"https:\/\/shop.comterra.eu\/p\/stecker-zum-entfernen-von-erde-durchmesser-o159-o219-o273-o324-o355-o406-o508mm-o610mm-625mm-o711mm-o813mm-o1016mm\/#breadcrumb"},"inLanguage":"en-US","potentialAction":[{"@type":"ReadAction","target":["https:\/\/shop.comterra.eu\/p\/stecker-zum-entfernen-von-erde-durchmesser-o159-o219-o273-o324-o355-o406-o508mm-o610mm-625mm-o711mm-o813mm-o1016mm\/"]}]},{"@type":"BreadcrumbList","@id":"https:\/\/shop.comterra.eu\/p\/stecker-zum-entfernen-von-erde-durchmesser-o159-o219-o273-o324-o355-o406-o508mm-o610mm-625mm-o711mm-o813mm-o1016mm\/#breadcrumb","itemListElement":[{"@type":"ListItem","position":1,"name":"ComTerra SHOP &#8211; Willkommen","item":"https:\/\/shop.comterra.eu\/"},{"@type":"ListItem","position":2,"name":"Stecker zum Entfernen von Erde &#8211; Durchmesser \u00d8159, \u00d8219, \u00d8273, \u00d8324, \u00d8355, \u00d8406, \u00d8508mm, \u00d8610mm, 625mm, \u00d8711mm, \u00d8813mm, \u00d81016mm"}]},{"@type":"WebSite","@id":"https:\/\/shop.comterra.eu\/#website","url":"https:\/\/shop.comterra.eu\/","name":"ComTerra","description":"","publisher":{"@id":"https:\/\/shop.comterra.eu\/#organization"},"potentialAction":[{"@type":"SearchAction","target":{"@type":"EntryPoint","urlTemplate":"https:\/\/shop.comterra.eu\/?s={search_term_string}"},"query-input":"required name=search_term_string"}],"inLanguage":"en-US"},{"@type":"Organization","@id":"https:\/\/shop.comterra.eu\/#organization","name":"ComTerra","url":"https:\/\/shop.comterra.eu\/","logo":{"@type":"ImageObject","inLanguage":"en-US","@id":"https:\/\/shop.comterra.eu\/#\/schema\/logo\/image\/","url":"https:\/\/shop.comterra.eu\/wp-content\/uploads\/2019\/12\/cropped-logo.png","contentUrl":"https:\/\/shop.comterra.eu\/wp-content\/uploads\/2019\/12\/cropped-logo.png","width":379,"height":89,"caption":"ComTerra"},"image":{"@id":"https:\/\/shop.comterra.eu\/#\/schema\/logo\/image\/"},"sameAs":["https:\/\/www.youtube.com\/channel\/UCn4vG_rMnFID5Hg_ooZKieg","https:\/\/web.facebook.com\/ComTerraEU"]}]}},"_links":{"self":[{"href":"https:\/\/shop.comterra.eu\/en\/wp-json\/wp\/v2\/product\/1925"}],"collection":[{"href":"https:\/\/shop.comterra.eu\/en\/wp-json\/wp\/v2\/product"}],"about":[{"href":"https:\/\/shop.comterra.eu\/en\/wp-json\/wp\/v2\/types\/product"}],"wp:featuredmedia":[{"embeddable":true,"href":"https:\/\/shop.comterra.eu\/en\/wp-json\/wp\/v2\/media\/16279"}],"wp:attachment":[{"href":"https:\/\/shop.comterra.eu\/en\/wp-json\/wp\/v2\/media?parent=1925"}],"wp:term":[{"taxonomy":"product_cat","embeddable":true,"href":"https:\/\/shop.comterra.eu\/en\/wp-json\/wp\/v2\/product_cat?post=1925"},{"taxonomy":"product_tag","embeddable":true,"href":"https:\/\/shop.comterra.eu\/en\/wp-json\/wp\/v2\/product_tag?post=1925"}],"curies":[{"name":"wp","href":"https:\/\/api.w.org\/{rel}","templated":true}]}}