{"id":1911,"date":"2020-06-09T09:36:06","date_gmt":"2020-06-09T09:36:06","guid":{"rendered":"https:\/\/shop.comterra.eu\/?post_type=product&#038;p=1911"},"modified":"2022-12-15T13:46:39","modified_gmt":"2022-12-15T13:46:39","slug":"kompressorschlaeuche","status":"publish","type":"product","link":"https:\/\/shop.comterra.eu\/en\/p\/kompressorschlaeuche\/","title":{"rendered":"Kompressorschl\u00e4uche"},"content":{"rendered":"<p>Zra\u010dno crijevo za pneumatske alate<br \/>\n\u00d83\/4&#8220;<br \/>\n\u00d81&#8220;<br \/>\n\u00d81.1\/4&#8220;<br \/>\n\u00d81.1\/2&#8220;<br \/>\n\u00d82&#8220;<br \/>\n\u00d82.1\/2&#8220;<br \/>\n\u00d83&#8220;<\/p>","protected":false},"excerpt":{"rendered":"<p>Zra\u010dno crijevo za pneumatske alate \u00d83\/4&#8220; \u00d81&#8220; \u00d81.1\/4&#8220; \u00d81.1\/2&#8220; \u00d82&#8220; \u00d82.1\/2&#8220; \u00d83&#8220;<\/p>","protected":false},"featured_media":16275,"template":"","meta":[],"product_cat":[52],"product_tag":[1107,1108,1109,1110,1111,1112,1125,1126,1127,1129,982,1130,984,1131,1103,1104,1105,1106],"yoast_head":"<!-- This site is optimized with the Yoast SEO plugin v20.0 - https:\/\/yoast.com\/wordpress\/plugins\/seo\/ -->\n<title>Kompressorschl\u00e4uche - ComTerra<\/title>\n<meta name=\"description\" content=\"Kvalitetno zra\u010dno crijevo za pneumatske alate. Razli\u010dite du\u017eine i promjeri. Od \u00d83\/4&#039;&#039; do &#039;\u00d83&#039;&#039;. Sigurna i pouzdana dostava na va\u0161e skladi\u0161te.\" \/>\n<meta name=\"robots\" content=\"noindex, follow, max-snippet:-1, max-image-preview:large, max-video-preview:-1\" \/>\n<meta property=\"og:locale\" content=\"en_US\" \/>\n<meta property=\"og:type\" content=\"article\" \/>\n<meta property=\"og:title\" content=\"Kompressorschl\u00e4uche - ComTerra\" \/>\n<meta property=\"og:description\" content=\"Kvalitetno zra\u010dno crijevo za pneumatske alate. Razli\u010dite du\u017eine i promjeri. Od \u00d83\/4&#039;&#039; do &#039;\u00d83&#039;&#039;. Sigurna i pouzdana dostava na va\u0161e skladi\u0161te.\" \/>\n<meta property=\"og:url\" content=\"https:\/\/shop.comterra.eu\/en\/p\/kompressorschlaeuche\/\" \/>\n<meta property=\"og:site_name\" content=\"ComTerra\" \/>\n<meta property=\"article:publisher\" content=\"https:\/\/web.facebook.com\/ComTerraEU\" \/>\n<meta property=\"article:modified_time\" content=\"2022-12-15T13:46:39+00:00\" \/>\n<meta property=\"og:image\" content=\"https:\/\/shop.comterra.eu\/wp-content\/uploads\/2022\/06\/DN19_zrak_voda_IMG_4700.jpg\" \/>\n\t<meta property=\"og:image:width\" content=\"1224\" \/>\n\t<meta property=\"og:image:height\" content=\"1406\" \/>\n\t<meta property=\"og:image:type\" content=\"image\/jpeg\" \/>\n<meta name=\"twitter:card\" content=\"summary_large_image\" \/>\n<script type=\"application\/ld+json\" class=\"yoast-schema-graph\">{\"@context\":\"https:\/\/schema.org\",\"@graph\":[{\"@type\":\"WebPage\",\"@id\":\"https:\/\/shop.comterra.eu\/p\/kompressorschlaeuche\/\",\"url\":\"https:\/\/shop.comterra.eu\/p\/kompressorschlaeuche\/\",\"name\":\"Kompressorschl\u00e4uche - ComTerra\",\"isPartOf\":{\"@id\":\"https:\/\/shop.comterra.eu\/#website\"},\"datePublished\":\"2020-06-09T09:36:06+00:00\",\"dateModified\":\"2022-12-15T13:46:39+00:00\",\"description\":\"Kvalitetno zra\u010dno crijevo za pneumatske alate. Razli\u010dite du\u017eine i promjeri. Od \u00d83\/4'' do '\u00d83''. Sigurna i pouzdana dostava na va\u0161e skladi\u0161te.\",\"breadcrumb\":{\"@id\":\"https:\/\/shop.comterra.eu\/p\/kompressorschlaeuche\/#breadcrumb\"},\"inLanguage\":\"en-US\",\"potentialAction\":[{\"@type\":\"ReadAction\",\"target\":[\"https:\/\/shop.comterra.eu\/p\/kompressorschlaeuche\/\"]}]},{\"@type\":\"BreadcrumbList\",\"@id\":\"https:\/\/shop.comterra.eu\/p\/kompressorschlaeuche\/#breadcrumb\",\"itemListElement\":[{\"@type\":\"ListItem\",\"position\":1,\"name\":\"ComTerra SHOP &#8211; Willkommen\",\"item\":\"https:\/\/shop.comterra.eu\/\"},{\"@type\":\"ListItem\",\"position\":2,\"name\":\"Kompressorschl\u00e4uche\"}]},{\"@type\":\"WebSite\",\"@id\":\"https:\/\/shop.comterra.eu\/#website\",\"url\":\"https:\/\/shop.comterra.eu\/\",\"name\":\"ComTerra\",\"description\":\"\",\"publisher\":{\"@id\":\"https:\/\/shop.comterra.eu\/#organization\"},\"potentialAction\":[{\"@type\":\"SearchAction\",\"target\":{\"@type\":\"EntryPoint\",\"urlTemplate\":\"https:\/\/shop.comterra.eu\/?s={search_term_string}\"},\"query-input\":\"required name=search_term_string\"}],\"inLanguage\":\"en-US\"},{\"@type\":\"Organization\",\"@id\":\"https:\/\/shop.comterra.eu\/#organization\",\"name\":\"ComTerra\",\"url\":\"https:\/\/shop.comterra.eu\/\",\"logo\":{\"@type\":\"ImageObject\",\"inLanguage\":\"en-US\",\"@id\":\"https:\/\/shop.comterra.eu\/#\/schema\/logo\/image\/\",\"url\":\"https:\/\/shop.comterra.eu\/wp-content\/uploads\/2019\/12\/cropped-logo.png\",\"contentUrl\":\"https:\/\/shop.comterra.eu\/wp-content\/uploads\/2019\/12\/cropped-logo.png\",\"width\":379,\"height\":89,\"caption\":\"ComTerra\"},\"image\":{\"@id\":\"https:\/\/shop.comterra.eu\/#\/schema\/logo\/image\/\"},\"sameAs\":[\"https:\/\/www.youtube.com\/channel\/UCn4vG_rMnFID5Hg_ooZKieg\",\"https:\/\/web.facebook.com\/ComTerraEU\"]}]}<\/script>\n<!-- \/ Yoast SEO plugin. -->","yoast_head_json":{"title":"Kompressorschl\u00e4uche - ComTerra","description":"Kvalitetno zra\u010dno crijevo za pneumatske alate. Razli\u010dite du\u017eine i promjeri. Od \u00d83\/4'' do '\u00d83''. Sigurna i pouzdana dostava na va\u0161e skladi\u0161te.","robots":{"index":"noindex","follow":"follow","max-snippet":"max-snippet:-1","max-image-preview":"max-image-preview:large","max-video-preview":"max-video-preview:-1"},"og_locale":"en_US","og_type":"article","og_title":"Kompressorschl\u00e4uche - ComTerra","og_description":"Kvalitetno zra\u010dno crijevo za pneumatske alate. Razli\u010dite du\u017eine i promjeri. Od \u00d83\/4'' do '\u00d83''. Sigurna i pouzdana dostava na va\u0161e skladi\u0161te.","og_url":"https:\/\/shop.comterra.eu\/en\/p\/kompressorschlaeuche\/","og_site_name":"ComTerra","article_publisher":"https:\/\/web.facebook.com\/ComTerraEU","article_modified_time":"2022-12-15T13:46:39+00:00","og_image":[{"width":1224,"height":1406,"url":"https:\/\/shop.comterra.eu\/wp-content\/uploads\/2022\/06\/DN19_zrak_voda_IMG_4700.jpg","type":"image\/jpeg"}],"twitter_card":"summary_large_image","schema":{"@context":"https:\/\/schema.org","@graph":[{"@type":"WebPage","@id":"https:\/\/shop.comterra.eu\/p\/kompressorschlaeuche\/","url":"https:\/\/shop.comterra.eu\/p\/kompressorschlaeuche\/","name":"Kompressorschl\u00e4uche - ComTerra","isPartOf":{"@id":"https:\/\/shop.comterra.eu\/#website"},"datePublished":"2020-06-09T09:36:06+00:00","dateModified":"2022-12-15T13:46:39+00:00","description":"Kvalitetno zra\u010dno crijevo za pneumatske alate. Razli\u010dite du\u017eine i promjeri. Od \u00d83\/4'' do '\u00d83''. Sigurna i pouzdana dostava na va\u0161e skladi\u0161te.","breadcrumb":{"@id":"https:\/\/shop.comterra.eu\/p\/kompressorschlaeuche\/#breadcrumb"},"inLanguage":"en-US","potentialAction":[{"@type":"ReadAction","target":["https:\/\/shop.comterra.eu\/p\/kompressorschlaeuche\/"]}]},{"@type":"BreadcrumbList","@id":"https:\/\/shop.comterra.eu\/p\/kompressorschlaeuche\/#breadcrumb","itemListElement":[{"@type":"ListItem","position":1,"name":"ComTerra SHOP &#8211; Willkommen","item":"https:\/\/shop.comterra.eu\/"},{"@type":"ListItem","position":2,"name":"Kompressorschl\u00e4uche"}]},{"@type":"WebSite","@id":"https:\/\/shop.comterra.eu\/#website","url":"https:\/\/shop.comterra.eu\/","name":"ComTerra","description":"","publisher":{"@id":"https:\/\/shop.comterra.eu\/#organization"},"potentialAction":[{"@type":"SearchAction","target":{"@type":"EntryPoint","urlTemplate":"https:\/\/shop.comterra.eu\/?s={search_term_string}"},"query-input":"required name=search_term_string"}],"inLanguage":"en-US"},{"@type":"Organization","@id":"https:\/\/shop.comterra.eu\/#organization","name":"ComTerra","url":"https:\/\/shop.comterra.eu\/","logo":{"@type":"ImageObject","inLanguage":"en-US","@id":"https:\/\/shop.comterra.eu\/#\/schema\/logo\/image\/","url":"https:\/\/shop.comterra.eu\/wp-content\/uploads\/2019\/12\/cropped-logo.png","contentUrl":"https:\/\/shop.comterra.eu\/wp-content\/uploads\/2019\/12\/cropped-logo.png","width":379,"height":89,"caption":"ComTerra"},"image":{"@id":"https:\/\/shop.comterra.eu\/#\/schema\/logo\/image\/"},"sameAs":["https:\/\/www.youtube.com\/channel\/UCn4vG_rMnFID5Hg_ooZKieg","https:\/\/web.facebook.com\/ComTerraEU"]}]}},"_links":{"self":[{"href":"https:\/\/shop.comterra.eu\/en\/wp-json\/wp\/v2\/product\/1911"}],"collection":[{"href":"https:\/\/shop.comterra.eu\/en\/wp-json\/wp\/v2\/product"}],"about":[{"href":"https:\/\/shop.comterra.eu\/en\/wp-json\/wp\/v2\/types\/product"}],"wp:featuredmedia":[{"embeddable":true,"href":"https:\/\/shop.comterra.eu\/en\/wp-json\/wp\/v2\/media\/16275"}],"wp:attachment":[{"href":"https:\/\/shop.comterra.eu\/en\/wp-json\/wp\/v2\/media?parent=1911"}],"wp:term":[{"taxonomy":"product_cat","embeddable":true,"href":"https:\/\/shop.comterra.eu\/en\/wp-json\/wp\/v2\/product_cat?post=1911"},{"taxonomy":"product_tag","embeddable":true,"href":"https:\/\/shop.comterra.eu\/en\/wp-json\/wp\/v2\/product_tag?post=1911"}],"curies":[{"name":"wp","href":"https:\/\/api.w.org\/{rel}","templated":true}]}}