{"id":1886,"date":"2020-06-04T12:56:04","date_gmt":"2020-06-04T12:56:04","guid":{"rendered":"https:\/\/shop.comterra.eu\/?post_type=product&#038;p=1886"},"modified":"2022-12-15T14:27:01","modified_gmt":"2022-12-15T14:27:01","slug":"hb500-gezahntes-anschraubmesser-fuer-lader","status":"publish","type":"product","link":"https:\/\/shop.comterra.eu\/en\/p\/hb500-gezahntes-anschraubmesser-fuer-lader\/","title":{"rendered":"HB500 Gezahntes Anschraubmesser f\u00fcr Lader"},"content":{"rendered":"<p>Proizvodnja i prodaja HARDOX habaju\u0107ih plo\u010da po mjeri. Izra\u0111eni od Hardox HB500 materijala.<br \/>\nGotovi profili rezani na mjeru! Rupe za bolt-on vijke po mjeri. Bolt-on plo\u010da nazubljena za utovariva\u010de.<\/p>\n<table width=\"458\">\n<tbody>\n<tr>\n<td width=\"77\"><strong>Dimenzije (mm)<\/strong><\/td>\n<td width=\"64\"><\/td>\n<td width=\"64\"><\/td>\n<td width=\"64\"><\/td>\n<td width=\"125\"><\/td>\n<td width=\"64\"><\/td>\n<\/tr>\n<tr>\n<td><strong>W<\/strong><\/td>\n<td><strong>T<\/strong><\/td>\n<td><strong>L<\/strong><\/td>\n<td width=\"64\"><strong>Razmak izme\u0111u rupa<\/strong><\/td>\n<td width=\"125\"><strong>Razmak izme\u0111u zubi<\/strong><\/td>\n<td><strong>Rupe<\/strong><\/td>\n<\/tr>\n<tr>\n<td>200<\/td>\n<td>12<\/td>\n<td>915<\/td>\n<td>305<\/td>\n<td>30<\/td>\n<td>3&#215;2<\/td>\n<\/tr>\n<tr>\n<td>200<\/td>\n<td>12<\/td>\n<td>1220<\/td>\n<td>305<\/td>\n<td>30<\/td>\n<td>4&#215;2<\/td>\n<\/tr>\n<tr>\n<td>200<\/td>\n<td>12<\/td>\n<td>1525<\/td>\n<td>305<\/td>\n<td>30<\/td>\n<td>5&#215;2<\/td>\n<\/tr>\n<tr>\n<td>200<\/td>\n<td>12<\/td>\n<td>1220<\/td>\n<td>305<\/td>\n<td>16<\/td>\n<td>4&#215;2<\/td>\n<\/tr>\n<tr>\n<td>200<\/td>\n<td>12<\/td>\n<td>1525<\/td>\n<td>305<\/td>\n<td>16<\/td>\n<td>5&#215;2<\/td>\n<\/tr>\n<tr>\n<td>200<\/td>\n<td>12<\/td>\n<td>610<\/td>\n<td>305<\/td>\n<td>30<\/td>\n<td>2&#215;2<\/td>\n<\/tr>\n<tr>\n<td>200<\/td>\n<td>12<\/td>\n<td>792<\/td>\n<td>305<\/td>\n<td>30<\/td>\n<td>3&#215;2<\/td>\n<\/tr>\n<tr>\n<td>200<\/td>\n<td>12<\/td>\n<td>915<\/td>\n<td>305<\/td>\n<td>30<\/td>\n<td>3&#215;2<\/td>\n<\/tr>\n<tr>\n<td>200<\/td>\n<td>12<\/td>\n<td>1220<\/td>\n<td>305<\/td>\n<td>30<\/td>\n<td>4&#215;2<\/td>\n<\/tr>\n<tr>\n<td>200<\/td>\n<td>12<\/td>\n<td>1525<\/td>\n<td>305<\/td>\n<td>30<\/td>\n<td>5&#215;2<\/td>\n<\/tr>\n<tr>\n<td>200<\/td>\n<td>12<\/td>\n<td>792<\/td>\n<td>305<\/td>\n<td>16<\/td>\n<td>3&#215;2<\/td>\n<\/tr>\n<tr>\n<td>200<\/td>\n<td>12<\/td>\n<td>915<\/td>\n<td>305<\/td>\n<td>16<\/td>\n<td>3&#215;2<\/td>\n<\/tr>\n<tr>\n<td>200<\/td>\n<td>12<\/td>\n<td>1220<\/td>\n<td>305<\/td>\n<td>16<\/td>\n<td>4&#215;2<\/td>\n<\/tr>\n<tr>\n<td>200<\/td>\n<td>12<\/td>\n<td>1525<\/td>\n<td>305<\/td>\n<td>16<\/td>\n<td>5&#215;2<\/td>\n<\/tr>\n<\/tbody>\n<\/table>","protected":false},"excerpt":{"rendered":"<p>Za\u0161tita od habanja!<br \/>\nUtovariva\u010d.<\/p>","protected":false},"featured_media":16265,"template":"","meta":[],"product_cat":[715,19],"product_tag":[912,913,914,915,916,917,918,919,920,921,922,923,1113,1114,910,1115,911,1116],"yoast_head":"<!-- This site is optimized with the Yoast SEO plugin v20.0 - https:\/\/yoast.com\/wordpress\/plugins\/seo\/ -->\n<title>HB500 Gezahntes Anschraubmesser f\u00fcr Lader ComTerra<\/title>\n<meta name=\"description\" content=\"hardox, no\u017e, korpa, ka\u0161ika, bager, utovariva\u010d, no\u017e za korpu, no\u017e za ka\u0161iku bagera, hardox no\u017e, greder utovariva\u010d, no\u017e za ka\u0161iku utovariva\u010da, nazubljeni no\u017e\" \/>\n<meta name=\"robots\" content=\"noindex, follow, max-snippet:-1, max-image-preview:large, max-video-preview:-1\" \/>\n<meta property=\"og:locale\" content=\"en_US\" \/>\n<meta property=\"og:type\" content=\"article\" \/>\n<meta property=\"og:title\" content=\"HB500 Gezahntes Anschraubmesser f\u00fcr Lader ComTerra\" \/>\n<meta property=\"og:description\" content=\"hardox, no\u017e, korpa, ka\u0161ika, bager, utovariva\u010d, no\u017e za korpu, no\u017e za ka\u0161iku bagera, hardox no\u017e, greder utovariva\u010d, no\u017e za ka\u0161iku utovariva\u010da, nazubljeni no\u017e\" \/>\n<meta property=\"og:url\" content=\"https:\/\/shop.comterra.eu\/en\/p\/hb500-gezahntes-anschraubmesser-fuer-lader\/\" \/>\n<meta property=\"og:site_name\" content=\"ComTerra\" \/>\n<meta property=\"article:publisher\" content=\"https:\/\/web.facebook.com\/ComTerraEU\" \/>\n<meta property=\"article:modified_time\" content=\"2022-12-15T14:27:01+00:00\" \/>\n<meta property=\"og:image\" content=\"https:\/\/shop.comterra.eu\/wp-content\/uploads\/2022\/06\/ComterraHardoxHB450-HB500-noz-15.jpg\" \/>\n\t<meta property=\"og:image:width\" content=\"1181\" \/>\n\t<meta property=\"og:image:height\" content=\"913\" \/>\n\t<meta property=\"og:image:type\" content=\"image\/jpeg\" \/>\n<meta name=\"twitter:card\" content=\"summary_large_image\" \/>\n<script type=\"application\/ld+json\" class=\"yoast-schema-graph\">{\"@context\":\"https:\/\/schema.org\",\"@graph\":[{\"@type\":\"WebPage\",\"@id\":\"https:\/\/shop.comterra.eu\/p\/hb500-gezahntes-anschraubmesser-fuer-lader\/\",\"url\":\"https:\/\/shop.comterra.eu\/p\/hb500-gezahntes-anschraubmesser-fuer-lader\/\",\"name\":\"HB500 Gezahntes Anschraubmesser f\u00fcr Lader ComTerra\",\"isPartOf\":{\"@id\":\"https:\/\/shop.comterra.eu\/#website\"},\"datePublished\":\"2020-06-04T12:56:04+00:00\",\"dateModified\":\"2022-12-15T14:27:01+00:00\",\"description\":\"hardox, no\u017e, korpa, ka\u0161ika, bager, utovariva\u010d, no\u017e za korpu, no\u017e za ka\u0161iku bagera, hardox no\u017e, greder utovariva\u010d, no\u017e za ka\u0161iku utovariva\u010da, nazubljeni no\u017e\",\"breadcrumb\":{\"@id\":\"https:\/\/shop.comterra.eu\/p\/hb500-gezahntes-anschraubmesser-fuer-lader\/#breadcrumb\"},\"inLanguage\":\"en-US\",\"potentialAction\":[{\"@type\":\"ReadAction\",\"target\":[\"https:\/\/shop.comterra.eu\/p\/hb500-gezahntes-anschraubmesser-fuer-lader\/\"]}]},{\"@type\":\"BreadcrumbList\",\"@id\":\"https:\/\/shop.comterra.eu\/p\/hb500-gezahntes-anschraubmesser-fuer-lader\/#breadcrumb\",\"itemListElement\":[{\"@type\":\"ListItem\",\"position\":1,\"name\":\"ComTerra SHOP &#8211; Willkommen\",\"item\":\"https:\/\/shop.comterra.eu\/\"},{\"@type\":\"ListItem\",\"position\":2,\"name\":\"HB500 Gezahntes Anschraubmesser f\u00fcr Lader\"}]},{\"@type\":\"WebSite\",\"@id\":\"https:\/\/shop.comterra.eu\/#website\",\"url\":\"https:\/\/shop.comterra.eu\/\",\"name\":\"ComTerra\",\"description\":\"\",\"publisher\":{\"@id\":\"https:\/\/shop.comterra.eu\/#organization\"},\"potentialAction\":[{\"@type\":\"SearchAction\",\"target\":{\"@type\":\"EntryPoint\",\"urlTemplate\":\"https:\/\/shop.comterra.eu\/?s={search_term_string}\"},\"query-input\":\"required name=search_term_string\"}],\"inLanguage\":\"en-US\"},{\"@type\":\"Organization\",\"@id\":\"https:\/\/shop.comterra.eu\/#organization\",\"name\":\"ComTerra\",\"url\":\"https:\/\/shop.comterra.eu\/\",\"logo\":{\"@type\":\"ImageObject\",\"inLanguage\":\"en-US\",\"@id\":\"https:\/\/shop.comterra.eu\/#\/schema\/logo\/image\/\",\"url\":\"https:\/\/shop.comterra.eu\/wp-content\/uploads\/2019\/12\/cropped-logo.png\",\"contentUrl\":\"https:\/\/shop.comterra.eu\/wp-content\/uploads\/2019\/12\/cropped-logo.png\",\"width\":379,\"height\":89,\"caption\":\"ComTerra\"},\"image\":{\"@id\":\"https:\/\/shop.comterra.eu\/#\/schema\/logo\/image\/\"},\"sameAs\":[\"https:\/\/www.youtube.com\/channel\/UCn4vG_rMnFID5Hg_ooZKieg\",\"https:\/\/web.facebook.com\/ComTerraEU\"]}]}<\/script>\n<!-- \/ Yoast SEO plugin. -->","yoast_head_json":{"title":"HB500 Gezahntes Anschraubmesser f\u00fcr Lader ComTerra","description":"hardox, no\u017e, korpa, ka\u0161ika, bager, utovariva\u010d, no\u017e za korpu, no\u017e za ka\u0161iku bagera, hardox no\u017e, greder utovariva\u010d, no\u017e za ka\u0161iku utovariva\u010da, nazubljeni no\u017e","robots":{"index":"noindex","follow":"follow","max-snippet":"max-snippet:-1","max-image-preview":"max-image-preview:large","max-video-preview":"max-video-preview:-1"},"og_locale":"en_US","og_type":"article","og_title":"HB500 Gezahntes Anschraubmesser f\u00fcr Lader ComTerra","og_description":"hardox, no\u017e, korpa, ka\u0161ika, bager, utovariva\u010d, no\u017e za korpu, no\u017e za ka\u0161iku bagera, hardox no\u017e, greder utovariva\u010d, no\u017e za ka\u0161iku utovariva\u010da, nazubljeni no\u017e","og_url":"https:\/\/shop.comterra.eu\/en\/p\/hb500-gezahntes-anschraubmesser-fuer-lader\/","og_site_name":"ComTerra","article_publisher":"https:\/\/web.facebook.com\/ComTerraEU","article_modified_time":"2022-12-15T14:27:01+00:00","og_image":[{"width":1181,"height":913,"url":"https:\/\/shop.comterra.eu\/wp-content\/uploads\/2022\/06\/ComterraHardoxHB450-HB500-noz-15.jpg","type":"image\/jpeg"}],"twitter_card":"summary_large_image","schema":{"@context":"https:\/\/schema.org","@graph":[{"@type":"WebPage","@id":"https:\/\/shop.comterra.eu\/p\/hb500-gezahntes-anschraubmesser-fuer-lader\/","url":"https:\/\/shop.comterra.eu\/p\/hb500-gezahntes-anschraubmesser-fuer-lader\/","name":"HB500 Gezahntes Anschraubmesser f\u00fcr Lader ComTerra","isPartOf":{"@id":"https:\/\/shop.comterra.eu\/#website"},"datePublished":"2020-06-04T12:56:04+00:00","dateModified":"2022-12-15T14:27:01+00:00","description":"hardox, no\u017e, korpa, ka\u0161ika, bager, utovariva\u010d, no\u017e za korpu, no\u017e za ka\u0161iku bagera, hardox no\u017e, greder utovariva\u010d, no\u017e za ka\u0161iku utovariva\u010da, nazubljeni no\u017e","breadcrumb":{"@id":"https:\/\/shop.comterra.eu\/p\/hb500-gezahntes-anschraubmesser-fuer-lader\/#breadcrumb"},"inLanguage":"en-US","potentialAction":[{"@type":"ReadAction","target":["https:\/\/shop.comterra.eu\/p\/hb500-gezahntes-anschraubmesser-fuer-lader\/"]}]},{"@type":"BreadcrumbList","@id":"https:\/\/shop.comterra.eu\/p\/hb500-gezahntes-anschraubmesser-fuer-lader\/#breadcrumb","itemListElement":[{"@type":"ListItem","position":1,"name":"ComTerra SHOP &#8211; Willkommen","item":"https:\/\/shop.comterra.eu\/"},{"@type":"ListItem","position":2,"name":"HB500 Gezahntes Anschraubmesser f\u00fcr Lader"}]},{"@type":"WebSite","@id":"https:\/\/shop.comterra.eu\/#website","url":"https:\/\/shop.comterra.eu\/","name":"ComTerra","description":"","publisher":{"@id":"https:\/\/shop.comterra.eu\/#organization"},"potentialAction":[{"@type":"SearchAction","target":{"@type":"EntryPoint","urlTemplate":"https:\/\/shop.comterra.eu\/?s={search_term_string}"},"query-input":"required name=search_term_string"}],"inLanguage":"en-US"},{"@type":"Organization","@id":"https:\/\/shop.comterra.eu\/#organization","name":"ComTerra","url":"https:\/\/shop.comterra.eu\/","logo":{"@type":"ImageObject","inLanguage":"en-US","@id":"https:\/\/shop.comterra.eu\/#\/schema\/logo\/image\/","url":"https:\/\/shop.comterra.eu\/wp-content\/uploads\/2019\/12\/cropped-logo.png","contentUrl":"https:\/\/shop.comterra.eu\/wp-content\/uploads\/2019\/12\/cropped-logo.png","width":379,"height":89,"caption":"ComTerra"},"image":{"@id":"https:\/\/shop.comterra.eu\/#\/schema\/logo\/image\/"},"sameAs":["https:\/\/www.youtube.com\/channel\/UCn4vG_rMnFID5Hg_ooZKieg","https:\/\/web.facebook.com\/ComTerraEU"]}]}},"_links":{"self":[{"href":"https:\/\/shop.comterra.eu\/en\/wp-json\/wp\/v2\/product\/1886"}],"collection":[{"href":"https:\/\/shop.comterra.eu\/en\/wp-json\/wp\/v2\/product"}],"about":[{"href":"https:\/\/shop.comterra.eu\/en\/wp-json\/wp\/v2\/types\/product"}],"wp:featuredmedia":[{"embeddable":true,"href":"https:\/\/shop.comterra.eu\/en\/wp-json\/wp\/v2\/media\/16265"}],"wp:attachment":[{"href":"https:\/\/shop.comterra.eu\/en\/wp-json\/wp\/v2\/media?parent=1886"}],"wp:term":[{"taxonomy":"product_cat","embeddable":true,"href":"https:\/\/shop.comterra.eu\/en\/wp-json\/wp\/v2\/product_cat?post=1886"},{"taxonomy":"product_tag","embeddable":true,"href":"https:\/\/shop.comterra.eu\/en\/wp-json\/wp\/v2\/product_tag?post=1886"}],"curies":[{"name":"wp","href":"https:\/\/api.w.org\/{rel}","templated":true}]}}