{"id":1835,"date":"2020-05-28T22:13:15","date_gmt":"2020-05-28T22:13:15","guid":{"rendered":"https:\/\/shop.comterra.eu\/?post_type=product&#038;p=1835"},"modified":"2022-12-15T14:51:06","modified_gmt":"2022-12-15T14:51:06","slug":"hardox-messer-hb450-hb500-wendbares-unterschraubmesser","status":"publish","type":"product","link":"https:\/\/shop.comterra.eu\/en\/p\/hardox-messer-hb450-hb500-wendbares-unterschraubmesser\/","title":{"rendered":"HARDOX messer HB450-HB500 Wendbares Unterschraubmesser"},"content":{"rendered":"<p>Proizvodnja i prodaja no\u017eeva po mjeri. Izra\u0111eni od Hardox HB450 HB500 HB550 HB600 Hardox HiTUF materijala.<br \/>\nGotovi profili rezani na mjeru! Rupe za bolt-on vijke po mjeri.<\/p>\n<table width=\"384\">\n<tbody>\n<tr>\n<td colspan=\"2\" width=\"128\">DIMENZIJE<\/td>\n<td width=\"64\"><\/td>\n<td width=\"64\"><\/td>\n<td width=\"64\">kg\/m&#8216;<\/td>\n<td width=\"64\">L(mm)<\/td>\n<\/tr>\n<tr>\n<td>A<\/td>\n<td>H<\/td>\n<td>B<\/td>\n<td>C<\/td>\n<td><\/td>\n<td><\/td>\n<\/tr>\n<tr>\n<td>152,4<\/td>\n<td>15,9<\/td>\n<td>5<\/td>\n<td>25\u00b0<\/td>\n<td>17,4<\/td>\n<td>6500<\/td>\n<\/tr>\n<tr>\n<td>152,4<\/td>\n<td>19,1<\/td>\n<td>8,1<\/td>\n<td>25\u00b0<\/td>\n<td>21<\/td>\n<td>6500<\/td>\n<\/tr>\n<tr>\n<td>203,2<\/td>\n<td>15,9<\/td>\n<td>5<\/td>\n<td>25\u00b0<\/td>\n<td>23,7<\/td>\n<td>6500<\/td>\n<\/tr>\n<tr>\n<td>203,2<\/td>\n<td>19,1<\/td>\n<td>8,1<\/td>\n<td>25\u00b0<\/td>\n<td>28,5<\/td>\n<td>6500<\/td>\n<\/tr>\n<tr>\n<td>203,2<\/td>\n<td>25,4<\/td>\n<td>14,4<\/td>\n<td>25\u00b0<\/td>\n<td>38,5<\/td>\n<td>6500<\/td>\n<\/tr>\n<tr>\n<td>254<\/td>\n<td>19,1<\/td>\n<td>7,1<\/td>\n<td>25\u00b0<\/td>\n<td>36<\/td>\n<td>6500<\/td>\n<\/tr>\n<tr>\n<td>254<\/td>\n<td>25,4<\/td>\n<td>13,4<\/td>\n<td>25\u00b0<\/td>\n<td>48,5<\/td>\n<td>6500<\/td>\n<\/tr>\n<tr>\n<td>254<\/td>\n<td>30<\/td>\n<td>18<\/td>\n<td>25\u00b0<\/td>\n<td>57,7<\/td>\n<td>6500<\/td>\n<\/tr>\n<tr>\n<td>254<\/td>\n<td>32<\/td>\n<td>20<\/td>\n<td>25\u00b0<\/td>\n<td>61,4<\/td>\n<td>6500<\/td>\n<\/tr>\n<tr>\n<td>254<\/td>\n<td>35<\/td>\n<td>23<\/td>\n<td>25\u00b0<\/td>\n<td>67,4<\/td>\n<td>6500<\/td>\n<\/tr>\n<tr>\n<td>254<\/td>\n<td>41<\/td>\n<td>29<\/td>\n<td>25\u00b0<\/td>\n<td>79,3<\/td>\n<td>6500<\/td>\n<\/tr>\n<tr>\n<td>280<\/td>\n<td>25<\/td>\n<td>7<\/td>\n<td>22,5\u00b0<\/td>\n<td>48,9<\/td>\n<td>6500<\/td>\n<\/tr>\n<tr>\n<td>304,8<\/td>\n<td>25,4<\/td>\n<td>9,5<\/td>\n<td>22,5\u00b0<\/td>\n<td>56<\/td>\n<td>6500<\/td>\n<\/tr>\n<tr>\n<td>304,8<\/td>\n<td>28,5<\/td>\n<td>12,6<\/td>\n<td>22,5\u00b0<\/td>\n<td>63,6<\/td>\n<td>6500<\/td>\n<\/tr>\n<tr>\n<td>304,8<\/td>\n<td>32<\/td>\n<td>16,1<\/td>\n<td>22,5\u00b0<\/td>\n<td>71,8<\/td>\n<td>6500<\/td>\n<\/tr>\n<tr>\n<td>330<\/td>\n<td>25<\/td>\n<td>11<\/td>\n<td>22,5\u00b0<\/td>\n<td>61<\/td>\n<td>6500<\/td>\n<\/tr>\n<tr>\n<td>330<\/td>\n<td>28,5<\/td>\n<td>14,5<\/td>\n<td>22,5\u00b0<\/td>\n<td>70,1<\/td>\n<td>6500<\/td>\n<\/tr>\n<tr>\n<td>330<\/td>\n<td>30<\/td>\n<td>16<\/td>\n<td>22,5\u00b0<\/td>\n<td>74<\/td>\n<td>6500<\/td>\n<\/tr>\n<tr>\n<td>330<\/td>\n<td>32<\/td>\n<td>18<\/td>\n<td>22,5\u00b0<\/td>\n<td>79,2<\/td>\n<td>6500<\/td>\n<\/tr>\n<tr>\n<td>330<\/td>\n<td>35<\/td>\n<td>21<\/td>\n<td>22,5\u00b0<\/td>\n<td>87<\/td>\n<td>6500<\/td>\n<\/tr>\n<tr>\n<td>330<\/td>\n<td>38<\/td>\n<td>24<\/td>\n<td>22,5\u00b0<\/td>\n<td>94,7<\/td>\n<td>6500<\/td>\n<\/tr>\n<tr>\n<td>330<\/td>\n<td>41<\/td>\n<td>27<\/td>\n<td>22,5\u00b0<\/td>\n<td>102,5<\/td>\n<td>6500<\/td>\n<\/tr>\n<tr>\n<td>330<\/td>\n<td>50<\/td>\n<td>36<\/td>\n<td>22,5\u00b0<\/td>\n<td>126,1<\/td>\n<td>6500<\/td>\n<\/tr>\n<tr>\n<td>360<\/td>\n<td>30<\/td>\n<td>8<\/td>\n<td>22,5\u00b0<\/td>\n<td>75,6<\/td>\n<td>6500<\/td>\n<\/tr>\n<tr>\n<td>360<\/td>\n<td>35<\/td>\n<td>13<\/td>\n<td>22,5\u00b0<\/td>\n<td>89,9<\/td>\n<td>6500<\/td>\n<\/tr>\n<tr>\n<td>360<\/td>\n<td>40<\/td>\n<td>18<\/td>\n<td>22,5\u00b0<\/td>\n<td>103,9<\/td>\n<td>6500<\/td>\n<\/tr>\n<tr>\n<td>406<\/td>\n<td>25<\/td>\n<td>9<\/td>\n<td>22,5\u00b0<\/td>\n<td>74,8<\/td>\n<td>6500<\/td>\n<\/tr>\n<tr>\n<td>406<\/td>\n<td>28,5<\/td>\n<td>12,5<\/td>\n<td>22,5\u00b0<\/td>\n<td>86<\/td>\n<td>6500<\/td>\n<\/tr>\n<tr>\n<td>406<\/td>\n<td>32<\/td>\n<td>16<\/td>\n<td>22,5\u00b0<\/td>\n<td>97,1<\/td>\n<td>6500<\/td>\n<\/tr>\n<tr>\n<td>406<\/td>\n<td>35<\/td>\n<td>19<\/td>\n<td>22,5\u00b0<\/td>\n<td>106,7<\/td>\n<td>6500<\/td>\n<\/tr>\n<tr>\n<td>406<\/td>\n<td>38<\/td>\n<td>22<\/td>\n<td>22,5\u00b0<\/td>\n<td>116<\/td>\n<td>6500<\/td>\n<\/tr>\n<tr>\n<td>406<\/td>\n<td>41<\/td>\n<td>25<\/td>\n<td>22,5\u00b0<\/td>\n<td>125,8<\/td>\n<td>6500<\/td>\n<\/tr>\n<tr>\n<td>406<\/td>\n<td>45<\/td>\n<td>29<\/td>\n<td>22,5\u00b0<\/td>\n<td>138,6<\/td>\n<td>6500<\/td>\n<\/tr>\n<tr>\n<td>406<\/td>\n<td>50<\/td>\n<td>34<\/td>\n<td>22,5\u00b0<\/td>\n<td>154,5<\/td>\n<td>6500<\/td>\n<\/tr>\n<tr>\n<td>406<\/td>\n<td>60<\/td>\n<td>44<\/td>\n<td>22,5\u00b0<\/td>\n<td>186,2<\/td>\n<td>6000<\/td>\n<\/tr>\n<\/tbody>\n<\/table>","protected":false},"excerpt":{"rendered":"<p>Obostrano nako\u0161en!<br \/>\nUtovariva\u010d.<\/p>","protected":false},"featured_media":16245,"template":"","meta":[],"product_cat":[715,19],"product_tag":[910,911,912,913,914,915,916,917,918,919,920,921,922,923],"yoast_head":"<!-- This site is optimized with the Yoast SEO plugin v20.0 - https:\/\/yoast.com\/wordpress\/plugins\/seo\/ -->\n<title>HARDOX messer HB450-HB500 Wendbares Unterschraubmesser - ComTerra<\/title>\n<meta name=\"description\" content=\"hardox, no\u017e, korpa, ka\u0161ika, bager, utovariva\u010d, no\u017e za korpu, no\u017e za ka\u0161iku bagera, hardox no\u017e, greder utovariva\u010d, no\u017e za ka\u0161iku utovariva\u010da\" \/>\n<meta name=\"robots\" content=\"noindex, follow, max-snippet:-1, max-image-preview:large, max-video-preview:-1\" \/>\n<meta property=\"og:locale\" content=\"en_US\" \/>\n<meta property=\"og:type\" content=\"article\" \/>\n<meta property=\"og:title\" content=\"HARDOX messer HB450-HB500 Wendbares Unterschraubmesser - ComTerra\" \/>\n<meta property=\"og:description\" content=\"hardox, no\u017e, korpa, ka\u0161ika, bager, utovariva\u010d, no\u017e za korpu, no\u017e za ka\u0161iku bagera, hardox no\u017e, greder utovariva\u010d, no\u017e za ka\u0161iku utovariva\u010da\" \/>\n<meta property=\"og:url\" content=\"https:\/\/shop.comterra.eu\/en\/p\/hardox-messer-hb450-hb500-wendbares-unterschraubmesser\/\" \/>\n<meta property=\"og:site_name\" content=\"ComTerra\" \/>\n<meta property=\"article:publisher\" content=\"https:\/\/web.facebook.com\/ComTerraEU\" \/>\n<meta property=\"article:modified_time\" content=\"2022-12-15T14:51:06+00:00\" \/>\n<meta property=\"og:image\" content=\"https:\/\/shop.comterra.eu\/wp-content\/uploads\/2022\/06\/ComterraHardoxHB450-HB500-noz-13.jpg\" \/>\n\t<meta property=\"og:image:width\" content=\"980\" \/>\n\t<meta property=\"og:image:height\" content=\"784\" \/>\n\t<meta property=\"og:image:type\" content=\"image\/jpeg\" \/>\n<meta name=\"twitter:card\" content=\"summary_large_image\" \/>\n<script type=\"application\/ld+json\" class=\"yoast-schema-graph\">{\"@context\":\"https:\/\/schema.org\",\"@graph\":[{\"@type\":\"WebPage\",\"@id\":\"https:\/\/shop.comterra.eu\/p\/hardox-messer-hb450-hb500-wendbares-unterschraubmesser\/\",\"url\":\"https:\/\/shop.comterra.eu\/p\/hardox-messer-hb450-hb500-wendbares-unterschraubmesser\/\",\"name\":\"HARDOX messer HB450-HB500 Wendbares Unterschraubmesser - ComTerra\",\"isPartOf\":{\"@id\":\"https:\/\/shop.comterra.eu\/#website\"},\"datePublished\":\"2020-05-28T22:13:15+00:00\",\"dateModified\":\"2022-12-15T14:51:06+00:00\",\"description\":\"hardox, no\u017e, korpa, ka\u0161ika, bager, utovariva\u010d, no\u017e za korpu, no\u017e za ka\u0161iku bagera, hardox no\u017e, greder utovariva\u010d, no\u017e za ka\u0161iku utovariva\u010da\",\"breadcrumb\":{\"@id\":\"https:\/\/shop.comterra.eu\/p\/hardox-messer-hb450-hb500-wendbares-unterschraubmesser\/#breadcrumb\"},\"inLanguage\":\"en-US\",\"potentialAction\":[{\"@type\":\"ReadAction\",\"target\":[\"https:\/\/shop.comterra.eu\/p\/hardox-messer-hb450-hb500-wendbares-unterschraubmesser\/\"]}]},{\"@type\":\"BreadcrumbList\",\"@id\":\"https:\/\/shop.comterra.eu\/p\/hardox-messer-hb450-hb500-wendbares-unterschraubmesser\/#breadcrumb\",\"itemListElement\":[{\"@type\":\"ListItem\",\"position\":1,\"name\":\"ComTerra SHOP &#8211; Willkommen\",\"item\":\"https:\/\/shop.comterra.eu\/\"},{\"@type\":\"ListItem\",\"position\":2,\"name\":\"HARDOX messer HB450-HB500 Wendbares Unterschraubmesser\"}]},{\"@type\":\"WebSite\",\"@id\":\"https:\/\/shop.comterra.eu\/#website\",\"url\":\"https:\/\/shop.comterra.eu\/\",\"name\":\"ComTerra\",\"description\":\"\",\"publisher\":{\"@id\":\"https:\/\/shop.comterra.eu\/#organization\"},\"potentialAction\":[{\"@type\":\"SearchAction\",\"target\":{\"@type\":\"EntryPoint\",\"urlTemplate\":\"https:\/\/shop.comterra.eu\/?s={search_term_string}\"},\"query-input\":\"required name=search_term_string\"}],\"inLanguage\":\"en-US\"},{\"@type\":\"Organization\",\"@id\":\"https:\/\/shop.comterra.eu\/#organization\",\"name\":\"ComTerra\",\"url\":\"https:\/\/shop.comterra.eu\/\",\"logo\":{\"@type\":\"ImageObject\",\"inLanguage\":\"en-US\",\"@id\":\"https:\/\/shop.comterra.eu\/#\/schema\/logo\/image\/\",\"url\":\"https:\/\/shop.comterra.eu\/wp-content\/uploads\/2019\/12\/cropped-logo.png\",\"contentUrl\":\"https:\/\/shop.comterra.eu\/wp-content\/uploads\/2019\/12\/cropped-logo.png\",\"width\":379,\"height\":89,\"caption\":\"ComTerra\"},\"image\":{\"@id\":\"https:\/\/shop.comterra.eu\/#\/schema\/logo\/image\/\"},\"sameAs\":[\"https:\/\/www.youtube.com\/channel\/UCn4vG_rMnFID5Hg_ooZKieg\",\"https:\/\/web.facebook.com\/ComTerraEU\"]}]}<\/script>\n<!-- \/ Yoast SEO plugin. -->","yoast_head_json":{"title":"HARDOX messer HB450-HB500 Wendbares Unterschraubmesser - ComTerra","description":"hardox, no\u017e, korpa, ka\u0161ika, bager, utovariva\u010d, no\u017e za korpu, no\u017e za ka\u0161iku bagera, hardox no\u017e, greder utovariva\u010d, no\u017e za ka\u0161iku utovariva\u010da","robots":{"index":"noindex","follow":"follow","max-snippet":"max-snippet:-1","max-image-preview":"max-image-preview:large","max-video-preview":"max-video-preview:-1"},"og_locale":"en_US","og_type":"article","og_title":"HARDOX messer HB450-HB500 Wendbares Unterschraubmesser - ComTerra","og_description":"hardox, no\u017e, korpa, ka\u0161ika, bager, utovariva\u010d, no\u017e za korpu, no\u017e za ka\u0161iku bagera, hardox no\u017e, greder utovariva\u010d, no\u017e za ka\u0161iku utovariva\u010da","og_url":"https:\/\/shop.comterra.eu\/en\/p\/hardox-messer-hb450-hb500-wendbares-unterschraubmesser\/","og_site_name":"ComTerra","article_publisher":"https:\/\/web.facebook.com\/ComTerraEU","article_modified_time":"2022-12-15T14:51:06+00:00","og_image":[{"width":980,"height":784,"url":"https:\/\/shop.comterra.eu\/wp-content\/uploads\/2022\/06\/ComterraHardoxHB450-HB500-noz-13.jpg","type":"image\/jpeg"}],"twitter_card":"summary_large_image","schema":{"@context":"https:\/\/schema.org","@graph":[{"@type":"WebPage","@id":"https:\/\/shop.comterra.eu\/p\/hardox-messer-hb450-hb500-wendbares-unterschraubmesser\/","url":"https:\/\/shop.comterra.eu\/p\/hardox-messer-hb450-hb500-wendbares-unterschraubmesser\/","name":"HARDOX messer HB450-HB500 Wendbares Unterschraubmesser - ComTerra","isPartOf":{"@id":"https:\/\/shop.comterra.eu\/#website"},"datePublished":"2020-05-28T22:13:15+00:00","dateModified":"2022-12-15T14:51:06+00:00","description":"hardox, no\u017e, korpa, ka\u0161ika, bager, utovariva\u010d, no\u017e za korpu, no\u017e za ka\u0161iku bagera, hardox no\u017e, greder utovariva\u010d, no\u017e za ka\u0161iku utovariva\u010da","breadcrumb":{"@id":"https:\/\/shop.comterra.eu\/p\/hardox-messer-hb450-hb500-wendbares-unterschraubmesser\/#breadcrumb"},"inLanguage":"en-US","potentialAction":[{"@type":"ReadAction","target":["https:\/\/shop.comterra.eu\/p\/hardox-messer-hb450-hb500-wendbares-unterschraubmesser\/"]}]},{"@type":"BreadcrumbList","@id":"https:\/\/shop.comterra.eu\/p\/hardox-messer-hb450-hb500-wendbares-unterschraubmesser\/#breadcrumb","itemListElement":[{"@type":"ListItem","position":1,"name":"ComTerra SHOP &#8211; Willkommen","item":"https:\/\/shop.comterra.eu\/"},{"@type":"ListItem","position":2,"name":"HARDOX messer HB450-HB500 Wendbares Unterschraubmesser"}]},{"@type":"WebSite","@id":"https:\/\/shop.comterra.eu\/#website","url":"https:\/\/shop.comterra.eu\/","name":"ComTerra","description":"","publisher":{"@id":"https:\/\/shop.comterra.eu\/#organization"},"potentialAction":[{"@type":"SearchAction","target":{"@type":"EntryPoint","urlTemplate":"https:\/\/shop.comterra.eu\/?s={search_term_string}"},"query-input":"required name=search_term_string"}],"inLanguage":"en-US"},{"@type":"Organization","@id":"https:\/\/shop.comterra.eu\/#organization","name":"ComTerra","url":"https:\/\/shop.comterra.eu\/","logo":{"@type":"ImageObject","inLanguage":"en-US","@id":"https:\/\/shop.comterra.eu\/#\/schema\/logo\/image\/","url":"https:\/\/shop.comterra.eu\/wp-content\/uploads\/2019\/12\/cropped-logo.png","contentUrl":"https:\/\/shop.comterra.eu\/wp-content\/uploads\/2019\/12\/cropped-logo.png","width":379,"height":89,"caption":"ComTerra"},"image":{"@id":"https:\/\/shop.comterra.eu\/#\/schema\/logo\/image\/"},"sameAs":["https:\/\/www.youtube.com\/channel\/UCn4vG_rMnFID5Hg_ooZKieg","https:\/\/web.facebook.com\/ComTerraEU"]}]}},"_links":{"self":[{"href":"https:\/\/shop.comterra.eu\/en\/wp-json\/wp\/v2\/product\/1835"}],"collection":[{"href":"https:\/\/shop.comterra.eu\/en\/wp-json\/wp\/v2\/product"}],"about":[{"href":"https:\/\/shop.comterra.eu\/en\/wp-json\/wp\/v2\/types\/product"}],"wp:featuredmedia":[{"embeddable":true,"href":"https:\/\/shop.comterra.eu\/en\/wp-json\/wp\/v2\/media\/16245"}],"wp:attachment":[{"href":"https:\/\/shop.comterra.eu\/en\/wp-json\/wp\/v2\/media?parent=1835"}],"wp:term":[{"taxonomy":"product_cat","embeddable":true,"href":"https:\/\/shop.comterra.eu\/en\/wp-json\/wp\/v2\/product_cat?post=1835"},{"taxonomy":"product_tag","embeddable":true,"href":"https:\/\/shop.comterra.eu\/en\/wp-json\/wp\/v2\/product_tag?post=1835"}],"curies":[{"name":"wp","href":"https:\/\/api.w.org\/{rel}","templated":true}]}}