{"id":1730,"date":"2020-05-26T06:42:13","date_gmt":"2020-05-26T06:42:13","guid":{"rendered":"https:\/\/shop.comterra.eu\/?post_type=product&#038;p=1730"},"modified":"2022-12-15T15:03:08","modified_gmt":"2022-12-15T15:03:08","slug":"oeler-4l","status":"publish","type":"product","link":"https:\/\/shop.comterra.eu\/en\/p\/oeler-4l\/","title":{"rendered":"\u00d6ler 4l"},"content":{"rendered":"<p>Tehni\u010dki podaci:<br \/>\nKapacitet ulja: 4l<br \/>\nTe\u017eina:6,87kg<br \/>\nAC spojnice<br \/>\nKontrola protoka ulja<\/p>","protected":false},"excerpt":{"rendered":"<p>Nauljiva\u010d 4l<\/p>","protected":false},"featured_media":16205,"template":"","meta":[],"product_cat":[1093,51],"product_tag":[1035,1094,1095,1096,1097,1098,1099,1100,1101,1102,978,1032],"yoast_head":"<!-- This site is optimized with the Yoast SEO plugin v20.0 - https:\/\/yoast.com\/wordpress\/plugins\/seo\/ -->\n<title>\u00d6ler 4l - ComTerra<\/title>\n<meta name=\"description\" content=\"Atlas Copco nauljiva\u010d, Nauljiva\u010d za kompresor, Chichago Pneumatic nauljiva\u010d, kantica, zauljiva\u010d, mazalica za pneumatske alate, ulje za pneumatske alate,\" \/>\n<meta name=\"robots\" content=\"noindex, follow, max-snippet:-1, max-image-preview:large, max-video-preview:-1\" \/>\n<meta property=\"og:locale\" content=\"en_US\" \/>\n<meta property=\"og:type\" content=\"article\" \/>\n<meta property=\"og:title\" content=\"\u00d6ler 4l - ComTerra\" \/>\n<meta property=\"og:description\" content=\"Atlas Copco nauljiva\u010d, Nauljiva\u010d za kompresor, Chichago Pneumatic nauljiva\u010d, kantica, zauljiva\u010d, mazalica za pneumatske alate, ulje za pneumatske alate,\" \/>\n<meta property=\"og:url\" content=\"https:\/\/shop.comterra.eu\/en\/p\/oeler-4l\/\" \/>\n<meta property=\"og:site_name\" content=\"ComTerra\" \/>\n<meta property=\"article:publisher\" content=\"https:\/\/web.facebook.com\/ComTerraEU\" \/>\n<meta property=\"article:modified_time\" content=\"2022-12-15T15:03:08+00:00\" \/>\n<meta property=\"og:image\" content=\"https:\/\/shop.comterra.eu\/wp-content\/uploads\/2022\/06\/nauljivac-4l.png\" \/>\n\t<meta property=\"og:image:width\" content=\"331\" \/>\n\t<meta property=\"og:image:height\" content=\"259\" \/>\n\t<meta property=\"og:image:type\" content=\"image\/png\" \/>\n<meta name=\"twitter:card\" content=\"summary_large_image\" \/>\n<script type=\"application\/ld+json\" class=\"yoast-schema-graph\">{\"@context\":\"https:\/\/schema.org\",\"@graph\":[{\"@type\":\"WebPage\",\"@id\":\"https:\/\/shop.comterra.eu\/p\/oeler-4l\/\",\"url\":\"https:\/\/shop.comterra.eu\/p\/oeler-4l\/\",\"name\":\"\u00d6ler 4l - ComTerra\",\"isPartOf\":{\"@id\":\"https:\/\/shop.comterra.eu\/#website\"},\"datePublished\":\"2020-05-26T06:42:13+00:00\",\"dateModified\":\"2022-12-15T15:03:08+00:00\",\"description\":\"Atlas Copco nauljiva\u010d, Nauljiva\u010d za kompresor, Chichago Pneumatic nauljiva\u010d, kantica, zauljiva\u010d, mazalica za pneumatske alate, ulje za pneumatske alate,\",\"breadcrumb\":{\"@id\":\"https:\/\/shop.comterra.eu\/p\/oeler-4l\/#breadcrumb\"},\"inLanguage\":\"en-US\",\"potentialAction\":[{\"@type\":\"ReadAction\",\"target\":[\"https:\/\/shop.comterra.eu\/p\/oeler-4l\/\"]}]},{\"@type\":\"BreadcrumbList\",\"@id\":\"https:\/\/shop.comterra.eu\/p\/oeler-4l\/#breadcrumb\",\"itemListElement\":[{\"@type\":\"ListItem\",\"position\":1,\"name\":\"ComTerra SHOP &#8211; Willkommen\",\"item\":\"https:\/\/shop.comterra.eu\/\"},{\"@type\":\"ListItem\",\"position\":2,\"name\":\"\u00d6ler 4l\"}]},{\"@type\":\"WebSite\",\"@id\":\"https:\/\/shop.comterra.eu\/#website\",\"url\":\"https:\/\/shop.comterra.eu\/\",\"name\":\"ComTerra\",\"description\":\"\",\"publisher\":{\"@id\":\"https:\/\/shop.comterra.eu\/#organization\"},\"potentialAction\":[{\"@type\":\"SearchAction\",\"target\":{\"@type\":\"EntryPoint\",\"urlTemplate\":\"https:\/\/shop.comterra.eu\/?s={search_term_string}\"},\"query-input\":\"required name=search_term_string\"}],\"inLanguage\":\"en-US\"},{\"@type\":\"Organization\",\"@id\":\"https:\/\/shop.comterra.eu\/#organization\",\"name\":\"ComTerra\",\"url\":\"https:\/\/shop.comterra.eu\/\",\"logo\":{\"@type\":\"ImageObject\",\"inLanguage\":\"en-US\",\"@id\":\"https:\/\/shop.comterra.eu\/#\/schema\/logo\/image\/\",\"url\":\"https:\/\/shop.comterra.eu\/wp-content\/uploads\/2019\/12\/cropped-logo.png\",\"contentUrl\":\"https:\/\/shop.comterra.eu\/wp-content\/uploads\/2019\/12\/cropped-logo.png\",\"width\":379,\"height\":89,\"caption\":\"ComTerra\"},\"image\":{\"@id\":\"https:\/\/shop.comterra.eu\/#\/schema\/logo\/image\/\"},\"sameAs\":[\"https:\/\/www.youtube.com\/channel\/UCn4vG_rMnFID5Hg_ooZKieg\",\"https:\/\/web.facebook.com\/ComTerraEU\"]}]}<\/script>\n<!-- \/ Yoast SEO plugin. -->","yoast_head_json":{"title":"\u00d6ler 4l - ComTerra","description":"Atlas Copco nauljiva\u010d, Nauljiva\u010d za kompresor, Chichago Pneumatic nauljiva\u010d, kantica, zauljiva\u010d, mazalica za pneumatske alate, ulje za pneumatske alate,","robots":{"index":"noindex","follow":"follow","max-snippet":"max-snippet:-1","max-image-preview":"max-image-preview:large","max-video-preview":"max-video-preview:-1"},"og_locale":"en_US","og_type":"article","og_title":"\u00d6ler 4l - ComTerra","og_description":"Atlas Copco nauljiva\u010d, Nauljiva\u010d za kompresor, Chichago Pneumatic nauljiva\u010d, kantica, zauljiva\u010d, mazalica za pneumatske alate, ulje za pneumatske alate,","og_url":"https:\/\/shop.comterra.eu\/en\/p\/oeler-4l\/","og_site_name":"ComTerra","article_publisher":"https:\/\/web.facebook.com\/ComTerraEU","article_modified_time":"2022-12-15T15:03:08+00:00","og_image":[{"width":331,"height":259,"url":"https:\/\/shop.comterra.eu\/wp-content\/uploads\/2022\/06\/nauljivac-4l.png","type":"image\/png"}],"twitter_card":"summary_large_image","schema":{"@context":"https:\/\/schema.org","@graph":[{"@type":"WebPage","@id":"https:\/\/shop.comterra.eu\/p\/oeler-4l\/","url":"https:\/\/shop.comterra.eu\/p\/oeler-4l\/","name":"\u00d6ler 4l - ComTerra","isPartOf":{"@id":"https:\/\/shop.comterra.eu\/#website"},"datePublished":"2020-05-26T06:42:13+00:00","dateModified":"2022-12-15T15:03:08+00:00","description":"Atlas Copco nauljiva\u010d, Nauljiva\u010d za kompresor, Chichago Pneumatic nauljiva\u010d, kantica, zauljiva\u010d, mazalica za pneumatske alate, ulje za pneumatske alate,","breadcrumb":{"@id":"https:\/\/shop.comterra.eu\/p\/oeler-4l\/#breadcrumb"},"inLanguage":"en-US","potentialAction":[{"@type":"ReadAction","target":["https:\/\/shop.comterra.eu\/p\/oeler-4l\/"]}]},{"@type":"BreadcrumbList","@id":"https:\/\/shop.comterra.eu\/p\/oeler-4l\/#breadcrumb","itemListElement":[{"@type":"ListItem","position":1,"name":"ComTerra SHOP &#8211; Willkommen","item":"https:\/\/shop.comterra.eu\/"},{"@type":"ListItem","position":2,"name":"\u00d6ler 4l"}]},{"@type":"WebSite","@id":"https:\/\/shop.comterra.eu\/#website","url":"https:\/\/shop.comterra.eu\/","name":"ComTerra","description":"","publisher":{"@id":"https:\/\/shop.comterra.eu\/#organization"},"potentialAction":[{"@type":"SearchAction","target":{"@type":"EntryPoint","urlTemplate":"https:\/\/shop.comterra.eu\/?s={search_term_string}"},"query-input":"required name=search_term_string"}],"inLanguage":"en-US"},{"@type":"Organization","@id":"https:\/\/shop.comterra.eu\/#organization","name":"ComTerra","url":"https:\/\/shop.comterra.eu\/","logo":{"@type":"ImageObject","inLanguage":"en-US","@id":"https:\/\/shop.comterra.eu\/#\/schema\/logo\/image\/","url":"https:\/\/shop.comterra.eu\/wp-content\/uploads\/2019\/12\/cropped-logo.png","contentUrl":"https:\/\/shop.comterra.eu\/wp-content\/uploads\/2019\/12\/cropped-logo.png","width":379,"height":89,"caption":"ComTerra"},"image":{"@id":"https:\/\/shop.comterra.eu\/#\/schema\/logo\/image\/"},"sameAs":["https:\/\/www.youtube.com\/channel\/UCn4vG_rMnFID5Hg_ooZKieg","https:\/\/web.facebook.com\/ComTerraEU"]}]}},"_links":{"self":[{"href":"https:\/\/shop.comterra.eu\/en\/wp-json\/wp\/v2\/product\/1730"}],"collection":[{"href":"https:\/\/shop.comterra.eu\/en\/wp-json\/wp\/v2\/product"}],"about":[{"href":"https:\/\/shop.comterra.eu\/en\/wp-json\/wp\/v2\/types\/product"}],"wp:featuredmedia":[{"embeddable":true,"href":"https:\/\/shop.comterra.eu\/en\/wp-json\/wp\/v2\/media\/16205"}],"wp:attachment":[{"href":"https:\/\/shop.comterra.eu\/en\/wp-json\/wp\/v2\/media?parent=1730"}],"wp:term":[{"taxonomy":"product_cat","embeddable":true,"href":"https:\/\/shop.comterra.eu\/en\/wp-json\/wp\/v2\/product_cat?post=1730"},{"taxonomy":"product_tag","embeddable":true,"href":"https:\/\/shop.comterra.eu\/en\/wp-json\/wp\/v2\/product_tag?post=1730"}],"curies":[{"name":"wp","href":"https:\/\/api.w.org\/{rel}","templated":true}]}}