{"id":16611,"date":"2022-11-14T14:54:56","date_gmt":"2022-11-14T14:54:56","guid":{"rendered":"https:\/\/shop.comterra.eu\/?post_type=product&#038;p=16611"},"modified":"2022-11-14T14:55:20","modified_gmt":"2022-11-14T14:55:20","slug":"mini-bager-xterra-xt12k-1200kg","status":"publish","type":"product","link":"https:\/\/shop.comterra.eu\/en\/p\/mini-bager-xterra-xt12k-1200kg\/","title":{"rendered":"Mini bager xTerra XT12+K 1200kg"},"content":{"rendered":"<p>Vrhunski minibageri xTerra odli\u010dnih su performansi i karakteristika. Mini bageri xTerra su za profesionalnu primjenu i za sve uvjete rada, te olak\u0161avaju i ubrazavaju izvr\u0161avanje dogovorenih poslova. Koriste se za gra\u0111evinske, poljoprivredne i sli\u010dne radove, te su korisni obrtnicima, malim i velikim poduze\u0107ima za izvr\u0161avanje raznih zadataka.<\/p>\n<p><strong>Garancija 18 mjeseci!<\/strong><\/p>\n<p>Rok isporuke 30-40 dana<\/p>\n<p>Uklju\u010dena standardna oprema:<\/p>\n<ul>\n<li>38cm korpa sa zubima, zaokretanje krana, dodatni ventil za alat<\/li>\n<li>Hidruli\u010dno upravljanje preko pilot ventila Joystic<\/li>\n<li>Krov<\/li>\n<\/ul>\n<table width=\"175\">\n<tbody>\n<tr>\n<td style=\"font-weight: 400;\" width=\"102\"><strong>Mini bager<br \/>\n<\/strong><\/td>\n<td style=\"font-weight: 400;\" width=\"73\">xTerra XT12+K<\/td>\n<\/tr>\n<tr>\n<td style=\"font-weight: 400;\"><strong>Motor<\/strong><\/td>\n<td style=\"font-weight: 400;\">Kubota D722, diesel, CE EURO V norma<\/td>\n<\/tr>\n<tr>\n<td style=\"font-weight: 400;\"><strong>Snaga motora<br \/>\n<\/strong><\/td>\n<td style=\"font-weight: 400;\">10,2kW\/14HP<\/td>\n<\/tr>\n<tr>\n<td style=\"font-weight: 400;\"><strong>Vrsta<br \/>\n<\/strong><\/td>\n<td style=\"font-weight: 400;\">3 cilindra, 4 takta voda<\/td>\n<\/tr>\n<tr>\n<td style=\"font-weight: 400;\"><strong>Max.moment<br \/>\n<\/strong><\/td>\n<td style=\"font-weight: 400;\">45\/2600\u00a0\u00a0N.m\/r\/min<\/td>\n<\/tr>\n<tr>\n<td style=\"font-weight: 400;\"><strong>Radna te\u017eina<\/strong><\/td>\n<td style=\"font-weight: 400;\">1200 kg<\/td>\n<\/tr>\n<tr>\n<td style=\"font-weight: 400;\"><strong>Kapacitet korpe<\/strong><\/td>\n<td style=\"font-weight: 400;\">0.022 m\u1d9f<\/td>\n<\/tr>\n<tr>\n<td style=\"font-weight: 400;\"><strong>Spremnik Hidr. Ulja<\/strong><\/td>\n<td style=\"font-weight: 400;\">18l<\/td>\n<\/tr>\n<tr>\n<td style=\"font-weight: 400;\"><strong>Spremnik goriva<\/strong><\/td>\n<td style=\"font-weight: 400;\">5,5l<\/td>\n<\/tr>\n<tr>\n<td style=\"font-weight: 400;\"><strong>Max. Radni nagib<\/strong><\/td>\n<td style=\"font-weight: 400;\">30st<\/td>\n<\/tr>\n<tr>\n<td style=\"font-weight: 400;\"><strong>Max. Iskopna sila<\/strong><\/td>\n<td style=\"font-weight: 400;\">6,5kN<\/td>\n<\/tr>\n<tr>\n<td style=\"font-weight: 400;\"><strong>Tip ure\u0111aja<\/strong><\/td>\n<td style=\"font-weight: 400;\">Dubinski<\/td>\n<\/tr>\n<\/tbody>\n<\/table>\n<table width=\"407\">\n<tbody>\n<tr>\n<td colspan=\"2\" width=\"407\">Dimenzije XT12+<\/td>\n<\/tr>\n<tr>\n<td><strong>Ukupna duljina (kada se transportira)<\/strong><\/td>\n<td>2870\u00a0mm<\/td>\n<\/tr>\n<tr>\n<td><strong>Ukupna \u0161irina (transport\/rad)<\/strong><\/td>\n<td>930\u00a0mm<\/td>\n<\/tr>\n<tr>\n<td><strong>Ukupna visina (sa\/bez krova)<\/strong><\/td>\n<td>2285\uff082030\uff09mm<\/td>\n<\/tr>\n<tr>\n<td><strong>\u0160irina buldo\u017eera<\/strong><\/td>\n<td>937\u00a0mm<\/td>\n<\/tr>\n<tr>\n<td><strong>Visina buldo\u017eera<\/strong><\/td>\n<td>210\u00a0mm<\/td>\n<\/tr>\n<tr>\n<td><strong>Sredi\u0161nja udaljenost staze<\/strong><\/td>\n<td>746\u00a0mm<\/td>\n<\/tr>\n<tr>\n<td><strong>Zadana \u0161irina papu\u010de gusjenice<\/strong><\/td>\n<td>180\u00a0mm<\/td>\n<\/tr>\n<tr>\n<td><strong>Razmak platforme od tla<\/strong><\/td>\n<td>405\u00a0mm<\/td>\n<\/tr>\n<tr>\n<td><strong>Standardna \u0161irina \u017elice (sa\/bez zuba)<\/strong><\/td>\n<td>380\/330\u00a0mm<\/td>\n<\/tr>\n<tr>\n<td><strong>Duljina gusjenica<\/strong><\/td>\n<td>1200\u00a0mm<\/td>\n<\/tr>\n<\/tbody>\n<\/table>\n<table width=\"407\">\n<tbody>\n<tr>\n<td colspan=\"2\" width=\"407\">Radni parametri XT12+<\/td>\n<\/tr>\n<tr>\n<td><strong>Maksimalna visina iskopa<\/strong><\/td>\n<td>2490\u00a0mm<\/td>\n<\/tr>\n<tr>\n<td><strong>Maksimalna visina istovara<\/strong><\/td>\n<td>1745\u00a0mm<\/td>\n<\/tr>\n<tr>\n<td><strong>Maksimalna dubina iskopa<\/strong><\/td>\n<td>1725\u00a0mm<\/td>\n<\/tr>\n<tr>\n<td><strong>Maksimalna vertikalna dubina kopanja ruke<\/strong><\/td>\n<td>1655\u00a0mm<\/td>\n<\/tr>\n<tr>\n<td><strong>Maksimalna udaljenost kopanja<\/strong><\/td>\n<td>3030\u00a0mm<\/td>\n<\/tr>\n<tr>\n<td><strong>Minimalni radijus okretanja prednjeg kraja<\/strong><\/td>\n<td>1490\u00a0mm<\/td>\n<\/tr>\n<tr>\n<td><strong>Maksimalna udaljenost od tla iskopa<\/strong><\/td>\n<td>2940\u00a0mm<\/td>\n<\/tr>\n<tr>\n<td><strong>Maksimalna visina planiranja<\/strong><\/td>\n<td>170\u00a0mm<\/td>\n<\/tr>\n<tr>\n<td><strong>Najdublja visina planiranja<\/strong><\/td>\n<td>240\u00a0mm<\/td>\n<\/tr>\n<\/tbody>\n<\/table>\n<p><strong>*Opcije<\/strong>:<\/p>\n<ul>\n<li>Zatvorena kabina: 1100\u20ac<\/li>\n<li>Tele.\u0161irenje gusjenica: 940\u20ac<\/li>\n<li>Pilot upravljanje (sa D722): 420\u20ac<\/li>\n<li>Kubota D722 motor opcija: 3000\u20ac<\/li>\n<\/ul>\n<p><strong>*Opcije &#8211; radni alati:<\/strong><\/p>\n<ul>\n<li>Mehani\u010dka brza spojka &#8211; na vijak: 145\u20ac<\/li>\n<li>Semi-automatic brza spojka &#8211; poluautomatska: 300\u20ac<\/li>\n<li>25cm korpa\/ka\u0161ika &#8211; sa zubima: 195\u20ac<\/li>\n<li>38cm korpa\/ka\u0161ika &#8211; sa zubima: 350\u20ac<\/li>\n<li>80cm planirka &#8211; bez zubi: 350\u20ac<\/li>\n<li>Bu\u0161a\u010d za zemlju &#8211; svrdlo fi 200 &#8211; 60cm: 700\u20ac<\/li>\n<\/ul>\n<p><strong>*Opcije &#8211; rezervni dijelovi:<\/strong><\/p>\n<ul>\n<li>Gumene gusjenice &#8211; 1 par: 360\u20ac<\/li>\n<li>Hidruli\u010dki filter: 10\u20ac<\/li>\n<li>Set hidruli\u010dkih crijeva: 180\u20ac<\/li>\n<li>XT12plus set brtvi za cilindre: 65\u20ac<\/li>\n<li>Filteri (kubotaD722) &#8211; set zrak, ulje, diesel: 75\u20ac<\/li>\n<li>Filteri (Koop192) &#8211; set zrak, ulje, diesel: 25\u20ac<\/li>\n<li>Pogonski motor gusjenice: 440\u20ac<\/li>\n<li>Motor rotacije: 260\u20ac<\/li>\n<li>Zup\u010dasta pumpa: 185\u20ac<\/li>\n<li>Ventil vi\u0161esmjerni: 365\u20ac<\/li>\n<\/ul>\n<p>*Opcije nisu uklju\u010dene u standardnoj opremi<\/p>","protected":false},"excerpt":{"rendered":"<p>Vrhunski minibageri xTerra odli\u010dnih su performansi i karakteristika. Mini bageri xTerra su za profesionalnu primjenu i za sve uvjete rada, te olak\u0161avaju i ubrazavaju izvr\u0161avanje dogovorenih poslova. Koriste se za gra\u0111evinske, poljoprivredne i sli\u010dne radove, te su korisni obrtnicima, malim i velikim poduze\u0107ima za izvr\u0161avanje raznih zadataka. Garancija 18 mjeseci! Rok isporuke 30-40 dana Uklju\u010dena [&hellip;]<\/p>","protected":false},"featured_media":16599,"template":"","meta":[],"product_cat":[1366],"product_tag":[],"yoast_head":"<!-- This site is optimized with the Yoast SEO plugin v20.0 - https:\/\/yoast.com\/wordpress\/plugins\/seo\/ -->\n<title>Mini bager xTerra XT12+K 1200kg - ComTerra<\/title>\n<meta name=\"robots\" content=\"noindex, follow, max-snippet:-1, max-image-preview:large, max-video-preview:-1\" \/>\n<meta property=\"og:locale\" content=\"en_US\" \/>\n<meta property=\"og:type\" content=\"article\" \/>\n<meta property=\"og:title\" content=\"Mini bager xTerra XT12+K 1200kg - ComTerra\" \/>\n<meta property=\"og:description\" content=\"Vrhunski minibageri xTerra odli\u010dnih su performansi i karakteristika. Mini bageri xTerra su za profesionalnu primjenu i za sve uvjete rada, te olak\u0161avaju i ubrazavaju izvr\u0161avanje dogovorenih poslova. Koriste se za gra\u0111evinske, poljoprivredne i sli\u010dne radove, te su korisni obrtnicima, malim i velikim poduze\u0107ima za izvr\u0161avanje raznih zadataka. Garancija 18 mjeseci! Rok isporuke 30-40 dana Uklju\u010dena [&hellip;]\" \/>\n<meta property=\"og:url\" content=\"https:\/\/shop.comterra.eu\/en\/p\/mini-bager-xterra-xt12k-1200kg\/\" \/>\n<meta property=\"og:site_name\" content=\"ComTerra\" \/>\n<meta property=\"article:publisher\" content=\"https:\/\/web.facebook.com\/ComTerraEU\" \/>\n<meta property=\"article:modified_time\" content=\"2022-11-14T14:55:20+00:00\" \/>\n<meta property=\"og:image\" content=\"https:\/\/shop.comterra.eu\/wp-content\/uploads\/2022\/11\/Mini-bager-comterra-xTerra-prodaja-kubota.jpg\" \/>\n\t<meta property=\"og:image:width\" content=\"1044\" \/>\n\t<meta property=\"og:image:height\" content=\"892\" \/>\n\t<meta property=\"og:image:type\" content=\"image\/jpeg\" \/>\n<meta name=\"twitter:card\" content=\"summary_large_image\" \/>\n<meta name=\"twitter:label1\" content=\"Est. reading time\" \/>\n\t<meta name=\"twitter:data1\" content=\"2 minutes\" \/>\n<script type=\"application\/ld+json\" class=\"yoast-schema-graph\">{\"@context\":\"https:\/\/schema.org\",\"@graph\":[{\"@type\":\"WebPage\",\"@id\":\"https:\/\/shop.comterra.eu\/p\/mini-bager-xterra-xt12k-1200kg\/\",\"url\":\"https:\/\/shop.comterra.eu\/p\/mini-bager-xterra-xt12k-1200kg\/\",\"name\":\"Mini bager xTerra XT12+K 1200kg - ComTerra\",\"isPartOf\":{\"@id\":\"https:\/\/shop.comterra.eu\/#website\"},\"datePublished\":\"2022-11-14T14:54:56+00:00\",\"dateModified\":\"2022-11-14T14:55:20+00:00\",\"breadcrumb\":{\"@id\":\"https:\/\/shop.comterra.eu\/p\/mini-bager-xterra-xt12k-1200kg\/#breadcrumb\"},\"inLanguage\":\"en-US\",\"potentialAction\":[{\"@type\":\"ReadAction\",\"target\":[\"https:\/\/shop.comterra.eu\/p\/mini-bager-xterra-xt12k-1200kg\/\"]}]},{\"@type\":\"BreadcrumbList\",\"@id\":\"https:\/\/shop.comterra.eu\/p\/mini-bager-xterra-xt12k-1200kg\/#breadcrumb\",\"itemListElement\":[{\"@type\":\"ListItem\",\"position\":1,\"name\":\"ComTerra SHOP &#8211; Willkommen\",\"item\":\"https:\/\/shop.comterra.eu\/\"},{\"@type\":\"ListItem\",\"position\":2,\"name\":\"Mini bager xTerra XT12+K 1200kg\"}]},{\"@type\":\"WebSite\",\"@id\":\"https:\/\/shop.comterra.eu\/#website\",\"url\":\"https:\/\/shop.comterra.eu\/\",\"name\":\"ComTerra\",\"description\":\"\",\"publisher\":{\"@id\":\"https:\/\/shop.comterra.eu\/#organization\"},\"potentialAction\":[{\"@type\":\"SearchAction\",\"target\":{\"@type\":\"EntryPoint\",\"urlTemplate\":\"https:\/\/shop.comterra.eu\/?s={search_term_string}\"},\"query-input\":\"required name=search_term_string\"}],\"inLanguage\":\"en-US\"},{\"@type\":\"Organization\",\"@id\":\"https:\/\/shop.comterra.eu\/#organization\",\"name\":\"ComTerra\",\"url\":\"https:\/\/shop.comterra.eu\/\",\"logo\":{\"@type\":\"ImageObject\",\"inLanguage\":\"en-US\",\"@id\":\"https:\/\/shop.comterra.eu\/#\/schema\/logo\/image\/\",\"url\":\"https:\/\/shop.comterra.eu\/wp-content\/uploads\/2019\/12\/cropped-logo.png\",\"contentUrl\":\"https:\/\/shop.comterra.eu\/wp-content\/uploads\/2019\/12\/cropped-logo.png\",\"width\":379,\"height\":89,\"caption\":\"ComTerra\"},\"image\":{\"@id\":\"https:\/\/shop.comterra.eu\/#\/schema\/logo\/image\/\"},\"sameAs\":[\"https:\/\/www.youtube.com\/channel\/UCn4vG_rMnFID5Hg_ooZKieg\",\"https:\/\/web.facebook.com\/ComTerraEU\"]}]}<\/script>\n<!-- \/ Yoast SEO plugin. -->","yoast_head_json":{"title":"Mini bager xTerra XT12+K 1200kg - ComTerra","robots":{"index":"noindex","follow":"follow","max-snippet":"max-snippet:-1","max-image-preview":"max-image-preview:large","max-video-preview":"max-video-preview:-1"},"og_locale":"en_US","og_type":"article","og_title":"Mini bager xTerra XT12+K 1200kg - ComTerra","og_description":"Vrhunski minibageri xTerra odli\u010dnih su performansi i karakteristika. Mini bageri xTerra su za profesionalnu primjenu i za sve uvjete rada, te olak\u0161avaju i ubrazavaju izvr\u0161avanje dogovorenih poslova. Koriste se za gra\u0111evinske, poljoprivredne i sli\u010dne radove, te su korisni obrtnicima, malim i velikim poduze\u0107ima za izvr\u0161avanje raznih zadataka. Garancija 18 mjeseci! Rok isporuke 30-40 dana Uklju\u010dena [&hellip;]","og_url":"https:\/\/shop.comterra.eu\/en\/p\/mini-bager-xterra-xt12k-1200kg\/","og_site_name":"ComTerra","article_publisher":"https:\/\/web.facebook.com\/ComTerraEU","article_modified_time":"2022-11-14T14:55:20+00:00","og_image":[{"width":1044,"height":892,"url":"https:\/\/shop.comterra.eu\/wp-content\/uploads\/2022\/11\/Mini-bager-comterra-xTerra-prodaja-kubota.jpg","type":"image\/jpeg"}],"twitter_card":"summary_large_image","twitter_misc":{"Est. reading time":"2 minutes"},"schema":{"@context":"https:\/\/schema.org","@graph":[{"@type":"WebPage","@id":"https:\/\/shop.comterra.eu\/p\/mini-bager-xterra-xt12k-1200kg\/","url":"https:\/\/shop.comterra.eu\/p\/mini-bager-xterra-xt12k-1200kg\/","name":"Mini bager xTerra XT12+K 1200kg - ComTerra","isPartOf":{"@id":"https:\/\/shop.comterra.eu\/#website"},"datePublished":"2022-11-14T14:54:56+00:00","dateModified":"2022-11-14T14:55:20+00:00","breadcrumb":{"@id":"https:\/\/shop.comterra.eu\/p\/mini-bager-xterra-xt12k-1200kg\/#breadcrumb"},"inLanguage":"en-US","potentialAction":[{"@type":"ReadAction","target":["https:\/\/shop.comterra.eu\/p\/mini-bager-xterra-xt12k-1200kg\/"]}]},{"@type":"BreadcrumbList","@id":"https:\/\/shop.comterra.eu\/p\/mini-bager-xterra-xt12k-1200kg\/#breadcrumb","itemListElement":[{"@type":"ListItem","position":1,"name":"ComTerra SHOP &#8211; Willkommen","item":"https:\/\/shop.comterra.eu\/"},{"@type":"ListItem","position":2,"name":"Mini bager xTerra XT12+K 1200kg"}]},{"@type":"WebSite","@id":"https:\/\/shop.comterra.eu\/#website","url":"https:\/\/shop.comterra.eu\/","name":"ComTerra","description":"","publisher":{"@id":"https:\/\/shop.comterra.eu\/#organization"},"potentialAction":[{"@type":"SearchAction","target":{"@type":"EntryPoint","urlTemplate":"https:\/\/shop.comterra.eu\/?s={search_term_string}"},"query-input":"required name=search_term_string"}],"inLanguage":"en-US"},{"@type":"Organization","@id":"https:\/\/shop.comterra.eu\/#organization","name":"ComTerra","url":"https:\/\/shop.comterra.eu\/","logo":{"@type":"ImageObject","inLanguage":"en-US","@id":"https:\/\/shop.comterra.eu\/#\/schema\/logo\/image\/","url":"https:\/\/shop.comterra.eu\/wp-content\/uploads\/2019\/12\/cropped-logo.png","contentUrl":"https:\/\/shop.comterra.eu\/wp-content\/uploads\/2019\/12\/cropped-logo.png","width":379,"height":89,"caption":"ComTerra"},"image":{"@id":"https:\/\/shop.comterra.eu\/#\/schema\/logo\/image\/"},"sameAs":["https:\/\/www.youtube.com\/channel\/UCn4vG_rMnFID5Hg_ooZKieg","https:\/\/web.facebook.com\/ComTerraEU"]}]}},"_links":{"self":[{"href":"https:\/\/shop.comterra.eu\/en\/wp-json\/wp\/v2\/product\/16611"}],"collection":[{"href":"https:\/\/shop.comterra.eu\/en\/wp-json\/wp\/v2\/product"}],"about":[{"href":"https:\/\/shop.comterra.eu\/en\/wp-json\/wp\/v2\/types\/product"}],"wp:featuredmedia":[{"embeddable":true,"href":"https:\/\/shop.comterra.eu\/en\/wp-json\/wp\/v2\/media\/16599"}],"wp:attachment":[{"href":"https:\/\/shop.comterra.eu\/en\/wp-json\/wp\/v2\/media?parent=16611"}],"wp:term":[{"taxonomy":"product_cat","embeddable":true,"href":"https:\/\/shop.comterra.eu\/en\/wp-json\/wp\/v2\/product_cat?post=16611"},{"taxonomy":"product_tag","embeddable":true,"href":"https:\/\/shop.comterra.eu\/en\/wp-json\/wp\/v2\/product_tag?post=16611"}],"curies":[{"name":"wp","href":"https:\/\/api.w.org\/{rel}","templated":true}]}}