{"id":16446,"date":"2022-06-08T13:37:36","date_gmt":"2022-06-08T13:37:36","guid":{"rendered":"https:\/\/shop.comterra.eu\/?post_type=product&#038;p=16446"},"modified":"2022-10-24T13:14:01","modified_gmt":"2022-10-24T13:14:01","slug":"kegelbrecher-gp330","status":"publish","type":"product","link":"https:\/\/shop.comterra.eu\/en\/p\/kegelbrecher-gp330\/","title":{"rendered":"Kegelbrecher GP330"},"content":{"rendered":"<p>Kvalitetna rje\u0161enja drobilica u rudarskoj industriji!<\/p>\n<p>Obloge i poklopci za zdjele, matice i \u010depovi za pla\u0161t. Zamjenski dijelovi konusne drobilice i habaju\u0107i dijelovi.<\/p>\n<p>Konusne drobilice napravljene od visokokvalitetnih sirovina uz precizno balansirani omjer svih potrebnih elemanata (mangana, molibdena, lantana i sl). Izrada se vr\u0161i u pe\u0107ima srednje frekvencije gdje se jednokratno formiraju i zatim prolaze kroz niz procesa toplinske obrade gdje temperatura dose\u017ee i do 1045\u00b0C. Zavr\u0161nim procesima konusne drobilice posti\u017eu visoku \u017eilavost i otpornost na habanje \u010dak i do 1,2 &#8211; 1,5 puta od sli\u010dnih proizvoda konkurencije. Oprema u asortimanu drobilica i milinova koristi se na\u0161iroko u rudarstvu, metalurgiji, industriji proizvodnje toplinske energije, cementarama, iskopima i obradi pjeska, zlata i ostalih ruda.<\/p>\n<p>Konusne drobilice tako\u0111er se imaju \u0161iroku primjenu u rudarstvu, metalurgiji, gra\u0111evinarstvu, cestogradnji, kemijskoj i fosfatnoj industriji, a pogodna je za tvrde i srednje tvrde stijene i rude.<\/p>\n<p>Proizvodi za sve poznate OEM proizvo\u0111a\u010de: CRUSH-ALL\u00ae, DSB INNOCRUSH\u00ae, EPIROC\u00ae | ATLAS COPCO\u00ae | HARTL, GIPO\u00ae, GRUENDLER, GURSAN, HAZEMAG, KEESTRACK\u00ae, KLEEMANN\u00ae, LIEDLBAUER\u00ae, MANSFIELD, McCLOSKEY\u00ae, METSO\u00ae | NORDBERG, MFL\u00ae, O&#038;K\u00ae, OM\u00ae, PILOT CRUSHTEC\u00ae, RETEK\u00ae, ROCKSTER\u00ae, RUBBLEMASTER\u00ae, SANDVIK\u00ae | EXTEC | FINTEC | SVEDALA, SBM\u00ae ,TEREX\u00ae | POWERSCREN\u00ae | PEGSON | FINLAY, TESAB\u00ae<\/p>\n<p>&nbsp;<\/p>","protected":false},"excerpt":{"rendered":"<p>Cone crusher<\/p>","protected":false},"featured_media":16474,"template":"","meta":[],"product_cat":[782,784],"product_tag":[1363,1364,1357,1358,1359,1360,1361,1362],"yoast_head":"<!-- This site is optimized with the Yoast SEO plugin v20.0 - https:\/\/yoast.com\/wordpress\/plugins\/seo\/ -->\n<title>Kegelbrecher GP330 - ComTerra<\/title>\n<meta name=\"description\" content=\"Drobilice za rudarsku industriju, oprema za kamenolome. Konusi, mantil, pla\u0161t drobilice, drobilica za kamen, rudarske masine, cone crusher\" \/>\n<meta name=\"robots\" content=\"noindex, follow, max-snippet:-1, max-image-preview:large, max-video-preview:-1\" \/>\n<meta property=\"og:locale\" content=\"en_US\" \/>\n<meta property=\"og:type\" content=\"article\" \/>\n<meta property=\"og:title\" content=\"Kegelbrecher GP330 - ComTerra\" \/>\n<meta property=\"og:description\" content=\"Drobilice za rudarsku industriju, oprema za kamenolome. Konusi, mantil, pla\u0161t drobilice, drobilica za kamen, rudarske masine, cone crusher\" \/>\n<meta property=\"og:url\" content=\"https:\/\/shop.comterra.eu\/en\/p\/kegelbrecher-gp330\/\" \/>\n<meta property=\"og:site_name\" content=\"ComTerra\" \/>\n<meta property=\"article:publisher\" content=\"https:\/\/web.facebook.com\/ComTerraEU\" \/>\n<meta property=\"article:modified_time\" content=\"2022-10-24T13:14:01+00:00\" \/>\n<meta property=\"og:image\" content=\"https:\/\/shop.comterra.eu\/wp-content\/uploads\/2022\/06\/Konusna-drobilica-GP330_2.jpg\" \/>\n\t<meta property=\"og:image:width\" content=\"430\" \/>\n\t<meta property=\"og:image:height\" content=\"430\" \/>\n\t<meta property=\"og:image:type\" content=\"image\/jpeg\" \/>\n<meta name=\"twitter:card\" content=\"summary_large_image\" \/>\n<meta name=\"twitter:label1\" content=\"Est. reading time\" \/>\n\t<meta name=\"twitter:data1\" content=\"1 minute\" \/>\n<script type=\"application\/ld+json\" class=\"yoast-schema-graph\">{\"@context\":\"https:\/\/schema.org\",\"@graph\":[{\"@type\":\"WebPage\",\"@id\":\"https:\/\/shop.comterra.eu\/p\/kegelbrecher-gp330\/\",\"url\":\"https:\/\/shop.comterra.eu\/p\/kegelbrecher-gp330\/\",\"name\":\"Kegelbrecher GP330 - ComTerra\",\"isPartOf\":{\"@id\":\"https:\/\/shop.comterra.eu\/#website\"},\"datePublished\":\"2022-06-08T13:37:36+00:00\",\"dateModified\":\"2022-10-24T13:14:01+00:00\",\"description\":\"Drobilice za rudarsku industriju, oprema za kamenolome. Konusi, mantil, pla\u0161t drobilice, drobilica za kamen, rudarske masine, cone crusher\",\"breadcrumb\":{\"@id\":\"https:\/\/shop.comterra.eu\/p\/kegelbrecher-gp330\/#breadcrumb\"},\"inLanguage\":\"en-US\",\"potentialAction\":[{\"@type\":\"ReadAction\",\"target\":[\"https:\/\/shop.comterra.eu\/p\/kegelbrecher-gp330\/\"]}]},{\"@type\":\"BreadcrumbList\",\"@id\":\"https:\/\/shop.comterra.eu\/p\/kegelbrecher-gp330\/#breadcrumb\",\"itemListElement\":[{\"@type\":\"ListItem\",\"position\":1,\"name\":\"ComTerra SHOP &#8211; Willkommen\",\"item\":\"https:\/\/shop.comterra.eu\/\"},{\"@type\":\"ListItem\",\"position\":2,\"name\":\"Kegelbrecher GP330\"}]},{\"@type\":\"WebSite\",\"@id\":\"https:\/\/shop.comterra.eu\/#website\",\"url\":\"https:\/\/shop.comterra.eu\/\",\"name\":\"ComTerra\",\"description\":\"\",\"publisher\":{\"@id\":\"https:\/\/shop.comterra.eu\/#organization\"},\"potentialAction\":[{\"@type\":\"SearchAction\",\"target\":{\"@type\":\"EntryPoint\",\"urlTemplate\":\"https:\/\/shop.comterra.eu\/?s={search_term_string}\"},\"query-input\":\"required name=search_term_string\"}],\"inLanguage\":\"en-US\"},{\"@type\":\"Organization\",\"@id\":\"https:\/\/shop.comterra.eu\/#organization\",\"name\":\"ComTerra\",\"url\":\"https:\/\/shop.comterra.eu\/\",\"logo\":{\"@type\":\"ImageObject\",\"inLanguage\":\"en-US\",\"@id\":\"https:\/\/shop.comterra.eu\/#\/schema\/logo\/image\/\",\"url\":\"https:\/\/shop.comterra.eu\/wp-content\/uploads\/2019\/12\/cropped-logo.png\",\"contentUrl\":\"https:\/\/shop.comterra.eu\/wp-content\/uploads\/2019\/12\/cropped-logo.png\",\"width\":379,\"height\":89,\"caption\":\"ComTerra\"},\"image\":{\"@id\":\"https:\/\/shop.comterra.eu\/#\/schema\/logo\/image\/\"},\"sameAs\":[\"https:\/\/www.youtube.com\/channel\/UCn4vG_rMnFID5Hg_ooZKieg\",\"https:\/\/web.facebook.com\/ComTerraEU\"]}]}<\/script>\n<!-- \/ Yoast SEO plugin. -->","yoast_head_json":{"title":"Kegelbrecher GP330 - ComTerra","description":"Drobilice za rudarsku industriju, oprema za kamenolome. Konusi, mantil, pla\u0161t drobilice, drobilica za kamen, rudarske masine, cone crusher","robots":{"index":"noindex","follow":"follow","max-snippet":"max-snippet:-1","max-image-preview":"max-image-preview:large","max-video-preview":"max-video-preview:-1"},"og_locale":"en_US","og_type":"article","og_title":"Kegelbrecher GP330 - ComTerra","og_description":"Drobilice za rudarsku industriju, oprema za kamenolome. Konusi, mantil, pla\u0161t drobilice, drobilica za kamen, rudarske masine, cone crusher","og_url":"https:\/\/shop.comterra.eu\/en\/p\/kegelbrecher-gp330\/","og_site_name":"ComTerra","article_publisher":"https:\/\/web.facebook.com\/ComTerraEU","article_modified_time":"2022-10-24T13:14:01+00:00","og_image":[{"width":430,"height":430,"url":"https:\/\/shop.comterra.eu\/wp-content\/uploads\/2022\/06\/Konusna-drobilica-GP330_2.jpg","type":"image\/jpeg"}],"twitter_card":"summary_large_image","twitter_misc":{"Est. reading time":"1 minute"},"schema":{"@context":"https:\/\/schema.org","@graph":[{"@type":"WebPage","@id":"https:\/\/shop.comterra.eu\/p\/kegelbrecher-gp330\/","url":"https:\/\/shop.comterra.eu\/p\/kegelbrecher-gp330\/","name":"Kegelbrecher GP330 - ComTerra","isPartOf":{"@id":"https:\/\/shop.comterra.eu\/#website"},"datePublished":"2022-06-08T13:37:36+00:00","dateModified":"2022-10-24T13:14:01+00:00","description":"Drobilice za rudarsku industriju, oprema za kamenolome. Konusi, mantil, pla\u0161t drobilice, drobilica za kamen, rudarske masine, cone crusher","breadcrumb":{"@id":"https:\/\/shop.comterra.eu\/p\/kegelbrecher-gp330\/#breadcrumb"},"inLanguage":"en-US","potentialAction":[{"@type":"ReadAction","target":["https:\/\/shop.comterra.eu\/p\/kegelbrecher-gp330\/"]}]},{"@type":"BreadcrumbList","@id":"https:\/\/shop.comterra.eu\/p\/kegelbrecher-gp330\/#breadcrumb","itemListElement":[{"@type":"ListItem","position":1,"name":"ComTerra SHOP &#8211; Willkommen","item":"https:\/\/shop.comterra.eu\/"},{"@type":"ListItem","position":2,"name":"Kegelbrecher GP330"}]},{"@type":"WebSite","@id":"https:\/\/shop.comterra.eu\/#website","url":"https:\/\/shop.comterra.eu\/","name":"ComTerra","description":"","publisher":{"@id":"https:\/\/shop.comterra.eu\/#organization"},"potentialAction":[{"@type":"SearchAction","target":{"@type":"EntryPoint","urlTemplate":"https:\/\/shop.comterra.eu\/?s={search_term_string}"},"query-input":"required name=search_term_string"}],"inLanguage":"en-US"},{"@type":"Organization","@id":"https:\/\/shop.comterra.eu\/#organization","name":"ComTerra","url":"https:\/\/shop.comterra.eu\/","logo":{"@type":"ImageObject","inLanguage":"en-US","@id":"https:\/\/shop.comterra.eu\/#\/schema\/logo\/image\/","url":"https:\/\/shop.comterra.eu\/wp-content\/uploads\/2019\/12\/cropped-logo.png","contentUrl":"https:\/\/shop.comterra.eu\/wp-content\/uploads\/2019\/12\/cropped-logo.png","width":379,"height":89,"caption":"ComTerra"},"image":{"@id":"https:\/\/shop.comterra.eu\/#\/schema\/logo\/image\/"},"sameAs":["https:\/\/www.youtube.com\/channel\/UCn4vG_rMnFID5Hg_ooZKieg","https:\/\/web.facebook.com\/ComTerraEU"]}]}},"_links":{"self":[{"href":"https:\/\/shop.comterra.eu\/en\/wp-json\/wp\/v2\/product\/16446"}],"collection":[{"href":"https:\/\/shop.comterra.eu\/en\/wp-json\/wp\/v2\/product"}],"about":[{"href":"https:\/\/shop.comterra.eu\/en\/wp-json\/wp\/v2\/types\/product"}],"wp:featuredmedia":[{"embeddable":true,"href":"https:\/\/shop.comterra.eu\/en\/wp-json\/wp\/v2\/media\/16474"}],"wp:attachment":[{"href":"https:\/\/shop.comterra.eu\/en\/wp-json\/wp\/v2\/media?parent=16446"}],"wp:term":[{"taxonomy":"product_cat","embeddable":true,"href":"https:\/\/shop.comterra.eu\/en\/wp-json\/wp\/v2\/product_cat?post=16446"},{"taxonomy":"product_tag","embeddable":true,"href":"https:\/\/shop.comterra.eu\/en\/wp-json\/wp\/v2\/product_tag?post=16446"}],"curies":[{"name":"wp","href":"https:\/\/api.w.org\/{rel}","templated":true}]}}