{"id":16375,"date":"2022-06-08T13:16:46","date_gmt":"2022-06-08T13:16:46","guid":{"rendered":"https:\/\/shop.comterra.eu\/?post_type=product&#038;p=16375"},"modified":"2022-10-24T14:00:21","modified_gmt":"2022-10-24T14:00:21","slug":"martensitisch-rci-130-130-mfl","status":"publish","type":"product","link":"https:\/\/shop.comterra.eu\/en\/p\/martensitisch-rci-130-130-mfl\/","title":{"rendered":"Martensitisch RCI 130-130 | MFL"},"content":{"rendered":"<p>Kvalitetna rje\u0161enja drobilica u rudarskoj industriji!<\/p>\n<p>\u010ceki\u0107i od manganskog \u010delika otpornog na habanje (krom martenzitna i kompozitna verzija s kerami\u010dkim umetcima) i krom austenti\u010dnog lijevanog \u017eeljeza (verzija s kerami\u010dkim umetcima) za postrojenja za primarno drobljenje i recikliranje.<\/p>\n<p>Udarne grede\/\u010deki\u0107i<br \/>\nHabaju\u0107i dijelovi koji su umetnuti u rotor. Udarne grede udaraju o stijenu\/kamen i uzrokuju lomljenje i usitnjavanje. Mijenjaju se kada se istro\u0161e.<\/p>\n<p>Udarne grede za EPIROC, ATLAS COPCO, HARTL, GIPO, GRUENDLER, GURSAN, HAZEMAG, KEESTRACK, KLEEMANN, LIEDLBAUER, MANSFIELD, McCLOSKEY, METSO | NORDBERG, MFL, O&amp;K, OM, PILOT CRUSHTEC, RETEK, ROCKSTER, SANDVIK | EXTEC | FINTEC, SVEDALA, RUBBLEMASTER, SBM, TEREX | POWERSCREN, PEGSON | FINLAY, TESAB<\/p>","protected":false},"excerpt":{"rendered":"<p>MFL<\/p>","protected":false},"featured_media":16397,"template":"","meta":[],"product_cat":[782,1356],"product_tag":[1361,1362,1363,1364,1365,1357,1358,1359,1360],"yoast_head":"<!-- This site is optimized with the Yoast SEO plugin v20.0 - https:\/\/yoast.com\/wordpress\/plugins\/seo\/ -->\n<title>Martensitisch RCI 130-130 | MFL - ComTerra<\/title>\n<meta name=\"description\" content=\"Drobilice za rudarsku industriju, oprema za kamenolome. \u010ceki\u0107 drobilice, udarne grede, drobilica za kamen, rudarske masine, gyratory crusher\" \/>\n<meta name=\"robots\" content=\"noindex, follow, max-snippet:-1, max-image-preview:large, max-video-preview:-1\" \/>\n<meta property=\"og:locale\" content=\"en_US\" \/>\n<meta property=\"og:type\" content=\"article\" \/>\n<meta property=\"og:title\" content=\"Martensitisch RCI 130-130 | MFL - ComTerra\" \/>\n<meta property=\"og:description\" content=\"Drobilice za rudarsku industriju, oprema za kamenolome. \u010ceki\u0107 drobilice, udarne grede, drobilica za kamen, rudarske masine, gyratory crusher\" \/>\n<meta property=\"og:url\" content=\"https:\/\/shop.comterra.eu\/en\/p\/martensitisch-rci-130-130-mfl\/\" \/>\n<meta property=\"og:site_name\" content=\"ComTerra\" \/>\n<meta property=\"article:publisher\" content=\"https:\/\/web.facebook.com\/ComTerraEU\" \/>\n<meta property=\"article:modified_time\" content=\"2022-10-24T14:00:21+00:00\" \/>\n<meta property=\"og:image\" content=\"https:\/\/shop.comterra.eu\/wp-content\/uploads\/2022\/06\/Udarna-greda.jpeg\" \/>\n\t<meta property=\"og:image:width\" content=\"1600\" \/>\n\t<meta property=\"og:image:height\" content=\"1200\" \/>\n\t<meta property=\"og:image:type\" content=\"image\/jpeg\" \/>\n<meta name=\"twitter:card\" content=\"summary_large_image\" \/>\n<meta name=\"twitter:label1\" content=\"Est. reading time\" \/>\n\t<meta name=\"twitter:data1\" content=\"1 minute\" \/>\n<script type=\"application\/ld+json\" class=\"yoast-schema-graph\">{\"@context\":\"https:\/\/schema.org\",\"@graph\":[{\"@type\":\"WebPage\",\"@id\":\"https:\/\/shop.comterra.eu\/p\/martensitisch-rci-130-130-mfl\/\",\"url\":\"https:\/\/shop.comterra.eu\/p\/martensitisch-rci-130-130-mfl\/\",\"name\":\"Martensitisch RCI 130-130 | MFL - ComTerra\",\"isPartOf\":{\"@id\":\"https:\/\/shop.comterra.eu\/#website\"},\"datePublished\":\"2022-06-08T13:16:46+00:00\",\"dateModified\":\"2022-10-24T14:00:21+00:00\",\"description\":\"Drobilice za rudarsku industriju, oprema za kamenolome. \u010ceki\u0107 drobilice, udarne grede, drobilica za kamen, rudarske masine, gyratory crusher\",\"breadcrumb\":{\"@id\":\"https:\/\/shop.comterra.eu\/p\/martensitisch-rci-130-130-mfl\/#breadcrumb\"},\"inLanguage\":\"en-US\",\"potentialAction\":[{\"@type\":\"ReadAction\",\"target\":[\"https:\/\/shop.comterra.eu\/p\/martensitisch-rci-130-130-mfl\/\"]}]},{\"@type\":\"BreadcrumbList\",\"@id\":\"https:\/\/shop.comterra.eu\/p\/martensitisch-rci-130-130-mfl\/#breadcrumb\",\"itemListElement\":[{\"@type\":\"ListItem\",\"position\":1,\"name\":\"ComTerra SHOP &#8211; Willkommen\",\"item\":\"https:\/\/shop.comterra.eu\/\"},{\"@type\":\"ListItem\",\"position\":2,\"name\":\"Martensitisch RCI 130-130 | MFL\"}]},{\"@type\":\"WebSite\",\"@id\":\"https:\/\/shop.comterra.eu\/#website\",\"url\":\"https:\/\/shop.comterra.eu\/\",\"name\":\"ComTerra\",\"description\":\"\",\"publisher\":{\"@id\":\"https:\/\/shop.comterra.eu\/#organization\"},\"potentialAction\":[{\"@type\":\"SearchAction\",\"target\":{\"@type\":\"EntryPoint\",\"urlTemplate\":\"https:\/\/shop.comterra.eu\/?s={search_term_string}\"},\"query-input\":\"required name=search_term_string\"}],\"inLanguage\":\"en-US\"},{\"@type\":\"Organization\",\"@id\":\"https:\/\/shop.comterra.eu\/#organization\",\"name\":\"ComTerra\",\"url\":\"https:\/\/shop.comterra.eu\/\",\"logo\":{\"@type\":\"ImageObject\",\"inLanguage\":\"en-US\",\"@id\":\"https:\/\/shop.comterra.eu\/#\/schema\/logo\/image\/\",\"url\":\"https:\/\/shop.comterra.eu\/wp-content\/uploads\/2019\/12\/cropped-logo.png\",\"contentUrl\":\"https:\/\/shop.comterra.eu\/wp-content\/uploads\/2019\/12\/cropped-logo.png\",\"width\":379,\"height\":89,\"caption\":\"ComTerra\"},\"image\":{\"@id\":\"https:\/\/shop.comterra.eu\/#\/schema\/logo\/image\/\"},\"sameAs\":[\"https:\/\/www.youtube.com\/channel\/UCn4vG_rMnFID5Hg_ooZKieg\",\"https:\/\/web.facebook.com\/ComTerraEU\"]}]}<\/script>\n<!-- \/ Yoast SEO plugin. -->","yoast_head_json":{"title":"Martensitisch RCI 130-130 | MFL - ComTerra","description":"Drobilice za rudarsku industriju, oprema za kamenolome. \u010ceki\u0107 drobilice, udarne grede, drobilica za kamen, rudarske masine, gyratory crusher","robots":{"index":"noindex","follow":"follow","max-snippet":"max-snippet:-1","max-image-preview":"max-image-preview:large","max-video-preview":"max-video-preview:-1"},"og_locale":"en_US","og_type":"article","og_title":"Martensitisch RCI 130-130 | MFL - ComTerra","og_description":"Drobilice za rudarsku industriju, oprema za kamenolome. \u010ceki\u0107 drobilice, udarne grede, drobilica za kamen, rudarske masine, gyratory crusher","og_url":"https:\/\/shop.comterra.eu\/en\/p\/martensitisch-rci-130-130-mfl\/","og_site_name":"ComTerra","article_publisher":"https:\/\/web.facebook.com\/ComTerraEU","article_modified_time":"2022-10-24T14:00:21+00:00","og_image":[{"width":1600,"height":1200,"url":"https:\/\/shop.comterra.eu\/wp-content\/uploads\/2022\/06\/Udarna-greda.jpeg","type":"image\/jpeg"}],"twitter_card":"summary_large_image","twitter_misc":{"Est. reading time":"1 minute"},"schema":{"@context":"https:\/\/schema.org","@graph":[{"@type":"WebPage","@id":"https:\/\/shop.comterra.eu\/p\/martensitisch-rci-130-130-mfl\/","url":"https:\/\/shop.comterra.eu\/p\/martensitisch-rci-130-130-mfl\/","name":"Martensitisch RCI 130-130 | MFL - ComTerra","isPartOf":{"@id":"https:\/\/shop.comterra.eu\/#website"},"datePublished":"2022-06-08T13:16:46+00:00","dateModified":"2022-10-24T14:00:21+00:00","description":"Drobilice za rudarsku industriju, oprema za kamenolome. \u010ceki\u0107 drobilice, udarne grede, drobilica za kamen, rudarske masine, gyratory crusher","breadcrumb":{"@id":"https:\/\/shop.comterra.eu\/p\/martensitisch-rci-130-130-mfl\/#breadcrumb"},"inLanguage":"en-US","potentialAction":[{"@type":"ReadAction","target":["https:\/\/shop.comterra.eu\/p\/martensitisch-rci-130-130-mfl\/"]}]},{"@type":"BreadcrumbList","@id":"https:\/\/shop.comterra.eu\/p\/martensitisch-rci-130-130-mfl\/#breadcrumb","itemListElement":[{"@type":"ListItem","position":1,"name":"ComTerra SHOP &#8211; Willkommen","item":"https:\/\/shop.comterra.eu\/"},{"@type":"ListItem","position":2,"name":"Martensitisch RCI 130-130 | MFL"}]},{"@type":"WebSite","@id":"https:\/\/shop.comterra.eu\/#website","url":"https:\/\/shop.comterra.eu\/","name":"ComTerra","description":"","publisher":{"@id":"https:\/\/shop.comterra.eu\/#organization"},"potentialAction":[{"@type":"SearchAction","target":{"@type":"EntryPoint","urlTemplate":"https:\/\/shop.comterra.eu\/?s={search_term_string}"},"query-input":"required name=search_term_string"}],"inLanguage":"en-US"},{"@type":"Organization","@id":"https:\/\/shop.comterra.eu\/#organization","name":"ComTerra","url":"https:\/\/shop.comterra.eu\/","logo":{"@type":"ImageObject","inLanguage":"en-US","@id":"https:\/\/shop.comterra.eu\/#\/schema\/logo\/image\/","url":"https:\/\/shop.comterra.eu\/wp-content\/uploads\/2019\/12\/cropped-logo.png","contentUrl":"https:\/\/shop.comterra.eu\/wp-content\/uploads\/2019\/12\/cropped-logo.png","width":379,"height":89,"caption":"ComTerra"},"image":{"@id":"https:\/\/shop.comterra.eu\/#\/schema\/logo\/image\/"},"sameAs":["https:\/\/www.youtube.com\/channel\/UCn4vG_rMnFID5Hg_ooZKieg","https:\/\/web.facebook.com\/ComTerraEU"]}]}},"_links":{"self":[{"href":"https:\/\/shop.comterra.eu\/en\/wp-json\/wp\/v2\/product\/16375"}],"collection":[{"href":"https:\/\/shop.comterra.eu\/en\/wp-json\/wp\/v2\/product"}],"about":[{"href":"https:\/\/shop.comterra.eu\/en\/wp-json\/wp\/v2\/types\/product"}],"wp:featuredmedia":[{"embeddable":true,"href":"https:\/\/shop.comterra.eu\/en\/wp-json\/wp\/v2\/media\/16397"}],"wp:attachment":[{"href":"https:\/\/shop.comterra.eu\/en\/wp-json\/wp\/v2\/media?parent=16375"}],"wp:term":[{"taxonomy":"product_cat","embeddable":true,"href":"https:\/\/shop.comterra.eu\/en\/wp-json\/wp\/v2\/product_cat?post=16375"},{"taxonomy":"product_tag","embeddable":true,"href":"https:\/\/shop.comterra.eu\/en\/wp-json\/wp\/v2\/product_tag?post=16375"}],"curies":[{"name":"wp","href":"https:\/\/api.w.org\/{rel}","templated":true}]}}